{"id":985,"date":"2020-11-22T21:22:30","date_gmt":"2020-11-22T20:22:30","guid":{"rendered":"http:\/\/seyssel74.com\/?page_id=985"},"modified":"2025-09-25T02:34:39","modified_gmt":"2025-09-25T00:34:39","slug":"permis-de-conduire","status":"publish","type":"page","link":"https:\/\/seyssel74.com\/index.php\/administration\/citoyennete\/permis-de-conduire\/","title":{"rendered":"Permis de conduire"},"content":{"rendered":"\n<p class=\"has-small-font-size\"><a href=\"https:\/\/seyssel74.com\/\">\ud83c\udfe1<\/a> &gt;&nbsp;<a href=\"https:\/\/seyssel74.com\/index.php\/administration\/\">Administration<\/a> &gt; <a href=\"https:\/\/seyssel74.com\/index.php\/administration\/citoyennete\/\">Citoyennet\u00e9<\/a> &gt; <a href=\"https:\/\/seyssel74.com\/index.php\/administration\/citoyennete\/permis-de-conduire\/\">Permis de conduire<\/a><\/p>\n\n\n<div class=\"wp-block-image is-style-default\">\n<figure class=\"aligncenter size-large is-resized\"><img loading=\"lazy\" decoding=\"async\" width=\"300\" height=\"260\" src=\"https:\/\/seyssel74.com\/wp-content\/uploads\/2021\/06\/republique-francaise.png\" alt=\"\" class=\"wp-image-5158\" style=\"width:150px;height:130px\"\/><\/figure><\/div>\n\n\n<p class=\"has-text-align-center\"><strong>Permis de conduire de cat\u00e9gorie B en candidat libre<\/strong><br>\ud83c\udf10 <a href=\"https:\/\/www.service-public.fr\/particuliers\/vosdroits\/F2825\" target=\"_blank\" rel=\"noreferrer noopener\">www.service-public.fr\/particuliers\/vosdroits\/F2825<\/a><\/p>\n\n\n\n<p>Vous pouvez passer le permis B (voiture) en candidat libre, c&#8217;est \u00e0 dire sans \u00eatre rattach\u00e9 \u00e0 une auto-\u00e9cole. Vous devez avoir un num\u00e9ro d&#8217;enregistrement pr\u00e9fectoral harmonis\u00e9 (NEPH). Pour passer le code, vous devez vous inscrire dans un centre d&#8217;examen agr\u00e9\u00e9. Pour passer l&#8217;\u00e9preuve pratique, vous devez contacter le service comp\u00e9tent localement (pr\u00e9fecture ou DDT ou DDTM). L&#8217;apprentissage se d\u00e9roule sous la surveillance d&#8217;un accompagnateur dans un v\u00e9hicule \u00e9quip\u00e9.<\/p>\n\n\n\n<p class=\"has-black-color has-text-color has-normal-font-size\">La demande se fait en ligne sur le site de <a href=\"https:\/\/ants.gouv.fr\/\" target=\"_blank\" rel=\"noreferrer noopener\">l&#8217;ANTS<\/a>.<\/p>\n\n\n\n<p>Vous devez fournir les documents suivants en version num\u00e9ris\u00e9e :<\/p>\n\n\n\n<p>Justificatif d&#8217;identit\u00e9<br>Justificatif de domicile<br>1 photo d&#8217;identit\u00e9 ou 1 photo-signature num\u00e9rique<br>Copie du certificat d&#8217;examen du permis de conduire (CEPC),<br>Si vous avez moins de 21 ans, copie de l&#8217;ASSR de 2nd niveau ou de l&#8217;ASR, ou \u00e0 d\u00e9faut (en cas de perte par exemple) d\u00e9claration sur l&#8217;honneur [<a href=\"https:\/\/permisdeconduire.ants.gouv.fr\/files\/d42a20d9-0ecc-4a9e-8be2-275ccd2f2d7d\/5a34ee91-01d7-43de-88f2-b3073ac6f042\/540067c8-30fd-45e9-aa71-0ab2fd8807b6.pdf\">application\/pdf &#8211; 78.2 KB<\/a>]<br>Si n\u00e9cessaire, avis m\u00e9dical (formulaire cerfa n\u00b014880)<br>Si vous \u00eates fran\u00e7ais et \u00e2g\u00e9 de moins de 25 ans, copie du certificat individuel de participation \u00e0 la journ\u00e9e d\u00e9fense et citoyennet\u00e9 (JDC) ou attestation provisoire en instance de convocation \u00e0 la JDC ou attestation individuelle d&#8217;exemption<br>Si vous \u00eates \u00e9tranger, justificatif de r\u00e9gularit\u00e9 du s\u00e9jour ou, si vous \u00eates dispens\u00e9 d&#8217;un titre de s\u00e9jour, preuve de votre pr\u00e9sence en France depuis au moins 6 mois (feuille de paie, quittance de loyer, etc.)<br>Vous pouvez suivre en ligne la fabrication et la transmission de votre permis de conduire.<\/p>\n\n\n\n<p class=\"has-text-align-center\"><strong>Liens utiles :<\/strong><\/p>\n\n\n\n<p class=\"has-black-color has-text-color has-normal-font-size\">\ud83c\udf10 <a href=\"https:\/\/www.service-public.fr\/particuliers\/vosdroits\/N530\" target=\"_blank\" rel=\"noreferrer noopener\">www.service-public.fr\/particuliers\/vosdroits\/N530<\/a> &#8211; \u00e0 propos du permis de conduire<br>\ud83c\udf10 <a href=\"https:\/\/www.service-public.fr\/particuliers\/vosdroits\/F14208#:~:text=Le%20stage%20vous%20permet%20de,conduire%20de%203%20ans%20maximum.\" target=\"_blank\" rel=\"noreferrer noopener\">https:\/\/www.service-public.fr\/particuliers\/vosdroits\/F14208#:~:text=Le%20stage%20vous%20permet%20de,conduire%20de%203%20ans%20maximum.<\/a> &#8211; stage de r\u00e9cup\u00e9ration de points du permis de conduire<br>\ud83c\udf10 <a href=\"https:\/\/www.service-public.fr\/particuliers\/vosdroits\/F14208\">https:\/\/www.service-public.fr\/particuliers\/vosdroits\/F14208<\/a>&#8211; stage de r\u00e9cup\u00e9ration de points du permis de conduire<br>\ud83c\udf10 <a href=\"https:\/\/www.service-public.fr\/particuliers\/vosdroits\/F18509\" target=\"_blank\" rel=\"noreferrer noopener\">www.service-public.fr\/particuliers\/vosdroits\/F18509<\/a> &#8211; amende \u00e0 payer apr\u00e8s un contr\u00f4le automatis\u00e9 (radar)<\/p>\n\n\n\n<p class=\"has-text-align-center\"><strong>Auto-\u00c9cole<\/strong> <strong>Driving School Des Quais<\/strong><\/p>\n\n\n\n<div class=\"wp-block-columns is-layout-flex wp-container-core-columns-is-layout-9d6595d7 wp-block-columns-is-layout-flex\">\n<div class=\"wp-block-column is-layout-flow wp-block-column-is-layout-flow\">\n<p class=\"has-text-align-right\"><br>Brevet de s\u00e9curit\u00e9 routi\u00e8re (BSR)<br>Permis AAC Conduite accompagn\u00e9e (AAC)<br>Permis Auto Permis B, Permis Auto<br>Permis Moto A2 Permis A2, Permis Moto<br>Permis Moto 125 Permis A1, Permis 125<br>Permis Bateau Permis bateau<br>Conduite supervis\u00e9e Conduite supervis\u00e9e<\/p>\n<\/div>\n\n\n\n<div class=\"wp-block-column is-layout-flow wp-block-column-is-layout-flow\">\n<p><strong>Les horaires* : <\/strong><\/p>\n\n\n\n<p class=\"has-small-font-size\">lundi : 16h30-18h00<br>mercredi : 17h00-19h00<br><\/p>\n\n\n\n<p class=\"has-text-align-left\"><strong>L&#8217;adresse<\/strong> : 11 quai Serullaz, 01420 Seyssel Ain<\/p>\n\n\n\n<p class=\"has-text-align-left\">\ud83d\udcde 04 50 59 00 07<br><\/p>\n<\/div>\n<\/div>\n\n\n\n<p class=\"has-text-align-center has-small-font-size\">* Informations indicatives, sous r\u00e9serve de changement. Si n\u00e9cessaire, veuillez v\u00e9rifier aupr\u00e8s des \u00e9tablissements concern\u00e9s<\/p>\n","protected":false},"excerpt":{"rendered":"<p>\ud83c\udfe1 &gt;&nbsp;Administration &gt; Citoyennet\u00e9 &gt; Permis de conduire Permis de conduire de cat\u00e9gorie B en candidat libre\ud83c\udf10 www.service-public.fr\/particuliers\/vosdroits\/F2825 Vous pouvez passer le permis B (voiture) en candidat libre, c&#8217;est \u00e0 dire sans \u00eatre rattach\u00e9 \u00e0 une auto-\u00e9cole. Vous devez avoir un num\u00e9ro d&#8217;enregistrement pr\u00e9fectoral harmonis\u00e9 (NEPH). Pour passer le code, vous devez vous inscrire dans [&hellip;]<\/p>\n","protected":false},"author":1,"featured_media":0,"parent":730,"menu_order":4,"comment_status":"closed","ping_status":"closed","template":"","meta":{"ocean_post_layout":"","ocean_both_sidebars_style":"","ocean_both_sidebars_content_width":0,"ocean_both_sidebars_sidebars_width":0,"ocean_sidebar":"0","ocean_second_sidebar":"0","ocean_disable_margins":"enable","ocean_add_body_class":"","ocean_shortcode_before_top_bar":"","ocean_shortcode_after_top_bar":"","ocean_shortcode_before_header":"","ocean_shortcode_after_header":"","ocean_has_shortcode":"","ocean_shortcode_after_title":"","ocean_shortcode_before_footer_widgets":"","ocean_shortcode_after_footer_widgets":"","ocean_shortcode_before_footer_bottom":"","ocean_shortcode_after_footer_bottom":"","ocean_display_top_bar":"default","ocean_display_header":"default","ocean_header_style":"","ocean_center_header_left_menu":"0","ocean_custom_header_template":"0","ocean_custom_logo":0,"ocean_custom_retina_logo":0,"ocean_custom_logo_max_width":0,"ocean_custom_logo_tablet_max_width":0,"ocean_custom_logo_mobile_max_width":0,"ocean_custom_logo_max_height":0,"ocean_custom_logo_tablet_max_height":0,"ocean_custom_logo_mobile_max_height":0,"ocean_header_custom_menu":"0","ocean_menu_typo_font_family":"0","ocean_menu_typo_font_subset":"","ocean_menu_typo_font_size":0,"ocean_menu_typo_font_size_tablet":0,"ocean_menu_typo_font_size_mobile":0,"ocean_menu_typo_font_size_unit":"px","ocean_menu_typo_font_weight":"","ocean_menu_typo_font_weight_tablet":"","ocean_menu_typo_font_weight_mobile":"","ocean_menu_typo_transform":"","ocean_menu_typo_transform_tablet":"","ocean_menu_typo_transform_mobile":"","ocean_menu_typo_line_height":0,"ocean_menu_typo_line_height_tablet":0,"ocean_menu_typo_line_height_mobile":0,"ocean_menu_typo_line_height_unit":"","ocean_menu_typo_spacing":0,"ocean_menu_typo_spacing_tablet":0,"ocean_menu_typo_spacing_mobile":0,"ocean_menu_typo_spacing_unit":"","ocean_menu_link_color":"","ocean_menu_link_color_hover":"","ocean_menu_link_color_active":"","ocean_menu_link_background":"","ocean_menu_link_hover_background":"","ocean_menu_link_active_background":"","ocean_menu_social_links_bg":"","ocean_menu_social_hover_links_bg":"","ocean_menu_social_links_color":"","ocean_menu_social_hover_links_color":"","ocean_disable_title":"default","ocean_disable_heading":"default","ocean_post_title":"","ocean_post_subheading":"","ocean_post_title_style":"","ocean_post_title_background_color":"","ocean_post_title_background":0,"ocean_post_title_bg_image_position":"","ocean_post_title_bg_image_attachment":"","ocean_post_title_bg_image_repeat":"","ocean_post_title_bg_image_size":"","ocean_post_title_height":0,"ocean_post_title_bg_overlay":0.5,"ocean_post_title_bg_overlay_color":"","ocean_disable_breadcrumbs":"default","ocean_breadcrumbs_color":"","ocean_breadcrumbs_separator_color":"","ocean_breadcrumbs_links_color":"","ocean_breadcrumbs_links_hover_color":"","ocean_display_footer_widgets":"default","ocean_display_footer_bottom":"default","ocean_custom_footer_template":"0","ofc_meta_disable_footer_callout":"","ofc_meta_callout_button_url":"","ofc_meta_callout_button_txt":"","ofc_meta_callout_text":"","ofc_enable_fullscreen":"disable","ofc_fullscreen_speed":0,"ofc_fullscreen_nav":"enable","ofc_fullscreen_nav_pos":"right","ofc_fullscreen_nav_color":"","ofc_fullscreen_nav_tooltip_color":"","ofc_fullscreen_responsive":0,"osp_disable_panel":"default","osh_disable_topbar_sticky":"default","osh_disable_header_sticky":"default","osh_sticky_header_style":"default","osh_sticky_header_effect":"","osh_custom_sticky_logo":0,"osh_custom_retina_sticky_logo":0,"osh_custom_sticky_logo_height":0,"osh_background_color":"","osh_links_color":"","osh_links_hover_color":"","osh_links_active_color":"","osh_links_bg_color":"","osh_links_hover_bg_color":"","osh_links_active_bg_color":"","osh_menu_social_links_color":"","osh_menu_social_hover_links_color":"","footnotes":""},"class_list":["post-985","page","type-page","status-publish","hentry","entry"],"_links":{"self":[{"href":"https:\/\/seyssel74.com\/index.php\/wp-json\/wp\/v2\/pages\/985","targetHints":{"allow":["GET"]}}],"collection":[{"href":"https:\/\/seyssel74.com\/index.php\/wp-json\/wp\/v2\/pages"}],"about":[{"href":"https:\/\/seyssel74.com\/index.php\/wp-json\/wp\/v2\/types\/page"}],"author":[{"embeddable":true,"href":"https:\/\/seyssel74.com\/index.php\/wp-json\/wp\/v2\/users\/1"}],"replies":[{"embeddable":true,"href":"https:\/\/seyssel74.com\/index.php\/wp-json\/wp\/v2\/comments?post=985"}],"version-history":[{"count":37,"href":"https:\/\/seyssel74.com\/index.php\/wp-json\/wp\/v2\/pages\/985\/revisions"}],"predecessor-version":[{"id":22224,"href":"https:\/\/seyssel74.com\/index.php\/wp-json\/wp\/v2\/pages\/985\/revisions\/22224"}],"up":[{"embeddable":true,"href":"https:\/\/seyssel74.com\/index.php\/wp-json\/wp\/v2\/pages\/730"}],"wp:attachment":[{"href":"https:\/\/seyssel74.com\/index.php\/wp-json\/wp\/v2\/media?parent=985"}],"curies":[{"name":"wp","href":"https:\/\/api.w.org\/{rel}","templated":true}]}}