{"id":967,"date":"2020-11-22T21:08:52","date_gmt":"2020-11-22T20:08:52","guid":{"rendered":"http:\/\/seyssel74.com\/?page_id=967"},"modified":"2026-04-09T03:37:50","modified_gmt":"2026-04-09T01:37:50","slug":"cantine-tap","status":"publish","type":"page","link":"https:\/\/seyssel74.com\/index.php\/infos-pratiques\/scolarite\/cantine-tap\/","title":{"rendered":"Cantine \/ TAP"},"content":{"rendered":"\n<p class=\"has-small-font-size\"><a href=\"https:\/\/seyssel74.com\/\">\ud83c\udfe1<\/a> &gt;&nbsp;<a href=\"https:\/\/seyssel74.com\/index.php\/infos-pratiques\/\">Infos pratiques<\/a> &gt; <a href=\"https:\/\/seyssel74.com\/index.php\/infos-pratiques\/scolarite\/\">Scolarit\u00e9<\/a> &gt;<a href=\"https:\/\/seyssel74.com\/index.php\/infos-pratiques\/scolarite\/cantine-tap\/\" data-type=\"page\" data-id=\"967\"> Cantine\/TAP<\/a><\/p>\n\n\n<div class=\"wp-block-image is-style-default\">\n<figure class=\"aligncenter size-large is-resized\"><img loading=\"lazy\" decoding=\"async\" width=\"960\" height=\"853\" src=\"https:\/\/seyssel74.com\/wp-content\/uploads\/2021\/06\/cantine-ecole-seyssel-mairie.jpg\" alt=\"cantine \u00e9cole seyssel mairie\" class=\"wp-image-4823\" style=\"width:240px;height:213px\" srcset=\"https:\/\/seyssel74.com\/wp-content\/uploads\/2021\/06\/cantine-ecole-seyssel-mairie.jpg 960w, https:\/\/seyssel74.com\/wp-content\/uploads\/2021\/06\/cantine-ecole-seyssel-mairie-300x267.jpg 300w, https:\/\/seyssel74.com\/wp-content\/uploads\/2021\/06\/cantine-ecole-seyssel-mairie-768x682.jpg 768w\" sizes=\"auto, (max-width: 960px) 100vw, 960px\" \/><\/figure><\/div>\n\n\n<p class=\"has-black-color has-text-color has-normal-font-size\">Pour le r\u00e8glement et les inscriptions Cantine \/ Garderie \/ Temps d&rsquo;Activit\u00e9s P\u00e9riscolaire, veuillez aller sur <a href=\"https:\/\/inscription.servicecomplice.fr\">le portail service-complice<\/a>.<br>En compl\u00e9ment, plus d&rsquo;informations sur <a href=\"https:\/\/seyssel74.com\/index.php\/2022\/11\/25\/lancement-de-lassociation-seysselane-pour-legalite-des-chances\/\" data-type=\"URL\" data-id=\"https:\/\/seyssel74.com\/index.php\/2022\/11\/25\/lancement-de-lassociation-seysselane-pour-legalite-des-chances\/\">l&rsquo;association de soutien scolaire ASEPC<\/a>.<\/p>\n\n\n\n<div class=\"wp-block-file\"><a id=\"wp-block-file--media-d8438197-25d0-48cc-af8f-e468393d32d5\" href=\"https:\/\/seyssel74.com\/wp-content\/uploads\/2025\/09\/REGLEMENT-INTERIEUR-SERVICES-PERISCOLAIRES-20252026.pdf\">REGLEMENT INTERIEUR SERVICES PERISCOLAIRES 20252026<\/a><a href=\"https:\/\/seyssel74.com\/wp-content\/uploads\/2025\/09\/REGLEMENT-INTERIEUR-SERVICES-PERISCOLAIRES-20252026.pdf\" class=\"wp-block-file__button wp-element-button\" download aria-describedby=\"wp-block-file--media-d8438197-25d0-48cc-af8f-e468393d32d5\">T\u00e9l\u00e9charger<\/a><\/div>\n\n\n\n<div class=\"wp-block-file\"><a id=\"wp-block-file--media-2333fe01-8da6-4363-b21a-2750b3515c9c\" href=\"https:\/\/seyssel74.com\/wp-content\/uploads\/2023\/09\/Tarifs-applicables-au-27072023.pdf\">Tarifs applicables au 27072023<\/a><a href=\"https:\/\/seyssel74.com\/wp-content\/uploads\/2023\/09\/Tarifs-applicables-au-27072023.pdf\" class=\"wp-block-file__button wp-element-button\" download aria-describedby=\"wp-block-file--media-2333fe01-8da6-4363-b21a-2750b3515c9c\">T\u00e9l\u00e9charger <\/a><\/div>\n\n\n\n<div class=\"wp-block-columns is-layout-flex wp-container-core-columns-is-layout-9d6595d7 wp-block-columns-is-layout-flex\">\n<div class=\"wp-block-column is-layout-flow wp-block-column-is-layout-flow\">\n<figure class=\"wp-block-image size-large\"><img loading=\"lazy\" decoding=\"async\" width=\"724\" height=\"1024\" src=\"https:\/\/seyssel74.com\/wp-content\/uploads\/2024\/08\/TARIFS-CANTINE-GARDERIE-AU-02092024_page-0001-724x1024.jpg\" alt=\"\" class=\"wp-image-17791\" srcset=\"https:\/\/seyssel74.com\/wp-content\/uploads\/2024\/08\/TARIFS-CANTINE-GARDERIE-AU-02092024_page-0001-724x1024.jpg 724w, https:\/\/seyssel74.com\/wp-content\/uploads\/2024\/08\/TARIFS-CANTINE-GARDERIE-AU-02092024_page-0001-212x300.jpg 212w, https:\/\/seyssel74.com\/wp-content\/uploads\/2024\/08\/TARIFS-CANTINE-GARDERIE-AU-02092024_page-0001-768x1086.jpg 768w, https:\/\/seyssel74.com\/wp-content\/uploads\/2024\/08\/TARIFS-CANTINE-GARDERIE-AU-02092024_page-0001.jpg 800w\" sizes=\"auto, (max-width: 724px) 100vw, 724px\" \/><\/figure>\n<\/div>\n\n\n\n<div class=\"wp-block-column is-layout-flow wp-block-column-is-layout-flow\">\n<figure class=\"wp-block-image size-full\"><img loading=\"lazy\" decoding=\"async\" width=\"1422\" height=\"800\" src=\"https:\/\/seyssel74.com\/wp-content\/uploads\/2024\/08\/emploi-du-temps-RESERVATION-CANTINE-GARDERIE-AU-02092024.jpg\" alt=\"\" class=\"wp-image-17790\" srcset=\"https:\/\/seyssel74.com\/wp-content\/uploads\/2024\/08\/emploi-du-temps-RESERVATION-CANTINE-GARDERIE-AU-02092024.jpg 1422w, https:\/\/seyssel74.com\/wp-content\/uploads\/2024\/08\/emploi-du-temps-RESERVATION-CANTINE-GARDERIE-AU-02092024-300x169.jpg 300w, https:\/\/seyssel74.com\/wp-content\/uploads\/2024\/08\/emploi-du-temps-RESERVATION-CANTINE-GARDERIE-AU-02092024-768x432.jpg 768w, https:\/\/seyssel74.com\/wp-content\/uploads\/2024\/08\/emploi-du-temps-RESERVATION-CANTINE-GARDERIE-AU-02092024-800x450.jpg 800w\" sizes=\"auto, (max-width: 1422px) 100vw, 1422px\" \/><\/figure>\n<\/div>\n<\/div>\n\n\n\n<p>La cantine du Coll\u00e8ge du Mont des Princes pr\u00e9pare le menu de la cantine des \u00e9coles chaque  semaine.<\/p>\n\n\n\n<p class=\"has-text-align-center\"><b>Menus du<\/b> <strong>20 <strong><strong><strong><strong><strong><strong><strong>avril <\/strong><\/strong><\/strong><\/strong><\/strong><\/strong><\/strong>2026 au 1<strong>2 <strong><strong><strong><strong><strong><strong>mai <strong><strong><strong>2026<\/strong><\/strong><\/strong><\/strong><\/strong><\/strong><\/strong><\/strong><\/strong><\/strong><\/strong><\/p>\n\n\n\n<div class=\"wp-block-file\"><a id=\"wp-block-file--media-1a73b430-9e0e-4a3d-96c1-548d2a7f0d0e\" href=\"https:\/\/seyssel74.com\/wp-content\/uploads\/2026\/04\/menu-ecole-avril.pdf\">menu ecole avril<\/a><a href=\"https:\/\/seyssel74.com\/wp-content\/uploads\/2026\/04\/menu-ecole-avril.pdf\" class=\"wp-block-file__button wp-element-button\" download aria-describedby=\"wp-block-file--media-1a73b430-9e0e-4a3d-96c1-548d2a7f0d0e\">T\u00e9l\u00e9charger <\/a><\/div>\n\n\n\n<p class=\"has-text-align-center\"><strong>La liste des fournisseurs locaux<\/strong> <\/p>\n\n\n<div class=\"wp-block-image\">\n<figure class=\"aligncenter size-full\"><img loading=\"lazy\" decoding=\"async\" width=\"1249\" height=\"927\" src=\"https:\/\/seyssel74.com\/wp-content\/uploads\/2022\/09\/la-liste-des-fournisseurs-locaux.jpg\" alt=\"\" class=\"wp-image-10210\" srcset=\"https:\/\/seyssel74.com\/wp-content\/uploads\/2022\/09\/la-liste-des-fournisseurs-locaux.jpg 1249w, https:\/\/seyssel74.com\/wp-content\/uploads\/2022\/09\/la-liste-des-fournisseurs-locaux-300x223.jpg 300w, https:\/\/seyssel74.com\/wp-content\/uploads\/2022\/09\/la-liste-des-fournisseurs-locaux-768x570.jpg 768w\" sizes=\"auto, (max-width: 1249px) 100vw, 1249px\" \/><\/figure><\/div>","protected":false},"excerpt":{"rendered":"<p>\ud83c\udfe1 &gt;&nbsp;Infos pratiques &gt; Scolarit\u00e9 &gt; Cantine\/TAP Pour le r\u00e8glement et les inscriptions Cantine \/ Garderie \/ Temps d&rsquo;Activit\u00e9s P\u00e9riscolaire, veuillez aller sur le portail service-complice.En compl\u00e9ment, plus d&rsquo;informations sur l&rsquo;association de soutien scolaire ASEPC. La cantine du Coll\u00e8ge du Mont des Princes pr\u00e9pare le menu de la cantine des \u00e9coles chaque semaine. Menus du [&hellip;]<\/p>\n","protected":false},"author":1,"featured_media":0,"parent":760,"menu_order":10,"comment_status":"closed","ping_status":"closed","template":"","meta":{"ocean_post_layout":"","ocean_both_sidebars_style":"","ocean_both_sidebars_content_width":0,"ocean_both_sidebars_sidebars_width":0,"ocean_sidebar":"0","ocean_second_sidebar":"0","ocean_disable_margins":"enable","ocean_add_body_class":"","ocean_shortcode_before_top_bar":"","ocean_shortcode_after_top_bar":"","ocean_shortcode_before_header":"","ocean_shortcode_after_header":"","ocean_has_shortcode":"","ocean_shortcode_after_title":"","ocean_shortcode_before_footer_widgets":"","ocean_shortcode_after_footer_widgets":"","ocean_shortcode_before_footer_bottom":"","ocean_shortcode_after_footer_bottom":"","ocean_display_top_bar":"default","ocean_display_header":"default","ocean_header_style":"","ocean_center_header_left_menu":"0","ocean_custom_header_template":"0","ocean_custom_logo":0,"ocean_custom_retina_logo":0,"ocean_custom_logo_max_width":0,"ocean_custom_logo_tablet_max_width":0,"ocean_custom_logo_mobile_max_width":0,"ocean_custom_logo_max_height":0,"ocean_custom_logo_tablet_max_height":0,"ocean_custom_logo_mobile_max_height":0,"ocean_header_custom_menu":"0","ocean_menu_typo_font_family":"0","ocean_menu_typo_font_subset":"","ocean_menu_typo_font_size":0,"ocean_menu_typo_font_size_tablet":0,"ocean_menu_typo_font_size_mobile":0,"ocean_menu_typo_font_size_unit":"px","ocean_menu_typo_font_weight":"","ocean_menu_typo_font_weight_tablet":"","ocean_menu_typo_font_weight_mobile":"","ocean_menu_typo_transform":"","ocean_menu_typo_transform_tablet":"","ocean_menu_typo_transform_mobile":"","ocean_menu_typo_line_height":0,"ocean_menu_typo_line_height_tablet":0,"ocean_menu_typo_line_height_mobile":0,"ocean_menu_typo_line_height_unit":"","ocean_menu_typo_spacing":0,"ocean_menu_typo_spacing_tablet":0,"ocean_menu_typo_spacing_mobile":0,"ocean_menu_typo_spacing_unit":"","ocean_menu_link_color":"","ocean_menu_link_color_hover":"","ocean_menu_link_color_active":"","ocean_menu_link_background":"","ocean_menu_link_hover_background":"","ocean_menu_link_active_background":"","ocean_menu_social_links_bg":"","ocean_menu_social_hover_links_bg":"","ocean_menu_social_links_color":"","ocean_menu_social_hover_links_color":"","ocean_disable_title":"default","ocean_disable_heading":"default","ocean_post_title":"","ocean_post_subheading":"","ocean_post_title_style":"","ocean_post_title_background_color":"","ocean_post_title_background":0,"ocean_post_title_bg_image_position":"","ocean_post_title_bg_image_attachment":"","ocean_post_title_bg_image_repeat":"","ocean_post_title_bg_image_size":"","ocean_post_title_height":0,"ocean_post_title_bg_overlay":0.5,"ocean_post_title_bg_overlay_color":"","ocean_disable_breadcrumbs":"default","ocean_breadcrumbs_color":"","ocean_breadcrumbs_separator_color":"","ocean_breadcrumbs_links_color":"","ocean_breadcrumbs_links_hover_color":"","ocean_display_footer_widgets":"default","ocean_display_footer_bottom":"default","ocean_custom_footer_template":"0","ofc_meta_disable_footer_callout":"","ofc_meta_callout_button_url":"","ofc_meta_callout_button_txt":"","ofc_meta_callout_text":"","ofc_enable_fullscreen":"disable","ofc_fullscreen_speed":0,"ofc_fullscreen_nav":"enable","ofc_fullscreen_nav_pos":"right","ofc_fullscreen_nav_color":"","ofc_fullscreen_nav_tooltip_color":"","ofc_fullscreen_responsive":0,"osp_disable_panel":"default","osh_disable_topbar_sticky":"default","osh_disable_header_sticky":"default","osh_sticky_header_style":"default","osh_sticky_header_effect":"","osh_custom_sticky_logo":0,"osh_custom_retina_sticky_logo":0,"osh_custom_sticky_logo_height":0,"osh_background_color":"","osh_links_color":"","osh_links_hover_color":"","osh_links_active_color":"","osh_links_bg_color":"","osh_links_hover_bg_color":"","osh_links_active_bg_color":"","osh_menu_social_links_color":"","osh_menu_social_hover_links_color":"","footnotes":""},"class_list":["post-967","page","type-page","status-publish","hentry","entry"],"_links":{"self":[{"href":"https:\/\/seyssel74.com\/index.php\/wp-json\/wp\/v2\/pages\/967","targetHints":{"allow":["GET"]}}],"collection":[{"href":"https:\/\/seyssel74.com\/index.php\/wp-json\/wp\/v2\/pages"}],"about":[{"href":"https:\/\/seyssel74.com\/index.php\/wp-json\/wp\/v2\/types\/page"}],"author":[{"embeddable":true,"href":"https:\/\/seyssel74.com\/index.php\/wp-json\/wp\/v2\/users\/1"}],"replies":[{"embeddable":true,"href":"https:\/\/seyssel74.com\/index.php\/wp-json\/wp\/v2\/comments?post=967"}],"version-history":[{"count":148,"href":"https:\/\/seyssel74.com\/index.php\/wp-json\/wp\/v2\/pages\/967\/revisions"}],"predecessor-version":[{"id":24239,"href":"https:\/\/seyssel74.com\/index.php\/wp-json\/wp\/v2\/pages\/967\/revisions\/24239"}],"up":[{"embeddable":true,"href":"https:\/\/seyssel74.com\/index.php\/wp-json\/wp\/v2\/pages\/760"}],"wp:attachment":[{"href":"https:\/\/seyssel74.com\/index.php\/wp-json\/wp\/v2\/media?parent=967"}],"curies":[{"name":"wp","href":"https:\/\/api.w.org\/{rel}","templated":true}]}}