{"id":883,"date":"2020-11-22T00:11:39","date_gmt":"2020-11-21T23:11:39","guid":{"rendered":"http:\/\/seyssel74.com\/?page_id=883"},"modified":"2022-05-29T00:59:55","modified_gmt":"2022-05-28T22:59:55","slug":"plui","status":"publish","type":"page","link":"https:\/\/seyssel74.com\/index.php\/cc-usses-et-rhone\/plui\/","title":{"rendered":"PLUi"},"content":{"rendered":"\n<p class=\"has-small-font-size\"><a href=\"https:\/\/seyssel74.com\">\ud83c\udfe1<\/a> >\u00a0<a href=\"https:\/\/seyssel74.com\/index.php\/cc-usses-et-rhone\/\">CC Usses et Rh\u00f4ne<\/a>\u00a0>\u00a0<a href=\"https:\/\/seyssel74.com\/index.php\/cc-usses-et-rhone\/plui\/\">PLUi<\/a><\/p>\n\n\n\n<div class=\"wp-block-image is-style-default\"><figure class=\"aligncenter size-large is-resized\"><a href=\"https:\/\/www.usses-et-rhone.fr\/\"><img loading=\"lazy\" decoding=\"async\" src=\"https:\/\/seyssel74.com\/wp-content\/uploads\/2021\/01\/8-280px-Logo_CC_Usses_Rhone.svg.png\" alt=\"\" width=\"70\" height=\"48\"\/><\/a><\/figure><\/div>\n\n\n\n<p class=\"has-text-align-center\"><strong>PLUi &#8211; Plan Local d&rsquo;Urbanisme Intercommunal<\/strong><\/p>\n\n\n\n<p class=\"has-black-color has-text-color has-normal-font-size\">La Communaut\u00e9 de Communes Usses et Rh\u00f4ne est comp\u00e9tente en mati\u00e8re de documents d\u2019urbanisme. \u00c0 ce titre, et afin de donner suite aux travaux du SCoT, la CCUR a \u00e9labor\u00e9 trois Plans Locaux d\u2019Urbanisme intercommunaux&nbsp;: le&nbsp;<a href=\"https:\/\/www.usses-et-rhone.fr\/6208-plui-de-la-semine.htm\">PLUi de la Semine<\/a>,&nbsp;<a href=\"https:\/\/www.usses-et-rhone.fr\/6207-plui-du-pays-de-seyssel.htm\">le PLUi du Pays de Seyssel<\/a>&nbsp;et le&nbsp;<a href=\"https:\/\/www.usses-et-rhone.fr\/6209-plui-du-val-des-usses.htm\">PLUi du Val des Usses<\/a>.<\/p>\n\n\n\n<p class=\"has-black-color has-text-color has-normal-font-size\">Les PLU intercommunaux de la Semine, du Pays de Seyssel et du Val des Usses sont consultables sur le G\u00e9oportail de l\u2019urbanisme :&nbsp;<a href=\"https:\/\/www.geoportail-urbanisme.gouv.fr\/\">ici.<\/a><\/p>\n\n\n\n<p><strong>Le PLUi : o\u00f9 et comment construire&nbsp;?<\/strong><\/p>\n\n\n\n<p>Le Plan Local d\u2019Urbanisme intercommunal est un document de planification urbaine qui fixe, \u00e0 l\u2019\u00e9chelle de plusieurs communes, les r\u00e8gles relatives \u00e0 l\u2019occupation du sol&nbsp;:<\/p>\n\n\n\n<ul class=\"wp-block-list\"><li>par le plan de zonage, le PLUi identifie les zones constructibles (dites urbanis\u00e9es ou \u00e0 urbaniser) et celles qui ne le sont pas,<\/li><li>par le r\u00e8glement, il encadre la constructibilit\u00e9 en fixant des r\u00e8gles que toute autorisation d\u2019urbanisme (PC, PA, DP) aura \u00e0 respecter.<\/li><\/ul>\n\n\n\n<p>Les r\u00e9centes \u00e9volutions l\u00e9gislatives demandent au PLUi d\u2019aller plus loin dans la ma\u00eetrise de l\u2019urbanisation&nbsp;: c\u2019est le r\u00f4le des Orientations d\u2019Am\u00e9nagement et de Programmation (OAP) qui, pour tout secteur de d\u00e9veloppement de taille cons\u00e9quente, fixent des principes d\u2019am\u00e9nagement avec lequel le projet du constructeur devra \u00eatre compatible.<\/p>\n\n\n\n<p class=\"has-black-color has-text-color has-normal-font-size\">Plus d&rsquo;informations sur le PLUi de Seyssel <a href=\"https:\/\/seyssel74.com\/index.php\/administration\/urbanisme\/plui\/\">ici<\/a>. <\/p>\n","protected":false},"excerpt":{"rendered":"<p>\ud83c\udfe1 >\u00a0CC Usses et Rh\u00f4ne\u00a0>\u00a0PLUi PLUi &#8211; Plan Local d&rsquo;Urbanisme Intercommunal La Communaut\u00e9 de Communes Usses et Rh\u00f4ne est comp\u00e9tente en mati\u00e8re de documents d\u2019urbanisme. \u00c0 ce titre, et afin de donner suite aux travaux du SCoT, la CCUR a \u00e9labor\u00e9 trois Plans Locaux d\u2019Urbanisme intercommunaux&nbsp;: le&nbsp;PLUi de la Semine,&nbsp;le PLUi du Pays de Seyssel&nbsp;et [&hellip;]<\/p>\n","protected":false},"author":1,"featured_media":0,"parent":649,"menu_order":7,"comment_status":"closed","ping_status":"closed","template":"","meta":{"ocean_post_layout":"","ocean_both_sidebars_style":"","ocean_both_sidebars_content_width":0,"ocean_both_sidebars_sidebars_width":0,"ocean_sidebar":"0","ocean_second_sidebar":"0","ocean_disable_margins":"enable","ocean_add_body_class":"","ocean_shortcode_before_top_bar":"","ocean_shortcode_after_top_bar":"","ocean_shortcode_before_header":"","ocean_shortcode_after_header":"","ocean_has_shortcode":"","ocean_shortcode_after_title":"","ocean_shortcode_before_footer_widgets":"","ocean_shortcode_after_footer_widgets":"","ocean_shortcode_before_footer_bottom":"","ocean_shortcode_after_footer_bottom":"","ocean_display_top_bar":"default","ocean_display_header":"default","ocean_header_style":"","ocean_center_header_left_menu":"0","ocean_custom_header_template":"0","ocean_custom_logo":0,"ocean_custom_retina_logo":0,"ocean_custom_logo_max_width":0,"ocean_custom_logo_tablet_max_width":0,"ocean_custom_logo_mobile_max_width":0,"ocean_custom_logo_max_height":0,"ocean_custom_logo_tablet_max_height":0,"ocean_custom_logo_mobile_max_height":0,"ocean_header_custom_menu":"0","ocean_menu_typo_font_family":"0","ocean_menu_typo_font_subset":"","ocean_menu_typo_font_size":0,"ocean_menu_typo_font_size_tablet":0,"ocean_menu_typo_font_size_mobile":0,"ocean_menu_typo_font_size_unit":"px","ocean_menu_typo_font_weight":"","ocean_menu_typo_font_weight_tablet":"","ocean_menu_typo_font_weight_mobile":"","ocean_menu_typo_transform":"","ocean_menu_typo_transform_tablet":"","ocean_menu_typo_transform_mobile":"","ocean_menu_typo_line_height":0,"ocean_menu_typo_line_height_tablet":0,"ocean_menu_typo_line_height_mobile":0,"ocean_menu_typo_line_height_unit":"","ocean_menu_typo_spacing":0,"ocean_menu_typo_spacing_tablet":0,"ocean_menu_typo_spacing_mobile":0,"ocean_menu_typo_spacing_unit":"","ocean_menu_link_color":"","ocean_menu_link_color_hover":"","ocean_menu_link_color_active":"","ocean_menu_link_background":"","ocean_menu_link_hover_background":"","ocean_menu_link_active_background":"","ocean_menu_social_links_bg":"","ocean_menu_social_hover_links_bg":"","ocean_menu_social_links_color":"","ocean_menu_social_hover_links_color":"","ocean_disable_title":"default","ocean_disable_heading":"default","ocean_post_title":"","ocean_post_subheading":"","ocean_post_title_style":"","ocean_post_title_background_color":"","ocean_post_title_background":0,"ocean_post_title_bg_image_position":"","ocean_post_title_bg_image_attachment":"","ocean_post_title_bg_image_repeat":"","ocean_post_title_bg_image_size":"","ocean_post_title_height":0,"ocean_post_title_bg_overlay":0.5,"ocean_post_title_bg_overlay_color":"","ocean_disable_breadcrumbs":"default","ocean_breadcrumbs_color":"","ocean_breadcrumbs_separator_color":"","ocean_breadcrumbs_links_color":"","ocean_breadcrumbs_links_hover_color":"","ocean_display_footer_widgets":"default","ocean_display_footer_bottom":"default","ocean_custom_footer_template":"0","ofc_meta_disable_footer_callout":"","ofc_meta_callout_button_url":"","ofc_meta_callout_button_txt":"","ofc_meta_callout_text":"","ofc_enable_fullscreen":"disable","ofc_fullscreen_speed":0,"ofc_fullscreen_nav":"enable","ofc_fullscreen_nav_pos":"right","ofc_fullscreen_nav_color":"","ofc_fullscreen_nav_tooltip_color":"","ofc_fullscreen_responsive":0,"osp_disable_panel":"default","osh_disable_topbar_sticky":"default","osh_disable_header_sticky":"default","osh_sticky_header_style":"default","osh_sticky_header_effect":"","osh_custom_sticky_logo":0,"osh_custom_retina_sticky_logo":0,"osh_custom_sticky_logo_height":0,"osh_background_color":"","osh_links_color":"","osh_links_hover_color":"","osh_links_active_color":"","osh_links_bg_color":"","osh_links_hover_bg_color":"","osh_links_active_bg_color":"","osh_menu_social_links_color":"","osh_menu_social_hover_links_color":"","footnotes":""},"class_list":["post-883","page","type-page","status-publish","hentry","entry"],"_links":{"self":[{"href":"https:\/\/seyssel74.com\/index.php\/wp-json\/wp\/v2\/pages\/883","targetHints":{"allow":["GET"]}}],"collection":[{"href":"https:\/\/seyssel74.com\/index.php\/wp-json\/wp\/v2\/pages"}],"about":[{"href":"https:\/\/seyssel74.com\/index.php\/wp-json\/wp\/v2\/types\/page"}],"author":[{"embeddable":true,"href":"https:\/\/seyssel74.com\/index.php\/wp-json\/wp\/v2\/users\/1"}],"replies":[{"embeddable":true,"href":"https:\/\/seyssel74.com\/index.php\/wp-json\/wp\/v2\/comments?post=883"}],"version-history":[{"count":10,"href":"https:\/\/seyssel74.com\/index.php\/wp-json\/wp\/v2\/pages\/883\/revisions"}],"predecessor-version":[{"id":8881,"href":"https:\/\/seyssel74.com\/index.php\/wp-json\/wp\/v2\/pages\/883\/revisions\/8881"}],"up":[{"embeddable":true,"href":"https:\/\/seyssel74.com\/index.php\/wp-json\/wp\/v2\/pages\/649"}],"wp:attachment":[{"href":"https:\/\/seyssel74.com\/index.php\/wp-json\/wp\/v2\/media?parent=883"}],"curies":[{"name":"wp","href":"https:\/\/api.w.org\/{rel}","templated":true}]}}