{"id":877,"date":"2020-11-22T00:10:43","date_gmt":"2020-11-21T23:10:43","guid":{"rendered":"http:\/\/seyssel74.com\/?page_id=877"},"modified":"2025-12-10T02:28:35","modified_gmt":"2025-12-10T01:28:35","slug":"assainissement","status":"publish","type":"page","link":"https:\/\/seyssel74.com\/index.php\/cc-usses-et-rhone\/assainissement\/","title":{"rendered":"Assainissement"},"content":{"rendered":"\n<p class=\"has-small-font-size\"><a href=\"https:\/\/seyssel74.com\">\ud83c\udfe1<\/a> &gt;&nbsp;<a href=\"https:\/\/seyssel74.com\/index.php\/cc-usses-et-rhone\/\">CC Usses et Rh\u00f4ne<\/a>&nbsp;&gt;&nbsp;<a href=\"https:\/\/seyssel74.com\/index.php\/cc-usses-et-rhone\/assainissement\/\">Assainissement<\/a><\/p>\n\n\n<div class=\"wp-block-image is-style-default\">\n<figure class=\"aligncenter size-large is-resized\"><a href=\"https:\/\/www.usses-et-rhone.fr\/\"><img decoding=\"async\" src=\"https:\/\/seyssel74.com\/wp-content\/uploads\/2021\/01\/8-280px-Logo_CC_Usses_Rhone.svg.png\" alt=\"\" style=\"width:70px;height:48px\"\/><\/a><\/figure><\/div>\n\n\n<p>La CCUR est comp\u00e9tente en mati\u00e8re d\u2019assainissement des eaux us\u00e9es sur le territoire des 26 communes depuis le 1er janvier 2017. Elle assure en r\u00e9gie direct la collecte, le transport et le traitement des eaux us\u00e9es.<\/p>\n\n\n\n<p><strong>Le service d\u2019assainissement collectif<\/strong> assure la ma\u00eetrise d\u2019ouvrage des r\u00e9seaux d\u2019eaux us\u00e9es, des stations de pompage et des \u00e9quipements de traitement des eaux us\u00e9es. L\u2019exploitation de tous ces \u00e9quipements est assur\u00e9e en r\u00e9gie directe.<\/p>\n\n\n\n<p class=\"has-black-color has-text-color has-normal-font-size\">Plus d&rsquo;informations sur le <a href=\"https:\/\/www.usses-et-rhone.fr\/6571-collectif.htm\">site<\/a>.<\/p>\n\n\n\n<p><strong>L\u2019assainissement non collectif<\/strong> d\u00e9signe le syst\u00e8me d\u2019assainissement effectuant la collecte, le traitement et le rejet des eaux us\u00e9es pour les habitations n\u2019\u00e9tant pas reli\u00e9es \u00e0 un r\u00e9seau public d\u2019assainissement. Celui-ci s\u2019effectue dans la parcelle de chaque habitation, selon des techniques qui d\u00e9pendent de la nature du sol et des contraintes de l\u2019habitat et de la parcelle d\u2019implantation.<\/p>\n\n\n\n<p>Ce service, \u00e9galement appel\u00e9 SPANC, est \u00e0 votre disposition pour vous aider dans la mise en place de votre dispositif d\u2019assainissement non collectif. Il est \u00e9galement charg\u00e9 du contr\u00f4le ult\u00e9rieur de votre installation existante ou nouvellement cr\u00e9\u00e9e et de son bon fonctionnement.<\/p>\n\n\n\n<p class=\"has-black-color has-text-color has-normal-font-size\">Plus d&rsquo;informations sur le <a href=\"https:\/\/www.usses-et-rhone.fr\/6572-non-collectif.htm\">site<\/a>.<\/p>\n\n\n\n<div class=\"wp-block-columns is-layout-flex wp-container-core-columns-is-layout-9d6595d7 wp-block-columns-is-layout-flex\">\n<div class=\"wp-block-column is-layout-flow wp-block-column-is-layout-flow\">\n<p><strong>Responsable du service Assainissement Collectif<\/strong> <strong>: Contr\u00f4les et instructions d&rsquo;urbanisme<\/strong><br>Marion HERVIOU<br>\ud83d\udcde 04 50 77 09 45<br>\ud83d\udce7 spanc@cc-ur.fr<\/p>\n\n\n\n<p><strong>Responsable du service Assainissement Collectif :&nbsp;Exploitation STEP et r\u00e9seaux EU<\/strong><br>B\u00e9reng\u00e8re LITTOT<br>\ud83d\udcde 04 50 77 09 44<br>\ud83d\udce7 responsable-env@cc-ur.fr<\/p>\n<\/div>\n\n\n\n<div class=\"wp-block-column is-layout-flow wp-block-column-is-layout-flow\">\n<p><strong>Responsable du service Assainissement Non Collectif<\/strong><br>Mme Marion HERVIOU<br>\ud83d\udcde 04 50 77 09 45<br>\ud83d\udce7 spanc@cc-ur.fr<\/p>\n\n\n\n<p><strong>Technicienne SPANC<\/strong><br>Mme Cl\u00e9mence ILMAN<br>\ud83d\udcde 04 50 77 68 82<br>\ud83d\udce7 spanc2@cc-ur.fr<\/p>\n\n\n\n<p><strong>Contr\u00f4leur SPANC<\/strong><br>M. Laurent BOUCHARD<br>\ud83d\udcde 04 50 77 68 84<br>\ud83d\udce7 spanc1@cc-ur.fr<\/p>\n<\/div>\n<\/div>\n","protected":false},"excerpt":{"rendered":"<p>\ud83c\udfe1 &gt;&nbsp;CC Usses et Rh\u00f4ne&nbsp;&gt;&nbsp;Assainissement La CCUR est comp\u00e9tente en mati\u00e8re d\u2019assainissement des eaux us\u00e9es sur le territoire des 26 communes depuis le 1er janvier 2017. Elle assure en r\u00e9gie direct la collecte, le transport et le traitement des eaux us\u00e9es. Le service d\u2019assainissement collectif assure la ma\u00eetrise d\u2019ouvrage des r\u00e9seaux d\u2019eaux us\u00e9es, des stations [&hellip;]<\/p>\n","protected":false},"author":1,"featured_media":0,"parent":649,"menu_order":5,"comment_status":"closed","ping_status":"closed","template":"","meta":{"ocean_post_layout":"","ocean_both_sidebars_style":"","ocean_both_sidebars_content_width":0,"ocean_both_sidebars_sidebars_width":0,"ocean_sidebar":"0","ocean_second_sidebar":"0","ocean_disable_margins":"enable","ocean_add_body_class":"","ocean_shortcode_before_top_bar":"","ocean_shortcode_after_top_bar":"","ocean_shortcode_before_header":"","ocean_shortcode_after_header":"","ocean_has_shortcode":"","ocean_shortcode_after_title":"","ocean_shortcode_before_footer_widgets":"","ocean_shortcode_after_footer_widgets":"","ocean_shortcode_before_footer_bottom":"","ocean_shortcode_after_footer_bottom":"","ocean_display_top_bar":"default","ocean_display_header":"default","ocean_header_style":"","ocean_center_header_left_menu":"0","ocean_custom_header_template":"0","ocean_custom_logo":0,"ocean_custom_retina_logo":0,"ocean_custom_logo_max_width":0,"ocean_custom_logo_tablet_max_width":0,"ocean_custom_logo_mobile_max_width":0,"ocean_custom_logo_max_height":0,"ocean_custom_logo_tablet_max_height":0,"ocean_custom_logo_mobile_max_height":0,"ocean_header_custom_menu":"0","ocean_menu_typo_font_family":"0","ocean_menu_typo_font_subset":"","ocean_menu_typo_font_size":0,"ocean_menu_typo_font_size_tablet":0,"ocean_menu_typo_font_size_mobile":0,"ocean_menu_typo_font_size_unit":"px","ocean_menu_typo_font_weight":"","ocean_menu_typo_font_weight_tablet":"","ocean_menu_typo_font_weight_mobile":"","ocean_menu_typo_transform":"","ocean_menu_typo_transform_tablet":"","ocean_menu_typo_transform_mobile":"","ocean_menu_typo_line_height":0,"ocean_menu_typo_line_height_tablet":0,"ocean_menu_typo_line_height_mobile":0,"ocean_menu_typo_line_height_unit":"","ocean_menu_typo_spacing":0,"ocean_menu_typo_spacing_tablet":0,"ocean_menu_typo_spacing_mobile":0,"ocean_menu_typo_spacing_unit":"","ocean_menu_link_color":"","ocean_menu_link_color_hover":"","ocean_menu_link_color_active":"","ocean_menu_link_background":"","ocean_menu_link_hover_background":"","ocean_menu_link_active_background":"","ocean_menu_social_links_bg":"","ocean_menu_social_hover_links_bg":"","ocean_menu_social_links_color":"","ocean_menu_social_hover_links_color":"","ocean_disable_title":"default","ocean_disable_heading":"default","ocean_post_title":"","ocean_post_subheading":"","ocean_post_title_style":"","ocean_post_title_background_color":"","ocean_post_title_background":0,"ocean_post_title_bg_image_position":"","ocean_post_title_bg_image_attachment":"","ocean_post_title_bg_image_repeat":"","ocean_post_title_bg_image_size":"","ocean_post_title_height":0,"ocean_post_title_bg_overlay":0.5,"ocean_post_title_bg_overlay_color":"","ocean_disable_breadcrumbs":"default","ocean_breadcrumbs_color":"","ocean_breadcrumbs_separator_color":"","ocean_breadcrumbs_links_color":"","ocean_breadcrumbs_links_hover_color":"","ocean_display_footer_widgets":"default","ocean_display_footer_bottom":"default","ocean_custom_footer_template":"0","ofc_meta_disable_footer_callout":"","ofc_meta_callout_button_url":"","ofc_meta_callout_button_txt":"","ofc_meta_callout_text":"","ofc_enable_fullscreen":"disable","ofc_fullscreen_speed":0,"ofc_fullscreen_nav":"enable","ofc_fullscreen_nav_pos":"right","ofc_fullscreen_nav_color":"","ofc_fullscreen_nav_tooltip_color":"","ofc_fullscreen_responsive":0,"osp_disable_panel":"default","osh_disable_topbar_sticky":"default","osh_disable_header_sticky":"default","osh_sticky_header_style":"default","osh_sticky_header_effect":"","osh_custom_sticky_logo":0,"osh_custom_retina_sticky_logo":0,"osh_custom_sticky_logo_height":0,"osh_background_color":"","osh_links_color":"","osh_links_hover_color":"","osh_links_active_color":"","osh_links_bg_color":"","osh_links_hover_bg_color":"","osh_links_active_bg_color":"","osh_menu_social_links_color":"","osh_menu_social_hover_links_color":"","footnotes":""},"class_list":["post-877","page","type-page","status-publish","hentry","entry"],"_links":{"self":[{"href":"https:\/\/seyssel74.com\/index.php\/wp-json\/wp\/v2\/pages\/877","targetHints":{"allow":["GET"]}}],"collection":[{"href":"https:\/\/seyssel74.com\/index.php\/wp-json\/wp\/v2\/pages"}],"about":[{"href":"https:\/\/seyssel74.com\/index.php\/wp-json\/wp\/v2\/types\/page"}],"author":[{"embeddable":true,"href":"https:\/\/seyssel74.com\/index.php\/wp-json\/wp\/v2\/users\/1"}],"replies":[{"embeddable":true,"href":"https:\/\/seyssel74.com\/index.php\/wp-json\/wp\/v2\/comments?post=877"}],"version-history":[{"count":27,"href":"https:\/\/seyssel74.com\/index.php\/wp-json\/wp\/v2\/pages\/877\/revisions"}],"predecessor-version":[{"id":23107,"href":"https:\/\/seyssel74.com\/index.php\/wp-json\/wp\/v2\/pages\/877\/revisions\/23107"}],"up":[{"embeddable":true,"href":"https:\/\/seyssel74.com\/index.php\/wp-json\/wp\/v2\/pages\/649"}],"wp:attachment":[{"href":"https:\/\/seyssel74.com\/index.php\/wp-json\/wp\/v2\/media?parent=877"}],"curies":[{"name":"wp","href":"https:\/\/api.w.org\/{rel}","templated":true}]}}