{"id":873,"date":"2020-11-22T00:08:46","date_gmt":"2020-11-21T23:08:46","guid":{"rendered":"http:\/\/seyssel74.com\/?page_id=873"},"modified":"2024-04-14T22:49:50","modified_gmt":"2024-04-14T20:49:50","slug":"collecte-des-dechets-sivalor","status":"publish","type":"page","link":"https:\/\/seyssel74.com\/index.php\/cc-usses-et-rhone\/collecte-des-dechets-sivalor\/","title":{"rendered":"Collecte des d\u00e9chets \/ SIVALOR"},"content":{"rendered":"\n<p class=\"has-small-font-size\"><a href=\"https:\/\/seyssel74.com\">\ud83c\udfe1<\/a> &gt;&nbsp;<a href=\"https:\/\/seyssel74.com\/index.php\/cc-usses-et-rhone\/\">CC Usses et Rh\u00f4ne<\/a>&nbsp;&gt;&nbsp;<a href=\"https:\/\/seyssel74.com\/index.php\/cc-usses-et-rhone\/collecte-des-dechets-sivalor\/\">Collecte des d\u00e9chets \/ SIVALOR<\/a><\/p>\n\n\n<div class=\"wp-block-image is-style-default\">\n<figure class=\"aligncenter size-large is-resized\"><a href=\"https:\/\/www.usses-et-rhone.fr\/\"><img decoding=\"async\" src=\"https:\/\/seyssel74.com\/wp-content\/uploads\/2021\/01\/8-280px-Logo_CC_Usses_Rhone.svg.png\" alt=\"\" style=\"width:70px;height:48px\"\/><\/a><\/figure><\/div>\n\n\n<p class=\"has-black-color has-text-color has-normal-font-size\">La Communaut\u00e9 de Communes Usses et Rh\u00f4ne (CCUR) a pour mission la collecte et le traitement des Ordures M\u00e9nag\u00e8res (OM) et la gestion des 3 d\u00e9chetteries install\u00e9es sur son territoire : Seyssel (plus d&#8217;informations <a href=\"https:\/\/seyssel74.com\/index.php\/infos-pratiques\/vie-quotidienne\/dechetterie\/\">ici<\/a>), Frangy et Saint-Germain-sur-Rh\u00f4ne. Le Service Environnement travaille en partenariat avec le <a href=\"https:\/\/www.sivalor.org\/\">SIVALOR<\/a> (<strong>S<\/strong>yndicat&nbsp;<strong>I<\/strong>ntercommunal de la&nbsp;<strong>VALOR<\/strong>isation, ex SIDEFAGE) pour le traitement (incin\u00e9ration \/ collecte) et la valorisation (recyclage) des d\u00e9chets.<\/p>\n\n\n\n<p class=\"has-black-color has-text-color has-normal-font-size\">Et pour en savoir plus sur la valorisation des d\u00e9chets, d\u00e9couvrez le <a href=\"https:\/\/www.sivalor.org\/je-visite\/\">CIEL<\/a> : Centre d\u2019Immersion Educatif et Ludique.<\/p>\n\n\n\n<p>Pour tout renseignement compl\u00e9mentaire, contactez le p\u00f4le environnement&nbsp;:<\/p>\n\n\n\n<p>&nbsp;<strong>\ud83d\udcde<\/strong> 04 50 77 93 55<br>&nbsp;<strong>\ud83d\udce7<\/strong>&nbsp;environnement@cc-ur.fr<\/p>\n\n\n<div class=\"wp-block-image\">\n<figure class=\"aligncenter size-large\"><img loading=\"lazy\" decoding=\"async\" width=\"724\" height=\"1024\" src=\"https:\/\/seyssel74.com\/wp-content\/uploads\/2023\/02\/Contacts-Gestion-Dechet-ComCom-et-SIVALOR-724x1024.jpg\" alt=\"\" class=\"wp-image-12218\" srcset=\"https:\/\/seyssel74.com\/wp-content\/uploads\/2023\/02\/Contacts-Gestion-Dechet-ComCom-et-SIVALOR-724x1024.jpg 724w, https:\/\/seyssel74.com\/wp-content\/uploads\/2023\/02\/Contacts-Gestion-Dechet-ComCom-et-SIVALOR-212x300.jpg 212w, https:\/\/seyssel74.com\/wp-content\/uploads\/2023\/02\/Contacts-Gestion-Dechet-ComCom-et-SIVALOR-768x1086.jpg 768w, https:\/\/seyssel74.com\/wp-content\/uploads\/2023\/02\/Contacts-Gestion-Dechet-ComCom-et-SIVALOR-1086x1536.jpg 1086w, https:\/\/seyssel74.com\/wp-content\/uploads\/2023\/02\/Contacts-Gestion-Dechet-ComCom-et-SIVALOR.jpg 1241w\" sizes=\"auto, (max-width: 724px) 100vw, 724px\" \/><\/figure><\/div>","protected":false},"excerpt":{"rendered":"<p>\ud83c\udfe1 &gt;&nbsp;CC Usses et Rh\u00f4ne&nbsp;&gt;&nbsp;Collecte des d\u00e9chets \/ SIVALOR La Communaut\u00e9 de Communes Usses et Rh\u00f4ne (CCUR) a pour mission la collecte et le traitement des Ordures M\u00e9nag\u00e8res (OM) et la gestion des 3 d\u00e9chetteries install\u00e9es sur son territoire : Seyssel (plus d&#8217;informations ici), Frangy et Saint-Germain-sur-Rh\u00f4ne. Le Service Environnement travaille en partenariat avec le [&hellip;]<\/p>\n","protected":false},"author":1,"featured_media":0,"parent":649,"menu_order":4,"comment_status":"closed","ping_status":"closed","template":"","meta":{"ocean_post_layout":"","ocean_both_sidebars_style":"","ocean_both_sidebars_content_width":0,"ocean_both_sidebars_sidebars_width":0,"ocean_sidebar":"0","ocean_second_sidebar":"0","ocean_disable_margins":"enable","ocean_add_body_class":"","ocean_shortcode_before_top_bar":"","ocean_shortcode_after_top_bar":"","ocean_shortcode_before_header":"","ocean_shortcode_after_header":"","ocean_has_shortcode":"","ocean_shortcode_after_title":"","ocean_shortcode_before_footer_widgets":"","ocean_shortcode_after_footer_widgets":"","ocean_shortcode_before_footer_bottom":"","ocean_shortcode_after_footer_bottom":"","ocean_display_top_bar":"default","ocean_display_header":"default","ocean_header_style":"","ocean_center_header_left_menu":"0","ocean_custom_header_template":"0","ocean_custom_logo":0,"ocean_custom_retina_logo":0,"ocean_custom_logo_max_width":0,"ocean_custom_logo_tablet_max_width":0,"ocean_custom_logo_mobile_max_width":0,"ocean_custom_logo_max_height":0,"ocean_custom_logo_tablet_max_height":0,"ocean_custom_logo_mobile_max_height":0,"ocean_header_custom_menu":"0","ocean_menu_typo_font_family":"0","ocean_menu_typo_font_subset":"","ocean_menu_typo_font_size":0,"ocean_menu_typo_font_size_tablet":0,"ocean_menu_typo_font_size_mobile":0,"ocean_menu_typo_font_size_unit":"px","ocean_menu_typo_font_weight":"","ocean_menu_typo_font_weight_tablet":"","ocean_menu_typo_font_weight_mobile":"","ocean_menu_typo_transform":"","ocean_menu_typo_transform_tablet":"","ocean_menu_typo_transform_mobile":"","ocean_menu_typo_line_height":0,"ocean_menu_typo_line_height_tablet":0,"ocean_menu_typo_line_height_mobile":0,"ocean_menu_typo_line_height_unit":"","ocean_menu_typo_spacing":0,"ocean_menu_typo_spacing_tablet":0,"ocean_menu_typo_spacing_mobile":0,"ocean_menu_typo_spacing_unit":"","ocean_menu_link_color":"","ocean_menu_link_color_hover":"","ocean_menu_link_color_active":"","ocean_menu_link_background":"","ocean_menu_link_hover_background":"","ocean_menu_link_active_background":"","ocean_menu_social_links_bg":"","ocean_menu_social_hover_links_bg":"","ocean_menu_social_links_color":"","ocean_menu_social_hover_links_color":"","ocean_disable_title":"default","ocean_disable_heading":"default","ocean_post_title":"","ocean_post_subheading":"","ocean_post_title_style":"","ocean_post_title_background_color":"","ocean_post_title_background":0,"ocean_post_title_bg_image_position":"","ocean_post_title_bg_image_attachment":"","ocean_post_title_bg_image_repeat":"","ocean_post_title_bg_image_size":"","ocean_post_title_height":0,"ocean_post_title_bg_overlay":0.5,"ocean_post_title_bg_overlay_color":"","ocean_disable_breadcrumbs":"default","ocean_breadcrumbs_color":"","ocean_breadcrumbs_separator_color":"","ocean_breadcrumbs_links_color":"","ocean_breadcrumbs_links_hover_color":"","ocean_display_footer_widgets":"default","ocean_display_footer_bottom":"default","ocean_custom_footer_template":"0","ofc_meta_disable_footer_callout":"","ofc_meta_callout_button_url":"","ofc_meta_callout_button_txt":"","ofc_meta_callout_text":"","ofc_enable_fullscreen":"disable","ofc_fullscreen_speed":0,"ofc_fullscreen_nav":"enable","ofc_fullscreen_nav_pos":"right","ofc_fullscreen_nav_color":"","ofc_fullscreen_nav_tooltip_color":"","ofc_fullscreen_responsive":0,"osp_disable_panel":"default","osh_disable_topbar_sticky":"default","osh_disable_header_sticky":"default","osh_sticky_header_style":"default","osh_sticky_header_effect":"","osh_custom_sticky_logo":0,"osh_custom_retina_sticky_logo":0,"osh_custom_sticky_logo_height":0,"osh_background_color":"","osh_links_color":"","osh_links_hover_color":"","osh_links_active_color":"","osh_links_bg_color":"","osh_links_hover_bg_color":"","osh_links_active_bg_color":"","osh_menu_social_links_color":"","osh_menu_social_hover_links_color":"","footnotes":""},"class_list":["post-873","page","type-page","status-publish","hentry","entry"],"_links":{"self":[{"href":"https:\/\/seyssel74.com\/index.php\/wp-json\/wp\/v2\/pages\/873","targetHints":{"allow":["GET"]}}],"collection":[{"href":"https:\/\/seyssel74.com\/index.php\/wp-json\/wp\/v2\/pages"}],"about":[{"href":"https:\/\/seyssel74.com\/index.php\/wp-json\/wp\/v2\/types\/page"}],"author":[{"embeddable":true,"href":"https:\/\/seyssel74.com\/index.php\/wp-json\/wp\/v2\/users\/1"}],"replies":[{"embeddable":true,"href":"https:\/\/seyssel74.com\/index.php\/wp-json\/wp\/v2\/comments?post=873"}],"version-history":[{"count":32,"href":"https:\/\/seyssel74.com\/index.php\/wp-json\/wp\/v2\/pages\/873\/revisions"}],"predecessor-version":[{"id":16678,"href":"https:\/\/seyssel74.com\/index.php\/wp-json\/wp\/v2\/pages\/873\/revisions\/16678"}],"up":[{"embeddable":true,"href":"https:\/\/seyssel74.com\/index.php\/wp-json\/wp\/v2\/pages\/649"}],"wp:attachment":[{"href":"https:\/\/seyssel74.com\/index.php\/wp-json\/wp\/v2\/media?parent=873"}],"curies":[{"name":"wp","href":"https:\/\/api.w.org\/{rel}","templated":true}]}}