{"id":864,"date":"2020-11-22T00:07:35","date_gmt":"2020-11-21T23:07:35","guid":{"rendered":"http:\/\/seyssel74.com\/?page_id=864"},"modified":"2026-01-17T03:05:15","modified_gmt":"2026-01-17T02:05:15","slug":"informations-generales-contact","status":"publish","type":"page","link":"https:\/\/seyssel74.com\/index.php\/cc-usses-et-rhone\/informations-generales-contact\/","title":{"rendered":"Informations g\u00e9n\u00e9rales \/ Contact"},"content":{"rendered":"\n<p class=\"has-small-font-size\"><a href=\"https:\/\/seyssel74.com\/\">\ud83c\udfe1<\/a> &gt; <a href=\"https:\/\/seyssel74.com\/index.php\/cc-usses-et-rhone\/\">CC Usses et Rh\u00f4ne<\/a> &gt; <a href=\"https:\/\/seyssel74.com\/index.php\/cc-usses-et-rhone\/informations-generales-contact\/\">Informations g\u00e9n\u00e9rales \/ Contact <\/a><\/p>\n\n\n<div class=\"wp-block-image is-style-default\">\n<figure class=\"aligncenter size-large is-resized\"><a href=\"https:\/\/www.usses-et-rhone.fr\/\"><img decoding=\"async\" src=\"https:\/\/seyssel74.com\/wp-content\/uploads\/2021\/01\/8-280px-Logo_CC_Usses_Rhone.svg.png\" alt=\"\" style=\"width:70px;height:48px\"\/><\/a><\/figure><\/div>\n\n\n<p class=\"has-normal-font-size\">La&nbsp;<strong>Communaut\u00e9 de Communes Usses et Rh\u00f4ne&nbsp;<\/strong>a \u00e9t\u00e9 cr\u00e9\u00e9e par arr\u00eat\u00e9 inter-pr\u00e9fectoral le 13 d\u00e9cembre 2016. Elle est issue de la fusion des anciennes Communaut\u00e9s de Communes du Pays de Seyssel, de la Semine et du Val des Usses qui ont form\u00e9&nbsp;<strong>au 1er janvier 2017<\/strong>&nbsp;la Communaut\u00e9 de Communes Usses et Rh\u00f4ne.<\/p>\n\n\n\n<p class=\"has-normal-font-size\">La Communaut\u00e9 de Communes Usses et Rh\u00f4ne regroupe aujourd\u2019hui&nbsp;<strong>26 communes<\/strong>&nbsp;et compte&nbsp;<strong>20 845 habitants&nbsp;<\/strong>(Chiffres&nbsp;INSEE&nbsp;au 1er janvier 2019). Elle est interd\u00e9partementale, regroupant 23 communes haut-savoyardes et 3 communes aindinoises.<\/p>\n\n\n\n<p class=\"has-normal-font-size\">Les communes de l\u2019Ain : Anglefort, Corbonod, Seyssel Ain.<\/p>\n\n\n\n<p class=\"has-normal-font-size\">Les communes de Haute-Savoie : Bassy, Challonges, Chaumont, Chavannaz, Ch\u00eane-en-Semine, Chessenaz, Chilly, Clarafond-Arcine, Clermont-en-Genevois, Contamine-Sarzin, Desingy, Droisy, Eloise, Franclens, Frangy, Marlioz, Menthonnex-sous-Clermont, Minzier, Musi\u00e8ges, Saint-Germain-sur-Rh\u00f4ne, Seyssel Haute-Savoie, Usinens, Vanzy.<\/p>\n\n\n\n<p class=\"has-black-color has-text-color has-normal-font-size\">Plus d\u2019information sur le <a href=\"https:\/\/www.usses-et-rhone.fr\/\" data-type=\"URL\" data-id=\"https:\/\/www.usses-et-rhone.fr\/\">site<\/a>. <\/p>\n\n\n\n<p class=\"has-text-align-center has-black-color has-text-color has-normal-font-size\"><strong>Adresses&nbsp;des 2 P\u00f4les:<\/strong><\/p>\n\n\n\n<div class=\"wp-block-columns are-vertically-aligned-top is-layout-flex wp-container-core-columns-is-layout-9d6595d7 wp-block-columns-is-layout-flex\">\n<div class=\"wp-block-column is-vertically-aligned-top is-layout-flow wp-block-column-is-layout-flow\">\n<p style=\"font-size:16px\">70 route de la Semine, 74270 Ch\u00eane-en-Semine<\/p>\n\n\n\n<p class=\"has-black-color has-text-color has-normal-font-size\"><strong>\ud83d\udcde<\/strong> 04 50 56 15 30<\/p>\n\n\n\n<p class=\"has-black-color has-text-color has-normal-font-size\"><strong>Horaires\u00a0:<\/strong><br>lundi, mardi, jeudi : 8h30-12h00 ; 14h00-16h30<br>mercredi : 8h30-12h00<br>vendredi : 8h30-12h00<\/p>\n\n\n\n<p class=\"has-black-color has-text-color has-normal-font-size\"><strong>Services\u00a0:\u00a0<\/strong>assainissement \/ environnement \/ b\u00e2timents \/ \u00e9quipements \/ communication \/ d\u00e9veloppement \u00e9conomique \/ administration g\u00e9n\u00e9rale \/ comptabilit\u00e9 \/ social \/ ressources humaines.<\/p>\n\n\n<\/div>\n\n\n\n<div class=\"wp-block-column is-vertically-aligned-top is-layout-flow wp-block-column-is-layout-flow\">\n<p class=\"has-black-color has-text-color has-normal-font-size\">35 place de l\u2019Eglise, 74270 Frangy<\/p>\n\n\n\n<p class=\"has-black-color has-text-color has-normal-font-size\"><strong>\ud83d\udcde<\/strong>&nbsp;04 50 56 15 30<\/p>\n\n\n\n<p class=\"has-black-color has-text-color has-normal-font-size\"><strong>Horaires\u00a0:<\/strong><br>lundi, mardi, jeudi : 8h30-12h00 ; 14h00-16h30<br>mercredi : 8h30-12h00<br>vendredi : 8h30-12h00<\/p>\n\n\n\n<p class=\"has-black-color has-text-color has-normal-font-size\"><strong>Services :&nbsp;&nbsp;<\/strong>am\u00e9nagement du territoire \/ transports \/ urbanisme<\/p>\n\n\n<\/div>\n\n\n\n<div class=\"wp-block-column is-vertically-aligned-top is-layout-flow wp-block-column-is-layout-flow\"><\/div>\n<\/div>\n","protected":false},"excerpt":{"rendered":"<p>\ud83c\udfe1 &gt; CC Usses et Rh\u00f4ne &gt; Informations g\u00e9n\u00e9rales \/ Contact La&nbsp;Communaut\u00e9 de Communes Usses et Rh\u00f4ne&nbsp;a \u00e9t\u00e9 cr\u00e9\u00e9e par arr\u00eat\u00e9 inter-pr\u00e9fectoral le 13 d\u00e9cembre 2016. Elle est issue de la fusion des anciennes Communaut\u00e9s de Communes du Pays de Seyssel, de la Semine et du Val des Usses qui ont form\u00e9&nbsp;au 1er janvier 2017&nbsp;la [&hellip;]<\/p>\n","protected":false},"author":1,"featured_media":0,"parent":649,"menu_order":1,"comment_status":"closed","ping_status":"closed","template":"","meta":{"ocean_post_layout":"","ocean_both_sidebars_style":"","ocean_both_sidebars_content_width":0,"ocean_both_sidebars_sidebars_width":0,"ocean_sidebar":"0","ocean_second_sidebar":"0","ocean_disable_margins":"enable","ocean_add_body_class":"","ocean_shortcode_before_top_bar":"","ocean_shortcode_after_top_bar":"","ocean_shortcode_before_header":"","ocean_shortcode_after_header":"","ocean_has_shortcode":"","ocean_shortcode_after_title":"","ocean_shortcode_before_footer_widgets":"","ocean_shortcode_after_footer_widgets":"","ocean_shortcode_before_footer_bottom":"","ocean_shortcode_after_footer_bottom":"","ocean_display_top_bar":"default","ocean_display_header":"default","ocean_header_style":"","ocean_center_header_left_menu":"0","ocean_custom_header_template":"0","ocean_custom_logo":0,"ocean_custom_retina_logo":0,"ocean_custom_logo_max_width":0,"ocean_custom_logo_tablet_max_width":0,"ocean_custom_logo_mobile_max_width":0,"ocean_custom_logo_max_height":0,"ocean_custom_logo_tablet_max_height":0,"ocean_custom_logo_mobile_max_height":0,"ocean_header_custom_menu":"0","ocean_menu_typo_font_family":"0","ocean_menu_typo_font_subset":"","ocean_menu_typo_font_size":0,"ocean_menu_typo_font_size_tablet":0,"ocean_menu_typo_font_size_mobile":0,"ocean_menu_typo_font_size_unit":"px","ocean_menu_typo_font_weight":"","ocean_menu_typo_font_weight_tablet":"","ocean_menu_typo_font_weight_mobile":"","ocean_menu_typo_transform":"","ocean_menu_typo_transform_tablet":"","ocean_menu_typo_transform_mobile":"","ocean_menu_typo_line_height":0,"ocean_menu_typo_line_height_tablet":0,"ocean_menu_typo_line_height_mobile":0,"ocean_menu_typo_line_height_unit":"","ocean_menu_typo_spacing":0,"ocean_menu_typo_spacing_tablet":0,"ocean_menu_typo_spacing_mobile":0,"ocean_menu_typo_spacing_unit":"","ocean_menu_link_color":"","ocean_menu_link_color_hover":"","ocean_menu_link_color_active":"","ocean_menu_link_background":"","ocean_menu_link_hover_background":"","ocean_menu_link_active_background":"","ocean_menu_social_links_bg":"","ocean_menu_social_hover_links_bg":"","ocean_menu_social_links_color":"","ocean_menu_social_hover_links_color":"","ocean_disable_title":"default","ocean_disable_heading":"default","ocean_post_title":"","ocean_post_subheading":"","ocean_post_title_style":"","ocean_post_title_background_color":"","ocean_post_title_background":0,"ocean_post_title_bg_image_position":"","ocean_post_title_bg_image_attachment":"","ocean_post_title_bg_image_repeat":"","ocean_post_title_bg_image_size":"","ocean_post_title_height":0,"ocean_post_title_bg_overlay":0.5,"ocean_post_title_bg_overlay_color":"","ocean_disable_breadcrumbs":"default","ocean_breadcrumbs_color":"","ocean_breadcrumbs_separator_color":"","ocean_breadcrumbs_links_color":"","ocean_breadcrumbs_links_hover_color":"","ocean_display_footer_widgets":"default","ocean_display_footer_bottom":"default","ocean_custom_footer_template":"0","ofc_meta_disable_footer_callout":"","ofc_meta_callout_button_url":"","ofc_meta_callout_button_txt":"","ofc_meta_callout_text":"","ofc_enable_fullscreen":"disable","ofc_fullscreen_speed":0,"ofc_fullscreen_nav":"enable","ofc_fullscreen_nav_pos":"right","ofc_fullscreen_nav_color":"","ofc_fullscreen_nav_tooltip_color":"","ofc_fullscreen_responsive":0,"osp_disable_panel":"default","osh_disable_topbar_sticky":"default","osh_disable_header_sticky":"default","osh_sticky_header_style":"default","osh_sticky_header_effect":"","osh_custom_sticky_logo":0,"osh_custom_retina_sticky_logo":0,"osh_custom_sticky_logo_height":0,"osh_background_color":"","osh_links_color":"","osh_links_hover_color":"","osh_links_active_color":"","osh_links_bg_color":"","osh_links_hover_bg_color":"","osh_links_active_bg_color":"","osh_menu_social_links_color":"","osh_menu_social_hover_links_color":"","footnotes":""},"class_list":["post-864","page","type-page","status-publish","hentry","entry"],"_links":{"self":[{"href":"https:\/\/seyssel74.com\/index.php\/wp-json\/wp\/v2\/pages\/864","targetHints":{"allow":["GET"]}}],"collection":[{"href":"https:\/\/seyssel74.com\/index.php\/wp-json\/wp\/v2\/pages"}],"about":[{"href":"https:\/\/seyssel74.com\/index.php\/wp-json\/wp\/v2\/types\/page"}],"author":[{"embeddable":true,"href":"https:\/\/seyssel74.com\/index.php\/wp-json\/wp\/v2\/users\/1"}],"replies":[{"embeddable":true,"href":"https:\/\/seyssel74.com\/index.php\/wp-json\/wp\/v2\/comments?post=864"}],"version-history":[{"count":67,"href":"https:\/\/seyssel74.com\/index.php\/wp-json\/wp\/v2\/pages\/864\/revisions"}],"predecessor-version":[{"id":23576,"href":"https:\/\/seyssel74.com\/index.php\/wp-json\/wp\/v2\/pages\/864\/revisions\/23576"}],"up":[{"embeddable":true,"href":"https:\/\/seyssel74.com\/index.php\/wp-json\/wp\/v2\/pages\/649"}],"wp:attachment":[{"href":"https:\/\/seyssel74.com\/index.php\/wp-json\/wp\/v2\/media?parent=864"}],"curies":[{"name":"wp","href":"https:\/\/api.w.org\/{rel}","templated":true}]}}