{"id":824,"date":"2020-11-21T23:57:47","date_gmt":"2020-11-21T22:57:47","guid":{"rendered":"http:\/\/seyssel74.com\/?page_id=824"},"modified":"2022-05-29T00:25:02","modified_gmt":"2022-05-28T22:25:02","slug":"marches-publics","status":"publish","type":"page","link":"https:\/\/seyssel74.com\/index.php\/annonces\/marches-publics\/","title":{"rendered":"March\u00e9s publics"},"content":{"rendered":"\n<p class=\"has-small-font-size\"><a href=\"https:\/\/seyssel74.com\/\">\ud83c\udfe1<\/a> >\u00a0<a href=\"https:\/\/seyssel74.com\/index.php\/annonces\/\">Annonces<\/a> >\u00a0<a href=\"https:\/\/seyssel74.com\/index.php\/annonces\/marches-publics\/\">March\u00e9s publics<\/a><\/p>\n\n\n\n<div class=\"wp-block-image is-style-default\"><figure class=\"aligncenter size-large is-resized\"><img loading=\"lazy\" decoding=\"async\" src=\"https:\/\/seyssel74.com\/wp-content\/uploads\/2021\/04\/marches-publics-mairie-seyssel.jpg\" alt=\"march\u00e9s publics mairie Seyssel\" class=\"wp-image-1549\" width=\"320\" height=\"138\" srcset=\"https:\/\/seyssel74.com\/wp-content\/uploads\/2021\/04\/marches-publics-mairie-seyssel.jpg 1280w, https:\/\/seyssel74.com\/wp-content\/uploads\/2021\/04\/marches-publics-mairie-seyssel-300x129.jpg 300w, https:\/\/seyssel74.com\/wp-content\/uploads\/2021\/04\/marches-publics-mairie-seyssel-768x331.jpg 768w\" sizes=\"auto, (max-width: 320px) 100vw, 320px\" \/><\/figure><\/div>\n\n\n\n<p>La municipalit\u00e9 est amen\u00e9e \u00e0 proposer des appels d&#8217;offres dans le cadre des nouveaux projets.<\/p>\n\n\n\n<p>Diff\u00e9rents lots sont g\u00e9n\u00e9ralement recherch\u00e9s, quelques exemples : \u00e9lectricit\u00e9, travaux publics, plomberie, ma\u00e7onnerie, chauffage, cloisons, peinture, d\u00e9molition, isolation, terrassement, carrelage, etc.<\/p>\n\n\n\n<p class=\"has-black-color has-text-color has-normal-font-size\">N&#8217;h\u00e9sitez pas consulter r\u00e9guli\u00e8rement les dossiers sur :<br>\ud83c\udf10 <a href=\"http:\/\/www.mp74.fr\">www.mp74.fr<\/a><\/p>\n\n\n\n<p>En tant qu&#8217;entreprise ou artisan, vous pourrez alors vous positionner sur un des march\u00e9s publics de la mairie, ou demander des informations compl\u00e9mentaires.<\/p>\n","protected":false},"excerpt":{"rendered":"<p>\ud83c\udfe1 >\u00a0Annonces >\u00a0March\u00e9s publics La municipalit\u00e9 est amen\u00e9e \u00e0 proposer des appels d&#8217;offres dans le cadre des nouveaux projets. Diff\u00e9rents lots sont g\u00e9n\u00e9ralement recherch\u00e9s, quelques exemples : \u00e9lectricit\u00e9, travaux publics, plomberie, ma\u00e7onnerie, chauffage, cloisons, peinture, d\u00e9molition, isolation, terrassement, carrelage, etc. N&#8217;h\u00e9sitez pas consulter r\u00e9guli\u00e8rement les dossiers sur :\ud83c\udf10 www.mp74.fr En tant qu&#8217;entreprise ou artisan, vous [&hellip;]<\/p>\n","protected":false},"author":1,"featured_media":0,"parent":643,"menu_order":2,"comment_status":"closed","ping_status":"closed","template":"","meta":{"ocean_post_layout":"","ocean_both_sidebars_style":"","ocean_both_sidebars_content_width":0,"ocean_both_sidebars_sidebars_width":0,"ocean_sidebar":"0","ocean_second_sidebar":"0","ocean_disable_margins":"enable","ocean_add_body_class":"","ocean_shortcode_before_top_bar":"","ocean_shortcode_after_top_bar":"","ocean_shortcode_before_header":"","ocean_shortcode_after_header":"","ocean_has_shortcode":"","ocean_shortcode_after_title":"","ocean_shortcode_before_footer_widgets":"","ocean_shortcode_after_footer_widgets":"","ocean_shortcode_before_footer_bottom":"","ocean_shortcode_after_footer_bottom":"","ocean_display_top_bar":"default","ocean_display_header":"default","ocean_header_style":"","ocean_center_header_left_menu":"0","ocean_custom_header_template":"0","ocean_custom_logo":0,"ocean_custom_retina_logo":0,"ocean_custom_logo_max_width":0,"ocean_custom_logo_tablet_max_width":0,"ocean_custom_logo_mobile_max_width":0,"ocean_custom_logo_max_height":0,"ocean_custom_logo_tablet_max_height":0,"ocean_custom_logo_mobile_max_height":0,"ocean_header_custom_menu":"0","ocean_menu_typo_font_family":"0","ocean_menu_typo_font_subset":"","ocean_menu_typo_font_size":0,"ocean_menu_typo_font_size_tablet":0,"ocean_menu_typo_font_size_mobile":0,"ocean_menu_typo_font_size_unit":"px","ocean_menu_typo_font_weight":"","ocean_menu_typo_font_weight_tablet":"","ocean_menu_typo_font_weight_mobile":"","ocean_menu_typo_transform":"","ocean_menu_typo_transform_tablet":"","ocean_menu_typo_transform_mobile":"","ocean_menu_typo_line_height":0,"ocean_menu_typo_line_height_tablet":0,"ocean_menu_typo_line_height_mobile":0,"ocean_menu_typo_line_height_unit":"","ocean_menu_typo_spacing":0,"ocean_menu_typo_spacing_tablet":0,"ocean_menu_typo_spacing_mobile":0,"ocean_menu_typo_spacing_unit":"","ocean_menu_link_color":"","ocean_menu_link_color_hover":"","ocean_menu_link_color_active":"","ocean_menu_link_background":"","ocean_menu_link_hover_background":"","ocean_menu_link_active_background":"","ocean_menu_social_links_bg":"","ocean_menu_social_hover_links_bg":"","ocean_menu_social_links_color":"","ocean_menu_social_hover_links_color":"","ocean_disable_title":"default","ocean_disable_heading":"default","ocean_post_title":"","ocean_post_subheading":"","ocean_post_title_style":"","ocean_post_title_background_color":"","ocean_post_title_background":0,"ocean_post_title_bg_image_position":"","ocean_post_title_bg_image_attachment":"","ocean_post_title_bg_image_repeat":"","ocean_post_title_bg_image_size":"","ocean_post_title_height":0,"ocean_post_title_bg_overlay":0.5,"ocean_post_title_bg_overlay_color":"","ocean_disable_breadcrumbs":"default","ocean_breadcrumbs_color":"","ocean_breadcrumbs_separator_color":"","ocean_breadcrumbs_links_color":"","ocean_breadcrumbs_links_hover_color":"","ocean_display_footer_widgets":"default","ocean_display_footer_bottom":"default","ocean_custom_footer_template":"0","ofc_meta_disable_footer_callout":"","ofc_meta_callout_button_url":"","ofc_meta_callout_button_txt":"","ofc_meta_callout_text":"","ofc_enable_fullscreen":"disable","ofc_fullscreen_speed":0,"ofc_fullscreen_nav":"enable","ofc_fullscreen_nav_pos":"right","ofc_fullscreen_nav_color":"","ofc_fullscreen_nav_tooltip_color":"","ofc_fullscreen_responsive":0,"osp_disable_panel":"default","osh_disable_topbar_sticky":"default","osh_disable_header_sticky":"default","osh_sticky_header_style":"default","osh_sticky_header_effect":"","osh_custom_sticky_logo":0,"osh_custom_retina_sticky_logo":0,"osh_custom_sticky_logo_height":0,"osh_background_color":"","osh_links_color":"","osh_links_hover_color":"","osh_links_active_color":"","osh_links_bg_color":"","osh_links_hover_bg_color":"","osh_links_active_bg_color":"","osh_menu_social_links_color":"","osh_menu_social_hover_links_color":"","footnotes":""},"class_list":["post-824","page","type-page","status-publish","hentry","entry"],"_links":{"self":[{"href":"https:\/\/seyssel74.com\/index.php\/wp-json\/wp\/v2\/pages\/824","targetHints":{"allow":["GET"]}}],"collection":[{"href":"https:\/\/seyssel74.com\/index.php\/wp-json\/wp\/v2\/pages"}],"about":[{"href":"https:\/\/seyssel74.com\/index.php\/wp-json\/wp\/v2\/types\/page"}],"author":[{"embeddable":true,"href":"https:\/\/seyssel74.com\/index.php\/wp-json\/wp\/v2\/users\/1"}],"replies":[{"embeddable":true,"href":"https:\/\/seyssel74.com\/index.php\/wp-json\/wp\/v2\/comments?post=824"}],"version-history":[{"count":11,"href":"https:\/\/seyssel74.com\/index.php\/wp-json\/wp\/v2\/pages\/824\/revisions"}],"predecessor-version":[{"id":8849,"href":"https:\/\/seyssel74.com\/index.php\/wp-json\/wp\/v2\/pages\/824\/revisions\/8849"}],"up":[{"embeddable":true,"href":"https:\/\/seyssel74.com\/index.php\/wp-json\/wp\/v2\/pages\/643"}],"wp:attachment":[{"href":"https:\/\/seyssel74.com\/index.php\/wp-json\/wp\/v2\/media?parent=824"}],"curies":[{"name":"wp","href":"https:\/\/api.w.org\/{rel}","templated":true}]}}