{"id":793,"date":"2020-11-21T23:49:53","date_gmt":"2020-11-21T22:49:53","guid":{"rendered":"http:\/\/seyssel74.com\/?page_id=793"},"modified":"2026-04-10T04:57:07","modified_gmt":"2026-04-10T02:57:07","slug":"autres","status":"publish","type":"page","link":"https:\/\/seyssel74.com\/index.php\/associations\/autres\/","title":{"rendered":"Autres"},"content":{"rendered":"\n<p class=\"has-small-font-size\"><a href=\"https:\/\/seyssel74.com\/\">\ud83c\udfe1<\/a> &gt;&nbsp;<a href=\"https:\/\/seyssel74.com\/index.php\/associations\/\">Associations<\/a> &gt;&nbsp;<a href=\"https:\/\/seyssel74.com\/index.php\/associations\/autres\/\">Autres<\/a><\/p>\n\n\n<div class=\"wp-block-image is-style-default\">\n<figure class=\"aligncenter size-large is-resized\"><img loading=\"lazy\" decoding=\"async\" width=\"1280\" height=\"914\" src=\"https:\/\/seyssel74.com\/wp-content\/uploads\/2021\/04\/associations-autres-seyssel.jpg\" alt=\"associations autres seyssel\" class=\"wp-image-1516\" style=\"width:320px;height:229px\" srcset=\"https:\/\/seyssel74.com\/wp-content\/uploads\/2021\/04\/associations-autres-seyssel.jpg 1280w, https:\/\/seyssel74.com\/wp-content\/uploads\/2021\/04\/associations-autres-seyssel-300x214.jpg 300w, https:\/\/seyssel74.com\/wp-content\/uploads\/2021\/04\/associations-autres-seyssel-768x548.jpg 768w\" sizes=\"auto, (max-width: 1280px) 100vw, 1280px\" \/><\/figure><\/div>\n\n\n<div class=\"wp-block-columns is-layout-flex wp-container-core-columns-is-layout-9d6595d7 wp-block-columns-is-layout-flex\">\n<div class=\"wp-block-column is-layout-flow wp-block-column-is-layout-flow\">\n<p class=\"has-text-align-center has-text-color\" style=\"color:#13aff0\">ACCA soci\u00e9t\u00e9 de chasse<\/p>\n\n\n\n<p class=\"has-black-color has-text-color\">Pr\u00e9sident : M. Denis MARCET <br>\ud83d\udce7 accaseyssel74@laposte.net<br>\ud83c\udf10 <a href=\"https:\/\/www.chasseurs74.fr\/\" data-type=\"URL\" data-id=\"https:\/\/www.chasseurs74.fr\/\">www.chasseurs74.fr<\/a><br><br><\/p>\n<\/div>\n\n\n\n<div class=\"wp-block-column is-layout-flow wp-block-column-is-layout-flow\">\n<p class=\"has-text-align-center has-text-color\" style=\"color:#13aff0\">Amicale des sapeurs-pompiers<\/p>\n\n\n\n<p>Pr\u00e9sident : M. Romain VIDALE <br>\ud83d\udcde 04 50 56 18 18<br>\ud83c\udf10 <a href=\"https:\/\/www.facebook.com\/amicaleseyssel74\/\">www.facebook.com\/amicaleseyssel74<\/a><\/p>\n<\/div>\n\n\n\n<div class=\"wp-block-column is-layout-flow wp-block-column-is-layout-flow\">\n<p class=\"has-text-align-center has-text-color\" style=\"color:#13aff0\">Amicale des anciens pompiers<\/p>\n\n\n\n<p>Pr\u00e9sident : M. Michel LE NORMAND <br>\ud83d\udcde 06 31 19 84 14<br>\ud83c\udf10 <a href=\"https:\/\/www.facebook.com\/amicaleseyssel74\/\">www.facebook.com\/amicaleseyssel74<\/a><\/p>\n<\/div>\n<\/div>\n\n\n\n<div class=\"wp-block-columns is-layout-flex wp-container-core-columns-is-layout-9d6595d7 wp-block-columns-is-layout-flex\">\n<div class=\"wp-block-column is-layout-flow wp-block-column-is-layout-flow\">\n<p class=\"has-text-align-center has-text-color\" style=\"color:#13aff0\">Amicale des JSP<\/p>\n\n\n\n<p>Pr\u00e9sident : M. Thierry DERVAUX <br>\ud83d\udcde 04 50 56 18 18<br>\ud83c\udf10 <a href=\"https:\/\/www.facebook.com\/amicaleseyssel74\/\">www.facebook.com\/amicaleseyssel74<\/a><\/p>\n<\/div>\n\n\n\n<div class=\"wp-block-column is-layout-flow wp-block-column-is-layout-flow\">\n<p class=\"has-text-align-center has-text-color\" style=\"color:#13aff0\">Arc-En-Ciel <\/p>\n\n\n\n<p>R\u00e9alisation du r\u00eave de l&rsquo;enfant malade<br>Pr\u00e9sidente : Mme Monique NESME<br>\ud83d\udcde 04 50 56 20 01<br>\ud83c\udf10 <a href=\"https:\/\/www.arc-en-ciel.com\">www.arc-en-ciel.com<\/a><\/p>\n<\/div>\n\n\n\n<div class=\"wp-block-column is-layout-flow wp-block-column-is-layout-flow\">\n<p class=\"has-text-align-center has-text-color\" style=\"color:#13aff0\">Association des parents d&rsquo;\u00e9l\u00e8ves du coll\u00e8ge<\/p>\n\n\n\n<p><br><br>\ud83d\udce7 ass.college.seyssel@gmail.com<br><br><\/p>\n<\/div>\n<\/div>\n\n\n\n<div class=\"wp-block-columns is-layout-flex wp-container-core-columns-is-layout-9d6595d7 wp-block-columns-is-layout-flex\">\n<div class=\"wp-block-column is-layout-flow wp-block-column-is-layout-flow\">\n<p class=\"has-text-align-center has-text-color\" style=\"color:#13aff0\">CPIE Bugey Genevois<\/p>\n\n\n\n<p>L\u2019\u00e9ducation \u00e0 l\u2019environnement et l\u2019accompagnement des territoires vers un d\u00e9veloppement durable<\/p>\n\n\n\n<p>Pr\u00e9sidente : Mme Dominique CASAERT<br>\ud83d\udcde 04 50 59 00 61<br>&nbsp; \ud83d\udce7 contact@cpie-bugeygenevois.fr<br>\ud83c\udf10 <a href=\"https:\/\/www.cpie-bugeygenevois.fr\/\">https:\/\/www.cpie-bugeygenevois.fr\/<\/a><\/p>\n<\/div>\n\n\n\n<div class=\"wp-block-column is-layout-flow wp-block-column-is-layout-flow\">\n<p class=\"has-text-align-center has-text-color\" style=\"color:#13aff0\">Conf\u00e9d\u00e9ration Syndicale des Familles<\/p>\n\n\n\n<p>D\u00e9fense des consommateurs, des locataires, des usagers de la sant\u00e9<\/p>\n\n\n\n<p><br>Pr\u00e9sidente : Mme EL BAKKALI<br>\ud83d\udcde 06 71 74 03 65<br>\ud83c\udf10 <a href=\"https:\/\/www.la-csf.org\/\">https:\/\/www.la-csf.org\/<\/a><\/p>\n<\/div>\n\n\n\n<div class=\"wp-block-column is-layout-flow wp-block-column-is-layout-flow\">\n<p class=\"has-text-align-center has-text-color\" style=\"color:#13aff0\">Foyer socio-\u00e9ducatif<\/p>\n\n\n\n<p>L&rsquo;association Foyer socio-\u00e9ducatif du coll\u00e8ge de Seyssel<\/p>\n\n\n\n<p><br><br><br><\/p>\n<\/div>\n<\/div>\n\n\n\n<div class=\"wp-block-columns is-layout-flex wp-container-core-columns-is-layout-9d6595d7 wp-block-columns-is-layout-flex\">\n<div class=\"wp-block-column is-layout-flow wp-block-column-is-layout-flow\">\n<p class=\"has-text-align-center has-text-color\" style=\"color:#13aff0\">Handi-raid sapeurs-pompiers<br><\/p>\n\n\n\n<p>Raid sur le Rh\u00f4ne et la Sa\u00f4ne afin d&rsquo;accompagner des personnes handicap\u00e9es<br><br>Pr\u00e9sident : M. Sebastien VINET<br> \ud83d\udce7  webhrsp@gmail.com <br> \ud83c\udf10 <a href=\"http:\/\/www.handi-raid-sapeurs-pompiers.net\">www.handi-raid-sapeurs-pompiers.net<\/a><\/p>\n<\/div>\n\n\n\n<div class=\"wp-block-column is-layout-flow wp-block-column-is-layout-flow\">\n<p class=\"has-text-align-center has-text-color\" style=\"color:#13aff0\">LAF<\/p>\n\n\n\n<p>Organisation d&rsquo;animations, ventes, salons<\/p>\n\n\n\n<p><br><br><br><\/p>\n<\/div>\n\n\n\n<div class=\"wp-block-column is-layout-flow wp-block-column-is-layout-flow\">\n<p class=\"has-text-align-center has-text-color\" style=\"color:#13aff0\">La Team \u00ab\u00a0J&rsquo;adore ct&rsquo;ambiance\u00a0\u00bb<\/p>\n\n\n\n<p>Organisation d&rsquo;activit\u00e9s afin de r\u00e9colter de l&rsquo;argent pour le reverser \u00e0 des associations d&rsquo;enfants <\/p>\n\n\n\n<p>Pr\u00e9sident : M. Yvon SAILLET <br>\ud83d\udcde 06 24 35 15 74<br>\ud83d\udce7 saillet.yvon@orange.fr<br>\ud83c\udf10 <a href=\"https:\/\/www.facebook.com\/lateamjadorectambiance\/?locale=fr_FR\">https:\/\/www.facebook.com\/lateamjadorectambiance\/?locale=fr_FR<\/a><\/p>\n<\/div>\n<\/div>\n\n\n\n<div class=\"wp-block-columns is-layout-flex wp-container-core-columns-is-layout-9d6595d7 wp-block-columns-is-layout-flex\">\n<div class=\"wp-block-column is-layout-flow wp-block-column-is-layout-flow\">\n<p class=\"has-text-align-center has-text-color\" style=\"color:#13aff0\">La Gaule Seysselane<\/p>\n\n\n\n<p>L\u2019association agr\u00e9\u00e9e pour la P\u00eache et la Protection du Milieu Aquatique<\/p>\n\n\n\n<p><br>Pr\u00e9sident : M. Thierry ZIMMER<br>\ud83d\udce7 pdussauge@sfr.fr<br>\ud83c\udf10 <a href=\"https:\/\/www.aappmalagauleseysselane.fr\/\">https:\/\/www.aappmalagauleseysselane.fr\/<\/a><\/p>\n<\/div>\n\n\n\n<div class=\"wp-block-column is-layout-flow wp-block-column-is-layout-flow\">\n<p class=\"has-text-color\" style=\"color:#13aff0\">Le Monde Allant Vert<\/p>\n\n\n\n<p> L\u2019association r\u00e9unit des passionn\u00e9s de jardinage et de botanique, tous d\u00e9fenseurs de notre environnement<\/p>\n\n\n\n<p>Pr\u00e9sident : Mme Elisabeth FUHRER<br>\ud83d\udcde 06 15 50 53 88<br>\ud83d\udce7 info.asso@lemondeallantvert.fr<br> \ud83c\udf10 <a href=\"https:\/\/lemondeallantvert.fr\/\">https:\/\/lemondeallantvert.fr\/<\/a><\/p>\n\n\n\n<p><\/p>\n<\/div>\n\n\n\n<div class=\"wp-block-column is-layout-flow wp-block-column-is-layout-flow\">\n<p class=\"has-text-color\" style=\"color:#13aff0\">Les \u00c9colocos &#8211; Initiatives positives<\/p>\n\n\n\n<p>Implication des d\u00e9marches de transition \u00e9cologique<\/p>\n\n\n\n<p>Pr\u00e9sidente : Mme Margot CHATELAIN<br> \ud83d\udce7 lesecolocos@lilo.org<br> \ud83c\udf10 <a href=\"https:\/\/www.facebook.com\/lesecolocos\/\">www.facebook.com\/lesecolocos<\/a><\/p>\n<\/div>\n<\/div>\n\n\n\n<div class=\"wp-block-columns is-layout-flex wp-container-core-columns-is-layout-9d6595d7 wp-block-columns-is-layout-flex\">\n<div class=\"wp-block-column is-layout-flow wp-block-column-is-layout-flow\">\n<p class=\"has-text-align-center has-text-color\" style=\"color:#13aff0\">Secours populaire<\/p>\n\n\n\n<p>Aide aux personnes qui ont des difficult\u00e9s comme de probl\u00e9matiques de pr\u00e9carit\u00e9 et de pauvret\u00e9 diverses<\/p>\n\n\n\n<p>Pr\u00e9sidente : Mme Nathalie BLATRIX <br>\ud83d\udcde 04 50 57 97 47<br>\ud83c\udf10 <a href=\"https:\/\/www.secourspopulaire.fr\/74\/73\/\">www.secourspopulaire.fr\/74\/73<\/a><\/p>\n<\/div>\n\n\n\n<div class=\"wp-block-column is-layout-flow wp-block-column-is-layout-flow\">\n<p class=\"has-text-align-center has-text-color\" style=\"color:#13aff0\">SEF (service entraide aux familles)<\/p>\n\n\n\n<p>G\u00e9rer un centre de distribution alimentaire \u2013 \u00e9picerie sociale \u2013 aupr\u00e8s des familles en grande difficult\u00e9 financi\u00e8re<\/p>\n\n\n\n<p>Pr\u00e9sidente : Mme Mireille DUSSAUGE<br>\ud83d\udce7 sef.seyssel@gmail.com<br>\ud83d\udcde 06 44 33 81 42<br><br><\/p>\n<\/div>\n\n\n\n<div class=\"wp-block-column is-layout-flow wp-block-column-is-layout-flow\">\n<p class=\"has-text-align-center has-text-color\" style=\"color:#13aff0\">APE les petits princes<\/p>\n\n\n\n<p>Association des Parents d&rsquo;El\u00e8ves contribuant au financement des activit\u00e9s sportives et culturelles de l\u2019\u00e9cole<\/p>\n\n\n\n<p>Pr\u00e9sidente : M. Thomas HENRY<br>\ud83d\udce7 ape.lespetitsprinces@gmail.com<br><br><\/p>\n<\/div>\n<\/div>\n\n\n\n<div class=\"wp-block-columns is-layout-flex wp-container-core-columns-is-layout-9d6595d7 wp-block-columns-is-layout-flex\">\n<div class=\"wp-block-column is-layout-flow wp-block-column-is-layout-flow\">\n<p class=\"has-text-align-center has-text-color\" style=\"color:#13aff0\">Traid-Union<\/p>\n\n\n\n<p>Le respect du droit du travail ;  la d\u00e9fense des int\u00e9r\u00eats collectifs et individuels<\/p>\n\n\n\n<p><br>\ud83c\udf10 <a href=\"http:\/\/www.traid-union.org\/\">www.traid-union.org<\/a><\/p>\n<\/div>\n\n\n\n<div class=\"wp-block-column is-layout-flow wp-block-column-is-layout-flow\">\n<p class=\"has-text-align-center has-text-color\" style=\"color:#13aff0\">U.C.A.P.S.<\/p>\n\n\n\n<p>Union commerciale et artisanale du pays de Seyssel<\/p>\n\n\n\n<p>Pr\u00e9sident :  <em>vacance de poste<\/em><br>\ud83d\udcde <\/p>\n<\/div>\n\n\n\n<div class=\"wp-block-column is-layout-flow wp-block-column-is-layout-flow\">\n<p class=\"has-text-align-center has-text-color\" style=\"color:#13aff0\">Seyssel en f\u00eates<\/p>\n\n\n\n<p>Comit\u00e9 des f\u00eates relanc\u00e9 en 2024. Organisation d&rsquo;animations pour le village<\/p>\n\n\n\n<p>Pr\u00e9sident : M. Nicolas CHENE<br>\ud83d\udce7 seysselenfete@gmail.com<\/p>\n<\/div>\n<\/div>\n\n\n\n<div class=\"wp-block-columns is-layout-flex wp-container-core-columns-is-layout-9d6595d7 wp-block-columns-is-layout-flex\">\n<div class=\"wp-block-column is-layout-flow wp-block-column-is-layout-flow\">\n<p class=\"has-text-align-center has-text-color\" style=\"color:#13aff0\">La Druiderie<\/p>\n\n\n\n<p>Diffuser des savoirs et des techniques relatifs aux plantes sauvages et cultiv\u00e9es<\/p>\n\n\n\n<p>Pr\u00e9sident :  M. Alain DUVERNEY-PRET<br>\ud83d\udcde 06 82 84 84 68<\/p>\n\n\n\n<p>\ud83c\udf10 <a href=\"http:\/\/ladruiderie.unblog.fr\/\" data-type=\"URL\" data-id=\"http:\/\/ladruiderie.unblog.fr\/\" target=\"_blank\" rel=\"noreferrer noopener\">ladruiderie.unblog.fr<\/a><\/p>\n<\/div>\n\n\n\n<div class=\"wp-block-column is-layout-flow wp-block-column-is-layout-flow\">\n<p class=\"has-text-align-center has-text-color\" style=\"color:#13aff0\">Association Seysselane Pour l&rsquo;Egalit\u00e9 des Chances (ASPEC Seyssel)<\/p>\n\n\n\n<p>Aide aux devoirs, aux apprentissages, sorties culturelles, liens avec le scolaire<\/p>\n\n\n\n<p>Pr\u00e9sidente : Mme Delphine HAMMEL<br>\ud83d\udce7 aspec7401@gmail.com<br>\ud83d\udcde 06 37 44 07 28<\/p>\n<\/div>\n\n\n\n<div class=\"wp-block-column is-layout-flow wp-block-column-is-layout-flow\">\n<p class=\"has-text-align-center has-text-color\" style=\"color:#13aff0\">Eveil et Veil<\/p>\n\n\n\n<p>Mise en place d&rsquo;actions de soutien pour l&rsquo;\u00e9cole Montessori Les Petits Castors; d&rsquo;animations, d&rsquo;ateliers p\u00e9dagogiques, <\/p>\n\n\n\n<p>plantes sauvages et cultiv\u00e9es<\/p>\n\n\n\n<p>Pr\u00e9sident :  M. Yann NABET<br>\ud83c\udf10 <a rel=\"noreferrer noopener\" href=\"https:\/\/www.ecolemontessorilespetitscastors.fr\/association\" target=\"_blank\">www.ecolemontessorilespetitscastors.fr\/association<\/a><\/p>\n<\/div>\n<\/div>\n\n\n\n<div class=\"wp-block-columns is-layout-flex wp-container-core-columns-is-layout-9d6595d7 wp-block-columns-is-layout-flex\">\n<div class=\"wp-block-column is-layout-flow wp-block-column-is-layout-flow\">\n<p class=\"has-text-align-center has-text-color\" style=\"color:#13aff0\">Scouts &amp; Guides de France<\/p>\n\n\n\n<p>Mouvement \u00e9ducatif pour les jeunes, fond\u00e9 sur le volontariat, \u00e0 caract\u00e8re non politique, ouvert \u00e0 tous sans distinction d\u2019origine ni de croyance<\/p>\n\n\n\n<p>Responsable de groupe : Mme. Amandine HERRY<br>\ud83d\udce7 herryamandine@gmail.com<br>\ud83d\udcde 06 70 71 95 57<\/p>\n<\/div>\n\n\n\n<div class=\"wp-block-column is-layout-flow wp-block-column-is-layout-flow\">\n<p class=\"has-text-align-center has-text-color\" style=\"color:#13aff0\">Club des Entrepreneurs du Pays de Seyssel<\/p>\n\n\n\n<p>Rencontres d&rsquo;affaires<br>Promouvoir les entreprises locales. Venez mesurer la force d&rsquo;un r\u00e9seau<\/p>\n\n\n\n<p>Pr\u00e9sident : Mme. Choucry ELAMRI<br>\ud83d\udce7 clubentrepreneurs.seyssel@gmail.com<br>\ud83d\udcde 06 17 01 74 12<\/p>\n<\/div>\n\n\n\n<div class=\"wp-block-column is-layout-flow wp-block-column-is-layout-flow\">\n<p class=\"has-text-align-center has-text-color\" style=\"color:#13aff0\">Association DYSponible Pays de Seyssel<\/p>\n\n\n\n<p>Soutenir les enfants et adolescents en difficult\u00e9s li\u00e9es \u00e0 des handicaps cognitifs<\/p>\n\n\n\n<p>Pr\u00e9sidente : Mme. R\u00e9gine GUILLEN<br>\ud83d\udce7 dysponiblepaysdeseyssel@gmail.com<br><\/p>\n<\/div>\n<\/div>\n\n\n\n<div class=\"wp-block-columns is-layout-flex wp-container-core-columns-is-layout-9d6595d7 wp-block-columns-is-layout-flex\">\n<div class=\"wp-block-column is-layout-flow wp-block-column-is-layout-flow\">\n<p class=\"has-text-align-center has-text-color\" style=\"color:#13aff0\">Jeunes Agriculteurs Frangy Seyssel (JA)<\/p>\n\n\n\n<p>JA Haute-Savoie est un syndicat agricole visant \u00e0 faire la promotion de l\u2019agriculture des Savoie, de ses productions, des m\u00e9tiers et de l\u2019installation des jeunes<\/p>\n\n\n\n<p>Pr\u00e9sident : M. Nicolas RANNARD<br>\ud83d\udce7 ja.frangy74@gmail.com<\/p>\n<\/div>\n\n\n\n<div class=\"wp-block-column is-layout-flow wp-block-column-is-layout-flow\">\n<p class=\"has-text-align-center has-text-color\" style=\"color:#13aff0\"><\/p>\n\n\n\n<p><br><\/p>\n<\/div>\n\n\n\n<div class=\"wp-block-column is-layout-flow wp-block-column-is-layout-flow\">\n<p class=\"has-text-align-center has-text-color\" style=\"color:#13aff0\"><\/p>\n\n\n\n<p><\/p>\n\n\n\n<p><br><\/p>\n<\/div>\n<\/div>\n\n\n\n<p><\/p>\n","protected":false},"excerpt":{"rendered":"<p>\ud83c\udfe1 &gt;&nbsp;Associations &gt;&nbsp;Autres ACCA soci\u00e9t\u00e9 de chasse Pr\u00e9sident : M. Denis MARCET \ud83d\udce7 accaseyssel74@laposte.net\ud83c\udf10 www.chasseurs74.fr Amicale des sapeurs-pompiers Pr\u00e9sident : M. Romain VIDALE \ud83d\udcde 04 50 56 18 18\ud83c\udf10 www.facebook.com\/amicaleseyssel74 Amicale des anciens pompiers Pr\u00e9sident : M. Michel LE NORMAND \ud83d\udcde 06 31 19 84 14\ud83c\udf10 www.facebook.com\/amicaleseyssel74 Amicale des JSP Pr\u00e9sident : M. Thierry DERVAUX [&hellip;]<\/p>\n","protected":false},"author":1,"featured_media":0,"parent":637,"menu_order":4,"comment_status":"closed","ping_status":"closed","template":"","meta":{"ocean_post_layout":"","ocean_both_sidebars_style":"","ocean_both_sidebars_content_width":0,"ocean_both_sidebars_sidebars_width":0,"ocean_sidebar":"0","ocean_second_sidebar":"0","ocean_disable_margins":"enable","ocean_add_body_class":"","ocean_shortcode_before_top_bar":"","ocean_shortcode_after_top_bar":"","ocean_shortcode_before_header":"","ocean_shortcode_after_header":"","ocean_has_shortcode":"","ocean_shortcode_after_title":"","ocean_shortcode_before_footer_widgets":"","ocean_shortcode_after_footer_widgets":"","ocean_shortcode_before_footer_bottom":"","ocean_shortcode_after_footer_bottom":"","ocean_display_top_bar":"default","ocean_display_header":"default","ocean_header_style":"","ocean_center_header_left_menu":"0","ocean_custom_header_template":"0","ocean_custom_logo":0,"ocean_custom_retina_logo":0,"ocean_custom_logo_max_width":0,"ocean_custom_logo_tablet_max_width":0,"ocean_custom_logo_mobile_max_width":0,"ocean_custom_logo_max_height":0,"ocean_custom_logo_tablet_max_height":0,"ocean_custom_logo_mobile_max_height":0,"ocean_header_custom_menu":"0","ocean_menu_typo_font_family":"0","ocean_menu_typo_font_subset":"","ocean_menu_typo_font_size":0,"ocean_menu_typo_font_size_tablet":0,"ocean_menu_typo_font_size_mobile":0,"ocean_menu_typo_font_size_unit":"px","ocean_menu_typo_font_weight":"","ocean_menu_typo_font_weight_tablet":"","ocean_menu_typo_font_weight_mobile":"","ocean_menu_typo_transform":"","ocean_menu_typo_transform_tablet":"","ocean_menu_typo_transform_mobile":"","ocean_menu_typo_line_height":0,"ocean_menu_typo_line_height_tablet":0,"ocean_menu_typo_line_height_mobile":0,"ocean_menu_typo_line_height_unit":"","ocean_menu_typo_spacing":0,"ocean_menu_typo_spacing_tablet":0,"ocean_menu_typo_spacing_mobile":0,"ocean_menu_typo_spacing_unit":"","ocean_menu_link_color":"","ocean_menu_link_color_hover":"","ocean_menu_link_color_active":"","ocean_menu_link_background":"","ocean_menu_link_hover_background":"","ocean_menu_link_active_background":"","ocean_menu_social_links_bg":"","ocean_menu_social_hover_links_bg":"","ocean_menu_social_links_color":"","ocean_menu_social_hover_links_color":"","ocean_disable_title":"default","ocean_disable_heading":"default","ocean_post_title":"","ocean_post_subheading":"","ocean_post_title_style":"","ocean_post_title_background_color":"","ocean_post_title_background":0,"ocean_post_title_bg_image_position":"","ocean_post_title_bg_image_attachment":"","ocean_post_title_bg_image_repeat":"","ocean_post_title_bg_image_size":"","ocean_post_title_height":0,"ocean_post_title_bg_overlay":0.5,"ocean_post_title_bg_overlay_color":"","ocean_disable_breadcrumbs":"default","ocean_breadcrumbs_color":"","ocean_breadcrumbs_separator_color":"","ocean_breadcrumbs_links_color":"","ocean_breadcrumbs_links_hover_color":"","ocean_display_footer_widgets":"default","ocean_display_footer_bottom":"default","ocean_custom_footer_template":"0","ofc_meta_disable_footer_callout":"","ofc_meta_callout_button_url":"","ofc_meta_callout_button_txt":"","ofc_meta_callout_text":"","ofc_enable_fullscreen":"disable","ofc_fullscreen_speed":0,"ofc_fullscreen_nav":"enable","ofc_fullscreen_nav_pos":"right","ofc_fullscreen_nav_color":"","ofc_fullscreen_nav_tooltip_color":"","ofc_fullscreen_responsive":0,"osp_disable_panel":"default","osh_disable_topbar_sticky":"default","osh_disable_header_sticky":"default","osh_sticky_header_style":"default","osh_sticky_header_effect":"","osh_custom_sticky_logo":0,"osh_custom_retina_sticky_logo":0,"osh_custom_sticky_logo_height":0,"osh_background_color":"","osh_links_color":"","osh_links_hover_color":"","osh_links_active_color":"","osh_links_bg_color":"","osh_links_hover_bg_color":"","osh_links_active_bg_color":"","osh_menu_social_links_color":"","osh_menu_social_hover_links_color":"","footnotes":""},"class_list":["post-793","page","type-page","status-publish","hentry","entry"],"_links":{"self":[{"href":"https:\/\/seyssel74.com\/index.php\/wp-json\/wp\/v2\/pages\/793","targetHints":{"allow":["GET"]}}],"collection":[{"href":"https:\/\/seyssel74.com\/index.php\/wp-json\/wp\/v2\/pages"}],"about":[{"href":"https:\/\/seyssel74.com\/index.php\/wp-json\/wp\/v2\/types\/page"}],"author":[{"embeddable":true,"href":"https:\/\/seyssel74.com\/index.php\/wp-json\/wp\/v2\/users\/1"}],"replies":[{"embeddable":true,"href":"https:\/\/seyssel74.com\/index.php\/wp-json\/wp\/v2\/comments?post=793"}],"version-history":[{"count":128,"href":"https:\/\/seyssel74.com\/index.php\/wp-json\/wp\/v2\/pages\/793\/revisions"}],"predecessor-version":[{"id":24247,"href":"https:\/\/seyssel74.com\/index.php\/wp-json\/wp\/v2\/pages\/793\/revisions\/24247"}],"up":[{"embeddable":true,"href":"https:\/\/seyssel74.com\/index.php\/wp-json\/wp\/v2\/pages\/637"}],"wp:attachment":[{"href":"https:\/\/seyssel74.com\/index.php\/wp-json\/wp\/v2\/media?parent=793"}],"curies":[{"name":"wp","href":"https:\/\/api.w.org\/{rel}","templated":true}]}}