{"id":787,"date":"2020-11-21T23:49:01","date_gmt":"2020-11-21T22:49:01","guid":{"rendered":"http:\/\/seyssel74.com\/?page_id=787"},"modified":"2026-04-04T09:42:38","modified_gmt":"2026-04-04T07:42:38","slug":"culture","status":"publish","type":"page","link":"https:\/\/seyssel74.com\/index.php\/associations\/culture\/","title":{"rendered":"Culture"},"content":{"rendered":"\n<p class=\"has-small-font-size\"><a href=\"https:\/\/seyssel74.com\/\">\ud83c\udfe1<\/a> &gt;&nbsp;<a href=\"https:\/\/seyssel74.com\/index.php\/associations\/\">Associations<\/a> &gt;&nbsp;<a href=\"https:\/\/seyssel74.com\/index.php\/associations\/culture\/\">Culture<\/a><\/p>\n\n\n<div class=\"wp-block-image is-style-default\">\n<figure class=\"aligncenter size-large is-resized\"><img loading=\"lazy\" decoding=\"async\" width=\"1280\" height=\"853\" src=\"https:\/\/seyssel74.com\/wp-content\/uploads\/2021\/04\/associations-culture-seyssel.jpg\" alt=\"associations culture seyssel\" class=\"wp-image-1517\" style=\"width:320px;height:213px\" srcset=\"https:\/\/seyssel74.com\/wp-content\/uploads\/2021\/04\/associations-culture-seyssel.jpg 1280w, https:\/\/seyssel74.com\/wp-content\/uploads\/2021\/04\/associations-culture-seyssel-300x200.jpg 300w, https:\/\/seyssel74.com\/wp-content\/uploads\/2021\/04\/associations-culture-seyssel-768x512.jpg 768w\" sizes=\"auto, (max-width: 1280px) 100vw, 1280px\" \/><\/figure><\/div>\n\n\n<div class=\"wp-block-columns is-layout-flex wp-container-core-columns-is-layout-9d6595d7 wp-block-columns-is-layout-flex\">\n<div class=\"wp-block-column is-layout-flow wp-block-column-is-layout-flow\">\n<p class=\"has-text-align-center has-text-color\" style=\"color:#13aff0\">Atelier des arts et loisirs cr\u00e9atifs<\/p>\n\n\n\n<p>Cours de peinture et arts cr\u00e9atifs<\/p>\n\n\n\n<p>Pr\u00e9sidente : Mme Val\u00e9rie DASNIERES de VEIGY <br>\ud83d\udcde 06 07 75 83 36<br>\ud83c\udf10 <a href=\"http:\/\/www.psychogenealogie-france.com\/cours-de-peinture-rumilly-seyssel.html\">www.psychogenealogie-france.com\/cours-de-peinture-rumilly-seyssel.html<\/a><\/p>\n<\/div>\n\n\n\n<div class=\"wp-block-column is-layout-flow wp-block-column-is-layout-flow\">\n<p class=\"has-text-align-center has-text-color\" style=\"color:#13aff0\">Batterie Fanfare La Seysselane<\/p>\n\n\n\n<p>Association musical <\/p>\n\n\n\n<p>Pr\u00e9sident : M. G\u00e9rard LAMBERT <br>\ud83d\udce7 lambertsnc@hotmail.fr<br>\ud83c\udf10 <a href=\"https:\/\/www.facebook.com\/groups\/952069304845434\/\">www.facebook.com\/groups\/952069304845434<\/a><\/p>\n<\/div>\n\n\n\n<div class=\"wp-block-column is-layout-flow wp-block-column-is-layout-flow\">\n<p class=\"has-text-align-center has-text-color\" style=\"color:#13aff0\">Bikemboy<\/p>\n\n\n\n<p>Cr\u00e9ation des \u00e9v\u00e9nements musicaux et culturels<\/p>\n\n\n\n<p>Pr\u00e9sident : M. Nicolas INSOGNA <br>\ud83d\udcde 06 46 57 95 14<br>\ud83d\udce7 assobikemboy@gmail.com<br>\ud83c\udf10 <a href=\"https:\/\/www.facebook.com\/bkbevent74\/\">www.facebook.com\/bkbevent74<\/a><\/p>\n<\/div>\n<\/div>\n\n\n\n<div class=\"wp-block-columns is-layout-flex wp-container-core-columns-is-layout-9d6595d7 wp-block-columns-is-layout-flex\">\n<div class=\"wp-block-column is-layout-flow wp-block-column-is-layout-flow\">\n<p class=\"has-text-align-center has-text-color\" style=\"color:#13aff0\">C&rsquo;est un beau jour pour cr\u00e9er<\/p>\n\n\n\n<p>Cours et ateliers de th\u00e9\u00e2tre, apprentissage clown<\/p>\n\n\n\n<p>Pr\u00e9sidente : Mme Agn\u00e8s BOURGEOIS<br> \ud83d\udcde 04 50 56 47 58<br> \ud83d\udce7 aniecebourgeois@orange.fr<\/p>\n<\/div>\n\n\n\n<div class=\"wp-block-column is-layout-flow wp-block-column-is-layout-flow\">\n<p class=\"has-text-align-center has-text-color\" style=\"color:#13aff0\">Chant pour Tous Pays du Haut-Rh\u00f4ne<\/p>\n\n\n\n<p>S\u00e9ances de chants improvis\u00e9s, en groupe<\/p>\n\n\n\n<p>Pr\u00e9sidente : Mme Camille PASCAL<br> \ud83d\udcde 07 68 74 82 54<br>\ud83c\udf10 <a rel=\"noreferrer noopener\" href=\"https:\/\/www.facebook.com\/Chant-pour-Toutes-Pays-du-Haut-Rh%C3%B4ne-108445558194314\" target=\"_blank\">https:\/\/www.facebook.com\/Chant-pour-Toutes-Pays-du-Haut-Rh%C3%B4ne-108445558194314<\/a><br><a href=\"https:\/\/www.chantpourtous.com\/chant-pour-tou-te-s-pays-du-haut-rhone\/\">https:\/\/www.chantpourtous.com\/chant-pour-tou-te-s-pays-du-haut-rhone\/<\/a><\/p>\n<\/div>\n\n\n\n<div class=\"wp-block-column is-layout-flow wp-block-column-is-layout-flow\">\n<p class=\"has-text-align-center has-text-color\" style=\"color:#13aff0\">Comit\u00e9 de jumelage<\/p>\n\n\n\n<p>L&rsquo;entretien les \u00e9changes entre Seyssel et Fregona (Italie), Sijsele (Belgique)<\/p>\n\n\n\n<p>Pr\u00e9sidente : Mme Paulette LE NORMAND <br>\ud83d\udcde 04 50 59 23 32<br><br><\/p>\n<\/div>\n<\/div>\n\n\n\n<div class=\"wp-block-columns is-layout-flex wp-container-core-columns-is-layout-9d6595d7 wp-block-columns-is-layout-flex\">\n<div class=\"wp-block-column is-layout-flow wp-block-column-is-layout-flow\">\n<p class=\"has-text-align-center has-text-color\" style=\"color:#13aff0\">Jeunesse musicale de Corbonod<\/p>\n\n\n\n<p>Le\u00e7ons de musique, de chant<\/p>\n\n\n\n<p>Pr\u00e9sidente : Mme Nathalie NANTERME <br>\ud83d\udcde 04 50 59 27 30<br><br><\/p>\n<\/div>\n\n\n\n<div class=\"wp-block-column is-layout-flow wp-block-column-is-layout-flow\">\n<p class=\"has-text-align-center has-text-color\" style=\"color:#13aff0\">La Cl\u00e9 des chants<\/p>\n\n\n\n<p>Chorale, le\u00e7ons de musique, de chant<\/p>\n\n\n\n<p>Pr\u00e9sidente : Mme Christine SALERNO <br>\ud83d\udcde 04 50 59 04 82<br><br><\/p>\n<\/div>\n\n\n\n<div class=\"wp-block-column is-layout-flow wp-block-column-is-layout-flow\">\n<p class=\"has-text-align-center has-text-color\" style=\"color:#13aff0\">La Fabrik&rsquo;asson<\/p>\n\n\n\n<p>Chanson Jazz<\/p>\n\n\n\n<p>Pr\u00e9sidente : Mme Florence GAUL <br>\ud83d\udcde 06 12 79 82 09<br><br><\/p>\n<\/div>\n<\/div>\n\n\n\n<div class=\"wp-block-columns is-layout-flex wp-container-core-columns-is-layout-9d6595d7 wp-block-columns-is-layout-flex\">\n<div class=\"wp-block-column is-layout-flow wp-block-column-is-layout-flow\">\n<p class=\"has-text-align-center has-text-color\" style=\"color:#13aff0\">Le Pont des Z&rsquo;Arts<\/p>\n\n\n\n<p>Galerie d&rsquo;art associative<\/p>\n\n\n\n<p>Pr\u00e9sident : M. Gilbert FEGN\u00c9 <br>\ud83d\udcde 09 52 50 72 71<br>\ud83c\udf10 <a href=\"http:\/\/www.lepontdeszarts.org\/\">www.lepontdeszarts.org<\/a><\/p>\n<\/div>\n\n\n\n<div class=\"wp-block-column is-layout-flow wp-block-column-is-layout-flow\">\n<p class=\"has-text-align-center has-text-color\" style=\"color:#13aff0\">Les Entub\u00e9s<\/p>\n\n\n\n<p>La pratique musicale<\/p>\n\n\n\n<p>Pr\u00e9sident : M. Jean-Michel FONTAINE <br>\ud83d\udcde 06 82 82 00 19<br><br><\/p>\n<\/div>\n\n\n\n<div class=\"wp-block-column is-layout-flow wp-block-column-is-layout-flow\">\n<p class=\"has-text-align-center has-text-color\" style=\"color:#13aff0\">Patrimoine du Pays de Seyssel (P.P.S)<\/p>\n\n\n\n<p>Promouvoir le patrimoine des cantons de Seyssel<\/p>\n\n\n\n<p>Pr\u00e9sidente : Mme Germaine SECONDI <br>\ud83d\udce7 patrimoineseyssel@orange.fr<br>\ud83c\udf10 <a href=\"https:\/\/patrimoine-des-pays-de-l-ain.fr\/annuaires-et-services-a\/annuaire-des-adherents\/110-association-pour-la-connaissance-du-patrimoine-du-pays-de-seyssel-acpps\">https:\/\/patrimoine-des-pays-de-l-ain.fr<\/a><\/p>\n<\/div>\n<\/div>\n\n\n\n<div class=\"wp-block-columns is-layout-flex wp-container-core-columns-is-layout-9d6595d7 wp-block-columns-is-layout-flex\">\n<div class=\"wp-block-column is-layout-flow wp-block-column-is-layout-flow\">\n<p class=\"has-text-align-center has-text-color\" style=\"color:#13aff0\">Renaissance du Ch\u00e2teau de Clermont<\/p>\n\n\n\n<p>Association th\u00e9\u00e2trale<\/p>\n\n\n\n<p>Pr\u00e9sident : M. Jean-Baptiste TISSOT <br>\ud83d\udce7assso.renaissance.clermont@gmail.com<br><\/p>\n<\/div>\n\n\n\n<div class=\"wp-block-column is-layout-flow wp-block-column-is-layout-flow\">\n<p class=\"has-text-align-center has-text-color\" style=\"color:#13aff0\">Souvenir Fran\u00e7ais<\/p>\n\n\n\n<p>Vocation d&rsquo;honorer la m\u00e9moire de tous ceux qui sont morts pour la France.<br>Comit\u00e9 Seyssel-sur-Rh\u00f4ne<\/p>\n\n\n\n<p>Pr\u00e9sidente : Mme Christine TARDY <br>\ud83d\udcde 04 50 59 20 54<br>\ud83c\udf10 <a href=\"https:\/\/le-souvenir-francais.fr\/\">https:\/\/le-souvenir-francais.fr<\/a><\/p>\n<\/div>\n\n\n\n<div class=\"wp-block-column is-layout-flow wp-block-column-is-layout-flow\">\n<p class=\"has-text-align-center has-text-color\" style=\"color:#13aff0\">Th\u00e9\u00e2tre des bords du Rh\u00f4ne<\/p>\n\n\n\n<p>Club de loisirs, th\u00e9\u00e2tre amateur<\/p>\n\n\n\n<p>Pr\u00e9sidente : Mme Christine BAZIN <br> \ud83d\udce7  bellatock1@orange.fr<\/p>\n<\/div>\n<\/div>\n\n\n\n<div class=\"wp-block-columns is-layout-flex wp-container-core-columns-is-layout-9d6595d7 wp-block-columns-is-layout-flex\">\n<div class=\"wp-block-column is-layout-flow wp-block-column-is-layout-flow\">\n<p class=\"has-text-align-center has-text-color\" style=\"color:#13aff0\">UNC-ALPES AFN<\/p>\n\n\n\n<p>D\u00e9fend les droits des combattants<\/p>\n\n\n\n<p>Pr\u00e9sident : M. Pierre BAGIACCHI <br>\ud83d\udcde 04 50 59 29 96<br>\ud83d\udce7 p.bagiacchi@laposte.net<br>\ud83c\udf10 <a href=\"https:\/\/www.unc.fr\/\">www.unc.fr<\/a><\/p>\n<\/div>\n\n\n\n<div class=\"wp-block-column is-layout-flow wp-block-column-is-layout-flow\">\n<p class=\"has-text-align-center has-text-color\" style=\"color:#13aff0\">Vive le Cin\u00e9ma<\/p>\n\n\n\n<p>Fonctionnement du <a href=\"https:\/\/seyssel74.com\/index.php\/tourisme-loisirs\/quoi-faire\/cinema\/\" data-type=\"URL\" data-id=\"https:\/\/seyssel74.com\/index.php\/tourisme-loisirs\/quoi-faire\/cinema\/\">cin\u00e9ma <\/a>Le Condate de Seyssel<\/p>\n\n\n\n<p>Pr\u00e9sidente : Mme Claudine PETIT <br>\ud83d\udcde 06 43 26 20 57<br>\ud83c\udf10 <a href=\"https:\/\/www.facebook.com\/cinema.Le.Condate.Seyssel\">www.facebook.com\/cinema.Le.Condate.Seyssel<\/a><\/p>\n<\/div>\n\n\n\n<div class=\"wp-block-column is-layout-flow wp-block-column-is-layout-flow\">\n<p class=\"has-text-align-center has-text-color\" style=\"color:#13aff0\">ZIKADICT<\/p>\n\n\n\n<p>Production de musiciens amateurs, organisation de concerts, de festivals ou de manifestations musicales<\/p>\n\n\n\n<p>Pr\u00e9sident : M. Thibault LANCHAMP <br>\ud83d\udce7 thibault.lanchamp@gmail.com<br>\ud83c\udf10 <a href=\"https:\/\/www.facebook.com\/zikadict01\/\">www.facebook.com\/zikadict01<\/a><br><\/p>\n<\/div>\n<\/div>\n\n\n\n<div class=\"wp-block-columns is-layout-flex wp-container-core-columns-is-layout-9d6595d7 wp-block-columns-is-layout-flex\">\n<div class=\"wp-block-column is-layout-flow wp-block-column-is-layout-flow\">\n<p class=\"has-text-align-center has-text-color\" style=\"color:#13aff0\">Autrefois le Martinet<\/p>\n\n\n\n<p>Moulin, forge, taillanderie, scie battante. Un lieu historique de Seyssel<\/p>\n\n\n\n<p>Pr\u00e9sident : M. Georges DEPIGNY<br>\ud83d\udcde 06 84 19 34 27<br>\ud83d\udce7 autrefoislemartinet@gmail.com<\/p>\n<\/div>\n\n\n\n<div class=\"wp-block-column is-layout-flow wp-block-column-is-layout-flow\">\n<p class=\"has-text-align-center has-text-color\" style=\"color:#13aff0\">Le Temps des Croisades<\/p>\n\n\n\n<p>Compagnie m\u00e9di\u00e9vale officiant du XI\u00e8me au XIV\u00e8me si\u00e8cle<\/p>\n\n\n\n<p>Pr\u00e9sident : M. Philippe MERDA<br>\ud83d\udce7letempsdescroisades7401@gmail.com<br>\ud83c\udf10 <a href=\"https:\/\/www.facebook.com\/LeTempsDesCroisades\/\">https:\/\/www.facebook.com\/LeTempsDesCroisades\/<\/a><\/p>\n<\/div>\n\n\n\n<div class=\"wp-block-column is-layout-flow wp-block-column-is-layout-flow\">\n<p class=\"has-text-align-center has-text-color\" style=\"color:#13aff0\">B\u00e9n\u00e9voles de la m\u00e9diath\u00e8que de Seyssel<\/p>\n\n\n\n<p>Soutien et fonctionnement de la <a href=\"https:\/\/seyssel74.com\/index.php\/infos-pratiques\/vie-quotidienne\/mediatheque\/\" data-type=\"URL\" data-id=\"https:\/\/seyssel74.com\/index.php\/infos-pratiques\/vie-quotidienne\/mediatheque\/\">biblioth\u00e8que <\/a><\/p>\n\n\n\n<p><br>\ud83d\udcde 04 50 56 11 17<br>\ud83c\udf10 <a href=\"https:\/\/seyssel.bibli.fr\/\">https:\/\/seyssel.bibli.fr\/<\/a><\/p>\n<\/div>\n<\/div>\n\n\n\n<div class=\"wp-block-columns is-layout-flex wp-container-core-columns-is-layout-9d6595d7 wp-block-columns-is-layout-flex\">\n<div class=\"wp-block-column is-layout-flow wp-block-column-is-layout-flow\">\n<p class=\"has-text-align-center has-text-color\" style=\"color:#13aff0\">La Compagnie des Beaux Instants<\/p>\n\n\n\n<p>Cr\u00e9er, promouvoir, partager des spectacles et les activit\u00e9s artistiques<\/p>\n\n\n\n<p>Pr\u00e9sident : Mme Aur\u00e9lie CONSTANTIN-DREUMONT<br>\ud83d\udce7 lacompagniedesbeauxinstants@gmail.com<\/p>\n<\/div>\n\n\n\n<div class=\"wp-block-column is-layout-flow wp-block-column-is-layout-flow\">\n<p class=\"has-text-align-center has-text-color\" style=\"color:#13aff0\"><\/p>\n<\/div>\n\n\n\n<div class=\"wp-block-column is-layout-flow wp-block-column-is-layout-flow\">\n<p class=\"has-text-align-center has-text-color\" style=\"color:#13aff0\"><\/p>\n\n\n\n<p><\/p>\n<\/div>\n<\/div>\n","protected":false},"excerpt":{"rendered":"<p>\ud83c\udfe1 &gt;&nbsp;Associations &gt;&nbsp;Culture Atelier des arts et loisirs cr\u00e9atifs Cours de peinture et arts cr\u00e9atifs Pr\u00e9sidente : Mme Val\u00e9rie DASNIERES de VEIGY \ud83d\udcde 06 07 75 83 36\ud83c\udf10 www.psychogenealogie-france.com\/cours-de-peinture-rumilly-seyssel.html Batterie Fanfare La Seysselane Association musical Pr\u00e9sident : M. G\u00e9rard LAMBERT \ud83d\udce7 lambertsnc@hotmail.fr\ud83c\udf10 www.facebook.com\/groups\/952069304845434 Bikemboy Cr\u00e9ation des \u00e9v\u00e9nements musicaux et culturels Pr\u00e9sident : M. Nicolas INSOGNA [&hellip;]<\/p>\n","protected":false},"author":1,"featured_media":0,"parent":637,"menu_order":1,"comment_status":"closed","ping_status":"closed","template":"","meta":{"ocean_post_layout":"","ocean_both_sidebars_style":"","ocean_both_sidebars_content_width":0,"ocean_both_sidebars_sidebars_width":0,"ocean_sidebar":"0","ocean_second_sidebar":"0","ocean_disable_margins":"enable","ocean_add_body_class":"","ocean_shortcode_before_top_bar":"","ocean_shortcode_after_top_bar":"","ocean_shortcode_before_header":"","ocean_shortcode_after_header":"","ocean_has_shortcode":"","ocean_shortcode_after_title":"","ocean_shortcode_before_footer_widgets":"","ocean_shortcode_after_footer_widgets":"","ocean_shortcode_before_footer_bottom":"","ocean_shortcode_after_footer_bottom":"","ocean_display_top_bar":"default","ocean_display_header":"default","ocean_header_style":"","ocean_center_header_left_menu":"0","ocean_custom_header_template":"0","ocean_custom_logo":0,"ocean_custom_retina_logo":0,"ocean_custom_logo_max_width":0,"ocean_custom_logo_tablet_max_width":0,"ocean_custom_logo_mobile_max_width":0,"ocean_custom_logo_max_height":0,"ocean_custom_logo_tablet_max_height":0,"ocean_custom_logo_mobile_max_height":0,"ocean_header_custom_menu":"0","ocean_menu_typo_font_family":"0","ocean_menu_typo_font_subset":"","ocean_menu_typo_font_size":0,"ocean_menu_typo_font_size_tablet":0,"ocean_menu_typo_font_size_mobile":0,"ocean_menu_typo_font_size_unit":"px","ocean_menu_typo_font_weight":"","ocean_menu_typo_font_weight_tablet":"","ocean_menu_typo_font_weight_mobile":"","ocean_menu_typo_transform":"","ocean_menu_typo_transform_tablet":"","ocean_menu_typo_transform_mobile":"","ocean_menu_typo_line_height":0,"ocean_menu_typo_line_height_tablet":0,"ocean_menu_typo_line_height_mobile":0,"ocean_menu_typo_line_height_unit":"","ocean_menu_typo_spacing":0,"ocean_menu_typo_spacing_tablet":0,"ocean_menu_typo_spacing_mobile":0,"ocean_menu_typo_spacing_unit":"","ocean_menu_link_color":"","ocean_menu_link_color_hover":"","ocean_menu_link_color_active":"","ocean_menu_link_background":"","ocean_menu_link_hover_background":"","ocean_menu_link_active_background":"","ocean_menu_social_links_bg":"","ocean_menu_social_hover_links_bg":"","ocean_menu_social_links_color":"","ocean_menu_social_hover_links_color":"","ocean_disable_title":"default","ocean_disable_heading":"default","ocean_post_title":"","ocean_post_subheading":"","ocean_post_title_style":"","ocean_post_title_background_color":"","ocean_post_title_background":0,"ocean_post_title_bg_image_position":"","ocean_post_title_bg_image_attachment":"","ocean_post_title_bg_image_repeat":"","ocean_post_title_bg_image_size":"","ocean_post_title_height":0,"ocean_post_title_bg_overlay":0.5,"ocean_post_title_bg_overlay_color":"","ocean_disable_breadcrumbs":"default","ocean_breadcrumbs_color":"","ocean_breadcrumbs_separator_color":"","ocean_breadcrumbs_links_color":"","ocean_breadcrumbs_links_hover_color":"","ocean_display_footer_widgets":"default","ocean_display_footer_bottom":"default","ocean_custom_footer_template":"0","ofc_meta_disable_footer_callout":"","ofc_meta_callout_button_url":"","ofc_meta_callout_button_txt":"","ofc_meta_callout_text":"","ofc_enable_fullscreen":"disable","ofc_fullscreen_speed":0,"ofc_fullscreen_nav":"enable","ofc_fullscreen_nav_pos":"right","ofc_fullscreen_nav_color":"","ofc_fullscreen_nav_tooltip_color":"","ofc_fullscreen_responsive":0,"osp_disable_panel":"default","osh_disable_topbar_sticky":"default","osh_disable_header_sticky":"default","osh_sticky_header_style":"default","osh_sticky_header_effect":"","osh_custom_sticky_logo":0,"osh_custom_retina_sticky_logo":0,"osh_custom_sticky_logo_height":0,"osh_background_color":"","osh_links_color":"","osh_links_hover_color":"","osh_links_active_color":"","osh_links_bg_color":"","osh_links_hover_bg_color":"","osh_links_active_bg_color":"","osh_menu_social_links_color":"","osh_menu_social_hover_links_color":"","footnotes":""},"class_list":["post-787","page","type-page","status-publish","hentry","entry"],"_links":{"self":[{"href":"https:\/\/seyssel74.com\/index.php\/wp-json\/wp\/v2\/pages\/787","targetHints":{"allow":["GET"]}}],"collection":[{"href":"https:\/\/seyssel74.com\/index.php\/wp-json\/wp\/v2\/pages"}],"about":[{"href":"https:\/\/seyssel74.com\/index.php\/wp-json\/wp\/v2\/types\/page"}],"author":[{"embeddable":true,"href":"https:\/\/seyssel74.com\/index.php\/wp-json\/wp\/v2\/users\/1"}],"replies":[{"embeddable":true,"href":"https:\/\/seyssel74.com\/index.php\/wp-json\/wp\/v2\/comments?post=787"}],"version-history":[{"count":122,"href":"https:\/\/seyssel74.com\/index.php\/wp-json\/wp\/v2\/pages\/787\/revisions"}],"predecessor-version":[{"id":24159,"href":"https:\/\/seyssel74.com\/index.php\/wp-json\/wp\/v2\/pages\/787\/revisions\/24159"}],"up":[{"embeddable":true,"href":"https:\/\/seyssel74.com\/index.php\/wp-json\/wp\/v2\/pages\/637"}],"wp:attachment":[{"href":"https:\/\/seyssel74.com\/index.php\/wp-json\/wp\/v2\/media?parent=787"}],"curies":[{"name":"wp","href":"https:\/\/api.w.org\/{rel}","templated":true}]}}