{"id":760,"date":"2020-11-21T23:43:55","date_gmt":"2020-11-21T22:43:55","guid":{"rendered":"http:\/\/seyssel74.com\/?page_id=760"},"modified":"2022-05-28T22:25:06","modified_gmt":"2022-05-28T20:25:06","slug":"scolarite","status":"publish","type":"page","link":"https:\/\/seyssel74.com\/index.php\/infos-pratiques\/scolarite\/","title":{"rendered":"Scolarit\u00e9"},"content":{"rendered":"\n<p class=\"has-small-font-size\"><a href=\"https:\/\/seyssel74.com\/\">\ud83c\udfe1<\/a> >\u00a0<a href=\"https:\/\/seyssel74.com\/index.php\/infos-pratiques\/\">Infos pratiques<\/a> > <a href=\"https:\/\/seyssel74.com\/index.php\/infos-pratiques\/scolarite\/\">Scolarit\u00e9<\/a><\/p>\n\n\n<figure class=\"wp-block-gallery columns-3 is-cropped\">\n<ul class=\"blocks-gallery-grid\">\n<li class=\"blocks-gallery-item\">\n<figure><a href=\"https:\/\/seyssel74.com\/index.php\/infos-pratiques\/scolarite\/creches\/\"><img loading=\"lazy\" decoding=\"async\" width=\"1280\" height=\"854\" class=\"wp-image-4511\" src=\"https:\/\/seyssel74.com\/wp-content\/uploads\/2021\/06\/creche-seyssel-mairie.jpg\" alt=\"cr\u00e8che seyssel mairie\" data-id=\"4511\" data-full-url=\"https:\/\/seyssel74.com\/wp-content\/uploads\/2021\/06\/creche-seyssel-mairie.jpg\" data-link=\"https:\/\/seyssel74.com\/creche-seyssel-mairie\/\" srcset=\"https:\/\/seyssel74.com\/wp-content\/uploads\/2021\/06\/creche-seyssel-mairie.jpg 1280w, https:\/\/seyssel74.com\/wp-content\/uploads\/2021\/06\/creche-seyssel-mairie-300x200.jpg 300w, https:\/\/seyssel74.com\/wp-content\/uploads\/2021\/06\/creche-seyssel-mairie-768x512.jpg 768w\" sizes=\"auto, (max-width: 1280px) 100vw, 1280px\" \/><\/a>\n<figcaption class=\"blocks-gallery-item__caption\"><a href=\"https:\/\/seyssel74.com\/index.php\/infos-pratiques\/scolarite-2\/creches\/\" data-type=\"page\" data-id=\"1024\">CR\u00c8CHES<\/a><\/figcaption>\n<\/figure>\n<\/li>\n<li class=\"blocks-gallery-item\">\n<figure><a href=\"https:\/\/seyssel74.com\/index.php\/infos-pratiques\/scolarite\/ecole-maternelle\/\"><img loading=\"lazy\" decoding=\"async\" width=\"1280\" height=\"853\" class=\"wp-image-4512\" src=\"https:\/\/seyssel74.com\/wp-content\/uploads\/2021\/06\/ecole-maternelle-seyssel-mairie.jpg\" alt=\"\u00e9cole maternelle seyssel mairie\" data-id=\"4512\" data-full-url=\"https:\/\/seyssel74.com\/wp-content\/uploads\/2021\/06\/ecole-maternelle-seyssel-mairie.jpg\" data-link=\"https:\/\/seyssel74.com\/ecole-maternelle-seyssel-mairie\/\" srcset=\"https:\/\/seyssel74.com\/wp-content\/uploads\/2021\/06\/ecole-maternelle-seyssel-mairie.jpg 1280w, https:\/\/seyssel74.com\/wp-content\/uploads\/2021\/06\/ecole-maternelle-seyssel-mairie-300x200.jpg 300w, https:\/\/seyssel74.com\/wp-content\/uploads\/2021\/06\/ecole-maternelle-seyssel-mairie-768x512.jpg 768w\" sizes=\"auto, (max-width: 1280px) 100vw, 1280px\" \/><\/a>\n<p>\u00a0<\/p>\n<figcaption class=\"blocks-gallery-item__caption\"><a href=\"https:\/\/seyssel74.com\/index.php\/infos-pratiques\/scolarite-2\/ecole-maternelle\/\" data-type=\"page\" data-id=\"1027\">\u00c9COLE MATERNELLE<\/a><\/figcaption>\n<\/figure>\n<\/li>\n<li class=\"blocks-gallery-item\">\n<figure><a href=\"https:\/\/seyssel74.com\/index.php\/infos-pratiques\/scolarite\/ecole-elementaire\/\"><img loading=\"lazy\" decoding=\"async\" width=\"1820\" height=\"1024\" class=\"wp-image-4513\" src=\"https:\/\/seyssel74.com\/wp-content\/uploads\/2021\/06\/ecole-primaire-mairie-seyssel-1820x1024.jpg\" alt=\"\u00e9cole primaire mairie seyssel\" data-id=\"4513\" data-full-url=\"https:\/\/seyssel74.com\/wp-content\/uploads\/2021\/06\/ecole-primaire-mairie-seyssel-scaled.jpg\" data-link=\"https:\/\/seyssel74.com\/ecole-primaire-mairie-seyssel\/\" srcset=\"https:\/\/seyssel74.com\/wp-content\/uploads\/2021\/06\/ecole-primaire-mairie-seyssel-1820x1024.jpg 1820w, https:\/\/seyssel74.com\/wp-content\/uploads\/2021\/06\/ecole-primaire-mairie-seyssel-300x169.jpg 300w, https:\/\/seyssel74.com\/wp-content\/uploads\/2021\/06\/ecole-primaire-mairie-seyssel-768x432.jpg 768w, https:\/\/seyssel74.com\/wp-content\/uploads\/2021\/06\/ecole-primaire-mairie-seyssel-1536x864.jpg 1536w, https:\/\/seyssel74.com\/wp-content\/uploads\/2021\/06\/ecole-primaire-mairie-seyssel-2048x1152.jpg 2048w\" sizes=\"auto, (max-width: 1820px) 100vw, 1820px\" \/><\/a>\n<p>\u00a0<\/p>\n<figcaption class=\"blocks-gallery-item__caption\"><a href=\"https:\/\/seyssel74.com\/index.php\/infos-pratiques\/scolarite-2\/ecole-elementaire\/\" data-type=\"page\" data-id=\"1030\">\u00c9COLE \u00c9L\u00c9MENTAIRE<\/a><\/figcaption>\n<\/figure>\n<\/li>\n<\/ul>\n<\/figure>\n<figure class=\"wp-block-gallery columns-3 is-cropped\">\n<ul class=\"blocks-gallery-grid\">\n<li class=\"blocks-gallery-item\">\n<figure><a href=\"https:\/\/seyssel74.com\/index.php\/infos-pratiques\/scolarite\/college\/\"><img loading=\"lazy\" decoding=\"async\" width=\"1200\" height=\"537\" class=\"wp-image-4510\" src=\"https:\/\/seyssel74.com\/wp-content\/uploads\/2021\/06\/college-seyssel-mairie.jpg\" alt=\"coll\u00e8ge seyssel mairie\" data-id=\"4510\" data-full-url=\"https:\/\/seyssel74.com\/wp-content\/uploads\/2021\/06\/college-seyssel-mairie.jpg\" data-link=\"https:\/\/seyssel74.com\/college-seyssel-mairie\/\" srcset=\"https:\/\/seyssel74.com\/wp-content\/uploads\/2021\/06\/college-seyssel-mairie.jpg 1200w, https:\/\/seyssel74.com\/wp-content\/uploads\/2021\/06\/college-seyssel-mairie-300x134.jpg 300w, https:\/\/seyssel74.com\/wp-content\/uploads\/2021\/06\/college-seyssel-mairie-768x344.jpg 768w\" sizes=\"auto, (max-width: 1200px) 100vw, 1200px\" \/><\/a>\n<p>\u00a0<\/p>\n<figcaption class=\"blocks-gallery-item__caption\"><a href=\"https:\/\/seyssel74.com\/index.php\/infos-pratiques\/scolarite\/college\/\" data-type=\"page\" data-id=\"1033\">COLL\u00c8GE<\/a><\/figcaption>\n<\/figure>\n<\/li>\n<li class=\"blocks-gallery-item\">\n<figure><a href=\"https:\/\/seyssel74.com\/index.php\/infos-pratiques\/scolarite\/ecole-privee-mfr\/\"><img loading=\"lazy\" decoding=\"async\" width=\"1909\" height=\"1024\" class=\"wp-image-4514\" src=\"https:\/\/seyssel74.com\/wp-content\/uploads\/2021\/06\/ecoles-privees-seyssel-et-MFR-mairie-1909x1024.jpg\" alt=\"\u00e9coles priv\u00e9es seyssel et MFR mairie\" data-id=\"4514\" data-full-url=\"https:\/\/seyssel74.com\/wp-content\/uploads\/2021\/06\/ecoles-privees-seyssel-et-MFR-mairie-scaled.jpg\" data-link=\"https:\/\/seyssel74.com\/ecoles-privees-seyssel-et-mfr-mairie\/\" srcset=\"https:\/\/seyssel74.com\/wp-content\/uploads\/2021\/06\/ecoles-privees-seyssel-et-MFR-mairie-1909x1024.jpg 1909w, https:\/\/seyssel74.com\/wp-content\/uploads\/2021\/06\/ecoles-privees-seyssel-et-MFR-mairie-300x161.jpg 300w, https:\/\/seyssel74.com\/wp-content\/uploads\/2021\/06\/ecoles-privees-seyssel-et-MFR-mairie-768x412.jpg 768w, https:\/\/seyssel74.com\/wp-content\/uploads\/2021\/06\/ecoles-privees-seyssel-et-MFR-mairie-1536x824.jpg 1536w, https:\/\/seyssel74.com\/wp-content\/uploads\/2021\/06\/ecoles-privees-seyssel-et-MFR-mairie-2048x1098.jpg 2048w\" sizes=\"auto, (max-width: 1909px) 100vw, 1909px\" \/><\/a>\n<p>\u00a0<\/p>\n<figcaption class=\"blocks-gallery-item__caption\"><a href=\"https:\/\/seyssel74.com\/index.php\/infos-pratiques\/scolarite\/ecole-privee-mfr\/\" data-type=\"page\" data-id=\"1966\">\u00c9COLE PRIV\u00c9E \/ MFR<\/a><\/figcaption>\n<\/figure>\n<\/li>\n<li class=\"blocks-gallery-item\">\n<figure><a href=\"https:\/\/seyssel74.com\/index.php\/infos-pratiques\/scolarite\/centre-de-loisirs\/\"><img loading=\"lazy\" decoding=\"async\" width=\"960\" height=\"720\" class=\"wp-image-4509\" src=\"https:\/\/seyssel74.com\/wp-content\/uploads\/2021\/06\/centres-de-loisirs-seyssel-mairie.jpg\" alt=\"centres de loisirs seyssel mairie\" data-id=\"4509\" data-full-url=\"https:\/\/seyssel74.com\/wp-content\/uploads\/2021\/06\/centres-de-loisirs-seyssel-mairie.jpg\" data-link=\"https:\/\/seyssel74.com\/centres-de-loisirs-seyssel-mairie\/\" srcset=\"https:\/\/seyssel74.com\/wp-content\/uploads\/2021\/06\/centres-de-loisirs-seyssel-mairie.jpg 960w, https:\/\/seyssel74.com\/wp-content\/uploads\/2021\/06\/centres-de-loisirs-seyssel-mairie-300x225.jpg 300w, https:\/\/seyssel74.com\/wp-content\/uploads\/2021\/06\/centres-de-loisirs-seyssel-mairie-768x576.jpg 768w\" sizes=\"auto, (max-width: 960px) 100vw, 960px\" \/><\/a>\n<p>\u00a0<\/p>\n<figcaption class=\"blocks-gallery-item__caption\"><a href=\"https:\/\/seyssel74.com\/index.php\/infos-pratiques\/scolarite\/centre-de-loisirs\/\" data-type=\"page\" data-id=\"1036\">CENTRES DE LOISIRS<\/a><\/figcaption>\n<\/figure>\n<\/li>\n<\/ul>\n<\/figure>\n<figure class=\"wp-block-gallery columns-3 is-cropped\">\n<ul class=\"blocks-gallery-grid\">\n<li class=\"blocks-gallery-item\">\n<figure><a href=\"https:\/\/seyssel74.com\/index.php\/infos-pratiques\/scolarite\/cantine\/\"><img loading=\"lazy\" decoding=\"async\" width=\"960\" height=\"853\" class=\"wp-image-4823\" src=\"https:\/\/seyssel74.com\/wp-content\/uploads\/2021\/06\/cantine-ecole-seyssel-mairie.jpg\" alt=\"cantine \u00e9cole seyssel mairie\" data-id=\"4823\" data-full-url=\"https:\/\/seyssel74.com\/wp-content\/uploads\/2021\/06\/cantine-ecole-seyssel-mairie.jpg\" data-link=\"https:\/\/seyssel74.com\/cantine-ecole-seyssel-mairie\/\" srcset=\"https:\/\/seyssel74.com\/wp-content\/uploads\/2021\/06\/cantine-ecole-seyssel-mairie.jpg 960w, https:\/\/seyssel74.com\/wp-content\/uploads\/2021\/06\/cantine-ecole-seyssel-mairie-300x267.jpg 300w, https:\/\/seyssel74.com\/wp-content\/uploads\/2021\/06\/cantine-ecole-seyssel-mairie-768x682.jpg 768w\" sizes=\"auto, (max-width: 960px) 100vw, 960px\" \/><\/a>\n<p>\u00a0<\/p>\n<figcaption class=\"blocks-gallery-item__caption\"><a href=\"https:\/\/seyssel74.com\/index.php\/infos-pratiques\/scolarite\/cantine-tap\/\" data-type=\"page\" data-id=\"967\">CANTINE<\/a><a href=\"https:\/\/seyssel74.com\/index.php\/infos-pratiques\/scolarite\/cantine-tap\/\">\/TAP<\/a><\/figcaption>\n<\/figure>\n<\/li>\n<li class=\"blocks-gallery-item\">\n<figure><a href=\"https:\/\/seyssel74.com\/index.php\/infos-pratiques\/scolarite\/transport-scolaire\/\"><img loading=\"lazy\" decoding=\"async\" width=\"1280\" height=\"853\" class=\"wp-image-4516\" src=\"https:\/\/seyssel74.com\/wp-content\/uploads\/2021\/06\/transport-seyssel-mairie.jpg\" alt=\"transport seyssel mairie\" data-id=\"4516\" data-full-url=\"https:\/\/seyssel74.com\/wp-content\/uploads\/2021\/06\/transport-seyssel-mairie.jpg\" data-link=\"https:\/\/seyssel74.com\/transport-seyssel-mairie\/\" srcset=\"https:\/\/seyssel74.com\/wp-content\/uploads\/2021\/06\/transport-seyssel-mairie.jpg 1280w, https:\/\/seyssel74.com\/wp-content\/uploads\/2021\/06\/transport-seyssel-mairie-300x200.jpg 300w, https:\/\/seyssel74.com\/wp-content\/uploads\/2021\/06\/transport-seyssel-mairie-768x512.jpg 768w\" sizes=\"auto, (max-width: 1280px) 100vw, 1280px\" \/><\/a>\n<p>\u00a0<\/p>\n<figcaption class=\"blocks-gallery-item__caption\"><a href=\"https:\/\/seyssel74.com\/index.php\/infos-pratiques\/scolarite\/transport-scolaire\/\" data-type=\"page\" data-id=\"1039\">TRANSPORT SCOLAIRE<\/a><\/figcaption>\n<\/figure>\n<\/li>\n<li class=\"blocks-gallery-item\">\n<figure><a href=\"https:\/\/seyssel74.com\/index.php\/infos-pratiques\/scolarite\/soutien-scolaire\/\"><img loading=\"lazy\" decoding=\"async\" width=\"1280\" height=\"842\" class=\"wp-image-4515\" src=\"https:\/\/seyssel74.com\/wp-content\/uploads\/2021\/06\/soutien-scolaire-seyssel-mairie.jpg\" alt=\"soutien scolaire seyssel mairie\" data-id=\"4515\" data-full-url=\"https:\/\/seyssel74.com\/wp-content\/uploads\/2021\/06\/soutien-scolaire-seyssel-mairie.jpg\" data-link=\"https:\/\/seyssel74.com\/soutien-scolaire-seyssel-mairie\/\" srcset=\"https:\/\/seyssel74.com\/wp-content\/uploads\/2021\/06\/soutien-scolaire-seyssel-mairie.jpg 1280w, https:\/\/seyssel74.com\/wp-content\/uploads\/2021\/06\/soutien-scolaire-seyssel-mairie-300x197.jpg 300w, https:\/\/seyssel74.com\/wp-content\/uploads\/2021\/06\/soutien-scolaire-seyssel-mairie-768x505.jpg 768w\" sizes=\"auto, (max-width: 1280px) 100vw, 1280px\" \/><\/a>\n<p>\u00a0<\/p>\n<figcaption class=\"blocks-gallery-item__caption\"><a href=\"https:\/\/seyssel74.com\/index.php\/infos-pratiques\/scolarite-2\/soutien-scolaire\/\" data-type=\"page\" data-id=\"1042\">SOUTIEN SCOLAIRE<\/a><\/figcaption>\n<\/figure>\n<\/li>\n<\/ul>\n<\/figure>\n\n\n<p><\/p>\n\n\n\n<p><\/p>\n","protected":false},"excerpt":{"rendered":"<p>\ud83c\udfe1 >\u00a0Infos pratiques > Scolarit\u00e9 CR\u00c8CHES \u00a0\u00c9COLE MATERNELLE \u00a0\u00c9COLE \u00c9L\u00c9MENTAIRE \u00a0COLL\u00c8GE \u00a0\u00c9COLE PRIV\u00c9E \/ MFR \u00a0CENTRES DE LOISIRS \u00a0CANTINE\/TAP \u00a0TRANSPORT SCOLAIRE \u00a0SOUTIEN SCOLAIRE<\/p>\n","protected":false},"author":1,"featured_media":0,"parent":634,"menu_order":2,"comment_status":"closed","ping_status":"closed","template":"","meta":{"ocean_post_layout":"","ocean_both_sidebars_style":"","ocean_both_sidebars_content_width":0,"ocean_both_sidebars_sidebars_width":0,"ocean_sidebar":"0","ocean_second_sidebar":"0","ocean_disable_margins":"enable","ocean_add_body_class":"","ocean_shortcode_before_top_bar":"","ocean_shortcode_after_top_bar":"","ocean_shortcode_before_header":"","ocean_shortcode_after_header":"","ocean_has_shortcode":"","ocean_shortcode_after_title":"","ocean_shortcode_before_footer_widgets":"","ocean_shortcode_after_footer_widgets":"","ocean_shortcode_before_footer_bottom":"","ocean_shortcode_after_footer_bottom":"","ocean_display_top_bar":"default","ocean_display_header":"default","ocean_header_style":"","ocean_center_header_left_menu":"0","ocean_custom_header_template":"0","ocean_custom_logo":0,"ocean_custom_retina_logo":0,"ocean_custom_logo_max_width":0,"ocean_custom_logo_tablet_max_width":0,"ocean_custom_logo_mobile_max_width":0,"ocean_custom_logo_max_height":0,"ocean_custom_logo_tablet_max_height":0,"ocean_custom_logo_mobile_max_height":0,"ocean_header_custom_menu":"0","ocean_menu_typo_font_family":"0","ocean_menu_typo_font_subset":"","ocean_menu_typo_font_size":0,"ocean_menu_typo_font_size_tablet":0,"ocean_menu_typo_font_size_mobile":0,"ocean_menu_typo_font_size_unit":"px","ocean_menu_typo_font_weight":"","ocean_menu_typo_font_weight_tablet":"","ocean_menu_typo_font_weight_mobile":"","ocean_menu_typo_transform":"","ocean_menu_typo_transform_tablet":"","ocean_menu_typo_transform_mobile":"","ocean_menu_typo_line_height":0,"ocean_menu_typo_line_height_tablet":0,"ocean_menu_typo_line_height_mobile":0,"ocean_menu_typo_line_height_unit":"","ocean_menu_typo_spacing":0,"ocean_menu_typo_spacing_tablet":0,"ocean_menu_typo_spacing_mobile":0,"ocean_menu_typo_spacing_unit":"","ocean_menu_link_color":"","ocean_menu_link_color_hover":"","ocean_menu_link_color_active":"","ocean_menu_link_background":"","ocean_menu_link_hover_background":"","ocean_menu_link_active_background":"","ocean_menu_social_links_bg":"","ocean_menu_social_hover_links_bg":"","ocean_menu_social_links_color":"","ocean_menu_social_hover_links_color":"","ocean_disable_title":"default","ocean_disable_heading":"default","ocean_post_title":"","ocean_post_subheading":"","ocean_post_title_style":"","ocean_post_title_background_color":"","ocean_post_title_background":0,"ocean_post_title_bg_image_position":"","ocean_post_title_bg_image_attachment":"","ocean_post_title_bg_image_repeat":"","ocean_post_title_bg_image_size":"","ocean_post_title_height":0,"ocean_post_title_bg_overlay":0.5,"ocean_post_title_bg_overlay_color":"","ocean_disable_breadcrumbs":"default","ocean_breadcrumbs_color":"","ocean_breadcrumbs_separator_color":"","ocean_breadcrumbs_links_color":"","ocean_breadcrumbs_links_hover_color":"","ocean_display_footer_widgets":"default","ocean_display_footer_bottom":"default","ocean_custom_footer_template":"0","ofc_meta_disable_footer_callout":"","ofc_meta_callout_button_url":"","ofc_meta_callout_button_txt":"","ofc_meta_callout_text":"","ofc_enable_fullscreen":"disable","ofc_fullscreen_speed":0,"ofc_fullscreen_nav":"enable","ofc_fullscreen_nav_pos":"right","ofc_fullscreen_nav_color":"","ofc_fullscreen_nav_tooltip_color":"","ofc_fullscreen_responsive":0,"osp_disable_panel":"default","osh_disable_topbar_sticky":"default","osh_disable_header_sticky":"default","osh_sticky_header_style":"default","osh_sticky_header_effect":"","osh_custom_sticky_logo":0,"osh_custom_retina_sticky_logo":0,"osh_custom_sticky_logo_height":0,"osh_background_color":"","osh_links_color":"","osh_links_hover_color":"","osh_links_active_color":"","osh_links_bg_color":"","osh_links_hover_bg_color":"","osh_links_active_bg_color":"","osh_menu_social_links_color":"","osh_menu_social_hover_links_color":"","footnotes":""},"class_list":["post-760","page","type-page","status-publish","hentry","entry"],"_links":{"self":[{"href":"https:\/\/seyssel74.com\/index.php\/wp-json\/wp\/v2\/pages\/760","targetHints":{"allow":["GET"]}}],"collection":[{"href":"https:\/\/seyssel74.com\/index.php\/wp-json\/wp\/v2\/pages"}],"about":[{"href":"https:\/\/seyssel74.com\/index.php\/wp-json\/wp\/v2\/types\/page"}],"author":[{"embeddable":true,"href":"https:\/\/seyssel74.com\/index.php\/wp-json\/wp\/v2\/users\/1"}],"replies":[{"embeddable":true,"href":"https:\/\/seyssel74.com\/index.php\/wp-json\/wp\/v2\/comments?post=760"}],"version-history":[{"count":24,"href":"https:\/\/seyssel74.com\/index.php\/wp-json\/wp\/v2\/pages\/760\/revisions"}],"predecessor-version":[{"id":8748,"href":"https:\/\/seyssel74.com\/index.php\/wp-json\/wp\/v2\/pages\/760\/revisions\/8748"}],"up":[{"embeddable":true,"href":"https:\/\/seyssel74.com\/index.php\/wp-json\/wp\/v2\/pages\/634"}],"wp:attachment":[{"href":"https:\/\/seyssel74.com\/index.php\/wp-json\/wp\/v2\/media?parent=760"}],"curies":[{"name":"wp","href":"https:\/\/api.w.org\/{rel}","templated":true}]}}