{"id":7314,"date":"2021-12-30T00:32:10","date_gmt":"2021-12-29T23:32:10","guid":{"rendered":"https:\/\/seyssel74.com\/?page_id=7314"},"modified":"2021-12-30T01:48:47","modified_gmt":"2021-12-30T00:48:47","slug":"mentions-legales","status":"publish","type":"page","link":"https:\/\/seyssel74.com\/index.php\/mentions-legales\/","title":{"rendered":"Mentions L\u00e9gales"},"content":{"rendered":"\n<p><strong>Copyright<\/strong><br>Toutes les pages de ce site web sont prot\u00e9g\u00e9es par le droit d\u2019auteur fran\u00e7ais et la l\u00e9gislation sur la protection des bases de donn\u00e9es. Aucune reproduction de ce document, m\u00eame partielle, autres que celles pr\u00e9vues \u00e0 l\u2019article L 122-5 du Code de la propri\u00e9t\u00e9 intellectuelle, ne peut \u00eatre faite sans l\u2019autorisation expresse de l\u2019\u00e9diteur.<\/p>\n\n\n\n<p><strong>Cr\u00e9dits<\/strong><br>Ce site a \u00e9t\u00e9 con\u00e7u et r\u00e9alis\u00e9 par KRE-ART.<br>Num\u00e9ro de SIRET : 887 839 009 00016<br>contact@kre-art.fr<br>kre-art.fr<\/p>\n\n\n\n<p>Ce site est d\u00e9di\u00e9 \u00e0 la Mairie de Seyssel Haute-Savoie (24 place de l&rsquo;Orme, 74910 Seyssel).<br>Num\u00e9ro de SIRET : 217 402 692 00016<br>04 50 59 27 67&nbsp;<br>Activit\u00e9 principale exerc\u00e9e : Collectivit\u00e9 territoriale<br>Direction de la publication : Florian Zuccalli, maire-adjoint d\u00e9l\u00e9gu\u00e9 \u00e0 la communication<br>Gestion des contenus : Commission communication, maire, adjoints, mairie de Seyssel, Kre-Art<\/p>\n\n\n\n<p>Toutes les informations consultables sur le site <a href=\"https:\/\/seyssel74.com\" data-type=\"URL\" data-id=\"https:\/\/seyssel74.com\">https:\/\/seyssel74.com<\/a>&nbsp;sont donn\u00e9es \u00e0 titre indicatif, et sont susceptibles de changer ou d\u2019\u00e9voluer sans pr\u00e9avis.<\/p>\n\n\n\n<p><strong>H\u00e9bergement<\/strong><br>OVHcloud<\/p>\n\n\n\n<p><strong>Liens hypertextes<\/strong><br>Les liens hypertextes \u00e9tablis en direction d&rsquo;autres sites \u00e0 partir de celui de la&nbsp;Mairie de Seyssel 74 ne sauraient, en aucun cas, engager la responsabilit\u00e9 de la Mairie de Seyssel 74.<br>Si toutefois vous voyez une information erron\u00e9e sur le site, n&rsquo;h\u00e9sitez pas \u00e0 contacter la mairie via le formulaire de <a href=\"https:\/\/seyssel74.com\/index.php\/contact-2\/\" data-type=\"page\" data-id=\"923\">contact<\/a>, afin d&rsquo;activer la v\u00e9rification et mise \u00e0 jour de cette donn\u00e9e.<\/p>\n\n\n\n<p><strong>Cr\u00e9dits d&rsquo;images<\/strong><br>Mairie de Seyssel, Kre-Art, Haut-Rh\u00f4ne Tourisme, Prolynx, Tyroliennes du Fier, ViaRh\u00f4na<\/p>\n\n\n\n<p><strong>Donn\u00e9es personnelles<\/strong><br>En France, les donn\u00e9es personnelles sont notamment prot\u00e9g\u00e9es par la loi n\u00b0&nbsp;78-87 du 6 janvier 1978, la loi n\u00b0&nbsp;2004-801 du 6 ao\u00fbt 2004, l\u2019article L. 226-13 du Code p\u00e9nal et la Directive Europ\u00e9enne du 24 octobre 1995.<\/p>\n\n\n\n<p>En tout \u00e9tat de cause la Mairie de Seyssel Haute-Savoie ne collecte des informations personnelles relatives \u00e0 l\u2019utilisateur (nom, adresse \u00e9lectronique, coordonn\u00e9es t\u00e9l\u00e9phoniques) que pour le besoin des services propos\u00e9s sur son site.<br>L\u2019utilisateur fournit ces informations en toute connaissance de cause, notamment lorsqu\u2019il proc\u00e8de par lui-m\u00eame \u00e0 leur saisie.<br>Il est alors pr\u00e9cis\u00e9 \u00e0 l\u2019utilisateur du site <a href=\"https:\/\/seyssel74.com\" data-type=\"URL\" data-id=\"https:\/\/seyssel74.com\">https:\/\/seyssel74.com<\/a>&nbsp;le caract\u00e8re obligatoire ou non des informations qu\u2019il serait amen\u00e9 \u00e0 fournir.<\/p>\n\n\n\n<p>Aucune information personnelle de l\u2019utilisateur&nbsp;n\u2019est&nbsp;:<\/p>\n\n\n\n<ul class=\"wp-block-list\"><li>collect\u00e9e \u00e0 l\u2019insu de l\u2019utilisateur<\/li><li>publi\u00e9e \u00e0 l\u2019insu de l\u2019utilisateur<\/li><li>\u00e9chang\u00e9e, transf\u00e9r\u00e9e, c\u00e9d\u00e9e ou vendue sur un support quelconque \u00e0 des tiers<\/li><\/ul>\n\n\n\n<p><strong>CNIL \/ RGPD<\/strong><br>Conform\u00e9ment \u00e0 la loi n\u00b0 78-17 du 6 janvier 1978 et au R\u00e8glement (UE) 2016\/679 du Parlement europ\u00e9en et du Conseil du 27 avril 2016 relatif \u00e0 la protection des personnes physiques \u00e0 l&rsquo;\u00e9gard du traitement des donn\u00e9es \u00e0 caract\u00e8re personnel et \u00e0 la libre circulation de ces donn\u00e9es (r\u00e8glement g\u00e9n\u00e9ral sur la protection des donn\u00e9es) les personnes disposent d\u2019un droit d\u2019acc\u00e8s, de rectification et d&rsquo;effacement des informations qui les concernent, d&rsquo;un droit d&rsquo;opposition le cas \u00e9ch\u00e9ant, d&rsquo;un droit \u00e0 la limitation du traitement et d&rsquo;un droit de r\u00e9clamation aupr\u00e8s de la CNIL. <br>Les informations personnelles que vous nous communiquez par l\u2019envoi d\u2019un courrier \u00e9lectronique, service en ligne, formulaire ou par tout autre moyen sont strictement confidentielles et destin\u00e9es au traitement de vos demandes par les services de la Mairie de Seyssel 74 responsable des traitements. <br>Elles ne sont transmises \u00e0 aucun tiers non autoris\u00e9s ni \u00e0 titre on\u00e9reux ni \u00e0 titre gratuit. <br>&nbsp;<\/p>\n\n\n\n<p><br><\/p>\n","protected":false},"excerpt":{"rendered":"<p>CopyrightToutes les pages de ce site web sont prot\u00e9g\u00e9es par le droit d\u2019auteur fran\u00e7ais et la l\u00e9gislation sur la protection des bases de donn\u00e9es. Aucune reproduction de ce document, m\u00eame partielle, autres que celles pr\u00e9vues \u00e0 l\u2019article L 122-5 du Code de la propri\u00e9t\u00e9 intellectuelle, ne peut \u00eatre faite sans l\u2019autorisation expresse de l\u2019\u00e9diteur. Cr\u00e9ditsCe [&hellip;]<\/p>\n","protected":false},"author":1,"featured_media":0,"parent":0,"menu_order":0,"comment_status":"closed","ping_status":"closed","template":"","meta":{"ocean_post_layout":"","ocean_both_sidebars_style":"","ocean_both_sidebars_content_width":0,"ocean_both_sidebars_sidebars_width":0,"ocean_sidebar":"0","ocean_second_sidebar":"0","ocean_disable_margins":"enable","ocean_add_body_class":"","ocean_shortcode_before_top_bar":"","ocean_shortcode_after_top_bar":"","ocean_shortcode_before_header":"","ocean_shortcode_after_header":"","ocean_has_shortcode":"","ocean_shortcode_after_title":"","ocean_shortcode_before_footer_widgets":"","ocean_shortcode_after_footer_widgets":"","ocean_shortcode_before_footer_bottom":"","ocean_shortcode_after_footer_bottom":"","ocean_display_top_bar":"default","ocean_display_header":"default","ocean_header_style":"","ocean_center_header_left_menu":"0","ocean_custom_header_template":"0","ocean_custom_logo":0,"ocean_custom_retina_logo":0,"ocean_custom_logo_max_width":0,"ocean_custom_logo_tablet_max_width":0,"ocean_custom_logo_mobile_max_width":0,"ocean_custom_logo_max_height":0,"ocean_custom_logo_tablet_max_height":0,"ocean_custom_logo_mobile_max_height":0,"ocean_header_custom_menu":"0","ocean_menu_typo_font_family":"0","ocean_menu_typo_font_subset":"","ocean_menu_typo_font_size":0,"ocean_menu_typo_font_size_tablet":0,"ocean_menu_typo_font_size_mobile":0,"ocean_menu_typo_font_size_unit":"px","ocean_menu_typo_font_weight":"","ocean_menu_typo_font_weight_tablet":"","ocean_menu_typo_font_weight_mobile":"","ocean_menu_typo_transform":"","ocean_menu_typo_transform_tablet":"","ocean_menu_typo_transform_mobile":"","ocean_menu_typo_line_height":0,"ocean_menu_typo_line_height_tablet":0,"ocean_menu_typo_line_height_mobile":0,"ocean_menu_typo_line_height_unit":"","ocean_menu_typo_spacing":0,"ocean_menu_typo_spacing_tablet":0,"ocean_menu_typo_spacing_mobile":0,"ocean_menu_typo_spacing_unit":"","ocean_menu_link_color":"","ocean_menu_link_color_hover":"","ocean_menu_link_color_active":"","ocean_menu_link_background":"","ocean_menu_link_hover_background":"","ocean_menu_link_active_background":"","ocean_menu_social_links_bg":"","ocean_menu_social_hover_links_bg":"","ocean_menu_social_links_color":"","ocean_menu_social_hover_links_color":"","ocean_disable_title":"default","ocean_disable_heading":"default","ocean_post_title":"","ocean_post_subheading":"","ocean_post_title_style":"","ocean_post_title_background_color":"","ocean_post_title_background":0,"ocean_post_title_bg_image_position":"","ocean_post_title_bg_image_attachment":"","ocean_post_title_bg_image_repeat":"","ocean_post_title_bg_image_size":"","ocean_post_title_height":0,"ocean_post_title_bg_overlay":0.5,"ocean_post_title_bg_overlay_color":"","ocean_disable_breadcrumbs":"default","ocean_breadcrumbs_color":"","ocean_breadcrumbs_separator_color":"","ocean_breadcrumbs_links_color":"","ocean_breadcrumbs_links_hover_color":"","ocean_display_footer_widgets":"default","ocean_display_footer_bottom":"default","ocean_custom_footer_template":"0","ofc_meta_disable_footer_callout":"","ofc_meta_callout_button_url":"","ofc_meta_callout_button_txt":"","ofc_meta_callout_text":"","ofc_enable_fullscreen":"disable","ofc_fullscreen_speed":0,"ofc_fullscreen_nav":"enable","ofc_fullscreen_nav_pos":"right","ofc_fullscreen_nav_color":"","ofc_fullscreen_nav_tooltip_color":"","ofc_fullscreen_responsive":0,"osp_disable_panel":"default","osh_disable_topbar_sticky":"default","osh_disable_header_sticky":"default","osh_sticky_header_style":"default","osh_sticky_header_effect":"","osh_custom_sticky_logo":0,"osh_custom_retina_sticky_logo":0,"osh_custom_sticky_logo_height":0,"osh_background_color":"","osh_links_color":"","osh_links_hover_color":"","osh_links_active_color":"","osh_links_bg_color":"","osh_links_hover_bg_color":"","osh_links_active_bg_color":"","osh_menu_social_links_color":"","osh_menu_social_hover_links_color":"","footnotes":""},"class_list":["post-7314","page","type-page","status-publish","hentry","entry"],"_links":{"self":[{"href":"https:\/\/seyssel74.com\/index.php\/wp-json\/wp\/v2\/pages\/7314","targetHints":{"allow":["GET"]}}],"collection":[{"href":"https:\/\/seyssel74.com\/index.php\/wp-json\/wp\/v2\/pages"}],"about":[{"href":"https:\/\/seyssel74.com\/index.php\/wp-json\/wp\/v2\/types\/page"}],"author":[{"embeddable":true,"href":"https:\/\/seyssel74.com\/index.php\/wp-json\/wp\/v2\/users\/1"}],"replies":[{"embeddable":true,"href":"https:\/\/seyssel74.com\/index.php\/wp-json\/wp\/v2\/comments?post=7314"}],"version-history":[{"count":3,"href":"https:\/\/seyssel74.com\/index.php\/wp-json\/wp\/v2\/pages\/7314\/revisions"}],"predecessor-version":[{"id":7339,"href":"https:\/\/seyssel74.com\/index.php\/wp-json\/wp\/v2\/pages\/7314\/revisions\/7339"}],"wp:attachment":[{"href":"https:\/\/seyssel74.com\/index.php\/wp-json\/wp\/v2\/media?parent=7314"}],"curies":[{"name":"wp","href":"https:\/\/api.w.org\/{rel}","templated":true}]}}