{"id":2,"date":"2020-01-07T11:40:18","date_gmt":"2020-01-07T10:40:18","guid":{"rendered":"http:\/\/seyssel74.com\/?page_id=2"},"modified":"2022-05-28T19:34:57","modified_gmt":"2022-05-28T17:34:57","slug":"presentation","status":"publish","type":"page","link":"https:\/\/seyssel74.com\/","title":{"rendered":"Bienvenue"},"content":{"rendered":"\n<p class=\"has-small-font-size\"><a href=\"https:\/\/seyssel74.com\/\">\ud83c\udfe1<\/a><\/p>\n\n\n\n<figure class=\"wp-block-gallery columns-2 is-cropped\"><ul class=\"blocks-gallery-grid\"><li class=\"blocks-gallery-item\"><figure><a href=\"https:\/\/seyssel74.com\/index.php\/municipalite\/actualites\/\"><img loading=\"lazy\" decoding=\"async\" width=\"1280\" height=\"825\" src=\"https:\/\/seyssel74.com\/wp-content\/uploads\/2021\/04\/actualites-seyssel-mairie.jpg\" alt=\"actualit\u00e9s seyssel mairie\" data-id=\"1464\" data-full-url=\"https:\/\/seyssel74.com\/wp-content\/uploads\/2021\/04\/actualites-seyssel-mairie.jpg\" data-link=\"https:\/\/seyssel74.com\/actualites-seyssel-mairie\/\" class=\"wp-image-1464\" srcset=\"https:\/\/seyssel74.com\/wp-content\/uploads\/2021\/04\/actualites-seyssel-mairie.jpg 1280w, https:\/\/seyssel74.com\/wp-content\/uploads\/2021\/04\/actualites-seyssel-mairie-300x193.jpg 300w, https:\/\/seyssel74.com\/wp-content\/uploads\/2021\/04\/actualites-seyssel-mairie-768x495.jpg 768w\" sizes=\"auto, (max-width: 1280px) 100vw, 1280px\" \/><\/a><figcaption class=\"blocks-gallery-item__caption\"><a href=\"https:\/\/seyssel74.com\/index.php\/municipalite\/actualites\/\" data-type=\"page\" data-id=\"724\">ACTUALIT\u00c9S<\/a><\/figcaption><\/figure><\/li><li class=\"blocks-gallery-item\"><figure><a href=\"https:\/\/seyssel74.com\/index.php\/tourisme-loisirs\/evenements\/\"><img loading=\"lazy\" decoding=\"async\" width=\"1365\" height=\"1024\" src=\"https:\/\/seyssel74.com\/wp-content\/uploads\/2021\/01\/evenements-mairie-seyssel-1365x1024.jpg\" alt=\"\" data-id=\"1254\" data-full-url=\"https:\/\/seyssel74.com\/wp-content\/uploads\/2021\/01\/evenements-mairie-seyssel.jpg\" data-link=\"https:\/\/seyssel74.com\/index.php\/presentation\/evenements-mairie-seyssel\/\" class=\"wp-image-1254\" srcset=\"https:\/\/seyssel74.com\/wp-content\/uploads\/2021\/01\/evenements-mairie-seyssel-1365x1024.jpg 1365w, https:\/\/seyssel74.com\/wp-content\/uploads\/2021\/01\/evenements-mairie-seyssel-300x225.jpg 300w, https:\/\/seyssel74.com\/wp-content\/uploads\/2021\/01\/evenements-mairie-seyssel-768x576.jpg 768w, https:\/\/seyssel74.com\/wp-content\/uploads\/2021\/01\/evenements-mairie-seyssel-1536x1152.jpg 1536w, https:\/\/seyssel74.com\/wp-content\/uploads\/2021\/01\/evenements-mairie-seyssel.jpg 1920w\" sizes=\"auto, (max-width: 1365px) 100vw, 1365px\" \/><\/a><figcaption class=\"blocks-gallery-item__caption\"><a href=\"https:\/\/seyssel74.com\/index.php\/tourisme-loisirs\/evenements\/\" data-type=\"page\" data-id=\"814\"><strong>\u00c9<\/strong>V\u00c8NEMENTS<\/a><\/figcaption><\/figure><\/li><\/ul><\/figure>\n\n\n\n<div class=\"wp-block-group\"><div class=\"wp-block-group__inner-container is-layout-flow wp-block-group-is-layout-flow\">\n<figure class=\"wp-block-gallery alignwide columns-4 is-cropped\">\n<ul class=\"blocks-gallery-grid\">\n<li class=\"blocks-gallery-item\">\n<figure><a href=\"https:\/\/seyssel74.com\/index.php\/municipalite\/\"><img loading=\"lazy\" decoding=\"async\" width=\"2560\" height=\"1920\" class=\"wp-image-1233\" src=\"https:\/\/seyssel74.com\/wp-content\/uploads\/2021\/01\/1-municipalite-scaled.jpg\" alt=\"\" data-id=\"1233\" srcset=\"https:\/\/seyssel74.com\/wp-content\/uploads\/2021\/01\/1-municipalite-scaled.jpg 2560w, https:\/\/seyssel74.com\/wp-content\/uploads\/2021\/01\/1-municipalite-300x225.jpg 300w, https:\/\/seyssel74.com\/wp-content\/uploads\/2021\/01\/1-municipalite-1365x1024.jpg 1365w, https:\/\/seyssel74.com\/wp-content\/uploads\/2021\/01\/1-municipalite-768x576.jpg 768w, https:\/\/seyssel74.com\/wp-content\/uploads\/2021\/01\/1-municipalite-1536x1152.jpg 1536w, https:\/\/seyssel74.com\/wp-content\/uploads\/2021\/01\/1-municipalite-2048x1536.jpg 2048w\" sizes=\"auto, (max-width: 2560px) 100vw, 2560px\" \/><\/a><figcaption class=\"blocks-gallery-item__caption\"><a href=\"https:\/\/seyssel74.com\/index.php\/municipalite\/\" data-type=\"page\" data-id=\"618\">MUNICIPALIT<strong>\u00c9<\/strong><\/a><\/figcaption><\/figure>\n<\/li>\n<li class=\"blocks-gallery-item\">\n<figure><a href=\"https:\/\/seyssel74.com\/index.php\/administration\/\"><img loading=\"lazy\" decoding=\"async\" width=\"1920\" height=\"1276\" class=\"wp-image-1234\" src=\"https:\/\/seyssel74.com\/wp-content\/uploads\/2021\/01\/2-administration.jpg\" alt=\"\" data-id=\"1234\" data-link=\"https:\/\/seyssel74.com\/index.php\/presentation\/2-administration\/\" srcset=\"https:\/\/seyssel74.com\/wp-content\/uploads\/2021\/01\/2-administration.jpg 1920w, https:\/\/seyssel74.com\/wp-content\/uploads\/2021\/01\/2-administration-300x199.jpg 300w, https:\/\/seyssel74.com\/wp-content\/uploads\/2021\/01\/2-administration-1541x1024.jpg 1541w, https:\/\/seyssel74.com\/wp-content\/uploads\/2021\/01\/2-administration-768x510.jpg 768w, https:\/\/seyssel74.com\/wp-content\/uploads\/2021\/01\/2-administration-1536x1021.jpg 1536w\" sizes=\"auto, (max-width: 1920px) 100vw, 1920px\" \/><\/a><p><\/p>\n<figcaption class=\"blocks-gallery-item__caption\"><a href=\"https:\/\/seyssel74.com\/index.php\/administration\/\" data-type=\"page\" data-id=\"621\">ADMINISTRATION<\/a><\/figcaption>\n<\/figure>\n<\/li>\n<li class=\"blocks-gallery-item\">\n<figure><a href=\"https:\/\/seyssel74.com\/index.php\/infos-pratiques\/\"><img loading=\"lazy\" decoding=\"async\" width=\"1280\" height=\"853\" class=\"wp-image-1235\" src=\"https:\/\/seyssel74.com\/wp-content\/uploads\/2021\/01\/3-vie-pratique.jpg\" alt=\"\" data-id=\"1235\" data-link=\"https:\/\/seyssel74.com\/index.php\/presentation\/3-vie-pratique\/\" srcset=\"https:\/\/seyssel74.com\/wp-content\/uploads\/2021\/01\/3-vie-pratique.jpg 1280w, https:\/\/seyssel74.com\/wp-content\/uploads\/2021\/01\/3-vie-pratique-300x200.jpg 300w, https:\/\/seyssel74.com\/wp-content\/uploads\/2021\/01\/3-vie-pratique-768x512.jpg 768w\" sizes=\"auto, (max-width: 1280px) 100vw, 1280px\" \/><\/a><p><\/p>\n<figcaption class=\"blocks-gallery-item__caption\"><a href=\"https:\/\/seyssel74.com\/index.php\/infos-pratiques\/\" data-type=\"page\" data-id=\"634\">INFOS PRATIQUES<\/a><\/figcaption>\n<\/figure>\n<\/li>\n<li class=\"blocks-gallery-item\">\n<figure><a href=\"https:\/\/seyssel74.com\/index.php\/associations\/\"><img loading=\"lazy\" decoding=\"async\" width=\"626\" height=\"352\" class=\"wp-image-1535\" src=\"https:\/\/seyssel74.com\/wp-content\/uploads\/2021\/04\/4-associations.jpg\" alt=\"associations Seyssel mairie\" data-id=\"1535\" data-full-url=\"https:\/\/seyssel74.com\/wp-content\/uploads\/2021\/04\/4-associations.jpg\" data-link=\"https:\/\/seyssel74.com\/4-associations\/\" srcset=\"https:\/\/seyssel74.com\/wp-content\/uploads\/2021\/04\/4-associations.jpg 626w, https:\/\/seyssel74.com\/wp-content\/uploads\/2021\/04\/4-associations-300x169.jpg 300w\" sizes=\"auto, (max-width: 626px) 100vw, 626px\" \/><\/a><p><\/p>\n<figcaption class=\"blocks-gallery-item__caption\"><a href=\"https:\/\/seyssel74.com\/index.php\/associations\/\" data-type=\"page\" data-id=\"637\">ASSOCIATIONS<\/a><\/figcaption>\n<\/figure>\n<\/li>\n<li class=\"blocks-gallery-item\">\n<figure><a href=\"https:\/\/seyssel74.com\/index.php\/tourisme-loisir\/\"><img loading=\"lazy\" decoding=\"async\" width=\"2560\" height=\"1440\" class=\"wp-image-1531\" src=\"https:\/\/seyssel74.com\/wp-content\/uploads\/2021\/04\/5-tourisme-scaled.jpg\" alt=\"tourisme Seyssel mairie\" data-id=\"1531\" data-full-url=\"https:\/\/seyssel74.com\/wp-content\/uploads\/2021\/04\/5-tourisme-scaled.jpg\" data-link=\"https:\/\/seyssel74.com\/5-tourisme\/\" srcset=\"https:\/\/seyssel74.com\/wp-content\/uploads\/2021\/04\/5-tourisme-scaled.jpg 2560w, https:\/\/seyssel74.com\/wp-content\/uploads\/2021\/04\/5-tourisme-300x169.jpg 300w, https:\/\/seyssel74.com\/wp-content\/uploads\/2021\/04\/5-tourisme-1820x1024.jpg 1820w, https:\/\/seyssel74.com\/wp-content\/uploads\/2021\/04\/5-tourisme-768x432.jpg 768w, https:\/\/seyssel74.com\/wp-content\/uploads\/2021\/04\/5-tourisme-1536x864.jpg 1536w, https:\/\/seyssel74.com\/wp-content\/uploads\/2021\/04\/5-tourisme-2048x1152.jpg 2048w\" sizes=\"auto, (max-width: 2560px) 100vw, 2560px\" \/><\/a><p><\/p>\n<figcaption class=\"blocks-gallery-item__caption\"><a href=\"https:\/\/seyssel74.com\/index.php\/tourisme-loisir\/\" data-type=\"page\" data-id=\"640\">TOURISME\/LOISIRS<\/a><\/figcaption>\n<\/figure>\n<\/li>\n<li class=\"blocks-gallery-item\">\n<figure><a href=\"https:\/\/seyssel74.com\/index.php\/annonces\/\"><img loading=\"lazy\" decoding=\"async\" width=\"1589\" height=\"1196\" class=\"wp-image-1240\" src=\"https:\/\/seyssel74.com\/wp-content\/uploads\/2021\/01\/6-annonce_3-1.jpg\" alt=\"\" data-id=\"1240\" data-link=\"https:\/\/seyssel74.com\/index.php\/presentation\/6-annonce_3-1\/\" srcset=\"https:\/\/seyssel74.com\/wp-content\/uploads\/2021\/01\/6-annonce_3-1.jpg 1589w, https:\/\/seyssel74.com\/wp-content\/uploads\/2021\/01\/6-annonce_3-1-300x226.jpg 300w, https:\/\/seyssel74.com\/wp-content\/uploads\/2021\/01\/6-annonce_3-1-1360x1024.jpg 1360w, https:\/\/seyssel74.com\/wp-content\/uploads\/2021\/01\/6-annonce_3-1-768x578.jpg 768w, https:\/\/seyssel74.com\/wp-content\/uploads\/2021\/01\/6-annonce_3-1-1536x1156.jpg 1536w\" sizes=\"auto, (max-width: 1589px) 100vw, 1589px\" \/><\/a><p><\/p>\n<figcaption class=\"blocks-gallery-item__caption\"><a href=\"https:\/\/seyssel74.com\/index.php\/annonces\/\" data-type=\"page\" data-id=\"643\">ANNONCES<\/a><\/figcaption>\n<\/figure>\n<\/li>\n<li class=\"blocks-gallery-item\">\n<figure><a href=\"https:\/\/seyssel74.com\/index.php\/demarches-participatives\/\"><img loading=\"lazy\" decoding=\"async\" width=\"1280\" height=\"972\" class=\"wp-image-1533\" src=\"https:\/\/seyssel74.com\/wp-content\/uploads\/2021\/04\/7-demarches-participatives.jpg\" alt=\"demarches participatives Seyssel mairie\" data-id=\"1533\" data-full-url=\"https:\/\/seyssel74.com\/wp-content\/uploads\/2021\/04\/7-demarches-participatives.jpg\" data-link=\"https:\/\/seyssel74.com\/7-demarches-participatives\/\" srcset=\"https:\/\/seyssel74.com\/wp-content\/uploads\/2021\/04\/7-demarches-participatives.jpg 1280w, https:\/\/seyssel74.com\/wp-content\/uploads\/2021\/04\/7-demarches-participatives-300x228.jpg 300w, https:\/\/seyssel74.com\/wp-content\/uploads\/2021\/04\/7-demarches-participatives-768x583.jpg 768w\" sizes=\"auto, (max-width: 1280px) 100vw, 1280px\" \/><\/a><p><\/p>\n<figcaption class=\"blocks-gallery-item__caption\"><a href=\"https:\/\/seyssel74.com\/index.php\/demarches-participatives\/\" data-type=\"page\" data-id=\"646\" data-wplink-edit=\"true\">D<strong>\u00c9<\/strong>MARCHES PARTICIPATIVES<\/a><\/figcaption>\n<\/figure>\n<\/li>\n<li class=\"blocks-gallery-item\">\n<figure><a href=\"https:\/\/seyssel74.com\/index.php\/cc-usses-et-rhone\/\"><img loading=\"lazy\" decoding=\"async\" width=\"280\" height=\"190\" class=\"wp-image-1242\" src=\"https:\/\/seyssel74.com\/wp-content\/uploads\/2021\/01\/8-280px-Logo_CC_Usses_Rhone.svg.png\" alt=\"\" data-id=\"1242\" data-full-url=\"https:\/\/seyssel74.com\/wp-content\/uploads\/2021\/01\/8-280px-Logo_CC_Usses_Rhone.svg.png\" data-link=\"https:\/\/seyssel74.com\/index.php\/presentation\/8-280px-logo_cc_usses_rhone-svg\/\"><\/a><p><\/p>\n<figcaption class=\"blocks-gallery-item__caption\"><a href=\"https:\/\/seyssel74.com\/index.php\/cc-usses-et-rhone\/\" data-type=\"page\" data-id=\"649\" data-wplink-edit=\"true\">CC USSES ET RH\u00d4NE<\/a><\/figcaption>\n<\/figure>\n<\/li>\n<\/ul>\n<\/figure>\n<\/div><\/div>\n\n\n\n<p><\/p>\n","protected":false},"excerpt":{"rendered":"<p>\ud83c\udfe1 ACTUALIT\u00c9S \u00c9V\u00c8NEMENTS MUNICIPALIT\u00c9 ADMINISTRATION INFOS PRATIQUES ASSOCIATIONS TOURISME\/LOISIRS ANNONCES D\u00c9MARCHES PARTICIPATIVES CC USSES ET RH\u00d4NE<\/p>\n","protected":false},"author":1,"featured_media":0,"parent":0,"menu_order":0,"comment_status":"closed","ping_status":"open","template":"","meta":{"ocean_post_layout":"","ocean_both_sidebars_style":"","ocean_both_sidebars_content_width":0,"ocean_both_sidebars_sidebars_width":0,"ocean_sidebar":"0","ocean_second_sidebar":"0","ocean_disable_margins":"enable","ocean_add_body_class":"","ocean_shortcode_before_top_bar":"","ocean_shortcode_after_top_bar":"","ocean_shortcode_before_header":"","ocean_shortcode_after_header":"","ocean_has_shortcode":"","ocean_shortcode_after_title":"","ocean_shortcode_before_footer_widgets":"","ocean_shortcode_after_footer_widgets":"","ocean_shortcode_before_footer_bottom":"","ocean_shortcode_after_footer_bottom":"","ocean_display_top_bar":"default","ocean_display_header":"default","ocean_header_style":"","ocean_center_header_left_menu":"0","ocean_custom_header_template":"0","ocean_custom_logo":0,"ocean_custom_retina_logo":0,"ocean_custom_logo_max_width":0,"ocean_custom_logo_tablet_max_width":0,"ocean_custom_logo_mobile_max_width":0,"ocean_custom_logo_max_height":0,"ocean_custom_logo_tablet_max_height":0,"ocean_custom_logo_mobile_max_height":0,"ocean_header_custom_menu":"0","ocean_menu_typo_font_family":"0","ocean_menu_typo_font_subset":"","ocean_menu_typo_font_size":0,"ocean_menu_typo_font_size_tablet":0,"ocean_menu_typo_font_size_mobile":0,"ocean_menu_typo_font_size_unit":"px","ocean_menu_typo_font_weight":"","ocean_menu_typo_font_weight_tablet":"","ocean_menu_typo_font_weight_mobile":"","ocean_menu_typo_transform":"","ocean_menu_typo_transform_tablet":"","ocean_menu_typo_transform_mobile":"","ocean_menu_typo_line_height":0,"ocean_menu_typo_line_height_tablet":0,"ocean_menu_typo_line_height_mobile":0,"ocean_menu_typo_line_height_unit":"","ocean_menu_typo_spacing":0,"ocean_menu_typo_spacing_tablet":0,"ocean_menu_typo_spacing_mobile":0,"ocean_menu_typo_spacing_unit":"","ocean_menu_link_color":"","ocean_menu_link_color_hover":"","ocean_menu_link_color_active":"","ocean_menu_link_background":"","ocean_menu_link_hover_background":"","ocean_menu_link_active_background":"","ocean_menu_social_links_bg":"","ocean_menu_social_hover_links_bg":"","ocean_menu_social_links_color":"","ocean_menu_social_hover_links_color":"","ocean_disable_title":"default","ocean_disable_heading":"default","ocean_post_title":"","ocean_post_subheading":"","ocean_post_title_style":"","ocean_post_title_background_color":"","ocean_post_title_background":0,"ocean_post_title_bg_image_position":"","ocean_post_title_bg_image_attachment":"","ocean_post_title_bg_image_repeat":"","ocean_post_title_bg_image_size":"","ocean_post_title_height":0,"ocean_post_title_bg_overlay":0.5,"ocean_post_title_bg_overlay_color":"","ocean_disable_breadcrumbs":"default","ocean_breadcrumbs_color":"","ocean_breadcrumbs_separator_color":"","ocean_breadcrumbs_links_color":"","ocean_breadcrumbs_links_hover_color":"","ocean_display_footer_widgets":"default","ocean_display_footer_bottom":"default","ocean_custom_footer_template":"0","ofc_meta_disable_footer_callout":"","ofc_meta_callout_button_url":"","ofc_meta_callout_button_txt":"","ofc_meta_callout_text":"","ofc_enable_fullscreen":"disable","ofc_fullscreen_speed":0,"ofc_fullscreen_nav":"enable","ofc_fullscreen_nav_pos":"right","ofc_fullscreen_nav_color":"","ofc_fullscreen_nav_tooltip_color":"","ofc_fullscreen_responsive":0,"osp_disable_panel":"default","osh_disable_topbar_sticky":"default","osh_disable_header_sticky":"default","osh_sticky_header_style":"default","osh_sticky_header_effect":"","osh_custom_sticky_logo":0,"osh_custom_retina_sticky_logo":0,"osh_custom_sticky_logo_height":0,"osh_background_color":"","osh_links_color":"","osh_links_hover_color":"","osh_links_active_color":"","osh_links_bg_color":"","osh_links_hover_bg_color":"","osh_links_active_bg_color":"","osh_menu_social_links_color":"","osh_menu_social_hover_links_color":"","footnotes":""},"class_list":["post-2","page","type-page","status-publish","hentry","entry"],"_links":{"self":[{"href":"https:\/\/seyssel74.com\/index.php\/wp-json\/wp\/v2\/pages\/2","targetHints":{"allow":["GET"]}}],"collection":[{"href":"https:\/\/seyssel74.com\/index.php\/wp-json\/wp\/v2\/pages"}],"about":[{"href":"https:\/\/seyssel74.com\/index.php\/wp-json\/wp\/v2\/types\/page"}],"author":[{"embeddable":true,"href":"https:\/\/seyssel74.com\/index.php\/wp-json\/wp\/v2\/users\/1"}],"replies":[{"embeddable":true,"href":"https:\/\/seyssel74.com\/index.php\/wp-json\/wp\/v2\/comments?post=2"}],"version-history":[{"count":56,"href":"https:\/\/seyssel74.com\/index.php\/wp-json\/wp\/v2\/pages\/2\/revisions"}],"predecessor-version":[{"id":8677,"href":"https:\/\/seyssel74.com\/index.php\/wp-json\/wp\/v2\/pages\/2\/revisions\/8677"}],"wp:attachment":[{"href":"https:\/\/seyssel74.com\/index.php\/wp-json\/wp\/v2\/media?parent=2"}],"curies":[{"name":"wp","href":"https:\/\/api.w.org\/{rel}","templated":true}]}}