{"id":1168,"date":"2020-11-22T23:36:58","date_gmt":"2020-11-22T22:36:58","guid":{"rendered":"http:\/\/seyssel74.com\/?page_id=1168"},"modified":"2024-10-04T02:10:44","modified_gmt":"2024-10-04T00:10:44","slug":"cyclisme-et-vtt","status":"publish","type":"page","link":"https:\/\/seyssel74.com\/index.php\/tourisme-loisirs\/quoi-faire\/cyclisme-et-vtt\/","title":{"rendered":"Cyclisme \/ VTT"},"content":{"rendered":"\n<p class=\"has-small-font-size\"><a href=\"https:\/\/seyssel74.com\/\">\ud83c\udfe1<\/a> &gt;&nbsp;<a href=\"https:\/\/seyssel74.com\/index.php\/tourisme-loisirs\/\">Tourisme \/ Loisirs<\/a> &gt;&nbsp;<a href=\"https:\/\/seyssel74.com\/index.php\/tourisme-loisirs\/quoi-faire\/\">Quoi faire<\/a> &gt; <a href=\"https:\/\/seyssel74.com\/index.php\/tourisme-loisirs\/quoi-faire\/cyclisme-et-vtt\/\">Cyclisme \/ VTT<\/a><\/p>\n\n\n\n<p class=\"has-text-align-center\"><strong>Ballades en V\u00e9lo \u00e0 Assistance Electrique <\/strong><\/p>\n\n\n\n<p>Haut-Rh\u00f4ne Tourisme vous propose la location de V\u00e9lo \u00e0 Assistance Electrique dans son bureau de Frangy (35, place de l\u2019\u00c9glise). Vous pouvez \u00e9galement en louer aupr\u00e8s de Prolynx Sport \u00e0 la Base nautique Aqualoisirs de Seyssel Ain mais aussi \u00e0 la piscine de la Semine. Dans ces diff\u00e9rents lieux, des bornes vous permettront de recharger les batteries.<br>T\u00e9l\u00e9chargez l\u2019application Mhikes pour d\u00e9couvrir notre territoire depuis la ViaRh\u00f4na gr\u00e2ce aux boucles g\u00e9oguid\u00e9es que Haut-Rh\u00f4ne Tourisme a cr\u00e9\u00e9.<\/p>\n\n\n\n<p class=\"has-text-align-center\"><strong>Randonn\u00e9e VAE \u00ab\u00a0La boucle des barrages\u00a0\u00bb<\/strong><\/p>\n\n\n\n<div class=\"wp-block-columns is-layout-flex wp-container-core-columns-is-layout-9d6595d7 wp-block-columns-is-layout-flex\">\n<div class=\"wp-block-column is-layout-flow wp-block-column-is-layout-flow\" style=\"flex-basis:33.33%\">\n<p><br><\/p>\n\n\n\n<figure class=\"wp-block-image size-large is-style-default\"><img loading=\"lazy\" decoding=\"async\" width=\"1300\" height=\"960\" src=\"https:\/\/seyssel74.com\/wp-content\/uploads\/2021\/05\/Randonnee-VAE-la-boucle-des-barrages.jpg\" alt=\"Randonn\u00e9e VAE la boucle des barrages\" class=\"wp-image-2810\" srcset=\"https:\/\/seyssel74.com\/wp-content\/uploads\/2021\/05\/Randonnee-VAE-la-boucle-des-barrages.jpg 1300w, https:\/\/seyssel74.com\/wp-content\/uploads\/2021\/05\/Randonnee-VAE-la-boucle-des-barrages-300x222.jpg 300w, https:\/\/seyssel74.com\/wp-content\/uploads\/2021\/05\/Randonnee-VAE-la-boucle-des-barrages-768x567.jpg 768w\" sizes=\"auto, (max-width: 1300px) 100vw, 1300px\" \/><\/figure>\n<\/div>\n\n\n\n<div class=\"wp-block-column is-layout-flow wp-block-column-is-layout-flow\" style=\"flex-basis:66.66%\">\n<p class=\"has-normal-font-size\">Depuis la base nautique Aqualoisirs de Seyssel, remontez le Rh\u00f4ne jusqu&rsquo;au barrage de G\u00e9nissiat (l\u2019un des plus anciens et des plus majestueux barrage du Rh\u00f4ne). Pour le rejoindre, vous passerez par les caves d\u2019affinage du Comt\u00e9 de Pyrimont.<br>En redescendant rive droite du fleuve, apr\u00e8s un petit arr\u00eat \u00e0 la cascade du Pain de Sucre (Surjoux), vous d\u00e9couvrirez le hameau de la Dorche et ses moulins, Eilloux et ses vignes, et enfin de nouveau Seyssel, son barrage et ses quais.<\/p>\n\n\n\n<p class=\"has-normal-font-size\">D\u00e9nivellation positive : 400m<br>D\u00e9nivellation n\u00e9gative : 400m<br>Distance : 46.9km<br>Dur\u00e9e journali\u00e8re : 04h00<br>La <a href=\"https:\/\/www.hautrhone-tourisme.fr\/equipement\/randonnee-vae-la-boucle-des-barrages-seyssel\/\">carte<\/a><\/p>\n<\/div>\n<\/div>\n\n\n\n<p><\/p>\n\n\n\n<p class=\"has-text-align-center\"><strong>Randonn\u00e9e VAE \u00ab\u00a0Panorama entre Gros Foug et Colombier\u00a0\u00bb<\/strong><\/p>\n\n\n\n<div class=\"wp-block-columns is-layout-flex wp-container-core-columns-is-layout-9d6595d7 wp-block-columns-is-layout-flex\">\n<div class=\"wp-block-column is-layout-flow wp-block-column-is-layout-flow\" style=\"flex-basis:33.33%\">\n<figure class=\"wp-block-image size-large is-style-default\"><img loading=\"lazy\" decoding=\"async\" width=\"1300\" height=\"960\" src=\"https:\/\/seyssel74.com\/wp-content\/uploads\/2021\/05\/Randonnee-VAE-Panorama-entre-Gros-Foug-et-Colombier.jpg\" alt=\"Randonn\u00e9e VAE Panorama entre Gros Foug et Colombier\" class=\"wp-image-2817\" srcset=\"https:\/\/seyssel74.com\/wp-content\/uploads\/2021\/05\/Randonnee-VAE-Panorama-entre-Gros-Foug-et-Colombier.jpg 1300w, https:\/\/seyssel74.com\/wp-content\/uploads\/2021\/05\/Randonnee-VAE-Panorama-entre-Gros-Foug-et-Colombier-300x222.jpg 300w, https:\/\/seyssel74.com\/wp-content\/uploads\/2021\/05\/Randonnee-VAE-Panorama-entre-Gros-Foug-et-Colombier-768x567.jpg 768w\" sizes=\"auto, (max-width: 1300px) 100vw, 1300px\" \/><\/figure>\n<\/div>\n\n\n\n<div class=\"wp-block-column is-layout-flow wp-block-column-is-layout-flow\" style=\"flex-basis:66.66%\">\n<p>Depuis l\u2019Espace Sport et Nature du Fier, prenez de la hauteur, surplombez le Rh\u00f4ne et ses am\u00e9nagements tout en d\u00e9couvrant les coteaux viticoles de Motz et de Serri\u00e8res-en-Chautagne, sans oublier le patrimoine b\u00e2ti.<\/p>\n\n\n\n<p>D\u00e9nivellation positive : 569m<br>D\u00e9nivellation n\u00e9gative : 426m<br>Distance : 19.1km<br>Dur\u00e9e journali\u00e8re : 01h30<br>La <a href=\"https:\/\/www.hautrhone-tourisme.fr\/randonnee\/randonnee-vae-panorama-entre-gros-foug-et-colombier-seyssel\/\">carte<\/a><\/p>\n<\/div>\n<\/div>\n\n\n\n<p class=\"has-text-align-center\"><strong>Randonn\u00e9e VAE \u00ab\u00a0Terroir et vignobles de Seyssel\u00a0\u00bb<\/strong><\/p>\n\n\n\n<div class=\"wp-block-columns is-layout-flex wp-container-core-columns-is-layout-9d6595d7 wp-block-columns-is-layout-flex\">\n<div class=\"wp-block-column is-layout-flow wp-block-column-is-layout-flow\" style=\"flex-basis:33.33%\">\n<p><br><\/p>\n\n\n\n<figure class=\"wp-block-image size-large is-style-default\"><img loading=\"lazy\" decoding=\"async\" width=\"780\" height=\"500\" src=\"https:\/\/seyssel74.com\/wp-content\/uploads\/2021\/05\/Randonnee-VAE-Terroir-et-vignobles-de-Seyssel.jpg\" alt=\"Randonn\u00e9e VAE Terroir et vignobles de Seyssel\" class=\"wp-image-2823\" srcset=\"https:\/\/seyssel74.com\/wp-content\/uploads\/2021\/05\/Randonnee-VAE-Terroir-et-vignobles-de-Seyssel.jpg 780w, https:\/\/seyssel74.com\/wp-content\/uploads\/2021\/05\/Randonnee-VAE-Terroir-et-vignobles-de-Seyssel-300x192.jpg 300w, https:\/\/seyssel74.com\/wp-content\/uploads\/2021\/05\/Randonnee-VAE-Terroir-et-vignobles-de-Seyssel-768x492.jpg 768w\" sizes=\"auto, (max-width: 780px) 100vw, 780px\" \/><\/figure>\n<\/div>\n\n\n\n<div class=\"wp-block-column is-layout-flow wp-block-column-is-layout-flow\" style=\"flex-basis:66.66%\">\n<p>Haut-Rh\u00f4ne Tourisme vous propose de d\u00e9couvrir une balade \u00e0 v\u00e9lo qui vous emm\u00e8ne aux alentours de Seyssel et vous permet de visiter son patrimoine.<br>Ce tour \u00e0 v\u00e9lo ne pr\u00e9sente aucune difficult\u00e9 et conviendra aux enfants.<br>Sur votre route, vous rencontrerez un apiculteur, une chocolaterie ainsi que diff\u00e9rents vignobles. Vous pourrez \u00e9galement profiter d&rsquo;une pause pique-nique ou go\u00fbter le long des berges.<\/p>\n\n\n\n<p>D\u00e9nivellation positive : 350m<br>D\u00e9nivellation n\u00e9gative : 365m<br>Distance : 19.1km<br>Dur\u00e9e journali\u00e8re : 02h40<br>La <a href=\"https:\/\/www.hautrhone-tourisme.fr\/equipement\/randonnee-vae-terroir-et-vignobles-de-seyssel-seyssel\/\">carte<\/a><\/p>\n<\/div>\n<\/div>\n\n\n\n<p class=\"has-text-align-center\"><strong>Randonn\u00e9e VAE \u00ab\u00a0Les berges du Rh\u00f4ne\u00a0\u00bb<\/strong><\/p>\n\n\n\n<div class=\"wp-block-columns is-layout-flex wp-container-core-columns-is-layout-9d6595d7 wp-block-columns-is-layout-flex\">\n<div class=\"wp-block-column is-layout-flow wp-block-column-is-layout-flow\" style=\"flex-basis:33.33%\">\n<p><br><\/p>\n\n\n\n<figure class=\"wp-block-image size-large is-style-default\"><img loading=\"lazy\" decoding=\"async\" width=\"1300\" height=\"960\" src=\"https:\/\/seyssel74.com\/wp-content\/uploads\/2021\/05\/Randonnee-VAE-Les-berges-du-Rhone.jpg\" alt=\"Randonn\u00e9e VAE Les berges du Rh\u00f4ne\" class=\"wp-image-2850\" srcset=\"https:\/\/seyssel74.com\/wp-content\/uploads\/2021\/05\/Randonnee-VAE-Les-berges-du-Rhone.jpg 1300w, https:\/\/seyssel74.com\/wp-content\/uploads\/2021\/05\/Randonnee-VAE-Les-berges-du-Rhone-300x222.jpg 300w, https:\/\/seyssel74.com\/wp-content\/uploads\/2021\/05\/Randonnee-VAE-Les-berges-du-Rhone-768x567.jpg 768w\" sizes=\"auto, (max-width: 1300px) 100vw, 1300px\" \/><\/figure>\n<\/div>\n\n\n\n<div class=\"wp-block-column is-layout-flow wp-block-column-is-layout-flow\" style=\"flex-basis:66.66%\">\n<p>Profitez de cette balade pour d\u00e9couvrir l&rsquo;histoire du Rh\u00f4ne et ses environs. Sur votre parcours, vous pourrez apercevoir les diff\u00e9rentes \u00e9cluses pr\u00e9sentes sur le Rh\u00f4ne. Vous pourrez aussi admirer la diversit\u00e9 de faune et de flore pr\u00e9sentent pr\u00e8s du Rh\u00f4ne.<br>En fin de parcours, vous pourrez visiter l\u2019exposition \u00e0 la Maison du Haut-Rh\u00f4ne o\u00f9 vous trouverez toutes les informations que vous souhaitez concernant le fleuve et la r\u00e9gion .<\/p>\n\n\n\n<p>D\u00e9nivellation positive : 195m<br>D\u00e9nivellation n\u00e9gative : 63m<br>Distance : 21.8km<br>Dur\u00e9e journali\u00e8re : 02h00<br>La <a href=\"https:\/\/www.hautrhone-tourisme.fr\/randonnee\/randonnee-vae-les-berges-du-rhone-seyssel\/\">carte<\/a><\/p>\n<\/div>\n<\/div>\n\n\n\n<p class=\"has-text-align-center\"><strong>Randonn\u00e9e VAE \u00ab\u00a0Cascade du Pain de Sucre\u00a0\u00bb<\/strong><\/p>\n\n\n\n<div class=\"wp-block-columns is-layout-flex wp-container-core-columns-is-layout-9d6595d7 wp-block-columns-is-layout-flex\">\n<div class=\"wp-block-column is-layout-flow wp-block-column-is-layout-flow\" style=\"flex-basis:33.33%\">\n<p><br><\/p>\n\n\n\n<figure class=\"wp-block-image size-large is-style-default\"><img loading=\"lazy\" decoding=\"async\" width=\"1300\" height=\"960\" src=\"https:\/\/seyssel74.com\/wp-content\/uploads\/2021\/05\/Randonnee-VAE-Cascade-du-Pain-de-Sucre.jpg\" alt=\"Randonn\u00e9e VAE Cascade du Pain de Sucre\" class=\"wp-image-2835\" srcset=\"https:\/\/seyssel74.com\/wp-content\/uploads\/2021\/05\/Randonnee-VAE-Cascade-du-Pain-de-Sucre.jpg 1300w, https:\/\/seyssel74.com\/wp-content\/uploads\/2021\/05\/Randonnee-VAE-Cascade-du-Pain-de-Sucre-300x222.jpg 300w, https:\/\/seyssel74.com\/wp-content\/uploads\/2021\/05\/Randonnee-VAE-Cascade-du-Pain-de-Sucre-768x567.jpg 768w\" sizes=\"auto, (max-width: 1300px) 100vw, 1300px\" \/><\/figure>\n<\/div>\n\n\n\n<div class=\"wp-block-column is-layout-flow wp-block-column-is-layout-flow\" style=\"flex-basis:66.66%\">\n<p>Venez d\u00e9couvrir les richesses naturelles et architecturales du Haut-Rh\u00f4ne \u00e0 travers cette boucle v\u00e9lo \u00e0 assistance \u00e9lectrique de difficult\u00e9 moyenne.<br>Le long de votre parcours vous attendent les quais de Seyssel Ain, le Pont de Pyrimont ou encore la fameuse cascade du Pain de Sucre. Ce \u00abPain de Sucre\u00bb, v\u00e9ritable stalagmite \u00e0 ciel ouvert, s\u2019est constitu\u00e9 par ph\u00e9nom\u00e8ne de pr\u00e9cipitation du calcaire, au pied d\u2019une cascade de plusieurs dizaines de m\u00e8tres.<\/p>\n\n\n\n<p>D\u00e9nivellation positive : 200m<br>D\u00e9nivellation n\u00e9gative : 609m<br>Distance : 29.7km<br>Dur\u00e9e journali\u00e8re : 02h00<br>La <a href=\"https:\/\/www.hautrhone-tourisme.fr\/equipement\/randonnee-vae-cascade-du-pain-de-sucre-seyssel\/\">carte<\/a><\/p>\n<\/div>\n<\/div>\n\n\n\n<p class=\"has-text-align-center\"><strong>Randonn\u00e9e VAE \u00ab\u00a0Tour du ch\u00e2teau de Clermont\u00a0\u00bb<\/strong><\/p>\n\n\n\n<div class=\"wp-block-columns is-layout-flex wp-container-core-columns-is-layout-9d6595d7 wp-block-columns-is-layout-flex\">\n<div class=\"wp-block-column is-layout-flow wp-block-column-is-layout-flow\" style=\"flex-basis:33.33%\">\n<figure class=\"wp-block-image size-large is-style-default\"><img loading=\"lazy\" decoding=\"async\" width=\"780\" height=\"500\" src=\"https:\/\/seyssel74.com\/wp-content\/uploads\/2021\/05\/Randonnee-VAE-Tour-du-chateau-de-Clermont.jpg\" alt=\"Randonn\u00e9e VAE Tour du ch\u00e2teau de Clermont\" class=\"wp-image-2842\" srcset=\"https:\/\/seyssel74.com\/wp-content\/uploads\/2021\/05\/Randonnee-VAE-Tour-du-chateau-de-Clermont.jpg 780w, https:\/\/seyssel74.com\/wp-content\/uploads\/2021\/05\/Randonnee-VAE-Tour-du-chateau-de-Clermont-300x192.jpg 300w, https:\/\/seyssel74.com\/wp-content\/uploads\/2021\/05\/Randonnee-VAE-Tour-du-chateau-de-Clermont-768x492.jpg 768w\" sizes=\"auto, (max-width: 780px) 100vw, 780px\" \/><\/figure>\n<\/div>\n\n\n\n<div class=\"wp-block-column is-layout-flow wp-block-column-is-layout-flow\" style=\"flex-basis:66.66%\">\n<p>Haut-Rh\u00f4ne tourisme vous propose de d\u00e9couvrir une balade \u00e0 v\u00e9lo en famille ou entre amis proche d&rsquo;Annecy.<br>Tout au long de votre parcours, de nombreux ch\u00e2teaux et \u00e9glises vous attendent : le ch\u00e2teau de Pelly, l&rsquo;\u00e9glise de Desingy, le ch\u00e2teau de Clermont et le ch\u00e2teau de Vens.<\/p>\n\n\n\n<p>D\u00e9nivellation positive : 850m<br>D\u00e9nivellation n\u00e9gative : 772m<br>Distance : 29.5km<br>Dur\u00e9e journali\u00e8re : 04h00<br>La <a href=\"https:\/\/www.hautrhone-tourisme.fr\/equipement\/randonnee-vae-tour-du-chateau-de-clermont-seyssel\/\">carte<\/a><\/p>\n<\/div>\n<\/div>\n\n\n\n<p class=\"has-text-align-center\"><strong>Randonn\u00e9e VAE<\/strong> <strong>\u00ab\u00a0Balade ornithologique\u00a0\u00bb<\/strong><\/p>\n\n\n\n<div class=\"wp-block-columns is-layout-flex wp-container-core-columns-is-layout-9d6595d7 wp-block-columns-is-layout-flex\">\n<div class=\"wp-block-column is-layout-flow wp-block-column-is-layout-flow\" style=\"flex-basis:33.33%\">\n<figure class=\"wp-block-image size-large is-style-default\"><img loading=\"lazy\" decoding=\"async\" width=\"687\" height=\"507\" src=\"https:\/\/seyssel74.com\/wp-content\/uploads\/2021\/05\/balade-ornithologique.jpg\" alt=\"balade ornithologique\" class=\"wp-image-2847\" srcset=\"https:\/\/seyssel74.com\/wp-content\/uploads\/2021\/05\/balade-ornithologique.jpg 687w, https:\/\/seyssel74.com\/wp-content\/uploads\/2021\/05\/balade-ornithologique-300x221.jpg 300w\" sizes=\"auto, (max-width: 687px) 100vw, 687px\" \/><\/figure>\n<\/div>\n\n\n\n<div class=\"wp-block-column is-layout-flow wp-block-column-is-layout-flow\" style=\"flex-basis:66.66%\">\n<p><br>Depuis la base Aqualoisirs de Seyssel, vous emprunterez la Viarh\u00f4na, une piste cyclable reliant le L\u00e9man \u00e0 la M\u00e9diterran\u00e9e pour rejoindre la base de Motz. Vous y d\u00e9couvrirez un observatoire ainsi que des bornes \u00e9ducatives pour l&rsquo;observation de la faune locale. La roseli\u00e8re de Motz abrite des dizaines d&rsquo;esp\u00e8ces diff\u00e9rentes !<br>Plus d&rsquo;informations <a href=\"https:\/\/www.prolynx-sports.com\/balade-ornithologique\">ici<\/a><\/p>\n<\/div>\n<\/div>\n\n\n\n<p class=\"has-text-align-center\"><strong>Randonn\u00e9e VAE \u00ab\u00a0Boucle des Ecluses\u00a0\u00bb<\/strong><\/p>\n\n\n\n<div class=\"wp-block-columns is-layout-flex wp-container-core-columns-is-layout-9d6595d7 wp-block-columns-is-layout-flex\">\n<div class=\"wp-block-column is-layout-flow wp-block-column-is-layout-flow\" style=\"flex-basis:33.33%\">\n<figure class=\"wp-block-image size-large is-style-default\"><img loading=\"lazy\" decoding=\"async\" width=\"690\" height=\"531\" src=\"https:\/\/seyssel74.com\/wp-content\/uploads\/2021\/05\/Boucle-des-Ecluses.jpg\" alt=\"Boucle des Ecluses\" class=\"wp-image-2855\" srcset=\"https:\/\/seyssel74.com\/wp-content\/uploads\/2021\/05\/Boucle-des-Ecluses.jpg 690w, https:\/\/seyssel74.com\/wp-content\/uploads\/2021\/05\/Boucle-des-Ecluses-300x231.jpg 300w\" sizes=\"auto, (max-width: 690px) 100vw, 690px\" \/><\/figure>\n<\/div>\n\n\n\n<div class=\"wp-block-column is-layout-flow wp-block-column-is-layout-flow\" style=\"flex-basis:66.66%\">\n<p><br><br>Longez le canal du Rh\u00f4ne pour rejoindre et traverser les deux imposantes \u00e9cluses de Chautagne. La deuxi\u00e8me partie du parcours vous emm\u00e8nera le long des 12 plans d&rsquo;eau jusqu&rsquo;au barrage de Motz. Vous rejoindrez alors la ViaRh\u00f4na jusqu&rsquo;\u00e0 la base Aqualoisirs de Seyssel.<br>Plus d&rsquo;informations <a href=\"https:\/\/www.prolynx-sports.com\/la-boucle-des-ecluses\">ici<\/a><\/p>\n<\/div>\n<\/div>\n\n\n\n<p class=\"has-text-align-center\"><strong>Activit\u00e9s adapt\u00e9es personnes \u00e0 mobilit\u00e9 r\u00e9duite<\/strong><\/p>\n\n\n\n<p>Base Aqualoisirs de Seyssel Ain propose, en partenariat avec le plan Handicap du d\u00e9partement de l&rsquo;Ain, la location de triporteurs adapt\u00e9s. En disposition aujourd&rsquo;hui il y a 2 triporteurs :<br>1 v\u00e9lo cargo Babboe \u00e9lectrique, pouvant transporter des enfants en situation de handicap;<br>1 triporteur Rickshaw \u00e9lectrique, pouvant accueillir un adulte en situation de handicap.<\/p>\n\n\n\n<p>Les r\u00e9servations sont n\u00e9cessaires par \ud83d\udcde 06 50 58 70 24<\/p>\n\n\n\n<p>Plus d&rsquo;informations sur le <a href=\"https:\/\/www.prolynx-sports.com\/copie-de-v%C3%A9los-%C3%A9lectriques-vtt\">site<\/a><\/p>\n\n\n\n<p>Tous les tours propos\u00e9 sur le site sont accessible avec v\u00e9lo cargo Babboe \u00e9lectrique et triporteur Rickshaw \u00e9lectrique.<\/p>\n\n\n\n<p class=\"has-text-align-center\"><strong>NB!<\/strong><\/p>\n\n\n\n<figure class=\"wp-block-image size-large\"><img loading=\"lazy\" decoding=\"async\" width=\"662\" height=\"1024\" src=\"https:\/\/seyssel74.com\/wp-content\/uploads\/2022\/04\/Panneaux_InfoTiques_Sentiers2-662x1024.jpg\" alt=\"\" class=\"wp-image-8353\" srcset=\"https:\/\/seyssel74.com\/wp-content\/uploads\/2022\/04\/Panneaux_InfoTiques_Sentiers2-662x1024.jpg 662w, https:\/\/seyssel74.com\/wp-content\/uploads\/2022\/04\/Panneaux_InfoTiques_Sentiers2-194x300.jpg 194w, https:\/\/seyssel74.com\/wp-content\/uploads\/2022\/04\/Panneaux_InfoTiques_Sentiers2-768x1189.jpg 768w, https:\/\/seyssel74.com\/wp-content\/uploads\/2022\/04\/Panneaux_InfoTiques_Sentiers2-992x1536.jpg 992w, https:\/\/seyssel74.com\/wp-content\/uploads\/2022\/04\/Panneaux_InfoTiques_Sentiers2-1323x2048.jpg 1323w, https:\/\/seyssel74.com\/wp-content\/uploads\/2022\/04\/Panneaux_InfoTiques_Sentiers2-scaled.jpg 1654w\" sizes=\"auto, (max-width: 662px) 100vw, 662px\" \/><\/figure>\n\n\n\n<p>\u200b<\/p>\n\n\n\n<p class=\"has-text-align-center\"><strong>La ViaRh\u00f4na dans la presse &#8211; Coup de c\u0153ur pour Seyssel et ses environs<\/strong><\/p>\n\n\n\n<figure class=\"wp-block-image size-large\"><img loading=\"lazy\" decoding=\"async\" width=\"743\" height=\"1024\" src=\"https:\/\/seyssel74.com\/wp-content\/uploads\/2024\/10\/article-Terres-des-Savoie-ViaRhona-Seyssel-22.08.2024-743x1024.jpg\" alt=\"\" class=\"wp-image-18095\" srcset=\"https:\/\/seyssel74.com\/wp-content\/uploads\/2024\/10\/article-Terres-des-Savoie-ViaRhona-Seyssel-22.08.2024-743x1024.jpg 743w, https:\/\/seyssel74.com\/wp-content\/uploads\/2024\/10\/article-Terres-des-Savoie-ViaRhona-Seyssel-22.08.2024-218x300.jpg 218w, https:\/\/seyssel74.com\/wp-content\/uploads\/2024\/10\/article-Terres-des-Savoie-ViaRhona-Seyssel-22.08.2024-768x1058.jpg 768w, https:\/\/seyssel74.com\/wp-content\/uploads\/2024\/10\/article-Terres-des-Savoie-ViaRhona-Seyssel-22.08.2024-1115x1536.jpg 1115w, https:\/\/seyssel74.com\/wp-content\/uploads\/2024\/10\/article-Terres-des-Savoie-ViaRhona-Seyssel-22.08.2024-1486x2048.jpg 1486w, https:\/\/seyssel74.com\/wp-content\/uploads\/2024\/10\/article-Terres-des-Savoie-ViaRhona-Seyssel-22.08.2024-rotated.jpg 1814w\" sizes=\"auto, (max-width: 743px) 100vw, 743px\" \/><\/figure>\n","protected":false},"excerpt":{"rendered":"<p>\ud83c\udfe1 &gt;&nbsp;Tourisme \/ Loisirs &gt;&nbsp;Quoi faire &gt; Cyclisme \/ VTT Ballades en V\u00e9lo \u00e0 Assistance Electrique Haut-Rh\u00f4ne Tourisme vous propose la location de V\u00e9lo \u00e0 Assistance Electrique dans son bureau de Frangy (35, place de l\u2019\u00c9glise). Vous pouvez \u00e9galement en louer aupr\u00e8s de Prolynx Sport \u00e0 la Base nautique Aqualoisirs de Seyssel Ain mais aussi [&hellip;]<\/p>\n","protected":false},"author":1,"featured_media":0,"parent":811,"menu_order":6,"comment_status":"closed","ping_status":"closed","template":"","meta":{"ocean_post_layout":"","ocean_both_sidebars_style":"","ocean_both_sidebars_content_width":0,"ocean_both_sidebars_sidebars_width":0,"ocean_sidebar":"0","ocean_second_sidebar":"0","ocean_disable_margins":"enable","ocean_add_body_class":"","ocean_shortcode_before_top_bar":"","ocean_shortcode_after_top_bar":"","ocean_shortcode_before_header":"","ocean_shortcode_after_header":"","ocean_has_shortcode":"","ocean_shortcode_after_title":"","ocean_shortcode_before_footer_widgets":"","ocean_shortcode_after_footer_widgets":"","ocean_shortcode_before_footer_bottom":"","ocean_shortcode_after_footer_bottom":"","ocean_display_top_bar":"default","ocean_display_header":"default","ocean_header_style":"","ocean_center_header_left_menu":"0","ocean_custom_header_template":"0","ocean_custom_logo":0,"ocean_custom_retina_logo":0,"ocean_custom_logo_max_width":0,"ocean_custom_logo_tablet_max_width":0,"ocean_custom_logo_mobile_max_width":0,"ocean_custom_logo_max_height":0,"ocean_custom_logo_tablet_max_height":0,"ocean_custom_logo_mobile_max_height":0,"ocean_header_custom_menu":"0","ocean_menu_typo_font_family":"0","ocean_menu_typo_font_subset":"","ocean_menu_typo_font_size":0,"ocean_menu_typo_font_size_tablet":0,"ocean_menu_typo_font_size_mobile":0,"ocean_menu_typo_font_size_unit":"px","ocean_menu_typo_font_weight":"","ocean_menu_typo_font_weight_tablet":"","ocean_menu_typo_font_weight_mobile":"","ocean_menu_typo_transform":"","ocean_menu_typo_transform_tablet":"","ocean_menu_typo_transform_mobile":"","ocean_menu_typo_line_height":0,"ocean_menu_typo_line_height_tablet":0,"ocean_menu_typo_line_height_mobile":0,"ocean_menu_typo_line_height_unit":"","ocean_menu_typo_spacing":0,"ocean_menu_typo_spacing_tablet":0,"ocean_menu_typo_spacing_mobile":0,"ocean_menu_typo_spacing_unit":"","ocean_menu_link_color":"","ocean_menu_link_color_hover":"","ocean_menu_link_color_active":"","ocean_menu_link_background":"","ocean_menu_link_hover_background":"","ocean_menu_link_active_background":"","ocean_menu_social_links_bg":"","ocean_menu_social_hover_links_bg":"","ocean_menu_social_links_color":"","ocean_menu_social_hover_links_color":"","ocean_disable_title":"default","ocean_disable_heading":"default","ocean_post_title":"","ocean_post_subheading":"","ocean_post_title_style":"","ocean_post_title_background_color":"","ocean_post_title_background":0,"ocean_post_title_bg_image_position":"","ocean_post_title_bg_image_attachment":"","ocean_post_title_bg_image_repeat":"","ocean_post_title_bg_image_size":"","ocean_post_title_height":0,"ocean_post_title_bg_overlay":0.5,"ocean_post_title_bg_overlay_color":"","ocean_disable_breadcrumbs":"default","ocean_breadcrumbs_color":"","ocean_breadcrumbs_separator_color":"","ocean_breadcrumbs_links_color":"","ocean_breadcrumbs_links_hover_color":"","ocean_display_footer_widgets":"default","ocean_display_footer_bottom":"default","ocean_custom_footer_template":"0","ofc_meta_disable_footer_callout":"","ofc_meta_callout_button_url":"","ofc_meta_callout_button_txt":"","ofc_meta_callout_text":"","ofc_enable_fullscreen":"disable","ofc_fullscreen_speed":0,"ofc_fullscreen_nav":"enable","ofc_fullscreen_nav_pos":"right","ofc_fullscreen_nav_color":"","ofc_fullscreen_nav_tooltip_color":"","ofc_fullscreen_responsive":0,"osp_disable_panel":"default","osh_disable_topbar_sticky":"default","osh_disable_header_sticky":"default","osh_sticky_header_style":"default","osh_sticky_header_effect":"","osh_custom_sticky_logo":0,"osh_custom_retina_sticky_logo":0,"osh_custom_sticky_logo_height":0,"osh_background_color":"","osh_links_color":"","osh_links_hover_color":"","osh_links_active_color":"","osh_links_bg_color":"","osh_links_hover_bg_color":"","osh_links_active_bg_color":"","osh_menu_social_links_color":"","osh_menu_social_hover_links_color":"","footnotes":""},"class_list":["post-1168","page","type-page","status-publish","hentry","entry"],"_links":{"self":[{"href":"https:\/\/seyssel74.com\/index.php\/wp-json\/wp\/v2\/pages\/1168","targetHints":{"allow":["GET"]}}],"collection":[{"href":"https:\/\/seyssel74.com\/index.php\/wp-json\/wp\/v2\/pages"}],"about":[{"href":"https:\/\/seyssel74.com\/index.php\/wp-json\/wp\/v2\/types\/page"}],"author":[{"embeddable":true,"href":"https:\/\/seyssel74.com\/index.php\/wp-json\/wp\/v2\/users\/1"}],"replies":[{"embeddable":true,"href":"https:\/\/seyssel74.com\/index.php\/wp-json\/wp\/v2\/comments?post=1168"}],"version-history":[{"count":47,"href":"https:\/\/seyssel74.com\/index.php\/wp-json\/wp\/v2\/pages\/1168\/revisions"}],"predecessor-version":[{"id":18096,"href":"https:\/\/seyssel74.com\/index.php\/wp-json\/wp\/v2\/pages\/1168\/revisions\/18096"}],"up":[{"embeddable":true,"href":"https:\/\/seyssel74.com\/index.php\/wp-json\/wp\/v2\/pages\/811"}],"wp:attachment":[{"href":"https:\/\/seyssel74.com\/index.php\/wp-json\/wp\/v2\/media?parent=1168"}],"curies":[{"name":"wp","href":"https:\/\/api.w.org\/{rel}","templated":true}]}}