{"id":1147,"date":"2020-11-22T23:34:35","date_gmt":"2020-11-22T22:34:35","guid":{"rendered":"http:\/\/seyssel74.com\/?page_id=1147"},"modified":"2026-03-27T07:45:41","modified_gmt":"2026-03-27T06:45:41","slug":"cinema","status":"publish","type":"page","link":"https:\/\/seyssel74.com\/index.php\/tourisme-loisirs\/quoi-faire\/cinema\/","title":{"rendered":"Cin\u00e9ma"},"content":{"rendered":"\n<p class=\"has-small-font-size\"><a href=\"https:\/\/seyssel74.com\/\">\ud83c\udfe1<\/a> &gt;&nbsp;<a href=\"https:\/\/seyssel74.com\/index.php\/tourisme-loisirs\/\">Tourisme \/ Loisirs<\/a> &gt;&nbsp;<a href=\"https:\/\/seyssel74.com\/index.php\/tourisme-loisirs\/quoi-faire\/\">Quoi faire<\/a> &gt; <a href=\"https:\/\/seyssel74.com\/index.php\/tourisme-loisirs\/quoi-faire\/cinema\/\">Cin\u00e9ma<\/a><\/p>\n\n\n\n<div class=\"wp-block-columns is-layout-flex wp-container-core-columns-is-layout-9d6595d7 wp-block-columns-is-layout-flex\">\n<div class=\"wp-block-column is-layout-flow wp-block-column-is-layout-flow\">\n<p><br><\/p>\n\n\n\n<figure class=\"wp-block-image size-full\"><img loading=\"lazy\" decoding=\"async\" width=\"771\" height=\"600\" src=\"https:\/\/seyssel74.com\/wp-content\/uploads\/2025\/01\/Cinema-Le-Condate-Seyssel-fin-2024-FZ.jpg\" alt=\"\" class=\"wp-image-18961\" srcset=\"https:\/\/seyssel74.com\/wp-content\/uploads\/2025\/01\/Cinema-Le-Condate-Seyssel-fin-2024-FZ.jpg 771w, https:\/\/seyssel74.com\/wp-content\/uploads\/2025\/01\/Cinema-Le-Condate-Seyssel-fin-2024-FZ-300x233.jpg 300w, https:\/\/seyssel74.com\/wp-content\/uploads\/2025\/01\/Cinema-Le-Condate-Seyssel-fin-2024-FZ-768x598.jpg 768w\" sizes=\"auto, (max-width: 771px) 100vw, 771px\" \/><\/figure>\n\n\n\n<p class=\"has-small-font-size\"><strong>L&rsquo;adresse<\/strong> : 1 rue de la Mairie, 74910 Seyssel<br>\ud83d\udcde 04 50 59 27 67<br>\ud83d\udce7 cinema@seyssel74.fr<br>\ud83c\udf10 <a href=\"https:\/\/www.facebook.com\/cinema.Le.Condate.Seyssel\">www.facebook.com\/cinema.Le.Condate.Seyssel<\/a><\/p>\n<\/div>\n\n\n\n<div class=\"wp-block-column is-layout-flow wp-block-column-is-layout-flow\">\n<p class=\"has-small-font-size\"><br>Le cin\u00e9ma <strong>\u00ab\u00a0Le Condate\u00a0\u00bb<\/strong> est ouvert toute l\u2019ann\u00e9e \u00e0 Seyssel pour un agr\u00e9able moment de d\u00e9tente.<\/p>\n\n\n\n<p class=\"has-small-font-size\"><strong>Tarifs<\/strong> : <br>abonn\u00e9s (10 place valables 1 an) : 50 euros + 3 euros (co\u00fbt de la carte pour le premier achat)<br>normal : 6,50  euros <br>r\u00e9duit : 5,5  euros (\u00e9tudiants, retrait\u00e9s, familles nombreuses, demandeur d&#8217;emploi)<br>jeunes de moins de 14 ans : 4 euros <br>Les cartes bleues sont accept\u00e9es <br>Les ch\u00e8ques ne sont pas accept\u00e9s<\/p>\n\n\n<\/div>\n<\/div>\n\n\n\n<p class=\"has-text-align-center\"><strong>Programme du 1er avril au 05 mai 2026<\/strong><\/p>\n\n\n\n<figure class=\"wp-block-image size-large\"><img loading=\"lazy\" decoding=\"async\" width=\"521\" height=\"1024\" src=\"https:\/\/seyssel74.com\/wp-content\/uploads\/2026\/03\/grille-1er-avril-au-5-mai-2026-cine-521x1024.jpg\" alt=\"\" class=\"wp-image-24067\" srcset=\"https:\/\/seyssel74.com\/wp-content\/uploads\/2026\/03\/grille-1er-avril-au-5-mai-2026-cine-521x1024.jpg 521w, https:\/\/seyssel74.com\/wp-content\/uploads\/2026\/03\/grille-1er-avril-au-5-mai-2026-cine-153x300.jpg 153w, https:\/\/seyssel74.com\/wp-content\/uploads\/2026\/03\/grille-1er-avril-au-5-mai-2026-cine.jpg 523w\" sizes=\"auto, (max-width: 521px) 100vw, 521px\" \/><\/figure>\n\n\n\n<figure class=\"wp-block-image size-full\"><img loading=\"lazy\" decoding=\"async\" width=\"848\" height=\"600\" src=\"https:\/\/seyssel74.com\/wp-content\/uploads\/2026\/03\/Prog-cine-Condate-Seyssel-du-01-avril-au-05-mai-2026_page-0001.jpg\" alt=\"\" class=\"wp-image-24068\" srcset=\"https:\/\/seyssel74.com\/wp-content\/uploads\/2026\/03\/Prog-cine-Condate-Seyssel-du-01-avril-au-05-mai-2026_page-0001.jpg 848w, https:\/\/seyssel74.com\/wp-content\/uploads\/2026\/03\/Prog-cine-Condate-Seyssel-du-01-avril-au-05-mai-2026_page-0001-300x212.jpg 300w, https:\/\/seyssel74.com\/wp-content\/uploads\/2026\/03\/Prog-cine-Condate-Seyssel-du-01-avril-au-05-mai-2026_page-0001-768x543.jpg 768w\" sizes=\"auto, (max-width: 848px) 100vw, 848px\" \/><\/figure>\n\n\n\n<figure class=\"wp-block-image size-full\"><img loading=\"lazy\" decoding=\"async\" width=\"848\" height=\"600\" src=\"https:\/\/seyssel74.com\/wp-content\/uploads\/2026\/03\/Prog-cine-Condate-Seyssel-du-01-avril-au-05-mai-2026_page-0002.jpg\" alt=\"\" class=\"wp-image-24069\" srcset=\"https:\/\/seyssel74.com\/wp-content\/uploads\/2026\/03\/Prog-cine-Condate-Seyssel-du-01-avril-au-05-mai-2026_page-0002.jpg 848w, https:\/\/seyssel74.com\/wp-content\/uploads\/2026\/03\/Prog-cine-Condate-Seyssel-du-01-avril-au-05-mai-2026_page-0002-300x212.jpg 300w, https:\/\/seyssel74.com\/wp-content\/uploads\/2026\/03\/Prog-cine-Condate-Seyssel-du-01-avril-au-05-mai-2026_page-0002-768x543.jpg 768w\" sizes=\"auto, (max-width: 848px) 100vw, 848px\" \/><\/figure>\n\n\n\n<p class=\"has-text-align-center\"><strong>Programme du 25 f\u00e9vrier au 31 mars 2026<\/strong><\/p>\n\n\n\n<figure class=\"wp-block-image size-large\"><img loading=\"lazy\" decoding=\"async\" width=\"533\" height=\"1024\" src=\"https:\/\/seyssel74.com\/wp-content\/uploads\/2026\/02\/Grille-seule-du-25-fev-au-31-mars-533x1024.jpg\" alt=\"\" class=\"wp-image-23903\" srcset=\"https:\/\/seyssel74.com\/wp-content\/uploads\/2026\/02\/Grille-seule-du-25-fev-au-31-mars-533x1024.jpg 533w, https:\/\/seyssel74.com\/wp-content\/uploads\/2026\/02\/Grille-seule-du-25-fev-au-31-mars-156x300.jpg 156w, https:\/\/seyssel74.com\/wp-content\/uploads\/2026\/02\/Grille-seule-du-25-fev-au-31-mars.jpg 538w\" sizes=\"auto, (max-width: 533px) 100vw, 533px\" \/><\/figure>\n\n\n\n<figure class=\"wp-block-image size-full\"><img loading=\"lazy\" decoding=\"async\" width=\"800\" height=\"566\" src=\"https:\/\/seyssel74.com\/wp-content\/uploads\/2026\/02\/Prog-cine-Condate-Seyssel-du-25-fev-au-31-mars-2026_page-0001.jpg\" alt=\"\" class=\"wp-image-23905\" srcset=\"https:\/\/seyssel74.com\/wp-content\/uploads\/2026\/02\/Prog-cine-Condate-Seyssel-du-25-fev-au-31-mars-2026_page-0001.jpg 800w, https:\/\/seyssel74.com\/wp-content\/uploads\/2026\/02\/Prog-cine-Condate-Seyssel-du-25-fev-au-31-mars-2026_page-0001-300x212.jpg 300w, https:\/\/seyssel74.com\/wp-content\/uploads\/2026\/02\/Prog-cine-Condate-Seyssel-du-25-fev-au-31-mars-2026_page-0001-768x543.jpg 768w\" sizes=\"auto, (max-width: 800px) 100vw, 800px\" \/><\/figure>\n\n\n\n<figure class=\"wp-block-image size-full\"><img loading=\"lazy\" decoding=\"async\" width=\"800\" height=\"566\" src=\"https:\/\/seyssel74.com\/wp-content\/uploads\/2026\/02\/Prog-cine-Condate-Seyssel-du-25-fev-au-31-mars-2026_page-0002.jpg\" alt=\"\" class=\"wp-image-23906\" srcset=\"https:\/\/seyssel74.com\/wp-content\/uploads\/2026\/02\/Prog-cine-Condate-Seyssel-du-25-fev-au-31-mars-2026_page-0002.jpg 800w, https:\/\/seyssel74.com\/wp-content\/uploads\/2026\/02\/Prog-cine-Condate-Seyssel-du-25-fev-au-31-mars-2026_page-0002-300x212.jpg 300w, https:\/\/seyssel74.com\/wp-content\/uploads\/2026\/02\/Prog-cine-Condate-Seyssel-du-25-fev-au-31-mars-2026_page-0002-768x543.jpg 768w\" sizes=\"auto, (max-width: 800px) 100vw, 800px\" \/><\/figure>\n\n\n\n<p class=\"has-text-align-center\"><strong>Programme du 21 janvier au 24 f\u00e9vrier 2026<\/strong><\/p>\n\n\n\n<figure class=\"wp-block-image size-large\"><img loading=\"lazy\" decoding=\"async\" width=\"526\" height=\"1024\" src=\"https:\/\/seyssel74.com\/wp-content\/uploads\/2026\/01\/grille-seule-prog-cine-seyssel-janv-fev-2026-526x1024.jpg\" alt=\"\" class=\"wp-image-23560\" srcset=\"https:\/\/seyssel74.com\/wp-content\/uploads\/2026\/01\/grille-seule-prog-cine-seyssel-janv-fev-2026-526x1024.jpg 526w, https:\/\/seyssel74.com\/wp-content\/uploads\/2026\/01\/grille-seule-prog-cine-seyssel-janv-fev-2026-154x300.jpg 154w, https:\/\/seyssel74.com\/wp-content\/uploads\/2026\/01\/grille-seule-prog-cine-seyssel-janv-fev-2026.jpg 530w\" sizes=\"auto, (max-width: 526px) 100vw, 526px\" \/><\/figure>\n\n\n\n<figure class=\"wp-block-image size-full\"><img loading=\"lazy\" decoding=\"async\" width=\"848\" height=\"600\" src=\"https:\/\/seyssel74.com\/wp-content\/uploads\/2026\/01\/Prog-cine-Condate-Seyssel-du-21-janv-au-24-fev-2026-A-Copie.jpg\" alt=\"\" class=\"wp-image-23558\" srcset=\"https:\/\/seyssel74.com\/wp-content\/uploads\/2026\/01\/Prog-cine-Condate-Seyssel-du-21-janv-au-24-fev-2026-A-Copie.jpg 848w, https:\/\/seyssel74.com\/wp-content\/uploads\/2026\/01\/Prog-cine-Condate-Seyssel-du-21-janv-au-24-fev-2026-A-Copie-300x212.jpg 300w, https:\/\/seyssel74.com\/wp-content\/uploads\/2026\/01\/Prog-cine-Condate-Seyssel-du-21-janv-au-24-fev-2026-A-Copie-768x543.jpg 768w\" sizes=\"auto, (max-width: 848px) 100vw, 848px\" \/><\/figure>\n\n\n\n<figure class=\"wp-block-image size-full\"><img loading=\"lazy\" decoding=\"async\" width=\"848\" height=\"600\" src=\"https:\/\/seyssel74.com\/wp-content\/uploads\/2026\/01\/Prog-cine-Condate-Seyssel-du-21-janv-au-24-fev-2026-B-Copie.jpg\" alt=\"\" class=\"wp-image-23557\" srcset=\"https:\/\/seyssel74.com\/wp-content\/uploads\/2026\/01\/Prog-cine-Condate-Seyssel-du-21-janv-au-24-fev-2026-B-Copie.jpg 848w, https:\/\/seyssel74.com\/wp-content\/uploads\/2026\/01\/Prog-cine-Condate-Seyssel-du-21-janv-au-24-fev-2026-B-Copie-300x212.jpg 300w, https:\/\/seyssel74.com\/wp-content\/uploads\/2026\/01\/Prog-cine-Condate-Seyssel-du-21-janv-au-24-fev-2026-B-Copie-768x543.jpg 768w\" sizes=\"auto, (max-width: 848px) 100vw, 848px\" \/><\/figure>\n\n\n\n<p class=\"has-text-align-center\"><strong>Programme du 17 d\u00e9cembre 2025 au 20 janvier 2026<\/strong><\/p>\n\n\n\n<figure class=\"wp-block-image size-full\"><img loading=\"lazy\" decoding=\"async\" width=\"530\" height=\"818\" src=\"https:\/\/seyssel74.com\/wp-content\/uploads\/2025\/12\/grille-seule-cine-Condate-Seyssel-du-17-dec-au-20-janv-2025-Fz.jpg\" alt=\"\" class=\"wp-image-23234\" srcset=\"https:\/\/seyssel74.com\/wp-content\/uploads\/2025\/12\/grille-seule-cine-Condate-Seyssel-du-17-dec-au-20-janv-2025-Fz.jpg 530w, https:\/\/seyssel74.com\/wp-content\/uploads\/2025\/12\/grille-seule-cine-Condate-Seyssel-du-17-dec-au-20-janv-2025-Fz-194x300.jpg 194w\" sizes=\"auto, (max-width: 530px) 100vw, 530px\" \/><\/figure>\n\n\n\n<figure class=\"wp-block-image size-full\"><img loading=\"lazy\" decoding=\"async\" width=\"848\" height=\"600\" src=\"https:\/\/seyssel74.com\/wp-content\/uploads\/2025\/12\/Prog-cine-Condate-Seyssel-du-17-dec-au-20-janv-2025_page-0001-FZ.jpg\" alt=\"\" class=\"wp-image-23235\" srcset=\"https:\/\/seyssel74.com\/wp-content\/uploads\/2025\/12\/Prog-cine-Condate-Seyssel-du-17-dec-au-20-janv-2025_page-0001-FZ.jpg 848w, https:\/\/seyssel74.com\/wp-content\/uploads\/2025\/12\/Prog-cine-Condate-Seyssel-du-17-dec-au-20-janv-2025_page-0001-FZ-300x212.jpg 300w, https:\/\/seyssel74.com\/wp-content\/uploads\/2025\/12\/Prog-cine-Condate-Seyssel-du-17-dec-au-20-janv-2025_page-0001-FZ-768x543.jpg 768w\" sizes=\"auto, (max-width: 848px) 100vw, 848px\" \/><\/figure>\n\n\n\n<figure class=\"wp-block-image size-full\"><img loading=\"lazy\" decoding=\"async\" width=\"848\" height=\"600\" src=\"https:\/\/seyssel74.com\/wp-content\/uploads\/2025\/12\/Prog-cine-Condate-Seyssel-du-17-dec-au-20-janv-2025_page-0002-FZ.jpg\" alt=\"\" class=\"wp-image-23236\" srcset=\"https:\/\/seyssel74.com\/wp-content\/uploads\/2025\/12\/Prog-cine-Condate-Seyssel-du-17-dec-au-20-janv-2025_page-0002-FZ.jpg 848w, https:\/\/seyssel74.com\/wp-content\/uploads\/2025\/12\/Prog-cine-Condate-Seyssel-du-17-dec-au-20-janv-2025_page-0002-FZ-300x212.jpg 300w, https:\/\/seyssel74.com\/wp-content\/uploads\/2025\/12\/Prog-cine-Condate-Seyssel-du-17-dec-au-20-janv-2025_page-0002-FZ-768x543.jpg 768w\" sizes=\"auto, (max-width: 848px) 100vw, 848px\" \/><\/figure>\n\n\n\n<p class=\"has-text-align-center\"><strong>Programme du 12 novembre au 16 d\u00e9cembre 2025<\/strong><\/p>\n\n\n\n<figure class=\"wp-block-image size-full\"><img loading=\"lazy\" decoding=\"async\" width=\"529\" height=\"716\" src=\"https:\/\/seyssel74.com\/wp-content\/uploads\/2025\/11\/Grille-seule-prog-cine-12nov-16dec.jpg\" alt=\"\" class=\"wp-image-22746\" srcset=\"https:\/\/seyssel74.com\/wp-content\/uploads\/2025\/11\/Grille-seule-prog-cine-12nov-16dec.jpg 529w, https:\/\/seyssel74.com\/wp-content\/uploads\/2025\/11\/Grille-seule-prog-cine-12nov-16dec-222x300.jpg 222w\" sizes=\"auto, (max-width: 529px) 100vw, 529px\" \/><\/figure>\n\n\n\n<figure class=\"wp-block-image size-full\"><img loading=\"lazy\" decoding=\"async\" width=\"848\" height=\"600\" src=\"https:\/\/seyssel74.com\/wp-content\/uploads\/2025\/11\/Prog-cine-Condate-Seyssel-du-12-nov-au-16-dec-2025-A.jpg\" alt=\"\" class=\"wp-image-22747\" srcset=\"https:\/\/seyssel74.com\/wp-content\/uploads\/2025\/11\/Prog-cine-Condate-Seyssel-du-12-nov-au-16-dec-2025-A.jpg 848w, https:\/\/seyssel74.com\/wp-content\/uploads\/2025\/11\/Prog-cine-Condate-Seyssel-du-12-nov-au-16-dec-2025-A-300x212.jpg 300w, https:\/\/seyssel74.com\/wp-content\/uploads\/2025\/11\/Prog-cine-Condate-Seyssel-du-12-nov-au-16-dec-2025-A-768x543.jpg 768w\" sizes=\"auto, (max-width: 848px) 100vw, 848px\" \/><\/figure>\n\n\n\n<figure class=\"wp-block-image size-full\"><img loading=\"lazy\" decoding=\"async\" width=\"848\" height=\"600\" src=\"https:\/\/seyssel74.com\/wp-content\/uploads\/2025\/11\/Prog-cine-Condate-Seyssel-du-12-nov-au-16-dec-2025-B.jpg\" alt=\"\" class=\"wp-image-22748\" srcset=\"https:\/\/seyssel74.com\/wp-content\/uploads\/2025\/11\/Prog-cine-Condate-Seyssel-du-12-nov-au-16-dec-2025-B.jpg 848w, https:\/\/seyssel74.com\/wp-content\/uploads\/2025\/11\/Prog-cine-Condate-Seyssel-du-12-nov-au-16-dec-2025-B-300x212.jpg 300w, https:\/\/seyssel74.com\/wp-content\/uploads\/2025\/11\/Prog-cine-Condate-Seyssel-du-12-nov-au-16-dec-2025-B-768x543.jpg 768w\" sizes=\"auto, (max-width: 848px) 100vw, 848px\" \/><\/figure>\n\n\n\n<p class=\"has-text-align-center\"><\/p>\n\n\n\n<p class=\"has-text-align-center\"><\/p>\n\n\n\n<p class=\"has-text-align-center\"><\/p>\n\n\n\n<p class=\"has-text-align-center\"><\/p>\n\n\n\n<p class=\"has-text-align-center\"><\/p>\n\n\n\n<p class=\"has-text-align-center\"><\/p>\n\n\n\n<p class=\"has-text-align-center\"><\/p>\n","protected":false},"excerpt":{"rendered":"<p>\ud83c\udfe1 &gt;&nbsp;Tourisme \/ Loisirs &gt;&nbsp;Quoi faire &gt; Cin\u00e9ma L&rsquo;adresse : 1 rue de la Mairie, 74910 Seyssel\ud83d\udcde 04 50 59 27 67\ud83d\udce7 cinema@seyssel74.fr\ud83c\udf10 www.facebook.com\/cinema.Le.Condate.Seyssel Le cin\u00e9ma \u00ab\u00a0Le Condate\u00a0\u00bb est ouvert toute l\u2019ann\u00e9e \u00e0 Seyssel pour un agr\u00e9able moment de d\u00e9tente. Tarifs : abonn\u00e9s (10 place valables 1 an) : 50 euros + 3 euros (co\u00fbt [&hellip;]<\/p>\n","protected":false},"author":1,"featured_media":0,"parent":811,"menu_order":1,"comment_status":"closed","ping_status":"closed","template":"","meta":{"ocean_post_layout":"","ocean_both_sidebars_style":"","ocean_both_sidebars_content_width":0,"ocean_both_sidebars_sidebars_width":0,"ocean_sidebar":"0","ocean_second_sidebar":"0","ocean_disable_margins":"enable","ocean_add_body_class":"","ocean_shortcode_before_top_bar":"","ocean_shortcode_after_top_bar":"","ocean_shortcode_before_header":"","ocean_shortcode_after_header":"","ocean_has_shortcode":"","ocean_shortcode_after_title":"","ocean_shortcode_before_footer_widgets":"","ocean_shortcode_after_footer_widgets":"","ocean_shortcode_before_footer_bottom":"","ocean_shortcode_after_footer_bottom":"","ocean_display_top_bar":"default","ocean_display_header":"default","ocean_header_style":"","ocean_center_header_left_menu":"0","ocean_custom_header_template":"0","ocean_custom_logo":0,"ocean_custom_retina_logo":0,"ocean_custom_logo_max_width":0,"ocean_custom_logo_tablet_max_width":0,"ocean_custom_logo_mobile_max_width":0,"ocean_custom_logo_max_height":0,"ocean_custom_logo_tablet_max_height":0,"ocean_custom_logo_mobile_max_height":0,"ocean_header_custom_menu":"0","ocean_menu_typo_font_family":"0","ocean_menu_typo_font_subset":"","ocean_menu_typo_font_size":0,"ocean_menu_typo_font_size_tablet":0,"ocean_menu_typo_font_size_mobile":0,"ocean_menu_typo_font_size_unit":"px","ocean_menu_typo_font_weight":"","ocean_menu_typo_font_weight_tablet":"","ocean_menu_typo_font_weight_mobile":"","ocean_menu_typo_transform":"","ocean_menu_typo_transform_tablet":"","ocean_menu_typo_transform_mobile":"","ocean_menu_typo_line_height":0,"ocean_menu_typo_line_height_tablet":0,"ocean_menu_typo_line_height_mobile":0,"ocean_menu_typo_line_height_unit":"","ocean_menu_typo_spacing":0,"ocean_menu_typo_spacing_tablet":0,"ocean_menu_typo_spacing_mobile":0,"ocean_menu_typo_spacing_unit":"","ocean_menu_link_color":"","ocean_menu_link_color_hover":"","ocean_menu_link_color_active":"","ocean_menu_link_background":"","ocean_menu_link_hover_background":"","ocean_menu_link_active_background":"","ocean_menu_social_links_bg":"","ocean_menu_social_hover_links_bg":"","ocean_menu_social_links_color":"","ocean_menu_social_hover_links_color":"","ocean_disable_title":"default","ocean_disable_heading":"default","ocean_post_title":"","ocean_post_subheading":"","ocean_post_title_style":"","ocean_post_title_background_color":"","ocean_post_title_background":0,"ocean_post_title_bg_image_position":"","ocean_post_title_bg_image_attachment":"","ocean_post_title_bg_image_repeat":"","ocean_post_title_bg_image_size":"","ocean_post_title_height":0,"ocean_post_title_bg_overlay":0.5,"ocean_post_title_bg_overlay_color":"","ocean_disable_breadcrumbs":"default","ocean_breadcrumbs_color":"","ocean_breadcrumbs_separator_color":"","ocean_breadcrumbs_links_color":"","ocean_breadcrumbs_links_hover_color":"","ocean_display_footer_widgets":"default","ocean_display_footer_bottom":"default","ocean_custom_footer_template":"0","ofc_meta_disable_footer_callout":"","ofc_meta_callout_button_url":"","ofc_meta_callout_button_txt":"","ofc_meta_callout_text":"","ofc_enable_fullscreen":"disable","ofc_fullscreen_speed":0,"ofc_fullscreen_nav":"enable","ofc_fullscreen_nav_pos":"right","ofc_fullscreen_nav_color":"","ofc_fullscreen_nav_tooltip_color":"","ofc_fullscreen_responsive":0,"osp_disable_panel":"default","osh_disable_topbar_sticky":"default","osh_disable_header_sticky":"default","osh_sticky_header_style":"default","osh_sticky_header_effect":"","osh_custom_sticky_logo":0,"osh_custom_retina_sticky_logo":0,"osh_custom_sticky_logo_height":0,"osh_background_color":"","osh_links_color":"","osh_links_hover_color":"","osh_links_active_color":"","osh_links_bg_color":"","osh_links_hover_bg_color":"","osh_links_active_bg_color":"","osh_menu_social_links_color":"","osh_menu_social_hover_links_color":"","footnotes":""},"class_list":["post-1147","page","type-page","status-publish","hentry","entry"],"_links":{"self":[{"href":"https:\/\/seyssel74.com\/index.php\/wp-json\/wp\/v2\/pages\/1147","targetHints":{"allow":["GET"]}}],"collection":[{"href":"https:\/\/seyssel74.com\/index.php\/wp-json\/wp\/v2\/pages"}],"about":[{"href":"https:\/\/seyssel74.com\/index.php\/wp-json\/wp\/v2\/types\/page"}],"author":[{"embeddable":true,"href":"https:\/\/seyssel74.com\/index.php\/wp-json\/wp\/v2\/users\/1"}],"replies":[{"embeddable":true,"href":"https:\/\/seyssel74.com\/index.php\/wp-json\/wp\/v2\/comments?post=1147"}],"version-history":[{"count":96,"href":"https:\/\/seyssel74.com\/index.php\/wp-json\/wp\/v2\/pages\/1147\/revisions"}],"predecessor-version":[{"id":24071,"href":"https:\/\/seyssel74.com\/index.php\/wp-json\/wp\/v2\/pages\/1147\/revisions\/24071"}],"up":[{"embeddable":true,"href":"https:\/\/seyssel74.com\/index.php\/wp-json\/wp\/v2\/pages\/811"}],"wp:attachment":[{"href":"https:\/\/seyssel74.com\/index.php\/wp-json\/wp\/v2\/media?parent=1147"}],"curies":[{"name":"wp","href":"https:\/\/api.w.org\/{rel}","templated":true}]}}