{"id":1141,"date":"2020-11-22T23:31:35","date_gmt":"2020-11-22T22:31:35","guid":{"rendered":"http:\/\/seyssel74.com\/?page_id=1141"},"modified":"2025-02-11T15:25:45","modified_gmt":"2025-02-11T14:25:45","slug":"a-emporter","status":"publish","type":"page","link":"https:\/\/seyssel74.com\/index.php\/tourisme-loisirs\/ou-manger\/a-emporter\/","title":{"rendered":"\u00c0 emporter"},"content":{"rendered":"\n<p class=\"has-small-font-size\"><a href=\"https:\/\/seyssel74.com\/\">\ud83c\udfe1<\/a> &gt;&nbsp;<a href=\"https:\/\/seyssel74.com\/index.php\/tourisme-loisirs\/\">Tourisme \/ Loisirs<\/a> &gt;&nbsp;<a href=\"https:\/\/seyssel74.com\/index.php\/tourisme-loisirs\/ou-manger\/\">O\u00f9 manger<\/a> &gt; <a href=\"https:\/\/seyssel74.com\/index.php\/tourisme-loisirs\/ou-manger\/a-emporter\/\">\u00c0 emporter<\/a><\/p>\n\n\n\n<p class=\"has-text-align-center\"><strong>Pizzeria \u00ab\u00a0Le Venise\u00a0\u00bb<\/strong><\/p>\n\n\n\n<div class=\"wp-block-columns is-layout-flex wp-container-core-columns-is-layout-9d6595d7 wp-block-columns-is-layout-flex\">\n<div class=\"wp-block-column is-layout-flow wp-block-column-is-layout-flow\">\n<figure class=\"wp-block-image size-large is-style-default\"><img loading=\"lazy\" decoding=\"async\" width=\"577\" height=\"412\" src=\"https:\/\/seyssel74.com\/wp-content\/uploads\/2021\/05\/Pizzeria-Le-Venise.jpg\" alt=\"Pizzeria Le Venise\" class=\"wp-image-2333\" srcset=\"https:\/\/seyssel74.com\/wp-content\/uploads\/2021\/05\/Pizzeria-Le-Venise.jpg 577w, https:\/\/seyssel74.com\/wp-content\/uploads\/2021\/05\/Pizzeria-Le-Venise-300x214.jpg 300w\" sizes=\"auto, (max-width: 577px) 100vw, 577px\" \/><\/figure>\n<\/div>\n\n\n\n<div class=\"wp-block-column is-layout-flow wp-block-column-is-layout-flow\">\n<p class=\"has-small-font-size\"><strong>Les horaires<\/strong> :<br>lundi : 09h30-13h00<br>mardi : 17h30-21h30<br>du mercredi au dimanche : 10h30-13h00 ; 17h30-21h30<br><strong>L&rsquo;adresse<\/strong> : 16 Grande Rue, 74910 Seyssel<br>\ud83d\udcde 04 50 56 16 85<br>\ud83c\udf10 <a href=\"https:\/\/www.facebook.com\/Pizzeria-Le-Venise-146277825413455\">www.facebook.com\/Pizzeria-Le-Venise-146277825413455<\/a><\/p>\n<\/div>\n\n\n\n<div class=\"wp-block-column is-layout-flow wp-block-column-is-layout-flow\"><\/div>\n<\/div>\n\n\n\n<p class=\"has-text-align-center\"><strong>\u00ab\u00a0Le Gallatin\u00a0\u00bb Kebab Pizza<\/strong><\/p>\n\n\n\n<div class=\"wp-block-columns is-layout-flex wp-container-core-columns-is-layout-9d6595d7 wp-block-columns-is-layout-flex\">\n<div class=\"wp-block-column is-layout-flow wp-block-column-is-layout-flow\">\n<figure class=\"wp-block-image size-large is-style-default\"><img loading=\"lazy\" decoding=\"async\" width=\"960\" height=\"720\" src=\"https:\/\/seyssel74.com\/wp-content\/uploads\/2021\/05\/Le-Callatin-Kebab.jpg\" alt=\"Le Callatin Kebab\" class=\"wp-image-2340\" srcset=\"https:\/\/seyssel74.com\/wp-content\/uploads\/2021\/05\/Le-Callatin-Kebab.jpg 960w, https:\/\/seyssel74.com\/wp-content\/uploads\/2021\/05\/Le-Callatin-Kebab-300x225.jpg 300w, https:\/\/seyssel74.com\/wp-content\/uploads\/2021\/05\/Le-Callatin-Kebab-768x576.jpg 768w\" sizes=\"auto, (max-width: 960px) 100vw, 960px\" \/><\/figure>\n<\/div>\n\n\n\n<div class=\"wp-block-column is-layout-flow wp-block-column-is-layout-flow\">\n<p class=\"has-small-font-size\"><strong>Les horaires<\/strong> :<br>lundi, mercredi, jeudi, dimanche : 11h00-14h00 ; 17h30-22h00<br>vendredi, samedi :  11h00-14h00 ; 17h30-22h30 <br><strong>L&rsquo;adresse<\/strong> : 3 place du Galatin, 74910 Seyssel<br>\ud83d\udcde 04 50 59 98 24<br>\ud83c\udf10 <a href=\"https:\/\/www.facebook.com\/Le-Gallatin-Kebab-Pizza-155273301804182\">www.facebook.com\/Le-Gallatin-Kebab-Pizza-155273301804182<\/a><\/p>\n<\/div>\n\n\n\n<div class=\"wp-block-column is-layout-flow wp-block-column-is-layout-flow\"><\/div>\n<\/div>\n\n\n\n<p class=\"has-text-align-center\"><strong>\u00ab\u00a0<strong>Golden Burger<\/strong>\u00a0\u00bb Kebab Tacos Burger<\/strong><\/p>\n\n\n\n<div class=\"wp-block-columns is-layout-flex wp-container-core-columns-is-layout-9d6595d7 wp-block-columns-is-layout-flex\">\n<div class=\"wp-block-column is-layout-flow wp-block-column-is-layout-flow\">\n<figure class=\"wp-block-image size-large is-style-default\"><img loading=\"lazy\" decoding=\"async\" width=\"720\" height=\"723\" src=\"https:\/\/seyssel74.com\/wp-content\/uploads\/2021\/05\/BMH-Kebab-Tacos-Burger.jpg\" alt=\"BMH Kebab Tacos Burger\" class=\"wp-image-2348\" srcset=\"https:\/\/seyssel74.com\/wp-content\/uploads\/2021\/05\/BMH-Kebab-Tacos-Burger.jpg 720w, https:\/\/seyssel74.com\/wp-content\/uploads\/2021\/05\/BMH-Kebab-Tacos-Burger-300x300.jpg 300w, https:\/\/seyssel74.com\/wp-content\/uploads\/2021\/05\/BMH-Kebab-Tacos-Burger-150x150.jpg 150w\" sizes=\"auto, (max-width: 720px) 100vw, 720px\" \/><\/figure>\n<\/div>\n\n\n\n<div class=\"wp-block-column is-layout-flow wp-block-column-is-layout-flow\">\n<p class=\"has-small-font-size\"><strong>Les horaires<\/strong> :<br>du mercredi au samedi : 11h30-14h30 ; 18h30 &#8211; 01h00<br>mardi, dimanche : 18h30 &#8211; 01h00<br>lundi : ferm\u00e9<br><strong>L&rsquo;adresse<\/strong> : 18 place de la R\u00e9publique, 01420 Seyssel Ain<br>\ud83d\udcde 09 70 92 83 25<br>\ud83c\udf10 <a href=\"https:\/\/www.facebook.com\/goldenburgerseyssel\">www.facebook.com\/goldenburgerseyssel<\/a><\/p>\n<\/div>\n\n\n\n<div class=\"wp-block-column is-layout-flow wp-block-column-is-layout-flow\"><\/div>\n<\/div>\n\n\n\n<p class=\"has-text-align-center\"><strong>Le food truck 2 Seyssel<\/strong><\/p>\n\n\n\n<div class=\"wp-block-columns is-layout-flex wp-container-core-columns-is-layout-9d6595d7 wp-block-columns-is-layout-flex\">\n<div class=\"wp-block-column is-layout-flow wp-block-column-is-layout-flow\">\n<figure class=\"wp-block-image size-large is-style-default\"><img loading=\"lazy\" decoding=\"async\" width=\"1440\" height=\"808\" src=\"https:\/\/seyssel74.com\/wp-content\/uploads\/2021\/05\/Le-food-truck-2-Seyssel.jpg\" alt=\"Le food truck 2 Seyssel\" class=\"wp-image-2358\" srcset=\"https:\/\/seyssel74.com\/wp-content\/uploads\/2021\/05\/Le-food-truck-2-Seyssel.jpg 1440w, https:\/\/seyssel74.com\/wp-content\/uploads\/2021\/05\/Le-food-truck-2-Seyssel-300x168.jpg 300w, https:\/\/seyssel74.com\/wp-content\/uploads\/2021\/05\/Le-food-truck-2-Seyssel-768x431.jpg 768w\" sizes=\"auto, (max-width: 1440px) 100vw, 1440px\" \/><\/figure>\n<\/div>\n\n\n\n<div class=\"wp-block-column is-layout-flow wp-block-column-is-layout-flow\">\n<p class=\"has-small-font-size\"><br>\ud83d\udcde 06 62 51 84 27<br>\ud83d\udce7 seysselfoodtruck@gmail.com<br>\ud83c\udf10<a href=\"https:\/\/www.facebook.com\/foodtruckseyssel\">https:\/\/www.facebook.com\/foodtruckseyssel<\/a><\/p>\n<\/div>\n\n\n\n<div class=\"wp-block-column is-layout-flow wp-block-column-is-layout-flow\"><\/div>\n<\/div>\n\n\n\n<p class=\"has-text-align-center\"><strong>N&amp;N<\/strong> <strong>Snack<\/strong><\/p>\n\n\n\n<div class=\"wp-block-columns is-layout-flex wp-container-core-columns-is-layout-9d6595d7 wp-block-columns-is-layout-flex\">\n<div class=\"wp-block-column is-layout-flow wp-block-column-is-layout-flow\">\n<figure class=\"wp-block-image size-full is-style-default\"><img loading=\"lazy\" decoding=\"async\" width=\"828\" height=\"500\" src=\"https:\/\/seyssel74.com\/wp-content\/uploads\/2025\/02\/NN-snack-2025.jpg\" alt=\"\" class=\"wp-image-19220\" srcset=\"https:\/\/seyssel74.com\/wp-content\/uploads\/2025\/02\/NN-snack-2025.jpg 828w, https:\/\/seyssel74.com\/wp-content\/uploads\/2025\/02\/NN-snack-2025-300x181.jpg 300w, https:\/\/seyssel74.com\/wp-content\/uploads\/2025\/02\/NN-snack-2025-768x464.jpg 768w\" sizes=\"auto, (max-width: 828px) 100vw, 828px\" \/><\/figure>\n<\/div>\n\n\n\n<div class=\"wp-block-column is-layout-flow wp-block-column-is-layout-flow\">\n<p class=\"has-small-font-size\"><strong>L&rsquo;adresse<\/strong> : parking de la pharmacie Seyssel 74<br>\ud83d\udcde 07 82 00 88 23<br>\ud83c\udf10 <a href=\"https:\/\/www.facebook.com\/profile.php?id=100095378987420\">https:\/\/www.facebook.com\/profile.php?id=100095378987420<\/a><\/p>\n<\/div>\n\n\n\n<div class=\"wp-block-column is-layout-flow wp-block-column-is-layout-flow\"><\/div>\n<\/div>\n\n\n\n<p class=\"has-text-align-center\"><strong>Pizza APF <\/strong><\/p>\n\n\n\n<div class=\"wp-block-columns is-layout-flex wp-container-core-columns-is-layout-9d6595d7 wp-block-columns-is-layout-flex\">\n<div class=\"wp-block-column is-layout-flow wp-block-column-is-layout-flow\">\n<figure class=\"wp-block-image size-full\"><img loading=\"lazy\" decoding=\"async\" width=\"441\" height=\"675\" src=\"https:\/\/seyssel74.com\/wp-content\/uploads\/2021\/11\/apf-pizza-seyssel.jpg\" alt=\"APF pizza Seyssel\" class=\"wp-image-6893\" srcset=\"https:\/\/seyssel74.com\/wp-content\/uploads\/2021\/11\/apf-pizza-seyssel.jpg 441w, https:\/\/seyssel74.com\/wp-content\/uploads\/2021\/11\/apf-pizza-seyssel-196x300.jpg 196w\" sizes=\"auto, (max-width: 441px) 100vw, 441px\" \/><\/figure>\n<\/div>\n\n\n\n<div class=\"wp-block-column is-layout-flow wp-block-column-is-layout-flow\">\n<p class=\"has-small-font-size\"><strong>Les horaires<\/strong> :<br>mardi, samedi, dimanche : 11h00-13h00 ; 18h00-21h00 ;<br>lundi, vendredi : 18h00-21h00<br><strong>L&rsquo;adresse<\/strong> : 22 Grande Rue, 74910 Seyssel<br>\ud83d\udcde 06 21 60 31 80<\/p>\n<\/div>\n\n\n\n<div class=\"wp-block-column is-layout-flow wp-block-column-is-layout-flow\"><\/div>\n<\/div>\n\n\n\n<p class=\"has-text-align-center\"><strong>SUSHI GO<\/strong><\/p>\n\n\n\n<div class=\"wp-block-columns is-layout-flex wp-container-core-columns-is-layout-9d6595d7 wp-block-columns-is-layout-flex\">\n<div class=\"wp-block-column is-layout-flow wp-block-column-is-layout-flow\">\n<figure class=\"wp-block-image size-large\"><img loading=\"lazy\" decoding=\"async\" width=\"768\" height=\"1024\" src=\"https:\/\/seyssel74.com\/wp-content\/uploads\/2022\/09\/SUSHI-GO-768x1024.jpg\" alt=\"\" class=\"wp-image-9986\" srcset=\"https:\/\/seyssel74.com\/wp-content\/uploads\/2022\/09\/SUSHI-GO-768x1024.jpg 768w, https:\/\/seyssel74.com\/wp-content\/uploads\/2022\/09\/SUSHI-GO-225x300.jpg 225w, https:\/\/seyssel74.com\/wp-content\/uploads\/2022\/09\/SUSHI-GO-1152x1536.jpg 1152w, https:\/\/seyssel74.com\/wp-content\/uploads\/2022\/09\/SUSHI-GO.jpg 1536w\" sizes=\"auto, (max-width: 768px) 100vw, 768px\" \/><\/figure>\n<\/div>\n\n\n\n<div class=\"wp-block-column is-layout-flow wp-block-column-is-layout-flow\">\n<p class=\"has-small-font-size\"><strong>Les horaires<\/strong> :<br>du mardi au samedi : 11h00-13h30 ; 18h00-21h30 <br><strong>L&rsquo;adresse<\/strong> : 13 Quai \u00c9douard S\u00e9rullaz, 01420 Seyssel Ain<br>\ud83d\udcde 09 50 61 74 30<br>\ud83c\udf10<a href=\"https:\/\/www.facebook.com\/SushiGoSeyssel\/\">https:\/\/www.facebook.com\/SushiGoSeyssel\/<\/a><\/p>\n<\/div>\n\n\n\n<div class=\"wp-block-column is-layout-flow wp-block-column-is-layout-flow\"><\/div>\n<\/div>\n\n\n\n<p class=\"has-text-align-center\"><strong>Juste pour le plaisir<\/strong><\/p>\n\n\n\n<div class=\"wp-block-columns is-layout-flex wp-container-core-columns-is-layout-9d6595d7 wp-block-columns-is-layout-flex\">\n<div class=\"wp-block-column is-layout-flow wp-block-column-is-layout-flow\">\n<figure class=\"wp-block-image size-large\"><img loading=\"lazy\" decoding=\"async\" width=\"1365\" height=\"1024\" src=\"https:\/\/seyssel74.com\/wp-content\/uploads\/2023\/06\/Juste-pour-le-plaisir-1365x1024.jpg\" alt=\"\" class=\"wp-image-13587\" srcset=\"https:\/\/seyssel74.com\/wp-content\/uploads\/2023\/06\/Juste-pour-le-plaisir-1365x1024.jpg 1365w, https:\/\/seyssel74.com\/wp-content\/uploads\/2023\/06\/Juste-pour-le-plaisir-300x225.jpg 300w, https:\/\/seyssel74.com\/wp-content\/uploads\/2023\/06\/Juste-pour-le-plaisir-768x576.jpg 768w, https:\/\/seyssel74.com\/wp-content\/uploads\/2023\/06\/Juste-pour-le-plaisir-1536x1152.jpg 1536w, https:\/\/seyssel74.com\/wp-content\/uploads\/2023\/06\/Juste-pour-le-plaisir.jpg 2048w\" sizes=\"auto, (max-width: 1365px) 100vw, 1365px\" \/><\/figure>\n<\/div>\n\n\n\n<div class=\"wp-block-column is-layout-flow wp-block-column-is-layout-flow\">\n<p class=\"has-small-font-size\"><strong>Les horaires<\/strong> :<br>lundi, jeudi : 10h00-14h00 ; 17h30-21h00 <br>mercredi : 17h30-21h00<br>vendredi, samedi : 11h00 &#8211; 22h00<br>dimanche : 10h00-14h30<br><strong>L&rsquo;adresse<\/strong> : 4-6 Quai du Rh\u00f4ne, 74910 Seyssel<br>\ud83d\udcde 06 08 05 02 76<br>\ud83c\udf10<a href=\"https:\/\/www.facebook.com\/profile.php?id=100092352524496\"> https:\/\/www.facebook.com\/profile.php?id=100092352524496<\/a><\/p>\n<\/div>\n\n\n\n<div class=\"wp-block-column is-layout-flow wp-block-column-is-layout-flow\">\n<p><\/p>\n<\/div>\n<\/div>\n\n\n\n<p>Informations indicatives, sous r\u00e9serve de changement. Si n\u00e9cessaire, veuillez v\u00e9rifier aupr\u00e8s des \u00e9tablissements concern\u00e9s<\/p>\n\n\n\n<p><\/p>\n","protected":false},"excerpt":{"rendered":"<p>\ud83c\udfe1 &gt;&nbsp;Tourisme \/ Loisirs &gt;&nbsp;O\u00f9 manger &gt; \u00c0 emporter Pizzeria \u00ab\u00a0Le Venise\u00a0\u00bb Les horaires :lundi : 09h30-13h00mardi : 17h30-21h30du mercredi au dimanche : 10h30-13h00 ; 17h30-21h30L&rsquo;adresse : 16 Grande Rue, 74910 Seyssel\ud83d\udcde 04 50 56 16 85\ud83c\udf10 www.facebook.com\/Pizzeria-Le-Venise-146277825413455 \u00ab\u00a0Le Gallatin\u00a0\u00bb Kebab Pizza Les horaires :lundi, mercredi, jeudi, dimanche : 11h00-14h00 ; 17h30-22h00vendredi, samedi : 11h00-14h00 [&hellip;]<\/p>\n","protected":false},"author":1,"featured_media":0,"parent":808,"menu_order":3,"comment_status":"closed","ping_status":"closed","template":"","meta":{"ocean_post_layout":"","ocean_both_sidebars_style":"","ocean_both_sidebars_content_width":0,"ocean_both_sidebars_sidebars_width":0,"ocean_sidebar":"0","ocean_second_sidebar":"0","ocean_disable_margins":"enable","ocean_add_body_class":"","ocean_shortcode_before_top_bar":"","ocean_shortcode_after_top_bar":"","ocean_shortcode_before_header":"","ocean_shortcode_after_header":"","ocean_has_shortcode":"","ocean_shortcode_after_title":"","ocean_shortcode_before_footer_widgets":"","ocean_shortcode_after_footer_widgets":"","ocean_shortcode_before_footer_bottom":"","ocean_shortcode_after_footer_bottom":"","ocean_display_top_bar":"default","ocean_display_header":"default","ocean_header_style":"","ocean_center_header_left_menu":"0","ocean_custom_header_template":"0","ocean_custom_logo":0,"ocean_custom_retina_logo":0,"ocean_custom_logo_max_width":0,"ocean_custom_logo_tablet_max_width":0,"ocean_custom_logo_mobile_max_width":0,"ocean_custom_logo_max_height":0,"ocean_custom_logo_tablet_max_height":0,"ocean_custom_logo_mobile_max_height":0,"ocean_header_custom_menu":"0","ocean_menu_typo_font_family":"0","ocean_menu_typo_font_subset":"","ocean_menu_typo_font_size":0,"ocean_menu_typo_font_size_tablet":0,"ocean_menu_typo_font_size_mobile":0,"ocean_menu_typo_font_size_unit":"px","ocean_menu_typo_font_weight":"","ocean_menu_typo_font_weight_tablet":"","ocean_menu_typo_font_weight_mobile":"","ocean_menu_typo_transform":"","ocean_menu_typo_transform_tablet":"","ocean_menu_typo_transform_mobile":"","ocean_menu_typo_line_height":0,"ocean_menu_typo_line_height_tablet":0,"ocean_menu_typo_line_height_mobile":0,"ocean_menu_typo_line_height_unit":"","ocean_menu_typo_spacing":0,"ocean_menu_typo_spacing_tablet":0,"ocean_menu_typo_spacing_mobile":0,"ocean_menu_typo_spacing_unit":"","ocean_menu_link_color":"","ocean_menu_link_color_hover":"","ocean_menu_link_color_active":"","ocean_menu_link_background":"","ocean_menu_link_hover_background":"","ocean_menu_link_active_background":"","ocean_menu_social_links_bg":"","ocean_menu_social_hover_links_bg":"","ocean_menu_social_links_color":"","ocean_menu_social_hover_links_color":"","ocean_disable_title":"default","ocean_disable_heading":"default","ocean_post_title":"","ocean_post_subheading":"","ocean_post_title_style":"","ocean_post_title_background_color":"","ocean_post_title_background":0,"ocean_post_title_bg_image_position":"","ocean_post_title_bg_image_attachment":"","ocean_post_title_bg_image_repeat":"","ocean_post_title_bg_image_size":"","ocean_post_title_height":0,"ocean_post_title_bg_overlay":0.5,"ocean_post_title_bg_overlay_color":"","ocean_disable_breadcrumbs":"default","ocean_breadcrumbs_color":"","ocean_breadcrumbs_separator_color":"","ocean_breadcrumbs_links_color":"","ocean_breadcrumbs_links_hover_color":"","ocean_display_footer_widgets":"default","ocean_display_footer_bottom":"default","ocean_custom_footer_template":"0","ofc_meta_disable_footer_callout":"","ofc_meta_callout_button_url":"","ofc_meta_callout_button_txt":"","ofc_meta_callout_text":"","ofc_enable_fullscreen":"disable","ofc_fullscreen_speed":0,"ofc_fullscreen_nav":"enable","ofc_fullscreen_nav_pos":"right","ofc_fullscreen_nav_color":"","ofc_fullscreen_nav_tooltip_color":"","ofc_fullscreen_responsive":0,"osp_disable_panel":"default","osh_disable_topbar_sticky":"default","osh_disable_header_sticky":"default","osh_sticky_header_style":"default","osh_sticky_header_effect":"","osh_custom_sticky_logo":0,"osh_custom_retina_sticky_logo":0,"osh_custom_sticky_logo_height":0,"osh_background_color":"","osh_links_color":"","osh_links_hover_color":"","osh_links_active_color":"","osh_links_bg_color":"","osh_links_hover_bg_color":"","osh_links_active_bg_color":"","osh_menu_social_links_color":"","osh_menu_social_hover_links_color":"","footnotes":""},"class_list":["post-1141","page","type-page","status-publish","hentry","entry"],"_links":{"self":[{"href":"https:\/\/seyssel74.com\/index.php\/wp-json\/wp\/v2\/pages\/1141","targetHints":{"allow":["GET"]}}],"collection":[{"href":"https:\/\/seyssel74.com\/index.php\/wp-json\/wp\/v2\/pages"}],"about":[{"href":"https:\/\/seyssel74.com\/index.php\/wp-json\/wp\/v2\/types\/page"}],"author":[{"embeddable":true,"href":"https:\/\/seyssel74.com\/index.php\/wp-json\/wp\/v2\/users\/1"}],"replies":[{"embeddable":true,"href":"https:\/\/seyssel74.com\/index.php\/wp-json\/wp\/v2\/comments?post=1141"}],"version-history":[{"count":72,"href":"https:\/\/seyssel74.com\/index.php\/wp-json\/wp\/v2\/pages\/1141\/revisions"}],"predecessor-version":[{"id":19221,"href":"https:\/\/seyssel74.com\/index.php\/wp-json\/wp\/v2\/pages\/1141\/revisions\/19221"}],"up":[{"embeddable":true,"href":"https:\/\/seyssel74.com\/index.php\/wp-json\/wp\/v2\/pages\/808"}],"wp:attachment":[{"href":"https:\/\/seyssel74.com\/index.php\/wp-json\/wp\/v2\/media?parent=1141"}],"curies":[{"name":"wp","href":"https:\/\/api.w.org\/{rel}","templated":true}]}}