{"id":1138,"date":"2020-11-22T23:31:14","date_gmt":"2020-11-22T22:31:14","guid":{"rendered":"http:\/\/seyssel74.com\/?page_id=1138"},"modified":"2025-09-25T01:16:24","modified_gmt":"2025-09-24T23:16:24","slug":"bars","status":"publish","type":"page","link":"https:\/\/seyssel74.com\/index.php\/tourisme-loisirs\/ou-manger\/bars\/","title":{"rendered":"Bars"},"content":{"rendered":"\n<p class=\"has-small-font-size\"><a href=\"https:\/\/seyssel74.com\/\">\ud83c\udfe1<\/a> &gt;&nbsp;<a href=\"https:\/\/seyssel74.com\/index.php\/tourisme-loisirs\/\">Tourisme \/ Loisirs<\/a> &gt;&nbsp;<a href=\"https:\/\/seyssel74.com\/index.php\/tourisme-loisirs\/ou-manger\/\">O\u00f9 manger<\/a> &gt; <a href=\"https:\/\/seyssel74.com\/index.php\/tourisme-loisirs\/ou-manger\/bars\/\">Bars<\/a><\/p>\n\n\n\n<p class=\"has-text-align-center\"><strong>Bar \u00ab\u00a0Le Cellier\u00a0\u00bb<\/strong><\/p>\n\n\n\n<div class=\"wp-block-columns is-layout-flex wp-container-core-columns-is-layout-9d6595d7 wp-block-columns-is-layout-flex\">\n<div class=\"wp-block-column is-layout-flow wp-block-column-is-layout-flow\">\n<figure class=\"wp-block-image size-large is-style-default\"><img loading=\"lazy\" decoding=\"async\" width=\"999\" height=\"783\" src=\"https:\/\/seyssel74.com\/wp-content\/uploads\/2021\/05\/bar-le-cellier.jpg\" alt=\"bar le cellier\" class=\"wp-image-2297\" srcset=\"https:\/\/seyssel74.com\/wp-content\/uploads\/2021\/05\/bar-le-cellier.jpg 999w, https:\/\/seyssel74.com\/wp-content\/uploads\/2021\/05\/bar-le-cellier-300x235.jpg 300w, https:\/\/seyssel74.com\/wp-content\/uploads\/2021\/05\/bar-le-cellier-768x602.jpg 768w\" sizes=\"auto, (max-width: 999px) 100vw, 999px\" \/><\/figure>\n<\/div>\n\n\n\n<div class=\"wp-block-column is-layout-flow wp-block-column-is-layout-flow\">\n<p class=\"has-small-font-size\"><br><br><br><strong>Les horaires<\/strong> :<br>ouvert toute l&rsquo;ann\u00e9e<br><strong>L&rsquo;adresse<\/strong> : 27 Grande Rue, 74910 Seyssel<br>\ud83d\udcde 04 50 56 15 10<\/p>\n<\/div>\n\n\n\n<div class=\"wp-block-column is-layout-flow wp-block-column-is-layout-flow\"><\/div>\n<\/div>\n\n\n\n<p class=\"has-text-align-center\"><strong>Bar \u00ab\u00a0Le Pichet D&rsquo;ambre\u00a0\u00bb<\/strong><\/p>\n\n\n\n<div class=\"wp-block-columns is-layout-flex wp-container-core-columns-is-layout-9d6595d7 wp-block-columns-is-layout-flex\">\n<div class=\"wp-block-column is-layout-flow wp-block-column-is-layout-flow\">\n<figure class=\"wp-block-image size-large is-style-default\"><img loading=\"lazy\" decoding=\"async\" width=\"825\" height=\"795\" src=\"https:\/\/seyssel74.com\/wp-content\/uploads\/2021\/05\/Le-Pichet-Dambre.jpg\" alt=\"Le Pichet D'ambre\" class=\"wp-image-2304\" srcset=\"https:\/\/seyssel74.com\/wp-content\/uploads\/2021\/05\/Le-Pichet-Dambre.jpg 825w, https:\/\/seyssel74.com\/wp-content\/uploads\/2021\/05\/Le-Pichet-Dambre-300x289.jpg 300w, https:\/\/seyssel74.com\/wp-content\/uploads\/2021\/05\/Le-Pichet-Dambre-768x740.jpg 768w\" sizes=\"auto, (max-width: 825px) 100vw, 825px\" \/><\/figure>\n<\/div>\n\n\n\n<div class=\"wp-block-column is-layout-flow wp-block-column-is-layout-flow\">\n<p class=\"has-small-font-size\"><br><br><br><strong>Les horaires<\/strong> :<br>lundi, du mercredi au dimanche : 07h30-20h00<br>mardi : ferm\u00e9<br><strong>L&rsquo;adresse<\/strong> : 4 Grande Rue, 74910 Seyssel<br>\ud83d\udcde 04 50 56 21 53<\/p>\n<\/div>\n\n\n\n<div class=\"wp-block-column is-layout-flow wp-block-column-is-layout-flow\"><\/div>\n<\/div>\n\n\n\n<p class=\"has-text-align-center\"><strong>Bar \u00ab\u00a0La Plage\u00a0\u00bb<\/strong><\/p>\n\n\n\n<div class=\"wp-block-columns is-layout-flex wp-container-core-columns-is-layout-9d6595d7 wp-block-columns-is-layout-flex\">\n<div class=\"wp-block-column is-layout-flow wp-block-column-is-layout-flow\">\n<figure class=\"wp-block-image size-large is-style-default\"><img loading=\"lazy\" decoding=\"async\" width=\"1365\" height=\"1024\" src=\"https:\/\/seyssel74.com\/wp-content\/uploads\/2021\/05\/bar-la-plage-1365x1024.jpg\" alt=\"bar la plage\" class=\"wp-image-2312\" srcset=\"https:\/\/seyssel74.com\/wp-content\/uploads\/2021\/05\/bar-la-plage-1365x1024.jpg 1365w, https:\/\/seyssel74.com\/wp-content\/uploads\/2021\/05\/bar-la-plage-300x225.jpg 300w, https:\/\/seyssel74.com\/wp-content\/uploads\/2021\/05\/bar-la-plage-768x576.jpg 768w, https:\/\/seyssel74.com\/wp-content\/uploads\/2021\/05\/bar-la-plage.jpg 1440w\" sizes=\"auto, (max-width: 1365px) 100vw, 1365px\" \/><\/figure>\n<\/div>\n\n\n\n<div class=\"wp-block-column is-layout-flow wp-block-column-is-layout-flow\">\n<p class=\"has-small-font-size\"><strong>Les horaires<\/strong> :<br>mercredi, jeudi : 12h00 &#8211; 17h00 ;<br>dimanche : 12h00 &#8211; 21h00 ;<br>vendredi, samedi : 12h00 &#8211; 22h00<br><strong>L&rsquo;adresse<\/strong> : base nautique aqualoisirs, 01420 Seyssel Ain<br>\ud83d\udcde 09 73 57 76 74<br>\ud83d\udce7 restaurantlaplage@outlook.fr<br>\ud83c\udf10 <a href=\"https:\/\/www.facebook.com\/restaurantaplageseyssel\">www.facebook.com\/restaurantaplageseyssel<\/a><\/p>\n<\/div>\n\n\n\n<div class=\"wp-block-column is-layout-flow wp-block-column-is-layout-flow\"><\/div>\n<\/div>\n\n\n\n<p class=\"has-text-align-center\"><strong>Bar \u00ab\u00a0Le Richemond\u00a0\u00bb<\/strong><\/p>\n\n\n\n<div class=\"wp-block-columns is-layout-flex wp-container-core-columns-is-layout-9d6595d7 wp-block-columns-is-layout-flex\">\n<div class=\"wp-block-column is-layout-flow wp-block-column-is-layout-flow\">\n<figure class=\"wp-block-image size-large is-style-default\"><img loading=\"lazy\" decoding=\"async\" width=\"1707\" height=\"960\" src=\"https:\/\/seyssel74.com\/wp-content\/uploads\/2021\/05\/bar-le-richemond.jpg\" alt=\"bar le richemond\" class=\"wp-image-2324\" srcset=\"https:\/\/seyssel74.com\/wp-content\/uploads\/2021\/05\/bar-le-richemond.jpg 1707w, https:\/\/seyssel74.com\/wp-content\/uploads\/2021\/05\/bar-le-richemond-300x169.jpg 300w, https:\/\/seyssel74.com\/wp-content\/uploads\/2021\/05\/bar-le-richemond-768x432.jpg 768w, https:\/\/seyssel74.com\/wp-content\/uploads\/2021\/05\/bar-le-richemond-1536x864.jpg 1536w\" sizes=\"auto, (max-width: 1707px) 100vw, 1707px\" \/><\/figure>\n<\/div>\n\n\n\n<div class=\"wp-block-column is-layout-flow wp-block-column-is-layout-flow\">\n<p class=\"has-small-font-size\"><strong>Les horaires<\/strong> :<br>du lundi au samedi : 07h00-21h00<br>dimanche : 08h00-21h00<br><strong>L&rsquo;adresse<\/strong> : 16 place de la R\u00e9publique, 01420 Seyssel Ain<br>\ud83d\udcde 04 50 59 32 27<br>\ud83d\udce7 maryvonne.debourges@sfr.fr<br>\ud83c\udf10 <a href=\"https:\/\/www.facebook.com\/Bar-Le-Richemond-445759079221362\/\">www.facebook.com\/Bar-Le-Richemond-445759079221362<\/a><\/p>\n<\/div>\n\n\n\n<div class=\"wp-block-column is-layout-flow wp-block-column-is-layout-flow\"><\/div>\n<\/div>\n\n\n\n<p>Informations indicatives, sous r\u00e9serve de changement. Si n\u00e9cessaire, veuillez v\u00e9rifier aupr\u00e8s des \u00e9tablissements concern\u00e9s<\/p>\n","protected":false},"excerpt":{"rendered":"<p>\ud83c\udfe1 &gt;&nbsp;Tourisme \/ Loisirs &gt;&nbsp;O\u00f9 manger &gt; Bars Bar \u00ab\u00a0Le Cellier\u00a0\u00bb Les horaires :ouvert toute l&rsquo;ann\u00e9eL&rsquo;adresse : 27 Grande Rue, 74910 Seyssel\ud83d\udcde 04 50 56 15 10 Bar \u00ab\u00a0Le Pichet D&rsquo;ambre\u00a0\u00bb Les horaires :lundi, du mercredi au dimanche : 07h30-20h00mardi : ferm\u00e9L&rsquo;adresse : 4 Grande Rue, 74910 Seyssel\ud83d\udcde 04 50 56 21 53 Bar \u00ab\u00a0La [&hellip;]<\/p>\n","protected":false},"author":1,"featured_media":0,"parent":808,"menu_order":2,"comment_status":"closed","ping_status":"closed","template":"","meta":{"ocean_post_layout":"","ocean_both_sidebars_style":"","ocean_both_sidebars_content_width":0,"ocean_both_sidebars_sidebars_width":0,"ocean_sidebar":"0","ocean_second_sidebar":"0","ocean_disable_margins":"enable","ocean_add_body_class":"","ocean_shortcode_before_top_bar":"","ocean_shortcode_after_top_bar":"","ocean_shortcode_before_header":"","ocean_shortcode_after_header":"","ocean_has_shortcode":"","ocean_shortcode_after_title":"","ocean_shortcode_before_footer_widgets":"","ocean_shortcode_after_footer_widgets":"","ocean_shortcode_before_footer_bottom":"","ocean_shortcode_after_footer_bottom":"","ocean_display_top_bar":"default","ocean_display_header":"default","ocean_header_style":"","ocean_center_header_left_menu":"0","ocean_custom_header_template":"0","ocean_custom_logo":0,"ocean_custom_retina_logo":0,"ocean_custom_logo_max_width":0,"ocean_custom_logo_tablet_max_width":0,"ocean_custom_logo_mobile_max_width":0,"ocean_custom_logo_max_height":0,"ocean_custom_logo_tablet_max_height":0,"ocean_custom_logo_mobile_max_height":0,"ocean_header_custom_menu":"0","ocean_menu_typo_font_family":"0","ocean_menu_typo_font_subset":"","ocean_menu_typo_font_size":0,"ocean_menu_typo_font_size_tablet":0,"ocean_menu_typo_font_size_mobile":0,"ocean_menu_typo_font_size_unit":"px","ocean_menu_typo_font_weight":"","ocean_menu_typo_font_weight_tablet":"","ocean_menu_typo_font_weight_mobile":"","ocean_menu_typo_transform":"","ocean_menu_typo_transform_tablet":"","ocean_menu_typo_transform_mobile":"","ocean_menu_typo_line_height":0,"ocean_menu_typo_line_height_tablet":0,"ocean_menu_typo_line_height_mobile":0,"ocean_menu_typo_line_height_unit":"","ocean_menu_typo_spacing":0,"ocean_menu_typo_spacing_tablet":0,"ocean_menu_typo_spacing_mobile":0,"ocean_menu_typo_spacing_unit":"","ocean_menu_link_color":"","ocean_menu_link_color_hover":"","ocean_menu_link_color_active":"","ocean_menu_link_background":"","ocean_menu_link_hover_background":"","ocean_menu_link_active_background":"","ocean_menu_social_links_bg":"","ocean_menu_social_hover_links_bg":"","ocean_menu_social_links_color":"","ocean_menu_social_hover_links_color":"","ocean_disable_title":"default","ocean_disable_heading":"default","ocean_post_title":"","ocean_post_subheading":"","ocean_post_title_style":"","ocean_post_title_background_color":"","ocean_post_title_background":0,"ocean_post_title_bg_image_position":"","ocean_post_title_bg_image_attachment":"","ocean_post_title_bg_image_repeat":"","ocean_post_title_bg_image_size":"","ocean_post_title_height":0,"ocean_post_title_bg_overlay":0.5,"ocean_post_title_bg_overlay_color":"","ocean_disable_breadcrumbs":"default","ocean_breadcrumbs_color":"","ocean_breadcrumbs_separator_color":"","ocean_breadcrumbs_links_color":"","ocean_breadcrumbs_links_hover_color":"","ocean_display_footer_widgets":"default","ocean_display_footer_bottom":"default","ocean_custom_footer_template":"0","ofc_meta_disable_footer_callout":"","ofc_meta_callout_button_url":"","ofc_meta_callout_button_txt":"","ofc_meta_callout_text":"","ofc_enable_fullscreen":"disable","ofc_fullscreen_speed":0,"ofc_fullscreen_nav":"enable","ofc_fullscreen_nav_pos":"right","ofc_fullscreen_nav_color":"","ofc_fullscreen_nav_tooltip_color":"","ofc_fullscreen_responsive":0,"osp_disable_panel":"default","osh_disable_topbar_sticky":"default","osh_disable_header_sticky":"default","osh_sticky_header_style":"default","osh_sticky_header_effect":"","osh_custom_sticky_logo":0,"osh_custom_retina_sticky_logo":0,"osh_custom_sticky_logo_height":0,"osh_background_color":"","osh_links_color":"","osh_links_hover_color":"","osh_links_active_color":"","osh_links_bg_color":"","osh_links_hover_bg_color":"","osh_links_active_bg_color":"","osh_menu_social_links_color":"","osh_menu_social_hover_links_color":"","footnotes":""},"class_list":["post-1138","page","type-page","status-publish","hentry","entry"],"_links":{"self":[{"href":"https:\/\/seyssel74.com\/index.php\/wp-json\/wp\/v2\/pages\/1138","targetHints":{"allow":["GET"]}}],"collection":[{"href":"https:\/\/seyssel74.com\/index.php\/wp-json\/wp\/v2\/pages"}],"about":[{"href":"https:\/\/seyssel74.com\/index.php\/wp-json\/wp\/v2\/types\/page"}],"author":[{"embeddable":true,"href":"https:\/\/seyssel74.com\/index.php\/wp-json\/wp\/v2\/users\/1"}],"replies":[{"embeddable":true,"href":"https:\/\/seyssel74.com\/index.php\/wp-json\/wp\/v2\/comments?post=1138"}],"version-history":[{"count":31,"href":"https:\/\/seyssel74.com\/index.php\/wp-json\/wp\/v2\/pages\/1138\/revisions"}],"predecessor-version":[{"id":22190,"href":"https:\/\/seyssel74.com\/index.php\/wp-json\/wp\/v2\/pages\/1138\/revisions\/22190"}],"up":[{"embeddable":true,"href":"https:\/\/seyssel74.com\/index.php\/wp-json\/wp\/v2\/pages\/808"}],"wp:attachment":[{"href":"https:\/\/seyssel74.com\/index.php\/wp-json\/wp\/v2\/media?parent=1138"}],"curies":[{"name":"wp","href":"https:\/\/api.w.org\/{rel}","templated":true}]}}