{"id":1135,"date":"2020-11-22T23:30:50","date_gmt":"2020-11-22T22:30:50","guid":{"rendered":"http:\/\/seyssel74.com\/?page_id=1135"},"modified":"2024-04-14T23:42:05","modified_gmt":"2024-04-14T21:42:05","slug":"restaurants","status":"publish","type":"page","link":"https:\/\/seyssel74.com\/index.php\/tourisme-loisirs\/ou-manger\/restaurants\/","title":{"rendered":"Restaurants"},"content":{"rendered":"\n<p class=\"has-small-font-size\"><a href=\"https:\/\/seyssel74.com\/\">\ud83c\udfe1<\/a> &gt;&nbsp;<a href=\"https:\/\/seyssel74.com\/index.php\/tourisme-loisirs\/\">Tourisme \/ Loisirs<\/a> &gt;&nbsp;<a href=\"https:\/\/seyssel74.com\/index.php\/tourisme-loisirs\/ou-manger\/\">O\u00f9 manger<\/a> &gt; <a href=\"https:\/\/seyssel74.com\/index.php\/tourisme-loisirs\/ou-manger\/restaurants\/\">Restaurants<\/a><\/p>\n\n\n\n<p class=\"has-text-align-center\"><br><strong>H\u00f4tel Restaurant<strong>&nbsp;\u201cLa Maison Michaud\u201d<\/strong><\/strong><br><\/p>\n\n\n\n<div class=\"wp-block-columns is-layout-flex wp-container-core-columns-is-layout-9d6595d7 wp-block-columns-is-layout-flex\">\n<div class=\"wp-block-column is-layout-flow wp-block-column-is-layout-flow\">\n<figure class=\"wp-block-image size-large is-style-default\"><img loading=\"lazy\" decoding=\"async\" width=\"1017\" height=\"672\" src=\"https:\/\/seyssel74.com\/wp-content\/uploads\/2021\/05\/Auberge-de-la-Rotisserie-du-Fier.jpg\" alt=\"Auberge de la R\u00f4tisserie du Fier\" class=\"wp-image-2076\" srcset=\"https:\/\/seyssel74.com\/wp-content\/uploads\/2021\/05\/Auberge-de-la-Rotisserie-du-Fier.jpg 1017w, https:\/\/seyssel74.com\/wp-content\/uploads\/2021\/05\/Auberge-de-la-Rotisserie-du-Fier-300x198.jpg 300w, https:\/\/seyssel74.com\/wp-content\/uploads\/2021\/05\/Auberge-de-la-Rotisserie-du-Fier-768x507.jpg 768w\" sizes=\"auto, (max-width: 1017px) 100vw, 1017px\" \/><\/figure>\n<\/div>\n\n\n\n<div class=\"wp-block-column is-layout-flow wp-block-column-is-layout-flow\">\n<p class=\"has-black-color has-text-color has-small-font-size\"><strong>Cuisines<\/strong> : Fran\u00e7aise<br><strong>Repas<\/strong> : Petit D\u00e9jeuner, D\u00e9jeuner, D\u00eener<br><strong>Les horaires<\/strong> : <br>lundi, du jeudi au dimanche : 12h00-14h00 ; 19h00-21h00<br><strong>L&rsquo;adresse<\/strong> : route de Rumilly, 74910 Seyssel<br>\ud83d\udcde 07 63 19 85 91<br>\ud83d\udce7 la.maison.michaud@gmail.com<br>\ud83c\udf10 <a href=\"https:\/\/lamaisonmichaud.com\/\" data-type=\"URL\" data-id=\"https:\/\/lamaisonmichaud.com\/\">lamaisonmichaud.com<\/a><\/p>\n<\/div>\n\n\n\n<div class=\"wp-block-column is-layout-flow wp-block-column-is-layout-flow\"><\/div>\n<\/div>\n\n\n\n<p><\/p>\n\n\n\n<p class=\"has-text-align-center\"><strong>H\u00f4tel Restaurant \u00ab&nbsp;Au Fil de L\u2019eau<\/strong>&nbsp;<strong>\u00bb<\/strong><br><\/p>\n\n\n\n<div class=\"wp-block-columns is-layout-flex wp-container-core-columns-is-layout-9d6595d7 wp-block-columns-is-layout-flex\">\n<div class=\"wp-block-column is-layout-flow wp-block-column-is-layout-flow\">\n<figure class=\"wp-block-image size-large is-style-default\"><img loading=\"lazy\" decoding=\"async\" width=\"780\" height=\"500\" src=\"https:\/\/seyssel74.com\/wp-content\/uploads\/2021\/05\/Hotel-Restaurant-Au-fil-de-leau.jpg\" alt=\"H\u00f4tel Restaurant Au fil de l'eau\" class=\"wp-image-2082\" srcset=\"https:\/\/seyssel74.com\/wp-content\/uploads\/2021\/05\/Hotel-Restaurant-Au-fil-de-leau.jpg 780w, https:\/\/seyssel74.com\/wp-content\/uploads\/2021\/05\/Hotel-Restaurant-Au-fil-de-leau-300x192.jpg 300w, https:\/\/seyssel74.com\/wp-content\/uploads\/2021\/05\/Hotel-Restaurant-Au-fil-de-leau-768x492.jpg 768w\" sizes=\"auto, (max-width: 780px) 100vw, 780px\" \/><\/figure>\n<\/div>\n\n\n\n<div class=\"wp-block-column is-layout-flow wp-block-column-is-layout-flow\">\n<p class=\"has-small-font-size\"><strong>Cuisines<\/strong> : Fran\u00e7aise, Europ\u00e9en<br><strong>Repas<\/strong> : D\u00e9jeuner, D\u00eener<br><strong>Les horaires<\/strong> :<br>du lundi au samedi : 12h00-13h15 ; 19h00-20h30<br><strong>L&rsquo;adresse<\/strong> : 3 quai du Rh\u00f4ne, 74910 Seyssel<br>\ud83d\udcde 04 50 56 11 84<br>\ud83d\udce7 info@hotelseyssel.fr<br>\ud83c\udf10 <a href=\"https:\/\/www.hotelseyssel.fr\/\">www.hotelseyssel.fr<\/a><br><a href=\"https:\/\/www.facebook.com\/H%C3%B4tel-Restaurant-Au-fil-de-leau-116300445069827\/?ref=page_internal\">www.facebook.com\/H%C3%B4tel-Restaurant-Au-fil-de-leau-116300445069827\/?ref=page_internal<\/a><\/p>\n<\/div>\n\n\n\n<div class=\"wp-block-column is-layout-flow wp-block-column-is-layout-flow\"><\/div>\n<\/div>\n\n\n\n<p class=\"has-text-align-center\"><strong>Table d&rsquo;h\u00f4te<\/strong> <strong>\u00ab\u00a0La P\u00eacherie\u00a0\u00bb<\/strong><\/p>\n\n\n\n<div class=\"wp-block-columns is-layout-flex wp-container-core-columns-is-layout-9d6595d7 wp-block-columns-is-layout-flex\">\n<div class=\"wp-block-column is-layout-flow wp-block-column-is-layout-flow\">\n<figure class=\"wp-block-image size-large is-style-default\"><img loading=\"lazy\" decoding=\"async\" width=\"360\" height=\"269\" src=\"https:\/\/seyssel74.com\/wp-content\/uploads\/2021\/05\/La-Pecherie.jpg\" alt=\"La P\u00eacherie\" class=\"wp-image-2247\" srcset=\"https:\/\/seyssel74.com\/wp-content\/uploads\/2021\/05\/La-Pecherie.jpg 360w, https:\/\/seyssel74.com\/wp-content\/uploads\/2021\/05\/La-Pecherie-300x224.jpg 300w\" sizes=\"auto, (max-width: 360px) 100vw, 360px\" \/><\/figure>\n<\/div>\n\n\n\n<div class=\"wp-block-column is-layout-flow wp-block-column-is-layout-flow\">\n<p class=\"has-small-font-size\"><strong>Cuisines<\/strong> : Fran\u00e7aise<br><strong>Repas<\/strong> : D\u00e9jeuner, D\u00eener<br><strong>Les horaires<\/strong> : de septembre \u00e0 avril<br>Vendredi soir<br>Samedi midi\/soir<br>Dimanche soir<br><strong>L&rsquo;adresse<\/strong> : 5 impasse du Rh\u00f4ne, 74910 Seyssel<br>\ud83d\udcde 04 50 56 70 44<br>\ud83c\udf10 <a href=\"https:\/\/www.facebook.com\/La-P%C3%AAcherie-752233124796669\">www.facebook.com\/La-P%C3%AAcherie-752233124796669<\/a><\/p>\n<\/div>\n\n\n\n<div class=\"wp-block-column is-layout-flow wp-block-column-is-layout-flow\"><\/div>\n<\/div>\n\n\n\n<p class=\"has-text-align-center\"><strong>Bar brasserie restaurant<\/strong> <strong>\u00ab\u00a0Les Allobroges\u00a0\u00bb <\/strong><\/p>\n\n\n\n<div class=\"wp-block-columns is-layout-flex wp-container-core-columns-is-layout-9d6595d7 wp-block-columns-is-layout-flex\">\n<div class=\"wp-block-column is-layout-flow wp-block-column-is-layout-flow\">\n<figure class=\"wp-block-image size-large is-resized is-style-default\"><img loading=\"lazy\" decoding=\"async\" width=\"550\" height=\"550\" src=\"https:\/\/seyssel74.com\/wp-content\/uploads\/2021\/05\/Les-Allobroges-bar-brasserie-restaurant.jpg\" alt=\"Les Allobroges, bar brasserie restaurant\" class=\"wp-image-2229\" style=\"height:280px\" srcset=\"https:\/\/seyssel74.com\/wp-content\/uploads\/2021\/05\/Les-Allobroges-bar-brasserie-restaurant.jpg 550w, https:\/\/seyssel74.com\/wp-content\/uploads\/2021\/05\/Les-Allobroges-bar-brasserie-restaurant-300x300.jpg 300w, https:\/\/seyssel74.com\/wp-content\/uploads\/2021\/05\/Les-Allobroges-bar-brasserie-restaurant-150x150.jpg 150w\" sizes=\"auto, (max-width: 550px) 100vw, 550px\" \/><\/figure>\n<\/div>\n\n\n\n<div class=\"wp-block-column is-layout-flow wp-block-column-is-layout-flow\">\n<p class=\"has-small-font-size\"><strong>Cuisines<\/strong> : Fran\u00e7aise, Europ\u00e9en<br><strong>Repas<\/strong> : D\u00eener<br><strong>Les horaires<\/strong> :<br>dimanche soir des 19h00<br><strong>L&rsquo;adresse<\/strong> : 2 place de l&rsquo;Orme, 74910 Seyssel<br>\ud83d\udcde 04 50 59 54 39<br>\ud83d\udce7 cookie_l006@hotmail.fr<br>\ud83c\udf10 <a href=\"https:\/\/www.facebook.com\/people\/Laure-Les-Allobroges\/100008374094317\">www.facebook.com\/people\/Laure-Les-Allobroges\/100008374094317<\/a><\/p>\n<\/div>\n\n\n\n<div class=\"wp-block-column is-layout-flow wp-block-column-is-layout-flow\"><\/div>\n<\/div>\n\n\n\n<p class=\"has-text-align-center\"><strong>Restaurant pizzeria \u00ab\u00a0Au Vieux Pont\u00a0\u00bb<\/strong><\/p>\n\n\n\n<div class=\"wp-block-columns is-layout-flex wp-container-core-columns-is-layout-9d6595d7 wp-block-columns-is-layout-flex\">\n<div class=\"wp-block-column is-layout-flow wp-block-column-is-layout-flow\">\n<figure class=\"wp-block-image size-large is-style-default\"><img loading=\"lazy\" decoding=\"async\" width=\"1300\" height=\"900\" src=\"https:\/\/seyssel74.com\/wp-content\/uploads\/2021\/05\/Restaurant-pizzeria-Au-Vieux-Pont.jpg\" alt=\"Restaurant pizzeria Au Vieux Pont\" class=\"wp-image-2258\" srcset=\"https:\/\/seyssel74.com\/wp-content\/uploads\/2021\/05\/Restaurant-pizzeria-Au-Vieux-Pont.jpg 1300w, https:\/\/seyssel74.com\/wp-content\/uploads\/2021\/05\/Restaurant-pizzeria-Au-Vieux-Pont-300x208.jpg 300w, https:\/\/seyssel74.com\/wp-content\/uploads\/2021\/05\/Restaurant-pizzeria-Au-Vieux-Pont-768x532.jpg 768w\" sizes=\"auto, (max-width: 1300px) 100vw, 1300px\" \/><\/figure>\n<\/div>\n\n\n\n<div class=\"wp-block-column is-layout-flow wp-block-column-is-layout-flow\">\n<p class=\"has-small-font-size\"><strong>Cuisines<\/strong> : Italien, Europ\u00e9en<br><strong>Repas<\/strong> : D\u00e9jeuner, D\u00eener<br><strong>Les horaires<\/strong> :<br>De mai \u00e0 septembre : ouvert du lundi au samedi : 12h00-13h45 ; 19h00-21h30<br>ferm\u00e9s le mercredi soir et le dimanche<br>La p\u00e9riode hivernale : ferm\u00e9 le mercredi et le dimanche<br><strong>L&rsquo;adresse<\/strong> : 11 quai Serrulaz, 01420 Seyssel Ain<br>\ud83d\udcde 04 50 84 48 32<br>\ud83d\udce7 contact@restaurant-auvieuxpont.fr <br>\ud83c\udf10 <a href=\"https:\/\/www.restaurant-auvieuxpont.fr\/\">www.restaurant-auvieuxpont.fr<\/a><br><a href=\"https:\/\/www.facebook.com\/Restaurant-AU-VIEUX-PONT-110359537509530\/\">www.facebook.com\/Restaurant-AU-VIEUX-PONT-110359537509530<\/a><\/p>\n<\/div>\n\n\n\n<div class=\"wp-block-column is-layout-flow wp-block-column-is-layout-flow\"><\/div>\n<\/div>\n\n\n\n<p class=\"has-text-align-center\"><strong>Restaurant<\/strong> <strong>\u00ab\u00a0Taverne Le Gaulois\u00a0\u00bb<\/strong><\/p>\n\n\n\n<div class=\"wp-block-columns is-layout-flex wp-container-core-columns-is-layout-9d6595d7 wp-block-columns-is-layout-flex\">\n<div class=\"wp-block-column is-layout-flow wp-block-column-is-layout-flow\">\n<figure class=\"wp-block-image size-large is-style-default\"><img loading=\"lazy\" decoding=\"async\" width=\"1365\" height=\"1024\" src=\"https:\/\/seyssel74.com\/wp-content\/uploads\/2024\/04\/431478081_122139392870091205_4366502370361494266_n-1365x1024.jpg\" alt=\"\" class=\"wp-image-16704\" srcset=\"https:\/\/seyssel74.com\/wp-content\/uploads\/2024\/04\/431478081_122139392870091205_4366502370361494266_n-1365x1024.jpg 1365w, https:\/\/seyssel74.com\/wp-content\/uploads\/2024\/04\/431478081_122139392870091205_4366502370361494266_n-300x225.jpg 300w, https:\/\/seyssel74.com\/wp-content\/uploads\/2024\/04\/431478081_122139392870091205_4366502370361494266_n-768x576.jpg 768w, https:\/\/seyssel74.com\/wp-content\/uploads\/2024\/04\/431478081_122139392870091205_4366502370361494266_n-1536x1152.jpg 1536w, https:\/\/seyssel74.com\/wp-content\/uploads\/2024\/04\/431478081_122139392870091205_4366502370361494266_n.jpg 2048w\" sizes=\"auto, (max-width: 1365px) 100vw, 1365px\" \/><\/figure>\n<\/div>\n\n\n\n<div class=\"wp-block-column is-layout-flow wp-block-column-is-layout-flow\">\n<p class=\"has-small-font-size\"><strong>Cuisines<\/strong> : Produits de saison, Produits frais, Cuisine Locale, Terroir<br><strong>Repas<\/strong> : D\u00e9jeuner, diner<br><strong>Les horaires<\/strong> :<br>mercredi : 12h00-14h00<br>jeudi, vendredi, samedi : 12h00-22h00<br>dimanche : 12h00-16h30 <br><strong>L&rsquo;adresse<\/strong> : 11 quai Charles de Gaulle, 01420 Seyssel Ain<br>\ud83d\udcde 06 17 09 82 84<br>\ud83d\udce7 laparenthese74@gmail.com<br>\ud83c\udf10 <a href=\"https:\/\/www.tavernelegaulois.fr\/\">https:\/\/www.tavernelegaulois.fr\/<\/a><br><a href=\"https:\/\/www.facebook.com\/people\/Taverne-Le-Gaulois\/61552736158915\/\">https:\/\/www.facebook.com\/people\/Taverne-Le-Gaulois\/61552736158915\/<\/a><br><a href=\"https:\/\/www.instagram.com\/tavernelegaulois\">https:\/\/www.instagram.com\/tavernelegaulois<\/a><\/p>\n<\/div>\n\n\n\n<div class=\"wp-block-column is-layout-flow wp-block-column-is-layout-flow\"><\/div>\n<\/div>\n\n\n\n<p class=\"has-text-align-center\"><strong>Restaurant bar Brasserie \u00ab\u00a0Le Rive Droite\u00a0\u00bb<\/strong><\/p>\n\n\n\n<div class=\"wp-block-columns is-layout-flex wp-container-core-columns-is-layout-9d6595d7 wp-block-columns-is-layout-flex\">\n<div class=\"wp-block-column is-layout-flow wp-block-column-is-layout-flow\">\n<figure class=\"wp-block-image size-large is-style-default\"><img loading=\"lazy\" decoding=\"async\" width=\"1528\" height=\"1024\" src=\"https:\/\/seyssel74.com\/wp-content\/uploads\/2021\/05\/Hotel-du-Rhone-1528x1024.jpg\" alt=\"H\u00f4tel du Rh\u00f4ne\" class=\"wp-image-2114\" srcset=\"https:\/\/seyssel74.com\/wp-content\/uploads\/2021\/05\/Hotel-du-Rhone-1528x1024.jpg 1528w, https:\/\/seyssel74.com\/wp-content\/uploads\/2021\/05\/Hotel-du-Rhone-300x201.jpg 300w, https:\/\/seyssel74.com\/wp-content\/uploads\/2021\/05\/Hotel-du-Rhone-768x515.jpg 768w, https:\/\/seyssel74.com\/wp-content\/uploads\/2021\/05\/Hotel-du-Rhone-1536x1030.jpg 1536w, https:\/\/seyssel74.com\/wp-content\/uploads\/2021\/05\/Hotel-du-Rhone.jpg 1568w\" sizes=\"auto, (max-width: 1528px) 100vw, 1528px\" \/><\/figure>\n<\/div>\n\n\n\n<div class=\"wp-block-column is-layout-flow wp-block-column-is-layout-flow\">\n<p class=\"has-small-font-size\"><strong>Cuisines<\/strong> : Fran\u00e7aise Traditionnelle, Fait maison, Terroir, Produits frais<br><strong>Repas<\/strong> : D\u00e9jeuner, D\u00eener<br><strong>Les horaires<\/strong> :<br>du lundi au samedi : 11h45-14h30 ; 18h30-21h00<br>dimanche : 11h45-14h30<br><strong>L&rsquo;adresse<\/strong> : 10 quai Charles de Gaulle, 01420 Seyssel Ain<br>\ud83d\udcde 04 50 28 28 39<br>\ud83d\udce7 hoteldurhoneseyssel@gmail.com<br>\ud83c\udf10 <a href=\"https:\/\/hoteldurhone-seyssel.fr\/\">www.lerivedroite-seyssel.fr<\/a><br><a href=\"https:\/\/www.facebook.com\/Le-Rive-Droite-977243972480982\/\">www.facebook.com\/Le-Rive-Droite-977243972480982<\/a><\/p>\n<\/div>\n\n\n\n<div class=\"wp-block-column is-layout-flow wp-block-column-is-layout-flow\"><\/div>\n<\/div>\n\n\n\n<p>Informations indicatives, sous r\u00e9serve de changement. Si n\u00e9cessaire, veuillez v\u00e9rifier aupr\u00e8s des \u00e9tablissements concern\u00e9s<\/p>\n","protected":false},"excerpt":{"rendered":"<p>\ud83c\udfe1 &gt;&nbsp;Tourisme \/ Loisirs &gt;&nbsp;O\u00f9 manger &gt; Restaurants H\u00f4tel Restaurant&nbsp;\u201cLa Maison Michaud\u201d Cuisines : Fran\u00e7aiseRepas : Petit D\u00e9jeuner, D\u00e9jeuner, D\u00eenerLes horaires : lundi, du jeudi au dimanche : 12h00-14h00 ; 19h00-21h00L&rsquo;adresse : route de Rumilly, 74910 Seyssel\ud83d\udcde 07 63 19 85 91\ud83d\udce7 la.maison.michaud@gmail.com\ud83c\udf10 lamaisonmichaud.com H\u00f4tel Restaurant \u00ab&nbsp;Au Fil de L\u2019eau&nbsp;\u00bb Cuisines : Fran\u00e7aise, Europ\u00e9enRepas : [&hellip;]<\/p>\n","protected":false},"author":1,"featured_media":0,"parent":808,"menu_order":1,"comment_status":"closed","ping_status":"closed","template":"","meta":{"ocean_post_layout":"","ocean_both_sidebars_style":"","ocean_both_sidebars_content_width":0,"ocean_both_sidebars_sidebars_width":0,"ocean_sidebar":"0","ocean_second_sidebar":"0","ocean_disable_margins":"enable","ocean_add_body_class":"","ocean_shortcode_before_top_bar":"","ocean_shortcode_after_top_bar":"","ocean_shortcode_before_header":"","ocean_shortcode_after_header":"","ocean_has_shortcode":"","ocean_shortcode_after_title":"","ocean_shortcode_before_footer_widgets":"","ocean_shortcode_after_footer_widgets":"","ocean_shortcode_before_footer_bottom":"","ocean_shortcode_after_footer_bottom":"","ocean_display_top_bar":"default","ocean_display_header":"default","ocean_header_style":"","ocean_center_header_left_menu":"0","ocean_custom_header_template":"0","ocean_custom_logo":0,"ocean_custom_retina_logo":0,"ocean_custom_logo_max_width":0,"ocean_custom_logo_tablet_max_width":0,"ocean_custom_logo_mobile_max_width":0,"ocean_custom_logo_max_height":0,"ocean_custom_logo_tablet_max_height":0,"ocean_custom_logo_mobile_max_height":0,"ocean_header_custom_menu":"0","ocean_menu_typo_font_family":"0","ocean_menu_typo_font_subset":"","ocean_menu_typo_font_size":0,"ocean_menu_typo_font_size_tablet":0,"ocean_menu_typo_font_size_mobile":0,"ocean_menu_typo_font_size_unit":"px","ocean_menu_typo_font_weight":"","ocean_menu_typo_font_weight_tablet":"","ocean_menu_typo_font_weight_mobile":"","ocean_menu_typo_transform":"","ocean_menu_typo_transform_tablet":"","ocean_menu_typo_transform_mobile":"","ocean_menu_typo_line_height":0,"ocean_menu_typo_line_height_tablet":0,"ocean_menu_typo_line_height_mobile":0,"ocean_menu_typo_line_height_unit":"","ocean_menu_typo_spacing":0,"ocean_menu_typo_spacing_tablet":0,"ocean_menu_typo_spacing_mobile":0,"ocean_menu_typo_spacing_unit":"","ocean_menu_link_color":"","ocean_menu_link_color_hover":"","ocean_menu_link_color_active":"","ocean_menu_link_background":"","ocean_menu_link_hover_background":"","ocean_menu_link_active_background":"","ocean_menu_social_links_bg":"","ocean_menu_social_hover_links_bg":"","ocean_menu_social_links_color":"","ocean_menu_social_hover_links_color":"","ocean_disable_title":"default","ocean_disable_heading":"default","ocean_post_title":"","ocean_post_subheading":"","ocean_post_title_style":"","ocean_post_title_background_color":"","ocean_post_title_background":0,"ocean_post_title_bg_image_position":"","ocean_post_title_bg_image_attachment":"","ocean_post_title_bg_image_repeat":"","ocean_post_title_bg_image_size":"","ocean_post_title_height":0,"ocean_post_title_bg_overlay":0.5,"ocean_post_title_bg_overlay_color":"","ocean_disable_breadcrumbs":"default","ocean_breadcrumbs_color":"","ocean_breadcrumbs_separator_color":"","ocean_breadcrumbs_links_color":"","ocean_breadcrumbs_links_hover_color":"","ocean_display_footer_widgets":"default","ocean_display_footer_bottom":"default","ocean_custom_footer_template":"0","ofc_meta_disable_footer_callout":"","ofc_meta_callout_button_url":"","ofc_meta_callout_button_txt":"","ofc_meta_callout_text":"","ofc_enable_fullscreen":"disable","ofc_fullscreen_speed":0,"ofc_fullscreen_nav":"enable","ofc_fullscreen_nav_pos":"right","ofc_fullscreen_nav_color":"","ofc_fullscreen_nav_tooltip_color":"","ofc_fullscreen_responsive":0,"osp_disable_panel":"default","osh_disable_topbar_sticky":"default","osh_disable_header_sticky":"default","osh_sticky_header_style":"default","osh_sticky_header_effect":"","osh_custom_sticky_logo":0,"osh_custom_retina_sticky_logo":0,"osh_custom_sticky_logo_height":0,"osh_background_color":"","osh_links_color":"","osh_links_hover_color":"","osh_links_active_color":"","osh_links_bg_color":"","osh_links_hover_bg_color":"","osh_links_active_bg_color":"","osh_menu_social_links_color":"","osh_menu_social_hover_links_color":"","footnotes":""},"class_list":["post-1135","page","type-page","status-publish","hentry","entry"],"_links":{"self":[{"href":"https:\/\/seyssel74.com\/index.php\/wp-json\/wp\/v2\/pages\/1135","targetHints":{"allow":["GET"]}}],"collection":[{"href":"https:\/\/seyssel74.com\/index.php\/wp-json\/wp\/v2\/pages"}],"about":[{"href":"https:\/\/seyssel74.com\/index.php\/wp-json\/wp\/v2\/types\/page"}],"author":[{"embeddable":true,"href":"https:\/\/seyssel74.com\/index.php\/wp-json\/wp\/v2\/users\/1"}],"replies":[{"embeddable":true,"href":"https:\/\/seyssel74.com\/index.php\/wp-json\/wp\/v2\/comments?post=1135"}],"version-history":[{"count":101,"href":"https:\/\/seyssel74.com\/index.php\/wp-json\/wp\/v2\/pages\/1135\/revisions"}],"predecessor-version":[{"id":16705,"href":"https:\/\/seyssel74.com\/index.php\/wp-json\/wp\/v2\/pages\/1135\/revisions\/16705"}],"up":[{"embeddable":true,"href":"https:\/\/seyssel74.com\/index.php\/wp-json\/wp\/v2\/pages\/808"}],"wp:attachment":[{"href":"https:\/\/seyssel74.com\/index.php\/wp-json\/wp\/v2\/media?parent=1135"}],"curies":[{"name":"wp","href":"https:\/\/api.w.org\/{rel}","templated":true}]}}