{"id":1126,"date":"2020-11-22T23:28:07","date_gmt":"2020-11-22T22:28:07","guid":{"rendered":"http:\/\/seyssel74.com\/?page_id=1126"},"modified":"2024-04-14T23:22:59","modified_gmt":"2024-04-14T21:22:59","slug":"hotels","status":"publish","type":"page","link":"https:\/\/seyssel74.com\/index.php\/tourisme-loisirs\/ou-dormir\/hotels\/","title":{"rendered":"H\u00f4tels"},"content":{"rendered":"\n<p class=\"has-small-font-size\"><a href=\"https:\/\/seyssel74.com\/\">\ud83c\udfe1<\/a> &gt;&nbsp;<a href=\"https:\/\/seyssel74.com\/index.php\/tourisme-loisirs\/\">Tourisme \/ Loisirs<\/a> &gt;&nbsp;<a href=\"https:\/\/seyssel74.com\/index.php\/tourisme-loisirs\/ou-dormir\/\">O\u00f9 dormir<\/a> &gt; <a href=\"https:\/\/seyssel74.com\/index.php\/tourisme-loisirs\/ou-dormir\/hotels\/\">H\u00f4tels<\/a><\/p>\n\n\n\n<div class=\"wp-block-media-text alignwide is-stacked-on-mobile\"><figure class=\"wp-block-media-text__media\"><img loading=\"lazy\" decoding=\"async\" width=\"1017\" height=\"672\" src=\"https:\/\/seyssel74.com\/wp-content\/uploads\/2021\/05\/Auberge-de-la-Rotisserie-du-Fier.jpg\" alt=\"Auberge de la R\u00f4tisserie du Fier\" class=\"wp-image-2076 size-full\" srcset=\"https:\/\/seyssel74.com\/wp-content\/uploads\/2021\/05\/Auberge-de-la-Rotisserie-du-Fier.jpg 1017w, https:\/\/seyssel74.com\/wp-content\/uploads\/2021\/05\/Auberge-de-la-Rotisserie-du-Fier-300x198.jpg 300w, https:\/\/seyssel74.com\/wp-content\/uploads\/2021\/05\/Auberge-de-la-Rotisserie-du-Fier-768x507.jpg 768w\" sizes=\"auto, (max-width: 1017px) 100vw, 1017px\" \/><\/figure><div class=\"wp-block-media-text__content\">\n<p class=\"has-normal-font-size\"><strong>H\u00f4tel Restaurant \u00ab\u00a0La Maison Michaud\u00a0\u00bb<\/strong> se situe entre le Grand Colombier et la Montagne des Princes, o\u00f9 le pays de Seyssel a \u00e9t\u00e9 fa\u00e7onn\u00e9 par le Rh\u00f4ne, fleuve roi. C&rsquo;est le mariage de l&rsquo;eau du ciel, de la plaine, et de la moyenne montagne.<\/p>\n\n\n\n<p class=\"has-normal-font-size\">Les chambres sont disponibles tous les jours \u00e0 partir de:<br>70.00 \u20ac \/ nuit\u00e9e<br><a href=\"https:\/\/lamaisonmichaud.com\/reservation-seyssel\/\">R\u00e9servations<\/a><\/p>\n\n\n\n<p><\/p>\n<\/div><\/div>\n\n\n\n<p><\/p>\n\n\n\n<div class=\"wp-block-columns is-layout-flex wp-container-core-columns-is-layout-9d6595d7 wp-block-columns-is-layout-flex\">\n<div class=\"wp-block-column is-layout-flow wp-block-column-is-layout-flow\"><\/div>\n\n\n\n<div class=\"wp-block-column is-layout-flow wp-block-column-is-layout-flow\">\n<p class=\"has-normal-font-size\"><br><br><strong>L&rsquo;adresse<\/strong> : route de Rumilly, 74910 Seyssel<\/p>\n\n\n\n<p class=\"has-small-font-size\">\ud83d\udcde 07 63 19 85 91<br>\ud83d\udce7 la.maison.michaud@gmail.com<br>\ud83c\udf10 <a href=\"https:\/\/lamaisonmichaud.com\/\">https:\/\/lamaisonmichaud.com\/<\/a><\/p>\n<\/div>\n<\/div>\n\n\n\n<p><\/p>\n\n\n\n<p><\/p>\n\n\n\n<div class=\"wp-block-media-text alignwide is-stacked-on-mobile\"><figure class=\"wp-block-media-text__media\"><img loading=\"lazy\" decoding=\"async\" width=\"780\" height=\"500\" src=\"https:\/\/seyssel74.com\/wp-content\/uploads\/2021\/05\/Hotel-Restaurant-Au-fil-de-leau.jpg\" alt=\"H\u00f4tel Restaurant Au fil de l'eau\" class=\"wp-image-2082 size-full\" srcset=\"https:\/\/seyssel74.com\/wp-content\/uploads\/2021\/05\/Hotel-Restaurant-Au-fil-de-leau.jpg 780w, https:\/\/seyssel74.com\/wp-content\/uploads\/2021\/05\/Hotel-Restaurant-Au-fil-de-leau-300x192.jpg 300w, https:\/\/seyssel74.com\/wp-content\/uploads\/2021\/05\/Hotel-Restaurant-Au-fil-de-leau-768x492.jpg 768w\" sizes=\"auto, (max-width: 780px) 100vw, 780px\" \/><\/figure><div class=\"wp-block-media-text__content\">\n<p class=\"has-normal-font-size\"><strong>H\u00f4tel Restaurant \u00ab\u00a0Au Fil de L\u2019eau\u00a0\u00bb<\/strong> b\u00e9n\u00e9ficie d\u2019une situation privil\u00e9gi\u00e9e au c\u0153ur de la Haute-Savoie. En face du Rh\u00f4ne, proche du parc naturel r\u00e9gional du Massif des Bauges, il forme le lieu parfait pour des vacances tout au long de l\u2019ann\u00e9e dans une ambiance calme et chaleureuse, respirant les odeurs de la montagne. <\/p>\n\n\n\n<p class=\"has-normal-font-size\">L\u2019h\u00f4tel se compose de 10 chambres, disponibles \u00e0 partir de:<br>70.00 \u20ac <br><a href=\"https:\/\/resa.familyhotel.fr\/reservation.asp?id_acco=2165&amp;id_direct=1&amp;id_lang=1\">R\u00e9servations<\/a><br><\/p>\n<\/div><\/div>\n\n\n\n<p><\/p>\n\n\n\n<div class=\"wp-block-columns is-layout-flex wp-container-core-columns-is-layout-9d6595d7 wp-block-columns-is-layout-flex\">\n<div class=\"wp-block-column is-layout-flow wp-block-column-is-layout-flow\"><\/div>\n\n\n\n<div class=\"wp-block-column is-layout-flow wp-block-column-is-layout-flow\">\n<p class=\"has-normal-font-size\"><br><br><strong>L&rsquo;adresse<\/strong> : 3 quai du Rh\u00f4ne 74910 Seyssel<\/p>\n\n\n\n<p class=\"has-small-font-size\">\ud83d\udcde 04 50 56 11 84<br>\ud83d\udce7 info@hotelseyssel.fr<br>\ud83c\udf10 <a href=\"https:\/\/www.hotelseyssel.fr\/\">www.hotelseyssel.fr<\/a><br><a href=\"https:\/\/www.facebook.com\/H%C3%B4tel-Restaurant-Au-fil-de-leau-116300445069827\/?ref=page_internal\">www.facebook.com\/H%C3%B4tel-Restaurant-Au-fil-de-leau-116300445069827\/?ref=page_internal<\/a><\/p>\n<\/div>\n<\/div>\n\n\n\n<p><\/p>\n\n\n\n<div class=\"wp-block-media-text alignwide is-stacked-on-mobile\"><figure class=\"wp-block-media-text__media\"><img loading=\"lazy\" decoding=\"async\" width=\"1528\" height=\"1024\" src=\"https:\/\/seyssel74.com\/wp-content\/uploads\/2021\/05\/Hotel-du-Rhone-1528x1024.jpg\" alt=\"H\u00f4tel du Rh\u00f4ne\" class=\"wp-image-2114 size-full\" srcset=\"https:\/\/seyssel74.com\/wp-content\/uploads\/2021\/05\/Hotel-du-Rhone-1528x1024.jpg 1528w, https:\/\/seyssel74.com\/wp-content\/uploads\/2021\/05\/Hotel-du-Rhone-300x201.jpg 300w, https:\/\/seyssel74.com\/wp-content\/uploads\/2021\/05\/Hotel-du-Rhone-768x515.jpg 768w, https:\/\/seyssel74.com\/wp-content\/uploads\/2021\/05\/Hotel-du-Rhone-1536x1030.jpg 1536w, https:\/\/seyssel74.com\/wp-content\/uploads\/2021\/05\/Hotel-du-Rhone.jpg 1568w\" sizes=\"auto, (max-width: 1528px) 100vw, 1528px\" \/><\/figure><div class=\"wp-block-media-text__content\">\n<p class=\"has-normal-font-size\"><strong>L\u2019h\u00f4tel du Rh\u00f4ne<\/strong> id\u00e9alement situ\u00e9 sur les berges du Rh\u00f4ne, sur la route ViaRhona \u00e0 Seyssel Ain, a ouvert ses portes le 16 avril 2019 apr\u00e8s une r\u00e9novation compl\u00e8te du b\u00e2timent. Situ\u00e9 sur les rives du Rh\u00f4ne, l\u2019h\u00f4tel accueille ses visiteurs dans un environnement propice aux sorties et \u00e0 la d\u00e9couverte de la r\u00e9gion Rh\u00f4ne Alpes.<\/p>\n\n\n\n<p class=\"has-normal-font-size\">L\u2019h\u00f4tel se compose de 12 Chambres, disponibles \u00e0 partir de: <br>117.00 \u20ac <br><a href=\"https:\/\/secure.reservit.com\/fo\/booking\/2\/347765\/dates?specialMode=default&amp;langcode=FR&amp;custid=2&amp;hotelid=347765&amp;m=booking\">R\u00e9servations<\/a><\/p>\n<\/div><\/div>\n\n\n\n<p><\/p>\n\n\n\n<div class=\"wp-block-columns is-layout-flex wp-container-core-columns-is-layout-9d6595d7 wp-block-columns-is-layout-flex\">\n<div class=\"wp-block-column is-layout-flow wp-block-column-is-layout-flow\"><\/div>\n\n\n\n<div class=\"wp-block-column is-layout-flow wp-block-column-is-layout-flow\">\n<p class=\"has-normal-font-size\"><br><br><strong>L&rsquo;adresse<\/strong> : 17 rue Winston Churchill, 01420 Seyssel Ain<\/p>\n\n\n\n<p class=\"has-small-font-size\">\ud83d\udcde 04 50 28 28 40<br>\ud83d\udce7 hoteldurhoneseyssel@gmail.com<br>\ud83c\udf10<a href=\"http:\/\/www.hotel-du-rhone.fr\">www.hotel-du-rhone.fr<\/a><br><a href=\"https:\/\/www.facebook.com\/nicolasmonclerc\/\">www.facebook.com\/nicolasmonclerc<\/a><\/p>\n<\/div>\n<\/div>\n\n\n\n<p>Informations indicatives, sous r\u00e9serve de changement. Si n\u00e9cessaire, veuillez v\u00e9rifier aupr\u00e8s des \u00e9tablissements concern\u00e9s<\/p>\n","protected":false},"excerpt":{"rendered":"<p>\ud83c\udfe1 &gt;&nbsp;Tourisme \/ Loisirs &gt;&nbsp;O\u00f9 dormir &gt; H\u00f4tels H\u00f4tel Restaurant \u00ab\u00a0La Maison Michaud\u00a0\u00bb se situe entre le Grand Colombier et la Montagne des Princes, o\u00f9 le pays de Seyssel a \u00e9t\u00e9 fa\u00e7onn\u00e9 par le Rh\u00f4ne, fleuve roi. C&rsquo;est le mariage de l&rsquo;eau du ciel, de la plaine, et de la moyenne montagne. Les chambres sont [&hellip;]<\/p>\n","protected":false},"author":1,"featured_media":0,"parent":805,"menu_order":1,"comment_status":"closed","ping_status":"closed","template":"","meta":{"ocean_post_layout":"","ocean_both_sidebars_style":"","ocean_both_sidebars_content_width":0,"ocean_both_sidebars_sidebars_width":0,"ocean_sidebar":"0","ocean_second_sidebar":"0","ocean_disable_margins":"enable","ocean_add_body_class":"","ocean_shortcode_before_top_bar":"","ocean_shortcode_after_top_bar":"","ocean_shortcode_before_header":"","ocean_shortcode_after_header":"","ocean_has_shortcode":"","ocean_shortcode_after_title":"","ocean_shortcode_before_footer_widgets":"","ocean_shortcode_after_footer_widgets":"","ocean_shortcode_before_footer_bottom":"","ocean_shortcode_after_footer_bottom":"","ocean_display_top_bar":"default","ocean_display_header":"default","ocean_header_style":"","ocean_center_header_left_menu":"0","ocean_custom_header_template":"0","ocean_custom_logo":0,"ocean_custom_retina_logo":0,"ocean_custom_logo_max_width":0,"ocean_custom_logo_tablet_max_width":0,"ocean_custom_logo_mobile_max_width":0,"ocean_custom_logo_max_height":0,"ocean_custom_logo_tablet_max_height":0,"ocean_custom_logo_mobile_max_height":0,"ocean_header_custom_menu":"0","ocean_menu_typo_font_family":"0","ocean_menu_typo_font_subset":"","ocean_menu_typo_font_size":0,"ocean_menu_typo_font_size_tablet":0,"ocean_menu_typo_font_size_mobile":0,"ocean_menu_typo_font_size_unit":"px","ocean_menu_typo_font_weight":"","ocean_menu_typo_font_weight_tablet":"","ocean_menu_typo_font_weight_mobile":"","ocean_menu_typo_transform":"","ocean_menu_typo_transform_tablet":"","ocean_menu_typo_transform_mobile":"","ocean_menu_typo_line_height":0,"ocean_menu_typo_line_height_tablet":0,"ocean_menu_typo_line_height_mobile":0,"ocean_menu_typo_line_height_unit":"","ocean_menu_typo_spacing":0,"ocean_menu_typo_spacing_tablet":0,"ocean_menu_typo_spacing_mobile":0,"ocean_menu_typo_spacing_unit":"","ocean_menu_link_color":"","ocean_menu_link_color_hover":"","ocean_menu_link_color_active":"","ocean_menu_link_background":"","ocean_menu_link_hover_background":"","ocean_menu_link_active_background":"","ocean_menu_social_links_bg":"","ocean_menu_social_hover_links_bg":"","ocean_menu_social_links_color":"","ocean_menu_social_hover_links_color":"","ocean_disable_title":"default","ocean_disable_heading":"default","ocean_post_title":"","ocean_post_subheading":"","ocean_post_title_style":"","ocean_post_title_background_color":"","ocean_post_title_background":0,"ocean_post_title_bg_image_position":"","ocean_post_title_bg_image_attachment":"","ocean_post_title_bg_image_repeat":"","ocean_post_title_bg_image_size":"","ocean_post_title_height":0,"ocean_post_title_bg_overlay":0.5,"ocean_post_title_bg_overlay_color":"","ocean_disable_breadcrumbs":"default","ocean_breadcrumbs_color":"","ocean_breadcrumbs_separator_color":"","ocean_breadcrumbs_links_color":"","ocean_breadcrumbs_links_hover_color":"","ocean_display_footer_widgets":"default","ocean_display_footer_bottom":"default","ocean_custom_footer_template":"0","ofc_meta_disable_footer_callout":"","ofc_meta_callout_button_url":"","ofc_meta_callout_button_txt":"","ofc_meta_callout_text":"","ofc_enable_fullscreen":"disable","ofc_fullscreen_speed":0,"ofc_fullscreen_nav":"enable","ofc_fullscreen_nav_pos":"right","ofc_fullscreen_nav_color":"","ofc_fullscreen_nav_tooltip_color":"","ofc_fullscreen_responsive":0,"osp_disable_panel":"default","osh_disable_topbar_sticky":"default","osh_disable_header_sticky":"default","osh_sticky_header_style":"default","osh_sticky_header_effect":"","osh_custom_sticky_logo":0,"osh_custom_retina_sticky_logo":0,"osh_custom_sticky_logo_height":0,"osh_background_color":"","osh_links_color":"","osh_links_hover_color":"","osh_links_active_color":"","osh_links_bg_color":"","osh_links_hover_bg_color":"","osh_links_active_bg_color":"","osh_menu_social_links_color":"","osh_menu_social_hover_links_color":"","footnotes":""},"class_list":["post-1126","page","type-page","status-publish","hentry","entry"],"_links":{"self":[{"href":"https:\/\/seyssel74.com\/index.php\/wp-json\/wp\/v2\/pages\/1126","targetHints":{"allow":["GET"]}}],"collection":[{"href":"https:\/\/seyssel74.com\/index.php\/wp-json\/wp\/v2\/pages"}],"about":[{"href":"https:\/\/seyssel74.com\/index.php\/wp-json\/wp\/v2\/types\/page"}],"author":[{"embeddable":true,"href":"https:\/\/seyssel74.com\/index.php\/wp-json\/wp\/v2\/users\/1"}],"replies":[{"embeddable":true,"href":"https:\/\/seyssel74.com\/index.php\/wp-json\/wp\/v2\/comments?post=1126"}],"version-history":[{"count":54,"href":"https:\/\/seyssel74.com\/index.php\/wp-json\/wp\/v2\/pages\/1126\/revisions"}],"predecessor-version":[{"id":16693,"href":"https:\/\/seyssel74.com\/index.php\/wp-json\/wp\/v2\/pages\/1126\/revisions\/16693"}],"up":[{"embeddable":true,"href":"https:\/\/seyssel74.com\/index.php\/wp-json\/wp\/v2\/pages\/805"}],"wp:attachment":[{"href":"https:\/\/seyssel74.com\/index.php\/wp-json\/wp\/v2\/media?parent=1126"}],"curies":[{"name":"wp","href":"https:\/\/api.w.org\/{rel}","templated":true}]}}