{"id":1111,"date":"2020-11-22T22:34:35","date_gmt":"2020-11-22T21:34:35","guid":{"rendered":"http:\/\/seyssel74.com\/?page_id=1111"},"modified":"2022-11-02T19:20:56","modified_gmt":"2022-11-02T18:20:56","slug":"location-de-la-salle-des-fetes","status":"publish","type":"page","link":"https:\/\/seyssel74.com\/index.php\/infos-pratiques\/vie-quotidienne\/location-de-la-salle-des-fetes\/","title":{"rendered":"Location de la salle des f\u00eates"},"content":{"rendered":"\n<p class=\"has-small-font-size\"><a href=\"https:\/\/seyssel74.com\/\">\ud83c\udfe1<\/a> &gt;&nbsp;<a href=\"https:\/\/seyssel74.com\/index.php\/infos-pratiques\/\">Infos pratiques<\/a> &gt; <a href=\"https:\/\/seyssel74.com\/index.php\/infos-pratiques\/vie-quotidienne\/\">Vie quotidienne<\/a> &gt; <a href=\"https:\/\/seyssel74.com\/index.php\/infos-pratiques\/vie-quotidienne\/location-de-la-salle-des-fetes\/\">Location de la salle des f\u00eates<\/a><\/p>\n\n\n\n<p><\/p>\n\n\n\n<div class=\"wp-block-columns is-layout-flex wp-container-core-columns-is-layout-9d6595d7 wp-block-columns-is-layout-flex\">\n<div class=\"wp-block-column is-layout-flow wp-block-column-is-layout-flow\">\n<p><br><\/p>\n\n\n\n<figure class=\"wp-block-image size-large is-style-default\"><img loading=\"lazy\" decoding=\"async\" width=\"708\" height=\"453\" src=\"https:\/\/seyssel74.com\/wp-content\/uploads\/2021\/06\/la-salle-des-fetes-Seyssel.jpg\" alt=\"la salle des f\u00eates Seyssel\" class=\"wp-image-4428\" srcset=\"https:\/\/seyssel74.com\/wp-content\/uploads\/2021\/06\/la-salle-des-fetes-Seyssel.jpg 708w, https:\/\/seyssel74.com\/wp-content\/uploads\/2021\/06\/la-salle-des-fetes-Seyssel-300x192.jpg 300w\" sizes=\"auto, (max-width: 708px) 100vw, 708px\" \/><\/figure>\n<\/div>\n\n\n\n<div class=\"wp-block-column is-layout-flow wp-block-column-is-layout-flow\">\n<p>La salle des f\u00eates est destin\u00e9e \u00e0 accueillir les \u00e9v\u00e9nements festifs.<\/p>\n\n\n\n<p>Pour toute r\u00e9servation, prendre contact avec l\u2019accueil de la Mairie.<\/p>\n\n\n\n<p><strong>La capacit\u00e9 :<\/strong> maximale de 360 personnes dont 280 places assises<\/p>\n\n\n\n<p><strong>Le tarif :<\/strong> le weekend (du vendredi matin au lundi matin) <br><strong>seysselans<\/strong> (associations, groupes ou entreprises priv\u00e9s, particuliers) &#8211; 350\u20ac ;<br><strong>ext\u00e9rieurs<\/strong>  (associations, groupes ou entreprises priv\u00e9s, particuliers; du territoire de la CC Usses et Rh\u00f4ne) &#8211; 550\u20ac  <\/p>\n<\/div>\n\n\n\n<div class=\"wp-block-column is-layout-flow wp-block-column-is-layout-flow\">\n<p class=\"has-text-align-left\"><strong>L&#8217;adresse<\/strong> : 2 chemin de la Fontaine, 74910 Seyssel<\/p>\n\n\n\n<p class=\"has-text-align-left has-black-color has-text-color has-small-font-size\">\ud83d\udcde 04 50 59 27 67 <\/p>\n\n\n<\/div>\n<\/div>\n\n\n\n<div class=\"wp-block-file\"><a id=\"wp-block-file--media-a853969b-cf66-48b4-ba8e-0be0a0e1055b\" href=\"https:\/\/seyssel74.com\/wp-content\/uploads\/2022\/01\/Reglement-Salle-des-fetes.pdf\">R\u00e8glement Salle des f\u00eates<\/a><a href=\"https:\/\/seyssel74.com\/wp-content\/uploads\/2022\/01\/Reglement-Salle-des-fetes.pdf\" class=\"wp-block-file__button\" download aria-describedby=\"wp-block-file--media-a853969b-cf66-48b4-ba8e-0be0a0e1055b\">T\u00e9l\u00e9charger<\/a><\/div>\n\n\n\n<p><\/p>\n\n\n\n<p class=\"has-text-align-center\"><strong>Location de la salle Belle Rive<\/strong> <\/p>\n\n\n\n<div class=\"wp-block-file\"><a id=\"wp-block-file--media-943f7dfb-1f63-4146-bc54-5358b14a3837\" href=\"https:\/\/seyssel74.com\/wp-content\/uploads\/2022\/11\/Reglement-Salle-Belle-Rive.pdf\">R\u00e9glement Salle Belle Rive<\/a><a href=\"https:\/\/seyssel74.com\/wp-content\/uploads\/2022\/11\/Reglement-Salle-Belle-Rive.pdf\" class=\"wp-block-file__button\" download aria-describedby=\"wp-block-file--media-943f7dfb-1f63-4146-bc54-5358b14a3837\">T\u00e9l\u00e9charger<\/a><\/div>\n","protected":false},"excerpt":{"rendered":"<p>\ud83c\udfe1 &gt;&nbsp;Infos pratiques &gt; Vie quotidienne &gt; Location de la salle des f\u00eates La salle des f\u00eates est destin\u00e9e \u00e0 accueillir les \u00e9v\u00e9nements festifs. Pour toute r\u00e9servation, prendre contact avec l\u2019accueil de la Mairie. La capacit\u00e9 : maximale de 360 personnes dont 280 places assises Le tarif : le weekend (du vendredi matin au lundi [&hellip;]<\/p>\n","protected":false},"author":1,"featured_media":0,"parent":781,"menu_order":10,"comment_status":"closed","ping_status":"closed","template":"","meta":{"ocean_post_layout":"","ocean_both_sidebars_style":"","ocean_both_sidebars_content_width":0,"ocean_both_sidebars_sidebars_width":0,"ocean_sidebar":"0","ocean_second_sidebar":"0","ocean_disable_margins":"enable","ocean_add_body_class":"","ocean_shortcode_before_top_bar":"","ocean_shortcode_after_top_bar":"","ocean_shortcode_before_header":"","ocean_shortcode_after_header":"","ocean_has_shortcode":"","ocean_shortcode_after_title":"","ocean_shortcode_before_footer_widgets":"","ocean_shortcode_after_footer_widgets":"","ocean_shortcode_before_footer_bottom":"","ocean_shortcode_after_footer_bottom":"","ocean_display_top_bar":"default","ocean_display_header":"default","ocean_header_style":"","ocean_center_header_left_menu":"0","ocean_custom_header_template":"0","ocean_custom_logo":0,"ocean_custom_retina_logo":0,"ocean_custom_logo_max_width":0,"ocean_custom_logo_tablet_max_width":0,"ocean_custom_logo_mobile_max_width":0,"ocean_custom_logo_max_height":0,"ocean_custom_logo_tablet_max_height":0,"ocean_custom_logo_mobile_max_height":0,"ocean_header_custom_menu":"0","ocean_menu_typo_font_family":"0","ocean_menu_typo_font_subset":"","ocean_menu_typo_font_size":0,"ocean_menu_typo_font_size_tablet":0,"ocean_menu_typo_font_size_mobile":0,"ocean_menu_typo_font_size_unit":"px","ocean_menu_typo_font_weight":"","ocean_menu_typo_font_weight_tablet":"","ocean_menu_typo_font_weight_mobile":"","ocean_menu_typo_transform":"","ocean_menu_typo_transform_tablet":"","ocean_menu_typo_transform_mobile":"","ocean_menu_typo_line_height":0,"ocean_menu_typo_line_height_tablet":0,"ocean_menu_typo_line_height_mobile":0,"ocean_menu_typo_line_height_unit":"","ocean_menu_typo_spacing":0,"ocean_menu_typo_spacing_tablet":0,"ocean_menu_typo_spacing_mobile":0,"ocean_menu_typo_spacing_unit":"","ocean_menu_link_color":"","ocean_menu_link_color_hover":"","ocean_menu_link_color_active":"","ocean_menu_link_background":"","ocean_menu_link_hover_background":"","ocean_menu_link_active_background":"","ocean_menu_social_links_bg":"","ocean_menu_social_hover_links_bg":"","ocean_menu_social_links_color":"","ocean_menu_social_hover_links_color":"","ocean_disable_title":"default","ocean_disable_heading":"default","ocean_post_title":"","ocean_post_subheading":"","ocean_post_title_style":"","ocean_post_title_background_color":"","ocean_post_title_background":0,"ocean_post_title_bg_image_position":"","ocean_post_title_bg_image_attachment":"","ocean_post_title_bg_image_repeat":"","ocean_post_title_bg_image_size":"","ocean_post_title_height":0,"ocean_post_title_bg_overlay":0.5,"ocean_post_title_bg_overlay_color":"","ocean_disable_breadcrumbs":"default","ocean_breadcrumbs_color":"","ocean_breadcrumbs_separator_color":"","ocean_breadcrumbs_links_color":"","ocean_breadcrumbs_links_hover_color":"","ocean_display_footer_widgets":"default","ocean_display_footer_bottom":"default","ocean_custom_footer_template":"0","ofc_meta_disable_footer_callout":"","ofc_meta_callout_button_url":"","ofc_meta_callout_button_txt":"","ofc_meta_callout_text":"","ofc_enable_fullscreen":"disable","ofc_fullscreen_speed":0,"ofc_fullscreen_nav":"enable","ofc_fullscreen_nav_pos":"right","ofc_fullscreen_nav_color":"","ofc_fullscreen_nav_tooltip_color":"","ofc_fullscreen_responsive":0,"osp_disable_panel":"default","osh_disable_topbar_sticky":"default","osh_disable_header_sticky":"default","osh_sticky_header_style":"default","osh_sticky_header_effect":"","osh_custom_sticky_logo":0,"osh_custom_retina_sticky_logo":0,"osh_custom_sticky_logo_height":0,"osh_background_color":"","osh_links_color":"","osh_links_hover_color":"","osh_links_active_color":"","osh_links_bg_color":"","osh_links_hover_bg_color":"","osh_links_active_bg_color":"","osh_menu_social_links_color":"","osh_menu_social_hover_links_color":"","footnotes":""},"class_list":["post-1111","page","type-page","status-publish","hentry","entry"],"_links":{"self":[{"href":"https:\/\/seyssel74.com\/index.php\/wp-json\/wp\/v2\/pages\/1111","targetHints":{"allow":["GET"]}}],"collection":[{"href":"https:\/\/seyssel74.com\/index.php\/wp-json\/wp\/v2\/pages"}],"about":[{"href":"https:\/\/seyssel74.com\/index.php\/wp-json\/wp\/v2\/types\/page"}],"author":[{"embeddable":true,"href":"https:\/\/seyssel74.com\/index.php\/wp-json\/wp\/v2\/users\/1"}],"replies":[{"embeddable":true,"href":"https:\/\/seyssel74.com\/index.php\/wp-json\/wp\/v2\/comments?post=1111"}],"version-history":[{"count":18,"href":"https:\/\/seyssel74.com\/index.php\/wp-json\/wp\/v2\/pages\/1111\/revisions"}],"predecessor-version":[{"id":10600,"href":"https:\/\/seyssel74.com\/index.php\/wp-json\/wp\/v2\/pages\/1111\/revisions\/10600"}],"up":[{"embeddable":true,"href":"https:\/\/seyssel74.com\/index.php\/wp-json\/wp\/v2\/pages\/781"}],"wp:attachment":[{"href":"https:\/\/seyssel74.com\/index.php\/wp-json\/wp\/v2\/media?parent=1111"}],"curies":[{"name":"wp","href":"https:\/\/api.w.org\/{rel}","templated":true}]}}