{"id":1078,"date":"2020-11-22T22:18:25","date_gmt":"2020-11-22T21:18:25","guid":{"rendered":"http:\/\/seyssel74.com\/?page_id=1078"},"modified":"2026-04-24T01:28:19","modified_gmt":"2026-04-23T23:28:19","slug":"laposte","status":"publish","type":"page","link":"https:\/\/seyssel74.com\/index.php\/infos-pratiques\/vie-quotidienne\/laposte\/","title":{"rendered":"La Poste"},"content":{"rendered":"\n<p class=\"has-small-font-size\"><a href=\"https:\/\/seyssel74.com\/\">\ud83c\udfe1<\/a> &gt;&nbsp;<a href=\"https:\/\/seyssel74.com\/index.php\/infos-pratiques\/\">Infos pratiques<\/a> &gt; <a href=\"https:\/\/seyssel74.com\/index.php\/infos-pratiques\/vie-quotidienne\/\">Vie quotidienne<\/a> &gt; <a href=\"https:\/\/seyssel74.com\/index.php\/infos-pratiques\/vie-quotidienne\/laposte\/\">La Poste<\/a><\/p>\n\n\n\n<div class=\"wp-block-columns is-layout-flex wp-container-core-columns-is-layout-9d6595d7 wp-block-columns-is-layout-flex\">\n<div class=\"wp-block-column is-layout-flow wp-block-column-is-layout-flow\">\n<figure class=\"wp-block-image size-large is-style-default\"><img loading=\"lazy\" decoding=\"async\" width=\"1086\" height=\"684\" src=\"https:\/\/seyssel74.com\/wp-content\/uploads\/2021\/05\/la-poste-Seyssel.jpg\" alt=\"la poste Seyssel\" class=\"wp-image-3584\" srcset=\"https:\/\/seyssel74.com\/wp-content\/uploads\/2021\/05\/la-poste-Seyssel.jpg 1086w, https:\/\/seyssel74.com\/wp-content\/uploads\/2021\/05\/la-poste-Seyssel-300x189.jpg 300w, https:\/\/seyssel74.com\/wp-content\/uploads\/2021\/05\/la-poste-Seyssel-768x484.jpg 768w\" sizes=\"auto, (max-width: 1086px) 100vw, 1086px\" \/><\/figure>\n\n\n\n<p class=\"has-text-align-center has-small-font-size\">Bureau accessible aux clients handicap\u00e9s moteur, visuel, auditif,<br>Automates accessibles aux clients handicap\u00e9s visuel<\/p>\n<\/div>\n\n\n\n<div class=\"wp-block-column is-layout-flow wp-block-column-is-layout-flow\">\n<p><strong>Les horaires :<\/strong><br>du lundi au vendredi : 09h00-12h00 ; 14h00-17h00<br>samedi : 09h00-12h00<\/p>\n\n\n\n<p><strong>Heures limites de d\u00e9p\u00f4t<\/strong>  <br>(pour des lettres et petits objets, d\u00e9p\u00f4t Colissimo et Chronopost) :<br>du lundi au vendredi : 14h30    <br>samedi : 11h30 <\/p>\n<\/div>\n\n\n\n<div class=\"wp-block-column is-layout-flow wp-block-column-is-layout-flow\">\n<p class=\"has-text-align-left\"><strong>L&rsquo;adresse<\/strong> : 22 place de l&rsquo;Orme, 74910 Seyssel<\/p>\n\n\n\n<p class=\"has-text-align-left has-black-color has-text-color has-small-font-size\">\ud83d\udcde 36 31 (num\u00e9ro non surtax\u00e9)<br>\ud83c\udf10 <a href=\"http:\/\/www.laposte.fr\/particulier\/outils\/trouver-un-bureau-de-poste\/bureau-detail\/seyssel\/14115A\" target=\"_blank\" rel=\"noreferrer noopener\">www.laposte.fr\/particulier\/outils\/trouver-un-bureau-de-poste\/bureau-detail\/seyssel\/14115A<\/a><\/p>\n\n\n<\/div>\n<\/div>\n\n\n\n<figure class=\"wp-block-image size-large\"><img loading=\"lazy\" decoding=\"async\" width=\"687\" height=\"1024\" src=\"https:\/\/seyssel74.com\/wp-content\/uploads\/2026\/04\/fermeture-de-la-poste-687x1024.jpeg\" alt=\"\" class=\"wp-image-24396\" srcset=\"https:\/\/seyssel74.com\/wp-content\/uploads\/2026\/04\/fermeture-de-la-poste-687x1024.jpeg 687w, https:\/\/seyssel74.com\/wp-content\/uploads\/2026\/04\/fermeture-de-la-poste-201x300.jpeg 201w, https:\/\/seyssel74.com\/wp-content\/uploads\/2026\/04\/fermeture-de-la-poste-768x1144.jpeg 768w, https:\/\/seyssel74.com\/wp-content\/uploads\/2026\/04\/fermeture-de-la-poste.jpeg 784w\" sizes=\"auto, (max-width: 687px) 100vw, 687px\" \/><figcaption class=\"wp-element-caption\">Ou via La Banque Postale<\/figcaption><\/figure>\n\n\n\n<p><\/p>\n","protected":false},"excerpt":{"rendered":"<p>\ud83c\udfe1 &gt;&nbsp;Infos pratiques &gt; Vie quotidienne &gt; La Poste Bureau accessible aux clients handicap\u00e9s moteur, visuel, auditif,Automates accessibles aux clients handicap\u00e9s visuel Les horaires :du lundi au vendredi : 09h00-12h00 ; 14h00-17h00samedi : 09h00-12h00 Heures limites de d\u00e9p\u00f4t (pour des lettres et petits objets, d\u00e9p\u00f4t Colissimo et Chronopost) :du lundi au vendredi : 14h30 samedi [&hellip;]<\/p>\n","protected":false},"author":1,"featured_media":0,"parent":781,"menu_order":2,"comment_status":"closed","ping_status":"closed","template":"","meta":{"ocean_post_layout":"","ocean_both_sidebars_style":"","ocean_both_sidebars_content_width":0,"ocean_both_sidebars_sidebars_width":0,"ocean_sidebar":"0","ocean_second_sidebar":"0","ocean_disable_margins":"enable","ocean_add_body_class":"","ocean_shortcode_before_top_bar":"","ocean_shortcode_after_top_bar":"","ocean_shortcode_before_header":"","ocean_shortcode_after_header":"","ocean_has_shortcode":"","ocean_shortcode_after_title":"","ocean_shortcode_before_footer_widgets":"","ocean_shortcode_after_footer_widgets":"","ocean_shortcode_before_footer_bottom":"","ocean_shortcode_after_footer_bottom":"","ocean_display_top_bar":"default","ocean_display_header":"default","ocean_header_style":"","ocean_center_header_left_menu":"0","ocean_custom_header_template":"0","ocean_custom_logo":0,"ocean_custom_retina_logo":0,"ocean_custom_logo_max_width":0,"ocean_custom_logo_tablet_max_width":0,"ocean_custom_logo_mobile_max_width":0,"ocean_custom_logo_max_height":0,"ocean_custom_logo_tablet_max_height":0,"ocean_custom_logo_mobile_max_height":0,"ocean_header_custom_menu":"0","ocean_menu_typo_font_family":"0","ocean_menu_typo_font_subset":"","ocean_menu_typo_font_size":0,"ocean_menu_typo_font_size_tablet":0,"ocean_menu_typo_font_size_mobile":0,"ocean_menu_typo_font_size_unit":"px","ocean_menu_typo_font_weight":"","ocean_menu_typo_font_weight_tablet":"","ocean_menu_typo_font_weight_mobile":"","ocean_menu_typo_transform":"","ocean_menu_typo_transform_tablet":"","ocean_menu_typo_transform_mobile":"","ocean_menu_typo_line_height":0,"ocean_menu_typo_line_height_tablet":0,"ocean_menu_typo_line_height_mobile":0,"ocean_menu_typo_line_height_unit":"","ocean_menu_typo_spacing":0,"ocean_menu_typo_spacing_tablet":0,"ocean_menu_typo_spacing_mobile":0,"ocean_menu_typo_spacing_unit":"","ocean_menu_link_color":"","ocean_menu_link_color_hover":"","ocean_menu_link_color_active":"","ocean_menu_link_background":"","ocean_menu_link_hover_background":"","ocean_menu_link_active_background":"","ocean_menu_social_links_bg":"","ocean_menu_social_hover_links_bg":"","ocean_menu_social_links_color":"","ocean_menu_social_hover_links_color":"","ocean_disable_title":"default","ocean_disable_heading":"default","ocean_post_title":"","ocean_post_subheading":"","ocean_post_title_style":"","ocean_post_title_background_color":"","ocean_post_title_background":0,"ocean_post_title_bg_image_position":"","ocean_post_title_bg_image_attachment":"","ocean_post_title_bg_image_repeat":"","ocean_post_title_bg_image_size":"","ocean_post_title_height":0,"ocean_post_title_bg_overlay":0.5,"ocean_post_title_bg_overlay_color":"","ocean_disable_breadcrumbs":"default","ocean_breadcrumbs_color":"","ocean_breadcrumbs_separator_color":"","ocean_breadcrumbs_links_color":"","ocean_breadcrumbs_links_hover_color":"","ocean_display_footer_widgets":"default","ocean_display_footer_bottom":"default","ocean_custom_footer_template":"0","ofc_meta_disable_footer_callout":"","ofc_meta_callout_button_url":"","ofc_meta_callout_button_txt":"","ofc_meta_callout_text":"","ofc_enable_fullscreen":"disable","ofc_fullscreen_speed":0,"ofc_fullscreen_nav":"enable","ofc_fullscreen_nav_pos":"right","ofc_fullscreen_nav_color":"","ofc_fullscreen_nav_tooltip_color":"","ofc_fullscreen_responsive":0,"osp_disable_panel":"default","osh_disable_topbar_sticky":"default","osh_disable_header_sticky":"default","osh_sticky_header_style":"default","osh_sticky_header_effect":"","osh_custom_sticky_logo":0,"osh_custom_retina_sticky_logo":0,"osh_custom_sticky_logo_height":0,"osh_background_color":"","osh_links_color":"","osh_links_hover_color":"","osh_links_active_color":"","osh_links_bg_color":"","osh_links_hover_bg_color":"","osh_links_active_bg_color":"","osh_menu_social_links_color":"","osh_menu_social_hover_links_color":"","footnotes":""},"class_list":["post-1078","page","type-page","status-publish","hentry","entry"],"_links":{"self":[{"href":"https:\/\/seyssel74.com\/index.php\/wp-json\/wp\/v2\/pages\/1078","targetHints":{"allow":["GET"]}}],"collection":[{"href":"https:\/\/seyssel74.com\/index.php\/wp-json\/wp\/v2\/pages"}],"about":[{"href":"https:\/\/seyssel74.com\/index.php\/wp-json\/wp\/v2\/types\/page"}],"author":[{"embeddable":true,"href":"https:\/\/seyssel74.com\/index.php\/wp-json\/wp\/v2\/users\/1"}],"replies":[{"embeddable":true,"href":"https:\/\/seyssel74.com\/index.php\/wp-json\/wp\/v2\/comments?post=1078"}],"version-history":[{"count":25,"href":"https:\/\/seyssel74.com\/index.php\/wp-json\/wp\/v2\/pages\/1078\/revisions"}],"predecessor-version":[{"id":24400,"href":"https:\/\/seyssel74.com\/index.php\/wp-json\/wp\/v2\/pages\/1078\/revisions\/24400"}],"up":[{"embeddable":true,"href":"https:\/\/seyssel74.com\/index.php\/wp-json\/wp\/v2\/pages\/781"}],"wp:attachment":[{"href":"https:\/\/seyssel74.com\/index.php\/wp-json\/wp\/v2\/media?parent=1078"}],"curies":[{"name":"wp","href":"https:\/\/api.w.org\/{rel}","templated":true}]}}