{"id":1072,"date":"2020-11-22T22:17:36","date_gmt":"2020-11-22T21:17:36","guid":{"rendered":"http:\/\/seyssel74.com\/?page_id=1072"},"modified":"2023-06-03T22:49:27","modified_gmt":"2023-06-03T20:49:27","slug":"banques-assurances","status":"publish","type":"page","link":"https:\/\/seyssel74.com\/index.php\/infos-pratiques\/vie-quotidienne\/banques-assurances\/","title":{"rendered":"Banques \/ Assurances"},"content":{"rendered":"\n<p class=\"has-small-font-size\"><a href=\"https:\/\/seyssel74.com\/\">\ud83c\udfe1<\/a> &gt;&nbsp;<a href=\"https:\/\/seyssel74.com\/index.php\/infos-pratiques\/\">Infos pratiques<\/a> &gt; <a href=\"https:\/\/seyssel74.com\/index.php\/infos-pratiques\/vie-quotidienne\/\">Vie quotidienne<\/a> &gt; <a href=\"https:\/\/seyssel74.com\/index.php\/infos-pratiques\/vie-quotidienne\/banques-assurances\/\">Banques \/ Assurances<\/a><\/p>\n\n\n<div class=\"wp-block-image is-style-default\">\n<figure class=\"aligncenter size-large is-resized\"><img loading=\"lazy\" decoding=\"async\" src=\"https:\/\/seyssel74.com\/wp-content\/uploads\/2021\/05\/banques-et-assurances-seyssel-mairie.jpg\" alt=\"banques et assurances Seyssel mairie\" class=\"wp-image-3531\" width=\"320\" height=\"213\" srcset=\"https:\/\/seyssel74.com\/wp-content\/uploads\/2021\/05\/banques-et-assurances-seyssel-mairie.jpg 1280w, https:\/\/seyssel74.com\/wp-content\/uploads\/2021\/05\/banques-et-assurances-seyssel-mairie-300x200.jpg 300w, https:\/\/seyssel74.com\/wp-content\/uploads\/2021\/05\/banques-et-assurances-seyssel-mairie-768x512.jpg 768w\" sizes=\"auto, (max-width: 320px) 100vw, 320px\" \/><\/figure><\/div>\n\n\n<p class=\"has-text-align-center\"><strong>Assurances<\/strong><\/p>\n\n\n\n<div class=\"wp-block-columns is-layout-flex wp-container-core-columns-is-layout-9d6595d7 wp-block-columns-is-layout-flex\">\n<div class=\"wp-block-column is-layout-flow wp-block-column-is-layout-flow\">\n<p class=\"has-text-align-center has-small-font-size\"><strong>Allianz Seyssel &#8211; Laurent Berlioz<\/strong><\/p>\n\n\n\n<p class=\"has-small-font-size\"><strong>Les horaires <\/strong>:<br>samedi : 09h00-12h00<\/p>\n\n\n\n<p class=\"has-text-align-left has-small-font-size\"><strong>L&#8217;adresse<\/strong> : 5 route de Gen\u00e8ve, 74910 Seyssel<br>\ud83d\udcde 04 50 56 22 22<br>\ud83d\udce7 h901191@agents.allianz.fr <br>\ud83c\udf10 <a href=\"https:\/\/agence.allianz.fr\/belley-74910-H9011901\" target=\"_blank\" rel=\"noreferrer noopener\">https:\/\/agence.allianz.fr\/belley-74910-H9011901<\/a><\/p>\n<\/div>\n\n\n\n<div class=\"wp-block-column is-layout-flow wp-block-column-is-layout-flow\">\n<p class=\"has-text-align-center has-small-font-size\"><strong>Assurances Raphin<\/strong><\/p>\n\n\n\n<p class=\"has-small-font-size\"><strong>Les horaires <\/strong>:<br>du lundi au vendredi : 09h00-12h00 ; 14h00-18h00 <br>samedi : 09h00-12h00<\/p>\n\n\n\n<p class=\"has-text-align-left has-small-font-size\"><strong>L&#8217;adresse<\/strong> : 17 Grande Rue 74910 Seyssel<br>\ud83d\udcde 04 50 59 21 61<br>\ud83d\udce7 assurances.raphin@wanadoo.fr<br><\/p>\n<\/div>\n\n\n\n<div class=\"wp-block-column is-layout-flow wp-block-column-is-layout-flow\">\n<p class=\"has-text-align-center has-small-font-size\"><strong>Groupama<\/strong><\/p>\n\n\n\n<p class=\"has-small-font-size\"><strong>Les horaires <\/strong>:<br>lundi, mardi, jeudi, vendredi : 09h00-12h00 ; 14h00-18h00 sur RDV<br>samedi : 09h00-12h00<\/p>\n\n\n\n<p class=\"has-text-align-left has-small-font-size\"><strong>L&#8217;adresse<\/strong> : 8 place de l&#8217;Orme, 74910 Seyssel<br>\ud83d\udcde 09 74 50 34 23<br>\ud83d\udce7 ncusin@groupama-ra.com<br>\ud83c\udf10 <a href=\"https:\/\/agences.groupama.fr\/assurance\/rhone-alpes-auvergne\/agence-de-seyssel-idGRA05358\" target=\"_blank\" rel=\"noreferrer noopener\">https:\/\/agences.groupama.fr\/assurance\/rhone-alpes-auvergne\/agence-de-seyssel-idGRA05358<\/a><\/p>\n<\/div>\n<\/div>\n\n\n\n<div class=\"wp-block-columns is-layout-flex wp-container-core-columns-is-layout-9d6595d7 wp-block-columns-is-layout-flex\">\n<div class=\"wp-block-column is-layout-flow wp-block-column-is-layout-flow\">\n<p class=\"has-text-align-center has-small-font-size\"><strong>AXA Assurance et Banque Yvann Perchet<\/strong><\/p>\n\n\n\n<p class=\"has-small-font-size\"><strong>Les horaires <\/strong>:<br>du lundi au vendredi : 09h00-12h00 ; 14h00-18h00<br>samedi : 09h00-12h00<\/p>\n\n\n\n<p class=\"has-text-align-left has-small-font-size\"><strong>L&#8217;adresse<\/strong> : 18 Place de l&#8217;Orme, 74910 Seyssel<br>\ud83d\udcde 04 50 56 17 36<br>\ud83c\udf10 <a href=\"https:\/\/www.axa.fr\/\">www.axa.fr<\/a><\/p>\n<\/div>\n\n\n\n<div class=\"wp-block-column is-layout-flow wp-block-column-is-layout-flow\"><\/div>\n\n\n\n<div class=\"wp-block-column is-layout-flow wp-block-column-is-layout-flow\"><\/div>\n<\/div>\n\n\n\n<p class=\"has-text-align-center\"><strong>Banques<\/strong><\/p>\n\n\n\n<div class=\"wp-block-columns is-layout-flex wp-container-core-columns-is-layout-9d6595d7 wp-block-columns-is-layout-flex\">\n<div class=\"wp-block-column is-layout-flow wp-block-column-is-layout-flow\">\n<p class=\"has-text-align-center has-small-font-size\"><strong>Banque Populaire<\/strong><\/p>\n\n\n\n<p class=\"has-small-font-size\"><strong>Les horaires <\/strong>:<br>mardi, mercredi, vendredi : 08h30-12h30 ; 13h45-17h45<br>jeudi : 08h30-12h00 ; 13h45-17h45<br>samedi : 08h30-12h30<\/p>\n\n\n\n<p class=\"has-text-align-left has-small-font-size\"><strong>L&#8217;adresse<\/strong> : Grande Rue, 74910 Seyssel<br>\ud83d\udcde 04 50 59 41 74 (appel non surtax\u00e9)<br>Possibilit\u00e9 de prendre rendez-vous via l\u2019Agence de Rumilly : 04 50 01 89 68<br>\ud83c\udf10 <a href=\"https:\/\/agences.banquepopulaire.fr\/banque-assurance\/agence-seyssel-id1680700055\" target=\"_blank\" rel=\"noreferrer noopener\">https:\/\/agences.banquepopulaire.fr\/banque-assurance\/agence-seyssel-id1680700055<\/a><\/p>\n<\/div>\n\n\n\n<div class=\"wp-block-column is-layout-flow wp-block-column-is-layout-flow\">\n<p class=\"has-text-align-center has-small-font-size\"><strong>Caisse d&#8217;Epargne<\/strong><\/p>\n\n\n\n<p class=\"has-small-font-size\"><strong>Les horaires <\/strong>:<br>du mardi au vendredi : 09h15-12h30 ; 13h30-18h00<br>samedi : 08h45-12h30<br>ouvert sur rendez-vous uniquement <\/p>\n\n\n\n<p class=\"has-small-font-size\"><strong>L&#8217;adresse<\/strong> : 2 place de l&#8217;Orme, 74910 Seyssel<br>\ud83d\udcde 04 58 93 00 00<br>\ud83c\udf10 <a href=\"https:\/\/www.agences.caisse-epargne.fr\/banque-assurance\/seyssel-id13825030276\" target=\"_blank\" rel=\"noreferrer noopener\">www.agences.caisse-epargne.fr\/banque-assurance\/seyssel-id13825030276<\/a><\/p>\n<\/div>\n\n\n\n<div class=\"wp-block-column is-layout-flow wp-block-column-is-layout-flow\">\n<p class=\"has-text-align-center has-small-font-size\"><strong>Cr\u00e9dit Agricole<\/strong><\/p>\n\n\n\n<p class=\"has-small-font-size\"><strong>Les horaires <\/strong>:<br>du mardi au vendredi : 07h00-19h00<br>samedi : 07h00-12h00<br>sur rendez-vous avec un conseiller <\/p>\n\n\n\n<p class=\"has-small-font-size\"><strong>L&#8217;adresse<\/strong> : 26 place de l&#8217;Orme, 74910 Seyssel<br>\ud83d\udcde 04 50 19 40 25<br>\ud83c\udf10 <a href=\"https:\/\/agence.ca-des-savoie.fr\/70-credit-agricole-seyssel?utm_source=gmb#\" target=\"_blank\" rel=\"noreferrer noopener\">https:\/\/agence.ca-des-savoie.fr\/70-credit-agricole-seyssel?utm_source=gmb#<\/a><\/p>\n<\/div>\n<\/div>\n\n\n\n<div class=\"wp-block-columns is-layout-flex wp-container-core-columns-is-layout-9d6595d7 wp-block-columns-is-layout-flex\">\n<div class=\"wp-block-column is-layout-flow wp-block-column-is-layout-flow\">\n<p class=\"has-text-align-center has-small-font-size\"><strong>La Banque Postale<\/strong><\/p>\n\n\n\n<p class=\"has-small-font-size\"><strong>Les horaires <\/strong>:<br>du lundi au vendredi : 09h00-12h00 ; 14h00-17h00<br>samedi : 09h00-12h00<\/p>\n\n\n\n<p class=\"has-text-align-left has-small-font-size\"><strong>L&#8217;adresse<\/strong> : 22 place De L&#8217;Orme, 74910 Seyssel<br>\ud83c\udf10 <a href=\"https:\/\/www.labanquepostale.fr\/\" target=\"_blank\" rel=\"noreferrer noopener\">www.labanquepostale.fr<\/a><\/p>\n<\/div>\n\n\n\n<div class=\"wp-block-column is-layout-flow wp-block-column-is-layout-flow\">\n<p><\/p>\n<\/div>\n\n\n\n<div class=\"wp-block-column is-layout-flow wp-block-column-is-layout-flow\">\n<p><\/p>\n<\/div>\n<\/div>\n\n\n\n<p>Informations indicatives, sous r\u00e9serve de changement. Si n\u00e9cessaire, veuillez v\u00e9rifier aupr\u00e8s des \u00e9tablissements concern\u00e9s<\/p>\n","protected":false},"excerpt":{"rendered":"<p>\ud83c\udfe1 &gt;&nbsp;Infos pratiques &gt; Vie quotidienne &gt; Banques \/ Assurances Assurances Allianz Seyssel &#8211; Laurent Berlioz Les horaires :samedi : 09h00-12h00 L&#8217;adresse : 5 route de Gen\u00e8ve, 74910 Seyssel\ud83d\udcde 04 50 56 22 22\ud83d\udce7 h901191@agents.allianz.fr \ud83c\udf10 https:\/\/agence.allianz.fr\/belley-74910-H9011901 Assurances Raphin Les horaires :du lundi au vendredi : 09h00-12h00 ; 14h00-18h00 samedi : 09h00-12h00 L&#8217;adresse : 17 [&hellip;]<\/p>\n","protected":false},"author":1,"featured_media":0,"parent":781,"menu_order":8,"comment_status":"closed","ping_status":"closed","template":"","meta":{"ocean_post_layout":"","ocean_both_sidebars_style":"","ocean_both_sidebars_content_width":0,"ocean_both_sidebars_sidebars_width":0,"ocean_sidebar":"0","ocean_second_sidebar":"0","ocean_disable_margins":"enable","ocean_add_body_class":"","ocean_shortcode_before_top_bar":"","ocean_shortcode_after_top_bar":"","ocean_shortcode_before_header":"","ocean_shortcode_after_header":"","ocean_has_shortcode":"","ocean_shortcode_after_title":"","ocean_shortcode_before_footer_widgets":"","ocean_shortcode_after_footer_widgets":"","ocean_shortcode_before_footer_bottom":"","ocean_shortcode_after_footer_bottom":"","ocean_display_top_bar":"default","ocean_display_header":"default","ocean_header_style":"","ocean_center_header_left_menu":"0","ocean_custom_header_template":"0","ocean_custom_logo":0,"ocean_custom_retina_logo":0,"ocean_custom_logo_max_width":0,"ocean_custom_logo_tablet_max_width":0,"ocean_custom_logo_mobile_max_width":0,"ocean_custom_logo_max_height":0,"ocean_custom_logo_tablet_max_height":0,"ocean_custom_logo_mobile_max_height":0,"ocean_header_custom_menu":"0","ocean_menu_typo_font_family":"0","ocean_menu_typo_font_subset":"","ocean_menu_typo_font_size":0,"ocean_menu_typo_font_size_tablet":0,"ocean_menu_typo_font_size_mobile":0,"ocean_menu_typo_font_size_unit":"px","ocean_menu_typo_font_weight":"","ocean_menu_typo_font_weight_tablet":"","ocean_menu_typo_font_weight_mobile":"","ocean_menu_typo_transform":"","ocean_menu_typo_transform_tablet":"","ocean_menu_typo_transform_mobile":"","ocean_menu_typo_line_height":0,"ocean_menu_typo_line_height_tablet":0,"ocean_menu_typo_line_height_mobile":0,"ocean_menu_typo_line_height_unit":"","ocean_menu_typo_spacing":0,"ocean_menu_typo_spacing_tablet":0,"ocean_menu_typo_spacing_mobile":0,"ocean_menu_typo_spacing_unit":"","ocean_menu_link_color":"","ocean_menu_link_color_hover":"","ocean_menu_link_color_active":"","ocean_menu_link_background":"","ocean_menu_link_hover_background":"","ocean_menu_link_active_background":"","ocean_menu_social_links_bg":"","ocean_menu_social_hover_links_bg":"","ocean_menu_social_links_color":"","ocean_menu_social_hover_links_color":"","ocean_disable_title":"default","ocean_disable_heading":"default","ocean_post_title":"","ocean_post_subheading":"","ocean_post_title_style":"","ocean_post_title_background_color":"","ocean_post_title_background":0,"ocean_post_title_bg_image_position":"","ocean_post_title_bg_image_attachment":"","ocean_post_title_bg_image_repeat":"","ocean_post_title_bg_image_size":"","ocean_post_title_height":0,"ocean_post_title_bg_overlay":0.5,"ocean_post_title_bg_overlay_color":"","ocean_disable_breadcrumbs":"default","ocean_breadcrumbs_color":"","ocean_breadcrumbs_separator_color":"","ocean_breadcrumbs_links_color":"","ocean_breadcrumbs_links_hover_color":"","ocean_display_footer_widgets":"default","ocean_display_footer_bottom":"default","ocean_custom_footer_template":"0","ofc_meta_disable_footer_callout":"","ofc_meta_callout_button_url":"","ofc_meta_callout_button_txt":"","ofc_meta_callout_text":"","ofc_enable_fullscreen":"disable","ofc_fullscreen_speed":0,"ofc_fullscreen_nav":"enable","ofc_fullscreen_nav_pos":"right","ofc_fullscreen_nav_color":"","ofc_fullscreen_nav_tooltip_color":"","ofc_fullscreen_responsive":0,"osp_disable_panel":"default","osh_disable_topbar_sticky":"default","osh_disable_header_sticky":"default","osh_sticky_header_style":"default","osh_sticky_header_effect":"","osh_custom_sticky_logo":0,"osh_custom_retina_sticky_logo":0,"osh_custom_sticky_logo_height":0,"osh_background_color":"","osh_links_color":"","osh_links_hover_color":"","osh_links_active_color":"","osh_links_bg_color":"","osh_links_hover_bg_color":"","osh_links_active_bg_color":"","osh_menu_social_links_color":"","osh_menu_social_hover_links_color":"","footnotes":""},"class_list":["post-1072","page","type-page","status-publish","hentry","entry"],"_links":{"self":[{"href":"https:\/\/seyssel74.com\/index.php\/wp-json\/wp\/v2\/pages\/1072","targetHints":{"allow":["GET"]}}],"collection":[{"href":"https:\/\/seyssel74.com\/index.php\/wp-json\/wp\/v2\/pages"}],"about":[{"href":"https:\/\/seyssel74.com\/index.php\/wp-json\/wp\/v2\/types\/page"}],"author":[{"embeddable":true,"href":"https:\/\/seyssel74.com\/index.php\/wp-json\/wp\/v2\/users\/1"}],"replies":[{"embeddable":true,"href":"https:\/\/seyssel74.com\/index.php\/wp-json\/wp\/v2\/comments?post=1072"}],"version-history":[{"count":70,"href":"https:\/\/seyssel74.com\/index.php\/wp-json\/wp\/v2\/pages\/1072\/revisions"}],"predecessor-version":[{"id":13584,"href":"https:\/\/seyssel74.com\/index.php\/wp-json\/wp\/v2\/pages\/1072\/revisions\/13584"}],"up":[{"embeddable":true,"href":"https:\/\/seyssel74.com\/index.php\/wp-json\/wp\/v2\/pages\/781"}],"wp:attachment":[{"href":"https:\/\/seyssel74.com\/index.php\/wp-json\/wp\/v2\/media?parent=1072"}],"curies":[{"name":"wp","href":"https:\/\/api.w.org\/{rel}","templated":true}]}}