{"id":1069,"date":"2020-11-22T22:17:15","date_gmt":"2020-11-22T21:17:15","guid":{"rendered":"http:\/\/seyssel74.com\/?page_id=1069"},"modified":"2025-12-17T01:05:20","modified_gmt":"2025-12-17T00:05:20","slug":"dechetterie","status":"publish","type":"page","link":"https:\/\/seyssel74.com\/index.php\/infos-pratiques\/vie-quotidienne\/dechetterie\/","title":{"rendered":"D\u00e9chetterie"},"content":{"rendered":"\n<p class=\"has-small-font-size\"><a href=\"https:\/\/seyssel74.com\/\">\ud83c\udfe1<\/a> &gt;&nbsp;<a href=\"https:\/\/seyssel74.com\/index.php\/infos-pratiques\/\">Infos pratiques<\/a> &gt; <a href=\"https:\/\/seyssel74.com\/index.php\/infos-pratiques\/vie-quotidienne\/\">Vie quotidienne<\/a> &gt; <a href=\"https:\/\/seyssel74.com\/index.php\/infos-pratiques\/vie-quotidienne\/dechetterie\/\">D\u00e9chetterie<\/a><\/p>\n\n\n\n<div class=\"wp-block-columns is-layout-flex wp-container-core-columns-is-layout-9d6595d7 wp-block-columns-is-layout-flex\">\n<div class=\"wp-block-column is-layout-flow wp-block-column-is-layout-flow\">\n<p><br><\/p>\n\n\n\n<figure class=\"wp-block-image size-large is-style-default\"><img loading=\"lazy\" decoding=\"async\" width=\"1375\" height=\"1024\" src=\"https:\/\/seyssel74.com\/wp-content\/uploads\/2021\/05\/Dechetterie-de-Seyssel-Photo-Progres-Aurelie-PELTIER-1375x1024.jpg\" alt=\"D\u00e9chetterie de Seyssel Photo Progr\u00e8s Aur\u00e9lie PELTIER\" class=\"wp-image-3572\" srcset=\"https:\/\/seyssel74.com\/wp-content\/uploads\/2021\/05\/Dechetterie-de-Seyssel-Photo-Progres-Aurelie-PELTIER-1375x1024.jpg 1375w, https:\/\/seyssel74.com\/wp-content\/uploads\/2021\/05\/Dechetterie-de-Seyssel-Photo-Progres-Aurelie-PELTIER-300x223.jpg 300w, https:\/\/seyssel74.com\/wp-content\/uploads\/2021\/05\/Dechetterie-de-Seyssel-Photo-Progres-Aurelie-PELTIER-768x572.jpg 768w, https:\/\/seyssel74.com\/wp-content\/uploads\/2021\/05\/Dechetterie-de-Seyssel-Photo-Progres-Aurelie-PELTIER.jpg 1433w\" sizes=\"auto, (max-width: 1375px) 100vw, 1375px\" \/><figcaption class=\"wp-element-caption\">Photo Progr\u00e8s. Aur\u00e9lie PELTIER<\/figcaption><\/figure>\n\n\n\n<p> <strong>Les d\u00e9chets accept\u00e9s :<\/strong> <br>bois, cartons, DEEE, encombrants, d\u00e9chets verts, huiles de fritures, huile de vidange, m\u00e9taux, piles et accumulateurs,  pl\u00e2tre et plaques de pl\u00e2tre <\/p>\n\n\n\n<p><\/p>\n\n\n\n<p><em>Concernant les v\u00eatements apport\u00e9s par les usagers, les agents les acceptent et les stockent de mani\u00e8re s\u00e9curis\u00e9e en attendant le passage du prestataire.<\/em><\/p>\n\n\n\n<p>L&rsquo;acc\u00e8s \u00e0 la d\u00e9chetterie n&rsquo;est plus autoris\u00e9 aux usagers 10 minutes avant les heures de fermeture<\/p>\n<\/div>\n\n\n\n<div class=\"wp-block-column is-layout-flow wp-block-column-is-layout-flow\">\n<p><strong>Les d\u00e9chetteries sont ferm\u00e9es les jours f\u00e9ri\u00e9s<\/strong><\/p>\n\n\n\n<p><strong>Du<\/strong> <strong>dernier dimanche de mars au dernier dimanche d&rsquo;octobre:<\/strong><br>lundi : 9h00-12h00 ; 13h30-16h30<br>mardi : 9h00-12h00 <br>mercredi : 9h00-12h00 ; 14h00-17h00<br>jeudi : 8h30-12h30 ; 13h30-17h30<br>vendredi : 14h00-17h00<br>samedi : 8h30-12h30 ; 13h30-17h30<\/p>\n\n\n\n<p><strong>Du<\/strong> <strong>dernier dimanche d&rsquo;octobre<\/strong> <strong>au<\/strong> <strong>dernier dimanche de mars:<\/strong><br>lundi : 9h00-12h00 ; 13h30-16h30<br>mardi : 9h00-12h00 <br>mercredi : 9h00-12h00 ; 14h00-17h00<br>jeudi : 8h30- 12h30 ; 13h30-17h30<br>vendredi : 14h00-17h00<br>samedi : 8h30-12h30 ; 13h30-17h30<\/p>\n\n\n\n<p>L&rsquo;acc\u00e8s \u00e0 la d\u00e9chetterie n&rsquo;est plus autoris\u00e9 aux usagers 10 minutes avant les heures de fermeture<\/p>\n\n\n\n<p>Les d\u00e9chetteries sont ferm\u00e9es les jours f\u00e9ri\u00e9s<\/p>\n\n\n\n<p class=\"has-small-font-size\"><br><\/p>\n<\/div>\n\n\n\n<div class=\"wp-block-column is-layout-flow wp-block-column-is-layout-flow\">\n<p class=\"has-text-align-left\"><strong>L&rsquo;adresse<\/strong> : ZA \u00eele nord<br>route du Fier, 74910 Seyssel<\/p>\n\n\n\n<p class=\"has-text-align-left has-black-color has-text-color has-small-font-size\">\ud83d\udcde 04 50 56 15 30<br>\ud83c\udf10<a href=\"https:\/\/www.usses-et-rhone.fr\/7006-les-3-dechetteries.htm\"> www.usses-et-rhone.fr\/7006-les-3-dechetteries.htm<\/a><\/p>\n\n\n<\/div>\n<\/div>\n\n\n<div class=\"wp-block-image\">\n<figure class=\"aligncenter size-large\"><img loading=\"lazy\" decoding=\"async\" width=\"724\" height=\"1024\" src=\"https:\/\/seyssel74.com\/wp-content\/uploads\/2025\/12\/DOC161225-16122025161313-724x1024.jpg\" alt=\"\" class=\"wp-image-23246\" srcset=\"https:\/\/seyssel74.com\/wp-content\/uploads\/2025\/12\/DOC161225-16122025161313-724x1024.jpg 724w, https:\/\/seyssel74.com\/wp-content\/uploads\/2025\/12\/DOC161225-16122025161313-212x300.jpg 212w, https:\/\/seyssel74.com\/wp-content\/uploads\/2025\/12\/DOC161225-16122025161313-768x1086.jpg 768w, https:\/\/seyssel74.com\/wp-content\/uploads\/2025\/12\/DOC161225-16122025161313-1086x1536.jpg 1086w, https:\/\/seyssel74.com\/wp-content\/uploads\/2025\/12\/DOC161225-16122025161313-1448x2048.jpg 1448w, https:\/\/seyssel74.com\/wp-content\/uploads\/2025\/12\/DOC161225-16122025161313-scaled.jpg 1810w\" sizes=\"auto, (max-width: 724px) 100vw, 724px\" \/><\/figure><\/div>","protected":false},"excerpt":{"rendered":"<p>\ud83c\udfe1 &gt;&nbsp;Infos pratiques &gt; Vie quotidienne &gt; D\u00e9chetterie Les d\u00e9chets accept\u00e9s : bois, cartons, DEEE, encombrants, d\u00e9chets verts, huiles de fritures, huile de vidange, m\u00e9taux, piles et accumulateurs, pl\u00e2tre et plaques de pl\u00e2tre Concernant les v\u00eatements apport\u00e9s par les usagers, les agents les acceptent et les stockent de mani\u00e8re s\u00e9curis\u00e9e en attendant le passage du [&hellip;]<\/p>\n","protected":false},"author":1,"featured_media":0,"parent":781,"menu_order":1,"comment_status":"closed","ping_status":"closed","template":"","meta":{"ocean_post_layout":"","ocean_both_sidebars_style":"","ocean_both_sidebars_content_width":0,"ocean_both_sidebars_sidebars_width":0,"ocean_sidebar":"0","ocean_second_sidebar":"0","ocean_disable_margins":"enable","ocean_add_body_class":"","ocean_shortcode_before_top_bar":"","ocean_shortcode_after_top_bar":"","ocean_shortcode_before_header":"","ocean_shortcode_after_header":"","ocean_has_shortcode":"","ocean_shortcode_after_title":"","ocean_shortcode_before_footer_widgets":"","ocean_shortcode_after_footer_widgets":"","ocean_shortcode_before_footer_bottom":"","ocean_shortcode_after_footer_bottom":"","ocean_display_top_bar":"default","ocean_display_header":"default","ocean_header_style":"","ocean_center_header_left_menu":"0","ocean_custom_header_template":"0","ocean_custom_logo":0,"ocean_custom_retina_logo":0,"ocean_custom_logo_max_width":0,"ocean_custom_logo_tablet_max_width":0,"ocean_custom_logo_mobile_max_width":0,"ocean_custom_logo_max_height":0,"ocean_custom_logo_tablet_max_height":0,"ocean_custom_logo_mobile_max_height":0,"ocean_header_custom_menu":"0","ocean_menu_typo_font_family":"0","ocean_menu_typo_font_subset":"","ocean_menu_typo_font_size":0,"ocean_menu_typo_font_size_tablet":0,"ocean_menu_typo_font_size_mobile":0,"ocean_menu_typo_font_size_unit":"px","ocean_menu_typo_font_weight":"","ocean_menu_typo_font_weight_tablet":"","ocean_menu_typo_font_weight_mobile":"","ocean_menu_typo_transform":"","ocean_menu_typo_transform_tablet":"","ocean_menu_typo_transform_mobile":"","ocean_menu_typo_line_height":0,"ocean_menu_typo_line_height_tablet":0,"ocean_menu_typo_line_height_mobile":0,"ocean_menu_typo_line_height_unit":"","ocean_menu_typo_spacing":0,"ocean_menu_typo_spacing_tablet":0,"ocean_menu_typo_spacing_mobile":0,"ocean_menu_typo_spacing_unit":"","ocean_menu_link_color":"","ocean_menu_link_color_hover":"","ocean_menu_link_color_active":"","ocean_menu_link_background":"","ocean_menu_link_hover_background":"","ocean_menu_link_active_background":"","ocean_menu_social_links_bg":"","ocean_menu_social_hover_links_bg":"","ocean_menu_social_links_color":"","ocean_menu_social_hover_links_color":"","ocean_disable_title":"default","ocean_disable_heading":"default","ocean_post_title":"","ocean_post_subheading":"","ocean_post_title_style":"","ocean_post_title_background_color":"","ocean_post_title_background":0,"ocean_post_title_bg_image_position":"","ocean_post_title_bg_image_attachment":"","ocean_post_title_bg_image_repeat":"","ocean_post_title_bg_image_size":"","ocean_post_title_height":0,"ocean_post_title_bg_overlay":0.5,"ocean_post_title_bg_overlay_color":"","ocean_disable_breadcrumbs":"default","ocean_breadcrumbs_color":"","ocean_breadcrumbs_separator_color":"","ocean_breadcrumbs_links_color":"","ocean_breadcrumbs_links_hover_color":"","ocean_display_footer_widgets":"default","ocean_display_footer_bottom":"default","ocean_custom_footer_template":"0","ofc_meta_disable_footer_callout":"","ofc_meta_callout_button_url":"","ofc_meta_callout_button_txt":"","ofc_meta_callout_text":"","ofc_enable_fullscreen":"disable","ofc_fullscreen_speed":0,"ofc_fullscreen_nav":"enable","ofc_fullscreen_nav_pos":"right","ofc_fullscreen_nav_color":"","ofc_fullscreen_nav_tooltip_color":"","ofc_fullscreen_responsive":0,"osp_disable_panel":"default","osh_disable_topbar_sticky":"default","osh_disable_header_sticky":"default","osh_sticky_header_style":"default","osh_sticky_header_effect":"","osh_custom_sticky_logo":0,"osh_custom_retina_sticky_logo":0,"osh_custom_sticky_logo_height":0,"osh_background_color":"","osh_links_color":"","osh_links_hover_color":"","osh_links_active_color":"","osh_links_bg_color":"","osh_links_hover_bg_color":"","osh_links_active_bg_color":"","osh_menu_social_links_color":"","osh_menu_social_hover_links_color":"","footnotes":""},"class_list":["post-1069","page","type-page","status-publish","hentry","entry"],"_links":{"self":[{"href":"https:\/\/seyssel74.com\/index.php\/wp-json\/wp\/v2\/pages\/1069","targetHints":{"allow":["GET"]}}],"collection":[{"href":"https:\/\/seyssel74.com\/index.php\/wp-json\/wp\/v2\/pages"}],"about":[{"href":"https:\/\/seyssel74.com\/index.php\/wp-json\/wp\/v2\/types\/page"}],"author":[{"embeddable":true,"href":"https:\/\/seyssel74.com\/index.php\/wp-json\/wp\/v2\/users\/1"}],"replies":[{"embeddable":true,"href":"https:\/\/seyssel74.com\/index.php\/wp-json\/wp\/v2\/comments?post=1069"}],"version-history":[{"count":30,"href":"https:\/\/seyssel74.com\/index.php\/wp-json\/wp\/v2\/pages\/1069\/revisions"}],"predecessor-version":[{"id":23247,"href":"https:\/\/seyssel74.com\/index.php\/wp-json\/wp\/v2\/pages\/1069\/revisions\/23247"}],"up":[{"embeddable":true,"href":"https:\/\/seyssel74.com\/index.php\/wp-json\/wp\/v2\/pages\/781"}],"wp:attachment":[{"href":"https:\/\/seyssel74.com\/index.php\/wp-json\/wp\/v2\/media?parent=1069"}],"curies":[{"name":"wp","href":"https:\/\/api.w.org\/{rel}","templated":true}]}}