{"id":1045,"date":"2020-11-22T22:03:28","date_gmt":"2020-11-22T21:03:28","guid":{"rendered":"http:\/\/seyssel74.com\/?page_id=1045"},"modified":"2026-02-25T02:25:26","modified_gmt":"2026-02-25T01:25:26","slug":"professions-de-sante","status":"publish","type":"page","link":"https:\/\/seyssel74.com\/index.php\/infos-pratiques\/sante\/professions-de-sante\/","title":{"rendered":"Professions de sant\u00e9"},"content":{"rendered":"\n<p class=\"has-small-font-size\"><a href=\"https:\/\/seyssel74.com\/\">\ud83c\udfe1<\/a> &gt;&nbsp;<a href=\"https:\/\/seyssel74.com\/index.php\/infos-pratiques\/\">Infos pratiques<\/a> &gt; <a href=\"https:\/\/seyssel74.com\/index.php\/infos-pratiques\/sante\/\">Sant\u00e9<\/a> &gt; <a href=\"https:\/\/seyssel74.com\/index.php\/infos-pratiques\/sante\/professions-de-sante\/\">Professions de sant\u00e9<\/a><\/p>\n\n\n<div class=\"wp-block-image is-style-default\">\n<figure class=\"aligncenter size-large is-resized\"><img loading=\"lazy\" decoding=\"async\" width=\"1280\" height=\"960\" src=\"https:\/\/seyssel74.com\/wp-content\/uploads\/2021\/06\/professions-de-sante-seyssel-mairie.jpg\" alt=\"professions de sant\u00e9 seyssel mairie\" class=\"wp-image-4860\" style=\"width:320px;height:240px\" srcset=\"https:\/\/seyssel74.com\/wp-content\/uploads\/2021\/06\/professions-de-sante-seyssel-mairie.jpg 1280w, https:\/\/seyssel74.com\/wp-content\/uploads\/2021\/06\/professions-de-sante-seyssel-mairie-300x225.jpg 300w, https:\/\/seyssel74.com\/wp-content\/uploads\/2021\/06\/professions-de-sante-seyssel-mairie-768x576.jpg 768w\" sizes=\"auto, (max-width: 1280px) 100vw, 1280px\" \/><\/figure><\/div>\n\n\n<div class=\"wp-block-columns is-layout-flex wp-container-core-columns-is-layout-9d6595d7 wp-block-columns-is-layout-flex\">\n<div class=\"wp-block-column is-layout-flow wp-block-column-is-layout-flow\">\n<p class=\"has-text-align-center\"><strong>Audio +<\/strong><\/p>\n\n\n\n<p class=\"has-small-font-size\">Articles m\u00e9dicaux et orthop\u00e9dique, proth\u00e8ses audio<\/p>\n\n\n\n<p class=\"has-small-font-size\"><strong>Les horaires <\/strong>: <br>lundi : 09h00-12h00<br>mercredi : 14h00-17h30<\/p>\n\n\n\n<p class=\"has-text-align-left has-small-font-size\"><strong>L&#8217;adresse<\/strong> : 40 Grande Rue, 74910 Seyssel<br>\ud83d\udcde 04 57 28 11 82<br> \ud83d\udce7 audiops@hotmail.fr<\/p>\n<\/div>\n\n\n\n<div class=\"wp-block-column is-layout-flow wp-block-column-is-layout-flow\">\n<p class=\"has-text-align-center\"><strong>Cabinet Dentaire<\/strong><\/p>\n\n\n\n<p class=\"has-small-font-size\"><strong>Les horaires <\/strong>: <br>du lundi au vendredi : 09h00-19h00<\/p>\n\n\n\n<p class=\"has-text-align-left has-small-font-size\"><strong>L&#8217;adresse<\/strong> : 13 rue de M\u00e9ral, 74910 Seyssel<br>\ud83d\udcde 04 50 56 21 64<br>\ud83d\udce7 dentaires.seyssel@yahoo.com<\/p>\n<\/div>\n\n\n\n<div class=\"wp-block-column is-layout-flow wp-block-column-is-layout-flow\">\n<p class=\"has-text-align-center\"><strong>Cabinet de Kin\u00e9sith\u00e9rapie<\/strong><\/p>\n\n\n\n<p class=\"has-small-font-size\"><strong>L&#8217;adresse<\/strong> : 9 route d&#8217;Aix-les-Bains, 74910 Seyssel<br>\ud83d\udcde 07 69 30 64 63<\/p>\n<\/div>\n<\/div>\n\n\n\n<div class=\"wp-block-columns is-layout-flex wp-container-core-columns-is-layout-9d6595d7 wp-block-columns-is-layout-flex\">\n<div class=\"wp-block-column is-layout-flow wp-block-column-is-layout-flow\">\n<p class=\"has-text-align-center\"><strong>Cabinets Infirmiers<\/strong><\/p>\n\n\n\n<p class=\"has-small-font-size\"><strong>L&#8217;adresse<\/strong> : 44 place Gallatin, 74910 Seyssel<br>\ud83d\udcde 06 26 13 67 85<\/p>\n\n\n\n<p class=\"has-text-align-left has-small-font-size\"> <strong>L&#8217;adresse<\/strong> : 2 rue Tiersot, 01420 Seyssel<br>\ud83d\udcde 06 71 41 29 59<\/p>\n\n\n\n<p class=\"has-text-align-left has-small-font-size\"> <strong>L&#8217;adresse<\/strong> : 6 rue Churchill, 01420 Seyssel<br>\ud83d\udcde 06 70 82 06 34 <br><\/p>\n<\/div>\n\n\n\n<div class=\"wp-block-column is-layout-flow wp-block-column-is-layout-flow\">\n<p class=\"has-text-align-center\"><strong>Ost\u00e9opathes<\/strong><\/p>\n\n\n\n<p class=\"has-small-font-size\">Marie-Caroline PION<\/p>\n\n\n\n<p class=\"has-text-align-left has-small-font-size\"><strong>L&#8217;adresse<\/strong> : 2 rue de Savoie, immeuble le Galatin, 74910 Seyssel<br>\ud83d\udcde 06 21 80 57 81<\/p>\n\n\n\n<p class=\"has-text-align-left has-small-font-size\">Mano VITTORELLI<\/p>\n\n\n\n<p class=\"has-text-align-left has-small-font-size\"><strong>L&#8217;adresse<\/strong> : 221 rue de Meral, 74910 Seyssel<br>\ud83d\udcde 06 21 50 99 14<br><\/p>\n<\/div>\n\n\n\n<div class=\"wp-block-column is-layout-flow wp-block-column-is-layout-flow\">\n<p class=\"has-text-align-center\"><strong> Orthophoniste<\/strong><\/p>\n\n\n\n<p class=\"has-small-font-size\">Delphine HAMMEL<\/p>\n\n\n\n<p class=\"has-small-font-size\"><strong>L&#8217;adresse<\/strong> : 44 place Gallatin, 74910 Seyssel<br>\ud83d\udcde 06 12 73 71 26<\/p>\n<\/div>\n<\/div>\n\n\n\n<div class=\"wp-block-columns is-layout-flex wp-container-core-columns-is-layout-9d6595d7 wp-block-columns-is-layout-flex\">\n<div class=\"wp-block-column is-layout-flow wp-block-column-is-layout-flow\">\n<p class=\"has-text-align-center\"><strong>Dr. Viorica-Marinel CURELARIU<\/strong><\/p>\n\n\n\n<p class=\"has-small-font-size\">M\u00e9decin g\u00e9n\u00e9raliste<\/p>\n\n\n\n<p class=\"has-small-font-size\"><strong>Les horaires <\/strong>: <br>lundi : 12h00-19h00<br>du mardi au vendredi : 08h00-15h00<\/p>\n\n\n\n<p class=\"has-text-align-left has-small-font-size\"><strong>L&#8217;adresse<\/strong> : 13 rue de M\u00e9ral, 74910 Seyssel<br>\ud83d\udcde 04 50 56 03 02<br><\/p>\n<\/div>\n\n\n\n<div class=\"wp-block-column is-layout-flow wp-block-column-is-layout-flow\">\n<p class=\"has-text-align-center\"><strong>HAD Haute-Savoie Sud Seyssel<\/strong><\/p>\n\n\n\n<p class=\"has-small-font-size\">Hospitalisation \u00e0 domicile<\/p>\n\n\n\n<p class=\"has-small-font-size\"><strong>L&#8217;adresse<\/strong> : 11 route d&#8217;Aix-les-Bains, 74910 Seyssel<br>\ud83c\udf10 <a href=\"https:\/\/had-74-sud.lna-sante.com\/?utm_source=google&amp;utm_medium=organic-my-business\">https:\/\/had-74-sud.lna-sante.com\/?utm_source=google&amp;utm_medium=organic-my-business<\/a><\/p>\n<\/div>\n\n\n\n<div class=\"wp-block-column is-layout-flow wp-block-column-is-layout-flow\">\n<p class=\"has-text-align-center\"><strong>Pharmacie de Savoie<\/strong><\/p>\n\n\n\n<p class=\"has-small-font-size\"><strong>Les horaires <\/strong>: <br>du lundi au vendredi : 08h45-12h15 ; 14h45-19h15<br>samedi : 08h45-12h15 <br>1 samedi sur 2 : 14h45-19h15<\/p>\n\n\n\n<p class=\"has-text-align-left has-small-font-size\"><strong>L&#8217;adresse<\/strong> : 24 route de Gen\u00e8ve, 74910 Seyssel<br>\ud83d\udcde 04 50 56 16 68<br>\ud83c\udf10 <a href=\"https:\/\/pharmaciedesavoie.pharm-upp.fr\/\" data-type=\"URL\" data-id=\"http:\/\/www.pharmaciedesavoie.com\/\">https:\/\/pharmaciedesavoie.pharm-upp.fr\/<\/a><\/p>\n<\/div>\n<\/div>\n\n\n\n<div class=\"wp-block-columns is-layout-flex wp-container-core-columns-is-layout-9d6595d7 wp-block-columns-is-layout-flex\">\n<div class=\"wp-block-column is-layout-flow wp-block-column-is-layout-flow\">\n<p class=\"has-text-align-center\"><strong>Seyssel Optique<\/strong><\/p>\n\n\n\n<p class=\"has-small-font-size\"><strong>Les horaires <\/strong>: <br>lundi, samedi : 09h00-12h30<br>du mercredi au vendredi : 09h00-12h30 ; 14h30-19h00<\/p>\n\n\n\n<p class=\"has-text-align-left has-small-font-size\"><strong>L&#8217;adresse<\/strong> : 38 Grande Rue, 74910 Seyssel<br>\ud83d\udcde 04 50 56 21 01<br>\ud83d\udce7 seysseloptique@wanadoo.fr <br>\ud83c\udf10 <a href=\"https:\/\/optiquedesterreaux-belley-2.site-solocal.com\/\" target=\"_blank\" rel=\"noreferrer noopener\">https:\/\/optiquedesterreaux-belley-2.site-solocal.com<\/a><\/p>\n<\/div>\n\n\n\n<div class=\"wp-block-column is-layout-flow wp-block-column-is-layout-flow\">\n<p class=\"has-text-align-center has-normal-font-size\"><strong>Cabinet de Chiropraxie<\/strong><\/p>\n\n\n\n<p class=\"has-small-font-size\">Camille MAILLARD<\/p>\n\n\n\n<p class=\"has-small-font-size\"><strong>Les horaires <\/strong>: <br>du lundi au vendredi : 08h30-19h30<\/p>\n\n\n\n<p class=\"has-text-align-left has-small-font-size\"><strong>L&#8217;adresse<\/strong> : 18 quai Charles de Gaulle, 01420 Seyssel Ain<br>\ud83d\udcde 06 59 51 10 06<br><\/p>\n<\/div>\n\n\n\n<div class=\"wp-block-column is-layout-flow wp-block-column-is-layout-flow\">\n<p class=\"has-text-align-center\"><strong>Dr. Eric DOCHE<\/strong><\/p>\n\n\n\n<p class=\"has-small-font-size\">M\u00e9decin g\u00e9n\u00e9raliste<\/p>\n\n\n\n<p class=\"has-small-font-size\"><strong>Les horaires <\/strong>: <br>lundi, mardi, jeudi, vendredi : 08h00-11h30 ; 17h00-19h00<br>samedi : 08h30-11h00<\/p>\n\n\n\n<p class=\"has-text-align-left has-small-font-size\"><strong>L&#8217;adresse<\/strong> : 18 quai Charles de Gaulle, 01420 Seyssel Ain<br>\ud83d\udcde 04 50 56 21 06<br><\/p>\n<\/div>\n<\/div>\n\n\n\n<div class=\"wp-block-columns is-layout-flex wp-container-core-columns-is-layout-9d6595d7 wp-block-columns-is-layout-flex\">\n<div class=\"wp-block-column is-layout-flow wp-block-column-is-layout-flow\">\n<p class=\"has-text-align-center\"><strong>Pharmacie de Richemond<\/strong><\/p>\n\n\n\n<p class=\"has-small-font-size\"><strong>Les horaires <\/strong>: <br>du lundi au vendredi : 08h45-12h15 ; 14h45-19h15<br>Veuillez v\u00e9rifier r\u00e9guli\u00e8rement les horaires du samedi sur le site de la Pharmacie  <\/p>\n\n\n\n<p class=\"has-text-align-left has-small-font-size\"><strong>L&#8217;adresse<\/strong> : 8 quai Edouard Serullaz, 01420 Seyssel Ain<br>\ud83d\udcde 04 50 56 14 02<br>\ud83d\udce7 pharmacie.bionnet@perso.alliadis.net<br>\ud83c\udf10 <a href=\"https:\/\/pharmacie-richemond-seyssel.pharm-upp.fr\/\" target=\"_blank\" rel=\"noreferrer noopener\">https:\/\/pharmacie-richemond-seyssel.pharm-upp.fr<\/a><\/p>\n<\/div>\n\n\n\n<div class=\"wp-block-column is-layout-flow wp-block-column-is-layout-flow\">\n<p class=\"has-text-align-center\"><strong>Etiopathe<\/strong><\/p>\n\n\n\n<p class=\"has-small-font-size\">Elina HAMMEL<\/p>\n\n\n\n<p class=\"has-text-align-left has-small-font-size\"><strong>L&#8217;adresse<\/strong> : 44 place Gallatin, 74910 Seyssel<br>\ud83d\udcde 06 49 82 36 56<br><\/p>\n<\/div>\n\n\n\n<div class=\"wp-block-column is-layout-flow wp-block-column-is-layout-flow\">\n<p class=\"has-text-align-center\"><strong>Psychologue<\/strong><\/p>\n\n\n\n<p class=\"has-small-font-size\">Sandrine DEODATI<\/p>\n\n\n\n<p class=\"has-text-align-left has-small-font-size\"><strong>L&#8217;adresse<\/strong> : 44 place Gallatin, 74910 Seyssel<br>\ud83d\udcde 06 47 91 15 03<br><\/p>\n<\/div>\n<\/div>\n\n\n\n<div class=\"wp-block-columns is-layout-flex wp-container-core-columns-is-layout-9d6595d7 wp-block-columns-is-layout-flex\">\n<div class=\"wp-block-column is-layout-flow wp-block-column-is-layout-flow\">\n<p class=\"has-text-align-center\"><strong>Cabinet de r\u00e9flexologie<\/strong><\/p>\n\n\n\n<p class=\"has-small-font-size\">Marine HUDRY DUMAS<\/p>\n\n\n\n<p class=\"has-text-align-left has-small-font-size\"><strong>L&#8217;adresse<\/strong> : l&#8217;espace bien-\u00eatre dans la ZA de l&#8217;\u00eele Sud, 74910 Seyssel<br>\ud83d\udcde 06 60 46 94 39<\/p>\n<\/div>\n\n\n\n<div class=\"wp-block-column is-layout-flow wp-block-column-is-layout-flow\">\n<p><strong>Kin\u00e9siologue certifi\u00e9e par la F\u00e9d\u00e9ration Fran\u00e7aise de Kin\u00e9siologie<\/strong><\/p>\n\n\n\n<p class=\"has-small-font-size\">Marie-Laure Debacker<\/p>\n\n\n\n<p class=\"has-text-align-left has-small-font-size\"><strong>L&#8217;adresse<\/strong> : 39 rue de Cr\u00e9tillon, 74910 Seyssel<br>\ud83d\udcde 06 52 83 36 63<br>\ud83d\udce7mld.kinesio@grudeb.ch<\/p>\n<\/div>\n\n\n\n<div class=\"wp-block-column is-layout-flow wp-block-column-is-layout-flow\"><\/div>\n<\/div>\n\n\n\n<p>Informations indicatives, sous r\u00e9serve de changement. Si n\u00e9cessaire, veuillez v\u00e9rifier aupr\u00e8s des \u00e9tablissements concern\u00e9s<\/p>\n\n\n\n<p><\/p>\n\n\n\n<p><strong>Pour trouver une pharmacie de garde<\/strong> <strong>cliquez <a href=\"https:\/\/www.3237.fr\/\">ici<\/a><\/strong><\/p>\n\n\n\n<p>Si vous souhaitez rencontrer une orthophoniste, et que votre enfant a&nbsp;<strong>moins de 7 ans,<\/strong><\/p>\n\n\n\n<p>si vous avez encore des questions sur le langage de votre enfant&nbsp;?<\/p>\n\n\n\n<p>ou il rencontre des difficult\u00e9s d&#8217;alimentation&nbsp;?<\/p>\n\n\n\n<p>La CPTS de Valserh\u00f4ne propose des permanences gratuites&nbsp;:<\/p>\n\n\n<div class=\"wp-block-image\">\n<figure class=\"alignleft size-large\"><img loading=\"lazy\" decoding=\"async\" width=\"724\" height=\"1024\" src=\"https:\/\/seyssel74.com\/wp-content\/uploads\/2023\/05\/Flyers-Permanence-orthophonique--724x1024.jpg\" alt=\"\" class=\"wp-image-13432\" srcset=\"https:\/\/seyssel74.com\/wp-content\/uploads\/2023\/05\/Flyers-Permanence-orthophonique--724x1024.jpg 724w, https:\/\/seyssel74.com\/wp-content\/uploads\/2023\/05\/Flyers-Permanence-orthophonique--212x300.jpg 212w, https:\/\/seyssel74.com\/wp-content\/uploads\/2023\/05\/Flyers-Permanence-orthophonique--768x1086.jpg 768w, https:\/\/seyssel74.com\/wp-content\/uploads\/2023\/05\/Flyers-Permanence-orthophonique--1086x1536.jpg 1086w, https:\/\/seyssel74.com\/wp-content\/uploads\/2023\/05\/Flyers-Permanence-orthophonique--1448x2048.jpg 1448w, https:\/\/seyssel74.com\/wp-content\/uploads\/2023\/05\/Flyers-Permanence-orthophonique--scaled.jpg 1810w\" sizes=\"auto, (max-width: 724px) 100vw, 724px\" \/><\/figure><\/div>","protected":false},"excerpt":{"rendered":"<p>\ud83c\udfe1 &gt;&nbsp;Infos pratiques &gt; Sant\u00e9 &gt; Professions de sant\u00e9 Audio + Articles m\u00e9dicaux et orthop\u00e9dique, proth\u00e8ses audio Les horaires : lundi : 09h00-12h00mercredi : 14h00-17h30 L&#8217;adresse : 40 Grande Rue, 74910 Seyssel\ud83d\udcde 04 57 28 11 82 \ud83d\udce7 audiops@hotmail.fr Cabinet Dentaire Les horaires : du lundi au vendredi : 09h00-19h00 L&#8217;adresse : 13 rue de [&hellip;]<\/p>\n","protected":false},"author":1,"featured_media":0,"parent":763,"menu_order":1,"comment_status":"closed","ping_status":"closed","template":"","meta":{"ocean_post_layout":"","ocean_both_sidebars_style":"","ocean_both_sidebars_content_width":0,"ocean_both_sidebars_sidebars_width":0,"ocean_sidebar":"0","ocean_second_sidebar":"0","ocean_disable_margins":"enable","ocean_add_body_class":"","ocean_shortcode_before_top_bar":"","ocean_shortcode_after_top_bar":"","ocean_shortcode_before_header":"","ocean_shortcode_after_header":"","ocean_has_shortcode":"","ocean_shortcode_after_title":"","ocean_shortcode_before_footer_widgets":"","ocean_shortcode_after_footer_widgets":"","ocean_shortcode_before_footer_bottom":"","ocean_shortcode_after_footer_bottom":"","ocean_display_top_bar":"default","ocean_display_header":"default","ocean_header_style":"","ocean_center_header_left_menu":"0","ocean_custom_header_template":"0","ocean_custom_logo":0,"ocean_custom_retina_logo":0,"ocean_custom_logo_max_width":0,"ocean_custom_logo_tablet_max_width":0,"ocean_custom_logo_mobile_max_width":0,"ocean_custom_logo_max_height":0,"ocean_custom_logo_tablet_max_height":0,"ocean_custom_logo_mobile_max_height":0,"ocean_header_custom_menu":"0","ocean_menu_typo_font_family":"0","ocean_menu_typo_font_subset":"","ocean_menu_typo_font_size":0,"ocean_menu_typo_font_size_tablet":0,"ocean_menu_typo_font_size_mobile":0,"ocean_menu_typo_font_size_unit":"px","ocean_menu_typo_font_weight":"","ocean_menu_typo_font_weight_tablet":"","ocean_menu_typo_font_weight_mobile":"","ocean_menu_typo_transform":"","ocean_menu_typo_transform_tablet":"","ocean_menu_typo_transform_mobile":"","ocean_menu_typo_line_height":0,"ocean_menu_typo_line_height_tablet":0,"ocean_menu_typo_line_height_mobile":0,"ocean_menu_typo_line_height_unit":"","ocean_menu_typo_spacing":0,"ocean_menu_typo_spacing_tablet":0,"ocean_menu_typo_spacing_mobile":0,"ocean_menu_typo_spacing_unit":"","ocean_menu_link_color":"","ocean_menu_link_color_hover":"","ocean_menu_link_color_active":"","ocean_menu_link_background":"","ocean_menu_link_hover_background":"","ocean_menu_link_active_background":"","ocean_menu_social_links_bg":"","ocean_menu_social_hover_links_bg":"","ocean_menu_social_links_color":"","ocean_menu_social_hover_links_color":"","ocean_disable_title":"default","ocean_disable_heading":"default","ocean_post_title":"","ocean_post_subheading":"","ocean_post_title_style":"","ocean_post_title_background_color":"","ocean_post_title_background":0,"ocean_post_title_bg_image_position":"","ocean_post_title_bg_image_attachment":"","ocean_post_title_bg_image_repeat":"","ocean_post_title_bg_image_size":"","ocean_post_title_height":0,"ocean_post_title_bg_overlay":0.5,"ocean_post_title_bg_overlay_color":"","ocean_disable_breadcrumbs":"default","ocean_breadcrumbs_color":"","ocean_breadcrumbs_separator_color":"","ocean_breadcrumbs_links_color":"","ocean_breadcrumbs_links_hover_color":"","ocean_display_footer_widgets":"default","ocean_display_footer_bottom":"default","ocean_custom_footer_template":"0","ofc_meta_disable_footer_callout":"","ofc_meta_callout_button_url":"","ofc_meta_callout_button_txt":"","ofc_meta_callout_text":"","ofc_enable_fullscreen":"disable","ofc_fullscreen_speed":0,"ofc_fullscreen_nav":"enable","ofc_fullscreen_nav_pos":"right","ofc_fullscreen_nav_color":"","ofc_fullscreen_nav_tooltip_color":"","ofc_fullscreen_responsive":0,"osp_disable_panel":"default","osh_disable_topbar_sticky":"default","osh_disable_header_sticky":"default","osh_sticky_header_style":"default","osh_sticky_header_effect":"","osh_custom_sticky_logo":0,"osh_custom_retina_sticky_logo":0,"osh_custom_sticky_logo_height":0,"osh_background_color":"","osh_links_color":"","osh_links_hover_color":"","osh_links_active_color":"","osh_links_bg_color":"","osh_links_hover_bg_color":"","osh_links_active_bg_color":"","osh_menu_social_links_color":"","osh_menu_social_hover_links_color":"","footnotes":""},"class_list":["post-1045","page","type-page","status-publish","hentry","entry"],"_links":{"self":[{"href":"https:\/\/seyssel74.com\/index.php\/wp-json\/wp\/v2\/pages\/1045","targetHints":{"allow":["GET"]}}],"collection":[{"href":"https:\/\/seyssel74.com\/index.php\/wp-json\/wp\/v2\/pages"}],"about":[{"href":"https:\/\/seyssel74.com\/index.php\/wp-json\/wp\/v2\/types\/page"}],"author":[{"embeddable":true,"href":"https:\/\/seyssel74.com\/index.php\/wp-json\/wp\/v2\/users\/1"}],"replies":[{"embeddable":true,"href":"https:\/\/seyssel74.com\/index.php\/wp-json\/wp\/v2\/comments?post=1045"}],"version-history":[{"count":90,"href":"https:\/\/seyssel74.com\/index.php\/wp-json\/wp\/v2\/pages\/1045\/revisions"}],"predecessor-version":[{"id":23923,"href":"https:\/\/seyssel74.com\/index.php\/wp-json\/wp\/v2\/pages\/1045\/revisions\/23923"}],"up":[{"embeddable":true,"href":"https:\/\/seyssel74.com\/index.php\/wp-json\/wp\/v2\/pages\/763"}],"wp:attachment":[{"href":"https:\/\/seyssel74.com\/index.php\/wp-json\/wp\/v2\/media?parent=1045"}],"curies":[{"name":"wp","href":"https:\/\/api.w.org\/{rel}","templated":true}]}}