{"id":1042,"date":"2020-11-22T21:58:43","date_gmt":"2020-11-22T20:58:43","guid":{"rendered":"http:\/\/seyssel74.com\/?page_id=1042"},"modified":"2022-09-17T17:00:42","modified_gmt":"2022-09-17T15:00:42","slug":"soutien-scolaire","status":"publish","type":"page","link":"https:\/\/seyssel74.com\/index.php\/infos-pratiques\/scolarite\/soutien-scolaire\/","title":{"rendered":"Soutien scolaire"},"content":{"rendered":"\n<p class=\"has-small-font-size\"><a href=\"https:\/\/seyssel74.com\/\">\ud83c\udfe1<\/a> &gt;&nbsp;<a href=\"https:\/\/seyssel74.com\/index.php\/infos-pratiques\/\">Infos pratiques<\/a> &gt; <a href=\"https:\/\/seyssel74.com\/index.php\/infos-pratiques\/scolarite\/\">Scolarit\u00e9<\/a> &gt; <a href=\"https:\/\/seyssel74.com\/index.php\/infos-pratiques\/scolarite-2\/soutien-scolaire\/\">Soutien scolaire<\/a><\/p>\n\n\n<div class=\"wp-block-image is-style-default\">\n<figure class=\"aligncenter size-large is-resized\"><img loading=\"lazy\" decoding=\"async\" src=\"https:\/\/seyssel74.com\/wp-content\/uploads\/2021\/06\/soutien-scolaire-seyssel-mairie.jpg\" alt=\"soutien scolaire seyssel mairie\" class=\"wp-image-4515\" width=\"320\" height=\"211\" srcset=\"https:\/\/seyssel74.com\/wp-content\/uploads\/2021\/06\/soutien-scolaire-seyssel-mairie.jpg 1280w, https:\/\/seyssel74.com\/wp-content\/uploads\/2021\/06\/soutien-scolaire-seyssel-mairie-300x197.jpg 300w, https:\/\/seyssel74.com\/wp-content\/uploads\/2021\/06\/soutien-scolaire-seyssel-mairie-768x505.jpg 768w\" sizes=\"auto, (max-width: 320px) 100vw, 320px\" \/><\/figure><\/div>\n\n\n<p><strong>Contexte d\u00e8s l&rsquo;\u00e9t\u00e9 2020<\/strong><\/p>\n\n\n\n<p>La municipalit\u00e9 souhaite mettre en place ce service. Apr\u00e8s diff\u00e9rentes propositions et \u00e9changes avec les intervenants concern\u00e9s, la mise en place n&rsquo;a pu se faire d\u00e8s l&rsquo;ann\u00e9e scolaire 2020-21 \u00e0 cause des contraintes li\u00e9es au Covid-19. Idem en 2021-22.<\/p>\n\n\n\n<p>A suivre. En attendant, n&rsquo;h\u00e9sitez pas \u00e0 nous partager vos id\u00e9es et suggestions sur le sujet, ou votre aide pour le soutien scolaire des \u00e9l\u00e8ves.<\/p>\n\n\n\n<p>Le Service P\u00e9riscolaire (garderie apr\u00e8s les cours, encadrement cantine) est en place et g\u00e9r\u00e9 entre la mairie, l&rsquo;\u00e9cole et les agents p\u00e9riscolaires.<\/p>\n\n\n\n<p><strong>Rentr\u00e9e scolaire 2022-23<\/strong><\/p>\n\n\n\n<p>L&rsquo;Association Pour l&rsquo;Egalit\u00e9 des Chances de Seyssel voit le jour !<br>Apr\u00e8s des \u00e9changes entre la municipalit\u00e9, les enseignantes, la directrice, le Sou, les agents du P\u00e9riscolaire, en fin de l&rsquo;ann\u00e9e scolaire pr\u00e9c\u00e9dente, un collectif associatif se f\u00e9d\u00e8re afin d&rsquo;apporter des solutions.<br>Aides aux devoirs, aide aux apprentissages, sorties culturelles, etc.<\/p>\n\n\n\n<p>Pour \u00eatre b\u00e9n\u00e9vole ou avoir plus d&rsquo;informations : aspec7401@gmail.com \/\/ 06 37 44 07 28<\/p>\n\n\n\n<p>La municipalit\u00e9 avait d\u00e9j\u00e0 pu avancer sur l&rsquo;aspect \u00ab\u00a0animation du temps p\u00e9riscolaire\u00a0\u00bb, qui correspond principalement aux moments creux apr\u00e8s le repas du midi.<br>En collaboration avec des associations locales, plusieurs activit\u00e9s continuent de s&rsquo;ajouter progressivement pour les \u00e9l\u00e8ves : permaculture, th\u00e9\u00e2tre, tri, et d&rsquo;autres \u00e0 venir.<\/p>\n","protected":false},"excerpt":{"rendered":"<p>\ud83c\udfe1 &gt;&nbsp;Infos pratiques &gt; Scolarit\u00e9 &gt; Soutien scolaire Contexte d\u00e8s l&rsquo;\u00e9t\u00e9 2020 La municipalit\u00e9 souhaite mettre en place ce service. Apr\u00e8s diff\u00e9rentes propositions et \u00e9changes avec les intervenants concern\u00e9s, la mise en place n&rsquo;a pu se faire d\u00e8s l&rsquo;ann\u00e9e scolaire 2020-21 \u00e0 cause des contraintes li\u00e9es au Covid-19. Idem en 2021-22. A suivre. En attendant, [&hellip;]<\/p>\n","protected":false},"author":1,"featured_media":0,"parent":760,"menu_order":7,"comment_status":"closed","ping_status":"closed","template":"","meta":{"ocean_post_layout":"","ocean_both_sidebars_style":"","ocean_both_sidebars_content_width":0,"ocean_both_sidebars_sidebars_width":0,"ocean_sidebar":"0","ocean_second_sidebar":"0","ocean_disable_margins":"enable","ocean_add_body_class":"","ocean_shortcode_before_top_bar":"","ocean_shortcode_after_top_bar":"","ocean_shortcode_before_header":"","ocean_shortcode_after_header":"","ocean_has_shortcode":"","ocean_shortcode_after_title":"","ocean_shortcode_before_footer_widgets":"","ocean_shortcode_after_footer_widgets":"","ocean_shortcode_before_footer_bottom":"","ocean_shortcode_after_footer_bottom":"","ocean_display_top_bar":"default","ocean_display_header":"default","ocean_header_style":"","ocean_center_header_left_menu":"0","ocean_custom_header_template":"0","ocean_custom_logo":0,"ocean_custom_retina_logo":0,"ocean_custom_logo_max_width":0,"ocean_custom_logo_tablet_max_width":0,"ocean_custom_logo_mobile_max_width":0,"ocean_custom_logo_max_height":0,"ocean_custom_logo_tablet_max_height":0,"ocean_custom_logo_mobile_max_height":0,"ocean_header_custom_menu":"0","ocean_menu_typo_font_family":"0","ocean_menu_typo_font_subset":"","ocean_menu_typo_font_size":0,"ocean_menu_typo_font_size_tablet":0,"ocean_menu_typo_font_size_mobile":0,"ocean_menu_typo_font_size_unit":"px","ocean_menu_typo_font_weight":"","ocean_menu_typo_font_weight_tablet":"","ocean_menu_typo_font_weight_mobile":"","ocean_menu_typo_transform":"","ocean_menu_typo_transform_tablet":"","ocean_menu_typo_transform_mobile":"","ocean_menu_typo_line_height":0,"ocean_menu_typo_line_height_tablet":0,"ocean_menu_typo_line_height_mobile":0,"ocean_menu_typo_line_height_unit":"","ocean_menu_typo_spacing":0,"ocean_menu_typo_spacing_tablet":0,"ocean_menu_typo_spacing_mobile":0,"ocean_menu_typo_spacing_unit":"","ocean_menu_link_color":"","ocean_menu_link_color_hover":"","ocean_menu_link_color_active":"","ocean_menu_link_background":"","ocean_menu_link_hover_background":"","ocean_menu_link_active_background":"","ocean_menu_social_links_bg":"","ocean_menu_social_hover_links_bg":"","ocean_menu_social_links_color":"","ocean_menu_social_hover_links_color":"","ocean_disable_title":"default","ocean_disable_heading":"default","ocean_post_title":"","ocean_post_subheading":"","ocean_post_title_style":"","ocean_post_title_background_color":"","ocean_post_title_background":0,"ocean_post_title_bg_image_position":"","ocean_post_title_bg_image_attachment":"","ocean_post_title_bg_image_repeat":"","ocean_post_title_bg_image_size":"","ocean_post_title_height":0,"ocean_post_title_bg_overlay":0.5,"ocean_post_title_bg_overlay_color":"","ocean_disable_breadcrumbs":"default","ocean_breadcrumbs_color":"","ocean_breadcrumbs_separator_color":"","ocean_breadcrumbs_links_color":"","ocean_breadcrumbs_links_hover_color":"","ocean_display_footer_widgets":"default","ocean_display_footer_bottom":"default","ocean_custom_footer_template":"0","ofc_meta_disable_footer_callout":"","ofc_meta_callout_button_url":"","ofc_meta_callout_button_txt":"","ofc_meta_callout_text":"","ofc_enable_fullscreen":"disable","ofc_fullscreen_speed":0,"ofc_fullscreen_nav":"enable","ofc_fullscreen_nav_pos":"right","ofc_fullscreen_nav_color":"","ofc_fullscreen_nav_tooltip_color":"","ofc_fullscreen_responsive":0,"osp_disable_panel":"default","osh_disable_topbar_sticky":"default","osh_disable_header_sticky":"default","osh_sticky_header_style":"default","osh_sticky_header_effect":"","osh_custom_sticky_logo":0,"osh_custom_retina_sticky_logo":0,"osh_custom_sticky_logo_height":0,"osh_background_color":"","osh_links_color":"","osh_links_hover_color":"","osh_links_active_color":"","osh_links_bg_color":"","osh_links_hover_bg_color":"","osh_links_active_bg_color":"","osh_menu_social_links_color":"","osh_menu_social_hover_links_color":"","footnotes":""},"class_list":["post-1042","page","type-page","status-publish","hentry","entry"],"_links":{"self":[{"href":"https:\/\/seyssel74.com\/index.php\/wp-json\/wp\/v2\/pages\/1042","targetHints":{"allow":["GET"]}}],"collection":[{"href":"https:\/\/seyssel74.com\/index.php\/wp-json\/wp\/v2\/pages"}],"about":[{"href":"https:\/\/seyssel74.com\/index.php\/wp-json\/wp\/v2\/types\/page"}],"author":[{"embeddable":true,"href":"https:\/\/seyssel74.com\/index.php\/wp-json\/wp\/v2\/users\/1"}],"replies":[{"embeddable":true,"href":"https:\/\/seyssel74.com\/index.php\/wp-json\/wp\/v2\/comments?post=1042"}],"version-history":[{"count":13,"href":"https:\/\/seyssel74.com\/index.php\/wp-json\/wp\/v2\/pages\/1042\/revisions"}],"predecessor-version":[{"id":10177,"href":"https:\/\/seyssel74.com\/index.php\/wp-json\/wp\/v2\/pages\/1042\/revisions\/10177"}],"up":[{"embeddable":true,"href":"https:\/\/seyssel74.com\/index.php\/wp-json\/wp\/v2\/pages\/760"}],"wp:attachment":[{"href":"https:\/\/seyssel74.com\/index.php\/wp-json\/wp\/v2\/media?parent=1042"}],"curies":[{"name":"wp","href":"https:\/\/api.w.org\/{rel}","templated":true}]}}