{"id":1036,"date":"2020-11-22T21:57:53","date_gmt":"2020-11-22T20:57:53","guid":{"rendered":"http:\/\/seyssel74.com\/?page_id=1036"},"modified":"2025-09-25T02:12:22","modified_gmt":"2025-09-25T00:12:22","slug":"centre-de-loisirs","status":"publish","type":"page","link":"https:\/\/seyssel74.com\/index.php\/infos-pratiques\/scolarite\/centre-de-loisirs\/","title":{"rendered":"Centres de loisirs"},"content":{"rendered":"\n<p class=\"has-small-font-size\"><a href=\"https:\/\/seyssel74.com\/\">\ud83c\udfe1<\/a> &gt;&nbsp;<a href=\"https:\/\/seyssel74.com\/index.php\/infos-pratiques\/\">Infos pratiques<\/a> &gt; <a href=\"https:\/\/seyssel74.com\/index.php\/infos-pratiques\/scolarite\/\">Scolarit\u00e9<\/a> &gt; <a href=\"https:\/\/seyssel74.com\/index.php\/infos-pratiques\/scolarite\/centre-de-loisirs\/\">Centres de loisirs<\/a><\/p>\n\n\n<div class=\"wp-block-image is-style-default\">\n<figure class=\"aligncenter size-large is-resized\"><img loading=\"lazy\" decoding=\"async\" width=\"960\" height=\"720\" src=\"https:\/\/seyssel74.com\/wp-content\/uploads\/2021\/06\/centres-de-loisirs-seyssel-mairie.jpg\" alt=\"centres de loisirs seyssel mairie\" class=\"wp-image-4509\" style=\"width:240px;height:180px\" srcset=\"https:\/\/seyssel74.com\/wp-content\/uploads\/2021\/06\/centres-de-loisirs-seyssel-mairie.jpg 960w, https:\/\/seyssel74.com\/wp-content\/uploads\/2021\/06\/centres-de-loisirs-seyssel-mairie-300x225.jpg 300w, https:\/\/seyssel74.com\/wp-content\/uploads\/2021\/06\/centres-de-loisirs-seyssel-mairie-768x576.jpg 768w\" sizes=\"auto, (max-width: 960px) 100vw, 960px\" \/><\/figure><\/div>\n\n\n<p>Sur l\u2019ensemble du territoire de la Communaut\u00e9 de Communes Usses et Rh\u00f4ne, plusieurs centres de loisirs accueillent les enfants de 3 \u00e0 12 ans. Ils poss\u00e8dent chacun leur propre r\u00e8glement, p\u00e9riode et horaire d\u2019ouverture. Les tarifs ont \u00e9t\u00e9 harmonis\u00e9s sur l\u2019ensemble du territoire. Pour inscrire les enfant et conna\u00eetre le programme des activit\u00e9s, il suffit de prendre contact avec le centre de loisirs de votre choix.<\/p>\n\n\n\n<p><strong>Pour toute question d\u2019ordre g\u00e9n\u00e9ral :<\/strong><br>Mme Amandine LEYVRAZ &#8211; Coordinatrice Service Jeunesse<br><strong>L&rsquo;adresse :<\/strong> 24 place de l\u2019Orme, 74910 Seyssel<br>\ud83d\udcde 04 50 48 88 17<br>\ud83d\udce7 social.petiteenfance@cc-ur.fr<\/p>\n\n\n\n<div class=\"wp-block-columns is-layout-flex wp-container-core-columns-is-layout-9d6595d7 wp-block-columns-is-layout-flex\">\n<div class=\"wp-block-column is-layout-flow wp-block-column-is-layout-flow\">\n<p class=\"has-text-align-center\"><strong>Centre de loisirs \u00ab\u00a0Cally Nant\u00a0\u00bb<\/strong><\/p>\n\n\n\n<p><strong>Directrice : <\/strong>Mme Delphine FRANCIZOD<\/p>\n\n\n\n<p><strong>L&rsquo;\u00e2ge d&rsquo;enfants<\/strong> : de 3 \u00e0 11 ans<\/p>\n\n\n\n<p class=\"has-black-color has-text-color has-normal-font-size\"><strong>L&rsquo;adresse : <\/strong>37 chemin des \u00e9coliers, 74910 Franclens<br>\ud83d\udcde 06 73 03 31 59<br>\ud83d\udce7 associationcally.nant@gmail.com<br>\ud83c\udf10 <a href=\"http:\/\/cally-nant.e-monsite.com\/\" target=\"_blank\" rel=\"noreferrer noopener\">http:\/\/cally-nant.e-monsite.com<\/a><\/p>\n<\/div>\n\n\n\n<div class=\"wp-block-column is-layout-flow wp-block-column-is-layout-flow\">\n<p class=\"has-text-align-center\"><strong>Centre de loisirs de Seyssel 01<\/strong><\/p>\n\n\n\n<p class=\"has-small-font-size\">G\u00e9r\u00e9 par l\u2019association \u00ab Les Familles Rurales de l\u2019Ain \u00bb<\/p>\n\n\n\n<p><strong>Directrice : <\/strong>Mme Cassandra VIGOURT<\/p>\n\n\n\n<p>Centre de loisirs Seys&rsquo;Adventure<\/p>\n\n\n\n<p class=\"has-black-color has-text-color has-normal-font-size\"><strong>L&rsquo;adresse : <\/strong>Ecole de Seyssel 01, place Gambetta, 01420 Seyssel <br>\ud83d\udcde 06 38 59 02 06<br>\ud83d\udce7 frseyssel@gmail.com<br>\ud83c\udf10 <a href=\"https:\/\/www.usses-et-rhone.fr\/6981-centre-de-loisirs-de-corbonod.htm\">https:\/\/www.usses-et-rhone.fr\/6981-centre-de-loisirs-de-corbonod.htm<\/a><\/p>\n<\/div>\n\n\n\n<div class=\"wp-block-column is-layout-flow wp-block-column-is-layout-flow\">\n<p class=\"has-text-align-center\"><strong>Centre de loisirs de Frangy<\/strong><\/p>\n\n\n\n<p class=\"has-small-font-size\">G\u00e9r\u00e9 par l\u2019association \u00ab Les Familles Rurales \u00bb<\/p>\n\n\n\n<p><strong>Pr\u00e9sidente :<\/strong> Mme Marie-Pierre BOUILLE<\/p>\n\n\n\n<p><strong>L&rsquo;\u00e2ge d&rsquo;enfants<\/strong> : de 5 \u00e0 12 ans<\/p>\n\n\n\n<p class=\"has-black-color has-text-color has-normal-font-size\"><strong>L&rsquo;adresse : <\/strong>place de l\u2019\u00c9glise, 74270 Frangy <br>\ud83d\udce7 afrfrangy@gmail.com<br>\ud83c\udf10 <a href=\"https:\/\/www.usses-et-rhone.fr\/6979-centre-de-loisirs-de-frangy.htm\">https:\/\/www.usses-et-rhone.fr\/6979-centre-de-loisirs-de-frangy.htm<\/a><\/p>\n\n\n\n<p><br><\/p>\n<\/div>\n<\/div>\n\n\n\n<div class=\"wp-block-columns is-layout-flex wp-container-core-columns-is-layout-9d6595d7 wp-block-columns-is-layout-flex\">\n<div class=\"wp-block-column is-layout-flow wp-block-column-is-layout-flow\">\n<p class=\"has-text-align-center\"><strong>Centre de Loisirs \u00ab&nbsp;Le Triolet&nbsp;\u00bb<\/strong><\/p>\n\n\n\n<p class=\"has-small-font-size\">G\u00e9r\u00e9 par l\u2019association la \u00ab&nbsp;FOL 74&nbsp;\u00bb, multi-site&nbsp;: \u00ab&nbsp;La Donnaz-Triolet&nbsp;\u00bb<\/p>\n\n\n\n<p><strong>Directrice&nbsp;<\/strong>: Mme Dorine STORY<\/p>\n\n\n\n<p><strong>L&rsquo;\u00e2ge d&rsquo;enfants<\/strong> : de 3 \u00e0 12 ans<\/p>\n\n\n\n<p class=\"has-black-color has-text-color has-normal-font-size\"><strong>L&rsquo;adresse :<\/strong> 71 route de Savigny, 74270 Minzier<br>\ud83d\udcde 06 74 75 92 11<br>\ud83d\udce7 loisirs.triolet@gmail.com<br>\ud83c\udf10 <a href=\"http:\/\/www.fol74.org\/la-donnaz-le-triolet\" target=\"_blank\" rel=\"noreferrer noopener\">www.fol74.org\/la-donnaz-le-triolet<\/a><\/p>\n<\/div>\n\n\n\n<div class=\"wp-block-column is-layout-flow wp-block-column-is-layout-flow\"><\/div>\n\n\n\n<div class=\"wp-block-column is-layout-flow wp-block-column-is-layout-flow\"><\/div>\n<\/div>\n","protected":false},"excerpt":{"rendered":"<p>\ud83c\udfe1 &gt;&nbsp;Infos pratiques &gt; Scolarit\u00e9 &gt; Centres de loisirs Sur l\u2019ensemble du territoire de la Communaut\u00e9 de Communes Usses et Rh\u00f4ne, plusieurs centres de loisirs accueillent les enfants de 3 \u00e0 12 ans. Ils poss\u00e8dent chacun leur propre r\u00e8glement, p\u00e9riode et horaire d\u2019ouverture. Les tarifs ont \u00e9t\u00e9 harmonis\u00e9s sur l\u2019ensemble du territoire. Pour inscrire les [&hellip;]<\/p>\n","protected":false},"author":1,"featured_media":0,"parent":760,"menu_order":5,"comment_status":"closed","ping_status":"closed","template":"","meta":{"ocean_post_layout":"","ocean_both_sidebars_style":"","ocean_both_sidebars_content_width":0,"ocean_both_sidebars_sidebars_width":0,"ocean_sidebar":"0","ocean_second_sidebar":"0","ocean_disable_margins":"enable","ocean_add_body_class":"","ocean_shortcode_before_top_bar":"","ocean_shortcode_after_top_bar":"","ocean_shortcode_before_header":"","ocean_shortcode_after_header":"","ocean_has_shortcode":"","ocean_shortcode_after_title":"","ocean_shortcode_before_footer_widgets":"","ocean_shortcode_after_footer_widgets":"","ocean_shortcode_before_footer_bottom":"","ocean_shortcode_after_footer_bottom":"","ocean_display_top_bar":"default","ocean_display_header":"default","ocean_header_style":"","ocean_center_header_left_menu":"0","ocean_custom_header_template":"0","ocean_custom_logo":0,"ocean_custom_retina_logo":0,"ocean_custom_logo_max_width":0,"ocean_custom_logo_tablet_max_width":0,"ocean_custom_logo_mobile_max_width":0,"ocean_custom_logo_max_height":0,"ocean_custom_logo_tablet_max_height":0,"ocean_custom_logo_mobile_max_height":0,"ocean_header_custom_menu":"0","ocean_menu_typo_font_family":"0","ocean_menu_typo_font_subset":"","ocean_menu_typo_font_size":0,"ocean_menu_typo_font_size_tablet":0,"ocean_menu_typo_font_size_mobile":0,"ocean_menu_typo_font_size_unit":"px","ocean_menu_typo_font_weight":"","ocean_menu_typo_font_weight_tablet":"","ocean_menu_typo_font_weight_mobile":"","ocean_menu_typo_transform":"","ocean_menu_typo_transform_tablet":"","ocean_menu_typo_transform_mobile":"","ocean_menu_typo_line_height":0,"ocean_menu_typo_line_height_tablet":0,"ocean_menu_typo_line_height_mobile":0,"ocean_menu_typo_line_height_unit":"","ocean_menu_typo_spacing":0,"ocean_menu_typo_spacing_tablet":0,"ocean_menu_typo_spacing_mobile":0,"ocean_menu_typo_spacing_unit":"","ocean_menu_link_color":"","ocean_menu_link_color_hover":"","ocean_menu_link_color_active":"","ocean_menu_link_background":"","ocean_menu_link_hover_background":"","ocean_menu_link_active_background":"","ocean_menu_social_links_bg":"","ocean_menu_social_hover_links_bg":"","ocean_menu_social_links_color":"","ocean_menu_social_hover_links_color":"","ocean_disable_title":"default","ocean_disable_heading":"default","ocean_post_title":"","ocean_post_subheading":"","ocean_post_title_style":"","ocean_post_title_background_color":"","ocean_post_title_background":0,"ocean_post_title_bg_image_position":"","ocean_post_title_bg_image_attachment":"","ocean_post_title_bg_image_repeat":"","ocean_post_title_bg_image_size":"","ocean_post_title_height":0,"ocean_post_title_bg_overlay":0.5,"ocean_post_title_bg_overlay_color":"","ocean_disable_breadcrumbs":"default","ocean_breadcrumbs_color":"","ocean_breadcrumbs_separator_color":"","ocean_breadcrumbs_links_color":"","ocean_breadcrumbs_links_hover_color":"","ocean_display_footer_widgets":"default","ocean_display_footer_bottom":"default","ocean_custom_footer_template":"0","ofc_meta_disable_footer_callout":"","ofc_meta_callout_button_url":"","ofc_meta_callout_button_txt":"","ofc_meta_callout_text":"","ofc_enable_fullscreen":"disable","ofc_fullscreen_speed":0,"ofc_fullscreen_nav":"enable","ofc_fullscreen_nav_pos":"right","ofc_fullscreen_nav_color":"","ofc_fullscreen_nav_tooltip_color":"","ofc_fullscreen_responsive":0,"osp_disable_panel":"default","osh_disable_topbar_sticky":"default","osh_disable_header_sticky":"default","osh_sticky_header_style":"default","osh_sticky_header_effect":"","osh_custom_sticky_logo":0,"osh_custom_retina_sticky_logo":0,"osh_custom_sticky_logo_height":0,"osh_background_color":"","osh_links_color":"","osh_links_hover_color":"","osh_links_active_color":"","osh_links_bg_color":"","osh_links_hover_bg_color":"","osh_links_active_bg_color":"","osh_menu_social_links_color":"","osh_menu_social_hover_links_color":"","footnotes":""},"class_list":["post-1036","page","type-page","status-publish","hentry","entry"],"_links":{"self":[{"href":"https:\/\/seyssel74.com\/index.php\/wp-json\/wp\/v2\/pages\/1036","targetHints":{"allow":["GET"]}}],"collection":[{"href":"https:\/\/seyssel74.com\/index.php\/wp-json\/wp\/v2\/pages"}],"about":[{"href":"https:\/\/seyssel74.com\/index.php\/wp-json\/wp\/v2\/types\/page"}],"author":[{"embeddable":true,"href":"https:\/\/seyssel74.com\/index.php\/wp-json\/wp\/v2\/users\/1"}],"replies":[{"embeddable":true,"href":"https:\/\/seyssel74.com\/index.php\/wp-json\/wp\/v2\/comments?post=1036"}],"version-history":[{"count":59,"href":"https:\/\/seyssel74.com\/index.php\/wp-json\/wp\/v2\/pages\/1036\/revisions"}],"predecessor-version":[{"id":22206,"href":"https:\/\/seyssel74.com\/index.php\/wp-json\/wp\/v2\/pages\/1036\/revisions\/22206"}],"up":[{"embeddable":true,"href":"https:\/\/seyssel74.com\/index.php\/wp-json\/wp\/v2\/pages\/760"}],"wp:attachment":[{"href":"https:\/\/seyssel74.com\/index.php\/wp-json\/wp\/v2\/media?parent=1036"}],"curies":[{"name":"wp","href":"https:\/\/api.w.org\/{rel}","templated":true}]}}