{"id":1024,"date":"2020-11-22T21:56:22","date_gmt":"2020-11-22T20:56:22","guid":{"rendered":"http:\/\/seyssel74.com\/?page_id=1024"},"modified":"2023-06-03T22:19:59","modified_gmt":"2023-06-03T20:19:59","slug":"creches","status":"publish","type":"page","link":"https:\/\/seyssel74.com\/index.php\/infos-pratiques\/scolarite\/creches\/","title":{"rendered":"Cr\u00e8ches"},"content":{"rendered":"\n<p class=\"has-small-font-size\"><a href=\"https:\/\/seyssel74.com\/\">\ud83c\udfe1<\/a> &gt;&nbsp;<a href=\"https:\/\/seyssel74.com\/index.php\/infos-pratiques\/\">Infos pratiques<\/a> &gt; <a href=\"https:\/\/seyssel74.com\/index.php\/infos-pratiques\/scolarite\/\">Scolarit\u00e9<\/a> &gt; <a href=\"https:\/\/seyssel74.com\/index.php\/infos-pratiques\/scolarite-2\/creches\/\">Cr\u00e8ches<\/a><\/p>\n\n\n\n<p class=\"has-text-align-center\"><strong>Les Marmottons<\/strong><\/p>\n\n\n<div class=\"wp-block-image is-style-default\">\n<figure class=\"aligncenter size-large is-resized\"><a href=\"https:\/\/enfance-jeunesse.alfa3a.org\/etablissements\/les-marmottons\"><img loading=\"lazy\" decoding=\"async\" src=\"https:\/\/seyssel74.com\/wp-content\/uploads\/2021\/06\/seyssel-les-marmotton-logo_1.jpg\" alt=\"\" class=\"wp-image-4541\" width=\"311\" height=\"248\" srcset=\"https:\/\/seyssel74.com\/wp-content\/uploads\/2021\/06\/seyssel-les-marmotton-logo_1.jpg 623w, https:\/\/seyssel74.com\/wp-content\/uploads\/2021\/06\/seyssel-les-marmotton-logo_1-300x240.jpg 300w\" sizes=\"auto, (max-width: 311px) 100vw, 311px\" \/><\/a><\/figure><\/div>\n\n\n<div class=\"wp-block-columns is-layout-flex wp-container-core-columns-is-layout-9d6595d7 wp-block-columns-is-layout-flex\">\n<div class=\"wp-block-column is-layout-flow wp-block-column-is-layout-flow\">\n<p class=\"has-black-color has-text-color has-normal-font-size\">Ce multi-accueil est g\u00e9r\u00e9 par l\u2019association <a href=\"https:\/\/enfance-jeunesse.alfa3a.org\/etablissements\/les-marmottons\" target=\"_blank\" rel=\"noreferrer noopener\">alfa3a<\/a>. Les enfants sont accueillis selon deux groupes d\u2019\u00e2ges dans deux espaces distincts : les b\u00e9b\u00e9s et les moyens\/grands.<\/p>\n\n\n\n<p><strong>Age des enfants<\/strong> : de 2 mois \u00bd \u00e0 3 ans<\/p>\n\n\n\n<p><strong>Nombre de places d\u2019accueil<\/strong> : 22 berceaux<\/p>\n\n\n\n<p><strong>Horaires d\u2019ouverture<\/strong> : <br>du lundi au vendredi : 7h30-18h30 <\/p>\n\n\n\n<p><strong>Jours de fermeture de la structure<\/strong> :<\/p>\n\n\n\n<ul class=\"wp-block-list\">\n<li>Les jours f\u00e9ri\u00e9s<\/li>\n\n\n\n<li>Le pont de l\u2019ascension<\/li>\n\n\n\n<li>1 semaine lors des vacances de printemps<\/li>\n\n\n\n<li>3 semaines en Ao\u00fbt<\/li>\n\n\n\n<li>1 semaine entre No\u00ebl et Jour de l\u2019an&nbsp;<\/li>\n<\/ul>\n\n\n\n<p><strong>Le prix <\/strong>: <\/p>\n\n\n\n<p>Le tarif est calcul\u00e9 en fonction des revenus mensuels et de la composition de la famille, en application du bar\u00e8me horaire de la CNAF.<\/p>\n\n\n\n<p class=\"has-black-color has-text-color has-normal-font-size\">Simulation possible sur le <a href=\"http:\/\/monenfant.fr\" data-type=\"URL\" data-id=\"monenfant.fr\" target=\"_blank\" rel=\"noreferrer noopener\">site<\/a><\/p>\n<\/div>\n\n\n\n<div class=\"wp-block-column is-layout-flow wp-block-column-is-layout-flow\">\n<p><strong>Conditions d\u2019admission<\/strong> :<br>Habitants de la Communaut\u00e9 de Communes Usses et Rh\u00f4ne (CCUR)<br>Les parents travaillant dans la CCUR<br>Parents ayant tous les 2 une activit\u00e9 professionnelle<br>Familles monoparentales<br>Familles dont l\u2019un des parents ou l\u2019enfant est porteur de handicap<\/p>\n\n\n\n<p><strong>Coordonn\u00e9es pour inscription :<\/strong><\/p>\n\n\n\n<p class=\"has-black-color has-text-color has-normal-font-size\">Mme Sabrina BONIER<br><strong>L&#8217;adresse :<\/strong> 2 chemin de la Fontaine, 74910 Seyssel<br>\ud83d\udcde 04 81 50 03 08<br>\ud83d\udce7 lesmarmottons.Direction@alfa3a.org<br>\ud83c\udf10 <a href=\"https:\/\/enfance-jeunesse.alfa3a.org\/etablissements\/les-marmottons\" target=\"_blank\" rel=\"noreferrer noopener\">https:\/\/enfance-jeunesse.alfa3a.org\/etablissements\/les-marmottons<\/a><\/p>\n\n\n<\/div>\n<\/div>\n\n\n\n<p class=\"has-text-align-center\"><strong>Les Marmottes<\/strong><\/p>\n\n\n<div class=\"wp-block-image is-style-default\">\n<figure class=\"aligncenter size-large is-resized\"><a href=\"https:\/\/enfance-jeunesse.alfa3a.org\/etablissements\/les-marmottes\"><img loading=\"lazy\" decoding=\"async\" src=\"https:\/\/seyssel74.com\/wp-content\/uploads\/2021\/06\/seyssel-les-marmottes-logo_0.png\" alt=\"\" class=\"wp-image-4562\" width=\"269\" height=\"248\"\/><\/a><\/figure><\/div>\n\n\n<div class=\"wp-block-columns is-layout-flex wp-container-core-columns-is-layout-9d6595d7 wp-block-columns-is-layout-flex\">\n<div class=\"wp-block-column is-layout-flow wp-block-column-is-layout-flow\">\n<p class=\"has-black-color has-text-color has-normal-font-size\">Ce multi-accueil est g\u00e9r\u00e9 par l\u2019association <a href=\"https:\/\/enfance-jeunesse.alfa3a.org\/etablissements\/les-marmottes\" target=\"_blank\" rel=\"noreferrer noopener\">alfa3a<\/a>. La cr\u00e8che Les Marmottes accueille les enfants en respectant ses rythmes de vie; elle facilite son d\u00e9veloppement, son acc\u00e8s \u00e0 l\u2019autonomie, sa socialisation. La cr\u00e8che accompagne aussi la parentalit\u00e9.<\/p>\n\n\n\n<p><strong>Age des enfants <\/strong>: de 2 mois \u00bd \u00e0 3 ans<\/p>\n\n\n\n<p><strong>Nombre de places d\u2019accueil<\/strong> : 15 berceaux<\/p>\n\n\n\n<p>Des places sont disponibles le mercredi et les vacances scolaires.<\/p>\n\n\n\n<p><strong>Horaires d\u2019ouverture : <\/strong><br>du lundi au vendredi : 7h30-18h30 <\/p>\n\n\n\n<p><strong>P\u00e9riodes de fermeture<\/strong> :<\/p>\n\n\n\n<ul class=\"wp-block-list\">\n<li>Les jours f\u00e9ri\u00e9s<\/li>\n\n\n\n<li>Le pont de l\u2019ascension<\/li>\n\n\n\n<li>1 semaine \u2013 vacances de printemps<\/li>\n\n\n\n<li>3 semaines en Ao\u00fbt<\/li>\n\n\n\n<li>1 semaine entre No\u00ebl et Jour de l\u2019an&nbsp;<\/li>\n<\/ul>\n\n\n\n<p><strong>Le prix <\/strong>: <\/p>\n\n\n\n<p>Le tarif est calcul\u00e9 en fonction des revenus mensuels et de la composition de la famille, en application du bar\u00e8me horaire de la CNAF.<\/p>\n\n\n\n<p class=\"has-black-color has-text-color has-normal-font-size\">Simulation possible sur le <a href=\"http:\/\/monenfant.fr\" data-type=\"URL\" data-id=\"monenfant.fr\" target=\"_blank\" rel=\"noreferrer noopener\">site<\/a><\/p>\n\n\n\n<p><br><\/p>\n<\/div>\n\n\n\n<div class=\"wp-block-column is-layout-flow wp-block-column-is-layout-flow\">\n<p><strong>Conditions d\u2019admission<\/strong> :<br>Les Habitants de la Communaut\u00e9 de Communes Usses et Rh\u00f4ne (CCUR)<br>Les parents travaillant dans la CCUR<br>Les parents ayant tous les 2 une activit\u00e9 professionnelle<br>Les familles monoparentales<br>Les familles dont l\u2019un des parents ou l\u2019enfant est porteur de handicap<\/p>\n\n\n\n<p><strong>Coordonn\u00e9es pour inscription :<\/strong><\/p>\n\n\n\n<p class=\"has-black-color has-text-color has-normal-font-size\">Mme Val\u00e9rie COZLIN, Directrice du multi-accueil<br><strong>L&#8217;adresse :<\/strong> rue de la gare d\u2019Eau, 01420 Seyssel Ain<br>\ud83d\udcde 04 50 48 29 24<br>\ud83d\udce7 lesmarmottes.Direction@alfa3a.org<br>\ud83c\udf10 <a href=\"https:\/\/enfance-jeunesse.alfa3a.org\/etablissements\/les-marmottes\" target=\"_blank\" rel=\"noreferrer noopener\">https:\/\/enfance-jeunesse.alfa3a.org\/etablissements\/les-marmottes<\/a><\/p>\n\n\n\n\n\n<p><br><\/p>\n<\/div>\n<\/div>\n\n\n\n<p>Informations indicatives, sous r\u00e9serve de changement. Si n\u00e9cessaire, veuillez v\u00e9rifier aupr\u00e8s des \u00e9tablissements concern\u00e9s<\/p>\n","protected":false},"excerpt":{"rendered":"<p>\ud83c\udfe1 &gt;&nbsp;Infos pratiques &gt; Scolarit\u00e9 &gt; Cr\u00e8ches Les Marmottons Ce multi-accueil est g\u00e9r\u00e9 par l\u2019association alfa3a. Les enfants sont accueillis selon deux groupes d\u2019\u00e2ges dans deux espaces distincts : les b\u00e9b\u00e9s et les moyens\/grands. Age des enfants : de 2 mois \u00bd \u00e0 3 ans Nombre de places d\u2019accueil : 22 berceaux Horaires d\u2019ouverture : [&hellip;]<\/p>\n","protected":false},"author":1,"featured_media":0,"parent":760,"menu_order":1,"comment_status":"closed","ping_status":"closed","template":"","meta":{"ocean_post_layout":"","ocean_both_sidebars_style":"","ocean_both_sidebars_content_width":0,"ocean_both_sidebars_sidebars_width":0,"ocean_sidebar":"0","ocean_second_sidebar":"0","ocean_disable_margins":"enable","ocean_add_body_class":"","ocean_shortcode_before_top_bar":"","ocean_shortcode_after_top_bar":"","ocean_shortcode_before_header":"","ocean_shortcode_after_header":"","ocean_has_shortcode":"","ocean_shortcode_after_title":"","ocean_shortcode_before_footer_widgets":"","ocean_shortcode_after_footer_widgets":"","ocean_shortcode_before_footer_bottom":"","ocean_shortcode_after_footer_bottom":"","ocean_display_top_bar":"default","ocean_display_header":"default","ocean_header_style":"","ocean_center_header_left_menu":"0","ocean_custom_header_template":"0","ocean_custom_logo":0,"ocean_custom_retina_logo":0,"ocean_custom_logo_max_width":0,"ocean_custom_logo_tablet_max_width":0,"ocean_custom_logo_mobile_max_width":0,"ocean_custom_logo_max_height":0,"ocean_custom_logo_tablet_max_height":0,"ocean_custom_logo_mobile_max_height":0,"ocean_header_custom_menu":"0","ocean_menu_typo_font_family":"0","ocean_menu_typo_font_subset":"","ocean_menu_typo_font_size":0,"ocean_menu_typo_font_size_tablet":0,"ocean_menu_typo_font_size_mobile":0,"ocean_menu_typo_font_size_unit":"px","ocean_menu_typo_font_weight":"","ocean_menu_typo_font_weight_tablet":"","ocean_menu_typo_font_weight_mobile":"","ocean_menu_typo_transform":"","ocean_menu_typo_transform_tablet":"","ocean_menu_typo_transform_mobile":"","ocean_menu_typo_line_height":0,"ocean_menu_typo_line_height_tablet":0,"ocean_menu_typo_line_height_mobile":0,"ocean_menu_typo_line_height_unit":"","ocean_menu_typo_spacing":0,"ocean_menu_typo_spacing_tablet":0,"ocean_menu_typo_spacing_mobile":0,"ocean_menu_typo_spacing_unit":"","ocean_menu_link_color":"","ocean_menu_link_color_hover":"","ocean_menu_link_color_active":"","ocean_menu_link_background":"","ocean_menu_link_hover_background":"","ocean_menu_link_active_background":"","ocean_menu_social_links_bg":"","ocean_menu_social_hover_links_bg":"","ocean_menu_social_links_color":"","ocean_menu_social_hover_links_color":"","ocean_disable_title":"default","ocean_disable_heading":"default","ocean_post_title":"","ocean_post_subheading":"","ocean_post_title_style":"","ocean_post_title_background_color":"","ocean_post_title_background":0,"ocean_post_title_bg_image_position":"","ocean_post_title_bg_image_attachment":"","ocean_post_title_bg_image_repeat":"","ocean_post_title_bg_image_size":"","ocean_post_title_height":0,"ocean_post_title_bg_overlay":0.5,"ocean_post_title_bg_overlay_color":"","ocean_disable_breadcrumbs":"default","ocean_breadcrumbs_color":"","ocean_breadcrumbs_separator_color":"","ocean_breadcrumbs_links_color":"","ocean_breadcrumbs_links_hover_color":"","ocean_display_footer_widgets":"default","ocean_display_footer_bottom":"default","ocean_custom_footer_template":"0","ofc_meta_disable_footer_callout":"","ofc_meta_callout_button_url":"","ofc_meta_callout_button_txt":"","ofc_meta_callout_text":"","ofc_enable_fullscreen":"disable","ofc_fullscreen_speed":0,"ofc_fullscreen_nav":"enable","ofc_fullscreen_nav_pos":"right","ofc_fullscreen_nav_color":"","ofc_fullscreen_nav_tooltip_color":"","ofc_fullscreen_responsive":0,"osp_disable_panel":"default","osh_disable_topbar_sticky":"default","osh_disable_header_sticky":"default","osh_sticky_header_style":"default","osh_sticky_header_effect":"","osh_custom_sticky_logo":0,"osh_custom_retina_sticky_logo":0,"osh_custom_sticky_logo_height":0,"osh_background_color":"","osh_links_color":"","osh_links_hover_color":"","osh_links_active_color":"","osh_links_bg_color":"","osh_links_hover_bg_color":"","osh_links_active_bg_color":"","osh_menu_social_links_color":"","osh_menu_social_hover_links_color":"","footnotes":""},"class_list":["post-1024","page","type-page","status-publish","hentry","entry"],"_links":{"self":[{"href":"https:\/\/seyssel74.com\/index.php\/wp-json\/wp\/v2\/pages\/1024","targetHints":{"allow":["GET"]}}],"collection":[{"href":"https:\/\/seyssel74.com\/index.php\/wp-json\/wp\/v2\/pages"}],"about":[{"href":"https:\/\/seyssel74.com\/index.php\/wp-json\/wp\/v2\/types\/page"}],"author":[{"embeddable":true,"href":"https:\/\/seyssel74.com\/index.php\/wp-json\/wp\/v2\/users\/1"}],"replies":[{"embeddable":true,"href":"https:\/\/seyssel74.com\/index.php\/wp-json\/wp\/v2\/comments?post=1024"}],"version-history":[{"count":42,"href":"https:\/\/seyssel74.com\/index.php\/wp-json\/wp\/v2\/pages\/1024\/revisions"}],"predecessor-version":[{"id":13571,"href":"https:\/\/seyssel74.com\/index.php\/wp-json\/wp\/v2\/pages\/1024\/revisions\/13571"}],"up":[{"embeddable":true,"href":"https:\/\/seyssel74.com\/index.php\/wp-json\/wp\/v2\/pages\/760"}],"wp:attachment":[{"href":"https:\/\/seyssel74.com\/index.php\/wp-json\/wp\/v2\/media?parent=1024"}],"curies":[{"name":"wp","href":"https:\/\/api.w.org\/{rel}","templated":true}]}}